{"id":201,"date":"2025-09-01T21:34:11","date_gmt":"2025-09-01T19:34:11","guid":{"rendered":"http:\/\/sp1slupsk.pl\/?page_id=201"},"modified":"2026-04-09T17:42:38","modified_gmt":"2026-04-09T15:42:38","slug":"kalendarium","status":"publish","type":"page","link":"https:\/\/sp1slupsk.pl\/?page_id=201","title":{"rendered":"Kalendarium"},"content":{"rendered":"\n<p class=\"has-text-align-center\" style=\"font-size:18px\"><strong>Kalendarz roku szkolnego 2025\/2026<\/strong><\/p>\n\n\n\n<p class=\"has-text-align-center\">Rozpocz\u0119cie roku szkolnego &#8211; <strong>1 wrze\u015bnia 2025 r.<\/strong><\/p>\n\n\n\n<p class=\"has-text-align-center\">Rozpocz\u0119cie zaj\u0119\u0107 dydaktycznych \u2013 <strong>2 wrze\u015bnia 2025 r.<\/strong><\/p>\n\n\n\n<p class=\"has-text-align-center\">Zimowa przerwa \u015bwi\u0105teczna \u2013 <strong>22 \u2013 31 grudnia 2025 r.<\/strong><\/p>\n\n\n\n<p class=\"has-text-align-center\">I p\u00f3\u0142rocze: <strong>2 wrze\u015bnia \u2013 31 stycznia 2026 r.<\/strong><br>II p\u00f3\u0142rocze: <strong>02 lutego \u2013 26 czerwca 2026 r.<\/strong><\/p>\n\n\n\n<p class=\"has-text-align-center\">Ferie zimowe \u2013 <strong>19 stycznia \u2013 01 lutego 2026 r.<\/strong><\/p>\n\n\n\n<p class=\"has-text-align-center\">Wiosenna przerwa \u015bwi\u0105teczna \u2013 <strong>02 kwietnia \u2013 07 kwietnia 2026 r.<\/strong><\/p>\n\n\n\n<p class=\"has-text-align-center\">Egzamin \u00f3smoklasisty: termin g\u0142\u00f3wny \u2013 <strong>11, 12,13 maja 2026 r.<\/strong><\/p>\n\n\n\n<p class=\"has-text-align-center\">Egzamin \u00f3smoklasisty: termin dodatkowy \u2013 <strong>8, 9, 10 czerwca 2026 r.<\/strong><\/p>\n\n\n\n<p class=\"has-text-align-center\">Zako\u0144czenie roku szkolnego 2025\/26 \u2013 <strong>26 czerwca 2026 r.<\/strong><\/p>\n\n\n\n<p class=\"has-text-align-center\">Og\u0142oszenie wynik\u00f3w egzaminu \u00f3smoklasisty \u2013 <strong>3 lipca 2026 r.<\/strong><\/p>\n\n\n\n<p class=\"has-text-align-center\">Termin wydawania za\u015bwiadcze\u0144 \u2013 <strong>3 lipca 2026 r.<\/strong><\/p>\n\n\n\n<p class=\"has-text-align-center\" style=\"font-size:18px\"><strong>Dni wolne od zaj\u0119\u0107 dydaktycznych:&nbsp;<\/strong><\/p>\n\n\n\n<p class=\"has-text-align-center\"><strong>03 pa\u017adziernika 2025 r. <\/strong>\u2013 Jubileusz 80- lecia Szko\u0142y<\/p>\n\n\n\n<p class=\"has-text-align-center\"><strong>14 pa\u017adziernika 2025 r. <\/strong>\u2013 \u015awi\u0119to Edukacji Narodowej<\/p>\n\n\n\n<p class=\"has-text-align-center\"><strong>10 listopada 2025 r. <\/strong>\u2013 poniedzia\u0142ek przed \u015awi\u0119tem Niepodleg\u0142o\u015bci<\/p>\n\n\n\n<p class=\"has-text-align-center\"><strong> 02 stycznia 2026 r.<\/strong> \u2013 pi\u0105tek po Nowym Roku<\/p>\n\n\n\n<p class=\"has-text-align-center\"><strong>05 stycznia 2026 r. <\/strong>\u2013 poniedzia\u0142ek przed \u015awi\u0119tem Trzech Kr\u00f3li<\/p>\n\n\n\n<p class=\"has-text-align-center\"><strong>05 czerwca 2026 r. <\/strong>\u2013 pi\u0105tek po Bo\u017cym Ciele<\/p>\n\n\n\n<p class=\"has-text-align-center\"><strong>11, 12, 13 maja 2026 r.<\/strong> \u2013 egzamin \u00f3smoklasisty<\/p>\n","protected":false},"excerpt":{"rendered":"<p>Kalendarz roku szkolnego 2025\/2026 Rozpocz\u0119cie roku szkolnego &#8211; 1 wrze\u015bnia 2025 r. Rozpocz\u0119cie zaj\u0119\u0107 dydaktycznych \u2013 2 wrze\u015bnia 2025 r. Zimowa przerwa \u015bwi\u0105teczna \u2013 22 \u2013 31 grudnia 2025 r. I p\u00f3\u0142rocze: 2 wrze\u015bnia \u2013 31 stycznia 2026 r.II p\u00f3\u0142rocze: 02 lutego \u2013 26 czerwca 2026 r. Ferie zimowe \u2013 19 stycznia \u2013 01 lutego <a href=\"https:\/\/sp1slupsk.pl\/?page_id=201\"><b>&#8230;wi\u0119cej<\/b><\/a><\/p>\n","protected":false},"author":1,"featured_media":0,"parent":0,"menu_order":0,"comment_status":"closed","ping_status":"closed","template":"","meta":[],"_links":{"self":[{"href":"https:\/\/sp1slupsk.pl\/index.php?rest_route=\/wp\/v2\/pages\/201"}],"collection":[{"href":"https:\/\/sp1slupsk.pl\/index.php?rest_route=\/wp\/v2\/pages"}],"about":[{"href":"https:\/\/sp1slupsk.pl\/index.php?rest_route=\/wp\/v2\/types\/page"}],"author":[{"embeddable":true,"href":"https:\/\/sp1slupsk.pl\/index.php?rest_route=\/wp\/v2\/users\/1"}],"replies":[{"embeddable":true,"href":"https:\/\/sp1slupsk.pl\/index.php?rest_route=%2Fwp%2Fv2%2Fcomments&post=201"}],"version-history":[{"count":73,"href":"https:\/\/sp1slupsk.pl\/index.php?rest_route=\/wp\/v2\/pages\/201\/revisions"}],"predecessor-version":[{"id":89315,"href":"https:\/\/sp1slupsk.pl\/index.php?rest_route=\/wp\/v2\/pages\/201\/revisions\/89315"}],"wp:attachment":[{"href":"https:\/\/sp1slupsk.pl\/index.php?rest_route=%2Fwp%2Fv2%2Fmedia&parent=201"}],"curies":[{"name":"wp","href":"https:\/\/api.w.org\/{rel}","templated":true}]}}