{"id":28804,"date":"2025-09-01T18:03:34","date_gmt":"2025-09-01T16:03:34","guid":{"rendered":"http:\/\/sp1slupsk.pl\/?page_id=28804"},"modified":"2026-04-09T17:57:58","modified_gmt":"2026-04-09T15:57:58","slug":"rzecznik-praw-ucznia","status":"publish","type":"page","link":"https:\/\/sp1slupsk.pl\/?page_id=28804","title":{"rendered":"Rzecznik praw ucznia"},"content":{"rendered":"\n<p><strong>Szanowni Uczniowie!<\/strong><\/p>\n\n\n\n<p>Szko\u0142a jest jednym z miejsc, w kt\u00f3rym prawa cz\u0142owieka, w tym prawa ucznia, powinny by\u0107 szanowane z najwy\u017csz\u0105 trosk\u0105. Czuj\u0119 niewypowiedzian\u0105 wdzi\u0119czno\u015b\u0107, ale tak\u017ce ogromn\u0105 odpowiedzialno\u015b\u0107 w zwi\u0105zku z tym, \u017ce to w\u0142a\u015bnie mnie powierzyli\u015bcie funkcj\u0119 osoby, kt\u00f3ra b\u0119dzie sta\u0142a na stra\u017cy przestrzegania tych praw w naszej &#8222;Jedynce&#8221;. Jako Rzecznik Praw Ucznia zobowi\u0105zuj\u0119 si\u0119 do podejmowania dzia\u0142a\u0144 na rzecz zapewnienia Wam warunk\u00f3w do pe\u0142nego i harmonijnego rozwoju, poszanowania Waszej godno\u015bci i podmiotowo\u015bci. Chcia\u0142abym, aby nasza wsp\u00f3\u0142praca dawa\u0142a Wam pewno\u015b\u0107, \u017ce Wasze potrzeby s\u0105 wa\u017cne, a Wy sami wsp\u00f3lnie z doros\u0142ymi kreujecie szkoln\u0105 rzeczywisto\u015b\u0107.<\/p>\n\n\n\n<p><strong>Wa\u017cne informacje:<\/strong><\/p>\n\n\n\n<ul><li>Rzecznik Praw Ucznia dzia\u0142a na podstawie Statutu Szko\u0142y i Konwencji Praw Dziecka. Wszystkie moje zadania oraz tryb post\u0119powania w r\u00f3\u017cnych sytuacjach znajdziecie na stronie naszej szko\u0142y w zak\u0142adce &#8222;akty prawne&#8221; w za\u0142\u0105czniku nr 12.<\/li><li>Pilne sprawy mo\u017cna zg\u0142asza\u0107 poprzez wiadomo\u015bci w dzienniku elektronicznym librus.<\/li><li>Istnieje mo\u017cliwo\u015b\u0107 um\u00f3wienia si\u0119 na spokojn\u0105 rozmow\u0119 w dogodnym dla obu stron czasie.<\/li><\/ul>\n\n\n\n<p class=\"has-text-align-right\">Dzi\u0119kuj\u0119 za zaufanie!<\/p>\n\n\n\n<p class=\"has-text-align-right\"><em>Rzecznik Praw Ucznia<br><\/em><em>Marta So\u0142tysiak<\/em><\/p>\n\n\n\n<p><strong> <\/strong><\/p>\n","protected":false},"excerpt":{"rendered":"<p>Szanowni Uczniowie! Szko\u0142a jest jednym z miejsc, w kt\u00f3rym prawa cz\u0142owieka, w tym prawa ucznia, powinny by\u0107 szanowane z najwy\u017csz\u0105 trosk\u0105. Czuj\u0119 niewypowiedzian\u0105 wdzi\u0119czno\u015b\u0107, ale tak\u017ce ogromn\u0105 odpowiedzialno\u015b\u0107 w zwi\u0105zku z tym, \u017ce to w\u0142a\u015bnie mnie powierzyli\u015bcie funkcj\u0119 osoby, kt\u00f3ra b\u0119dzie sta\u0142a na stra\u017cy przestrzegania tych praw w naszej &#8222;Jedynce&#8221;. Jako Rzecznik Praw Ucznia zobowi\u0105zuj\u0119 <a href=\"https:\/\/sp1slupsk.pl\/?page_id=28804\"><b>&#8230;wi\u0119cej<\/b><\/a><\/p>\n","protected":false},"author":1,"featured_media":0,"parent":0,"menu_order":0,"comment_status":"closed","ping_status":"closed","template":"","meta":[],"_links":{"self":[{"href":"https:\/\/sp1slupsk.pl\/index.php?rest_route=\/wp\/v2\/pages\/28804"}],"collection":[{"href":"https:\/\/sp1slupsk.pl\/index.php?rest_route=\/wp\/v2\/pages"}],"about":[{"href":"https:\/\/sp1slupsk.pl\/index.php?rest_route=\/wp\/v2\/types\/page"}],"author":[{"embeddable":true,"href":"https:\/\/sp1slupsk.pl\/index.php?rest_route=\/wp\/v2\/users\/1"}],"replies":[{"embeddable":true,"href":"https:\/\/sp1slupsk.pl\/index.php?rest_route=%2Fwp%2Fv2%2Fcomments&post=28804"}],"version-history":[{"count":12,"href":"https:\/\/sp1slupsk.pl\/index.php?rest_route=\/wp\/v2\/pages\/28804\/revisions"}],"predecessor-version":[{"id":91130,"href":"https:\/\/sp1slupsk.pl\/index.php?rest_route=\/wp\/v2\/pages\/28804\/revisions\/91130"}],"wp:attachment":[{"href":"https:\/\/sp1slupsk.pl\/index.php?rest_route=%2Fwp%2Fv2%2Fmedia&parent=28804"}],"curies":[{"name":"wp","href":"https:\/\/api.w.org\/{rel}","templated":true}]}}