{"id":406,"date":"2025-09-01T20:55:27","date_gmt":"2025-09-01T18:55:27","guid":{"rendered":"http:\/\/sp1slupsk.pl\/?page_id=406"},"modified":"2026-04-09T17:49:34","modified_gmt":"2026-04-09T15:49:34","slug":"pedagog-szkolny","status":"publish","type":"page","link":"https:\/\/sp1slupsk.pl\/?page_id=406","title":{"rendered":"Pedagog szkolny"},"content":{"rendered":"\n<p class=\"has-text-align-center\"><strong>GODZINY PRACY PEDAGOGA SZKOLNEGO<br>W ROKU SZKOLNYM 2025\/2026:<\/strong><\/p>\n\n\n\n<figure class=\"wp-block-table aligncenter is-style-stripes\"><table><tbody><tr><td>&nbsp;<\/td><td class=\"has-text-align-center\" data-align=\"center\"><strong>mgr Sylwia Koz\u0142owicz<\/strong><\/td><\/tr><tr><td><strong>Poniedzia\u0142ek<\/strong><\/td><td class=\"has-text-align-center\" data-align=\"center\"><strong>11:00 &#8211; 14:30<\/strong><\/td><\/tr><tr><td><strong>Wtorek<\/strong><\/td><td class=\"has-text-align-center\" data-align=\"center\"><strong>8:00 &#8211; 14:15<\/strong><\/td><\/tr><tr><td><strong>\u015aroda<\/strong><\/td><td class=\"has-text-align-center\" data-align=\"center\"><strong>8:00 &#8211; 11:00<\/strong><\/td><\/tr><tr><td><strong>Czwartek<\/strong><\/td><td class=\"has-text-align-center\" data-align=\"center\"><strong>8:00 &#8211; 14:00<\/strong><\/td><\/tr><tr><td><strong>Pi\u0105tek<\/strong><\/td><td class=\"has-text-align-center\" data-align=\"center\"><strong>11:00 &#8211; 13:40<br>14:25 &#8211; 15:00<\/strong><\/td><\/tr><\/tbody><\/table><\/figure>\n\n\n\n<hr class=\"wp-block-separator\"\/>\n\n\n\n<p class=\"has-text-align-center\"><strong>GODZINY PRACY PEDAGOGA SPECJALNEGO<br>W ROKU SZKOLNYM 2025\/2026:<\/strong><\/p>\n\n\n\n<figure class=\"wp-block-table aligncenter is-style-stripes\"><table><tbody><tr><td class=\"has-text-align-center\" data-align=\"center\">&nbsp;<\/td><td class=\"has-text-align-center\" data-align=\"center\"><strong>mgr Danuta Bukowska<\/strong><\/td><\/tr><tr><td class=\"has-text-align-center\" data-align=\"center\"><strong>Poniedzia\u0142ek<\/strong><\/td><td class=\"has-text-align-center\" data-align=\"center\"><strong>8:30 &#8211; 9:45<br>10:45 &#8211; 12:30<\/strong><\/td><\/tr><tr><td class=\"has-text-align-center\" data-align=\"center\"><strong>Wtorek<\/strong><\/td><td class=\"has-text-align-center\" data-align=\"center\"><strong>10:35 &#8211; 13:35<\/strong><\/td><\/tr><tr><td class=\"has-text-align-center\" data-align=\"center\"><strong>\u015aroda<\/strong><\/td><td class=\"has-text-align-center\" data-align=\"center\"><strong>9:50 &#8211; 15:50<\/strong><\/td><\/tr><tr><td class=\"has-text-align-center\" data-align=\"center\"><strong>Czwartek<\/strong><\/td><td class=\"has-text-align-center\" data-align=\"center\"><strong>9:45 &#8211; 11:45<\/strong><\/td><\/tr><tr><td class=\"has-text-align-center\" data-align=\"center\"><strong>Pi\u0105tek<\/strong><\/td><td class=\"has-text-align-center\" data-align=\"center\"><strong>9:30 -12:30<\/strong><\/td><\/tr><\/tbody><\/table><\/figure>\n\n\n\n<hr class=\"wp-block-separator\"\/>\n\n\n\n<div class=\"wp-block-file\"><a href=\"http:\/\/sp1slupsk.pl\/wp-content\/uploads\/2023\/09\/V.-PEDAGOG-do-zadan-SPECJALNYch-1.pdf\"><strong><span class=\"has-inline-color has-black-color\">PEDAGOG DO ZADA\u0143 SPECJALNYCH<\/span><\/strong><\/a><\/div>\n\n\n\n<hr class=\"wp-block-separator\"\/>\n\n\n\n<p><a href=\"http:\/\/sp1slupsk.pl\/wp-content\/uploads\/2020\/12\/DRUKI-do-POMOCY-PSYCHOLOGICZNO-EDAGOGICZNEJ1.odt\"><span class=\"has-inline-color has-black-color\">DRUKI do POMOCY PSYCHOLOGICZNO-PEDAGOGICZNEJ<\/span><\/a><\/p>\n\n\n\n<hr class=\"wp-block-separator\"\/>\n\n\n\n<p><strong>INSTYTUCJE&nbsp;<\/strong><strong>zajmuj\u0105ce si\u0119 pomoc\u0105<\/strong><br>1. S\u0142upskie Stowarzyszenie Pomocy Psychologicznej Dziecku w Rodzinie \u201ekr\u0105g\u201d&nbsp;<br>S\u0142upsk, ul. Sienkiewicza 7 , tel. 605-733-093, 669-498-323<br>Godziny: czwartek 15.00-18.00 dy\u017cur psychologa<\/p>\n\n\n\n<p>2. Stowarzyszenie &#8222;Krokus&#8221; Centrum Trze\u017awo\u015bci<br>S\u0142upsk, ul. Sienkiewicza 7 III pi\u0119tro, tel. 59 841-46-05<br>czynne poniedzia\u0142ek-pi\u0105tek 17.00-21.00<\/p>\n\n\n\n<p>3. Komisja Profilaktyki i Rozwi\u0105zywania Problem\u00f3w Alkoholowych<br>S\u0142upsk, ul Starzy\u0144skiego 6 przy SP6 tel. 84-88-492,<br>czynne codziennie 8.00-15.00<\/p>\n\n\n\n<p>4. Miejski O\u015brodek Pomocy Rodzinie<br>S\u0142upsk, ul. S\u0142oneczna 15d, tel. 842-81-26<\/p>\n\n\n\n<p>5. Zesp\u00f3l ds prewencji kryminalnej nieletnich i patologii Wydzia\u0142u Prewencji KMP w S\u0142upsku<br>ul. 3-Maja, tel. 84-80-508<\/p>\n\n\n\n<p>6. Poradnia psychologiczno-Pedagogiczna<br>S\u0142upsk, ul. Narutowicza 9, tel. 845-60-20<\/p>\n\n\n\n<p>7. S\u0105d Rejonowy III Wydzia\u0142 Rodzinny i Nieletnich<br>S\u0142upsk, ul. Szarych Szereg\u00f3w 13, tel. 846-97-21<\/p>\n\n\n\n<p>8. Dzielnicowy: asp.szt. Jacek Ja\u015bkiewicz, Komisariat Policji I w S\u0142upsku<br>ul. Reymonta 7, Pok.110 , tel.: 59 848 06 24, tel. kom.: 571 335 094 &#8211; dost\u0119pny tylko w godzinach s\u0142u\u017cby<\/p>\n\n\n\n<p>9. Poradnia Zdrowia Psychicznego dla Dzieci,<br>S\u0142upsk, ul. Paderewskiego 9 , tel. 840-20-03<\/p>\n\n\n\n<p>10. O\u015brodek Rozwoju Dziecka i Rodziny PORT , Towarzystwo Nasz Dom (pomoc dzieciom w trudnej sytuacji rodzinnej)<br>S\u0142upsk ul. \u015awierkowa 12, S\u0142upsk tel. +48 501 038 560<\/p>\n\n\n\n<p>11 Poradnia Profilaktyki i Leczenia od \u015arodk\u00f3w Odurzaj\u0105cych<br>S\u0142upsk, ul. Wojska Polskiego 50, tel. 842-30-33,<br>czynna poniedzia\u0142ek-pi\u0105tek 8.00-15.30<\/p>\n\n\n\n<p>12. Polskie Towarzystwo Zapobiegania narkomanii I O\/S\u0142upsk<br>S\u0142upsk, ul. Sienkiewicza 7pok. nr 30 (II pi\u0119tro) , tel. 840- 14-60 , 665 209 814<br>czynne poniedzia\u0142ek 9.00-17.00, wtorek-\u015broda 9:00-15.00, czwartek 9.00-16.00, pi\u0105tek 9.00-14.00<\/p>\n\n\n\n<p>13. Punkt Konsultacyjno \u2013 Informacyjny dla Ofiar Przemocy w Rodzinie \u201eTAMA\u201d<br>S\u0142upsk, ul. Jana Paw\u0142a II, Tel: 59 841-40-46<br>czynne: poniedzia\u0142ek\u2013pi\u0105tek 16.00-20.00, sobota 10.00-14.00<\/p>\n\n\n\n<p>14. Centrum Psychiatrii SON Poradnia Zdrowia Psychicznego i Leczenia Uzale\u017cnie\u0144<br>S\u0142upsk, ul. Ziemowita 1a, Tel: 59 840-20-01,<br>czynne wtorek\u2013\u015broda 7.45-18.00, czwartek-pi\u0105tek 7.45-15.00<\/p>\n\n\n\n<p>15. Policyjny Telefon Zaufania &#8222;Crime-Stoppers&#8221;<br>Tel: 59 848-01-11 (ca\u0142odobowo)<\/p>\n\n\n\n<p>16 Og\u00f3lnopolskie Pogotowie dla Ofiar Przemocy w Rodzinie \u201eNIEBIESKA LINIA\u201d<br>Tel: 22 668-70-00 , Godziny: 12.00-18.00<\/p>\n\n\n\n<p>17. Telefon zaufania dla dzieci i m\u0142odzie\u017cy<br>Tel: 116-111 (bezp\u0142atny), Godziny: poniedzia\u0142ek-niedziela 12.00-02.00<\/p>\n\n\n\n<p>18. Kryzysowy Telefon Zaufania<br>dla os\u00f3b doros\u0142ych w kryzysie emocjonalnym, potrzebuj\u0105cych wsparcia i porady psychologicznej, rodzic\u00f3w potrzebuj\u0105cych wsparcia w procesie wychowawczym oraz os\u00f3b niepe\u0142nosprawnych<br>Tel: 116-123 (bezp\u0142atny)<\/p>\n\n\n\n<p>19. Telefon zaufania dla os\u00f3b starszych<br>dla os\u00f3b starszych samotnych, potrzebuj\u0105cych wsparcia psychologicznego, Tel: 22 635-09-54<br>godziny: poniedzia\u0142ek 17.00-20.00, wtorek 9.00-12.00, \u015broda-czwartek 17.00-20.00, \u015brody 14.00-16.00 &#8211; dy\u017cur na temat choroby Alzheimera<\/p>\n\n\n\n<p>20. Telefon wsparcia dla os\u00f3b w \u017ca\u0142obie<br>dla os\u00f3b po stracie bliskich , Tel: 800 108 108 (bezp\u0142atny),<br>Godziny: poniedzia\u0142ek-pi\u0105tek 14.00-20.00<\/p>\n\n\n\n<p>21. Telefonu Zaufania dla Dzieci i M\u0142odzie\u017cy<br>tel. 116 111 (linia dost\u0119pna codziennie w godzinach 12:00 \u2013 22:00,<\/p>\n\n\n\n<p>22. Dzieci\u0119cy Telefon Zaufania, Rzecznika Praw Dziecka<br>tel.0800-12-12-12\u2013, \u2013 (22) 583 66 00 \u2013 Rzecznik Praw Dziecka.<br>Biuro jest czynne od poniedzia\u0142ku do pi\u0105tku w godzinach 08.15-16.15<\/p>\n\n\n\n<p>23. Telefonu dla rodzic\u00f3w i nauczycieli w sprawach bezpiecze\u0144stwa dzieci<br>\u2013 800 100 100 bezp\u0142atn\u0105 pomoc konsultant\u00f3w (linia dost\u0119pna od poniedzia\u0142ku do pi\u0105tku w godzinach 12:00 \u2013 18:00)<\/p>\n\n\n\n<p>24 Numer alarmowy, tel. 112 (policja, stra\u017c po\u017carna, pogotowie).<\/p>\n\n\n\n<p><strong>NAJCZ\u0118STSZE FORMY PRZEMOCY, TO:<\/strong><\/p>\n\n\n\n<p>Przemoc fizyczna:<\/p>\n\n\n\n<ul><li>bicie, popychanie, kopanie, duszenie, bicie przedmiotami, parzenie, policzkowanie\u2026<\/li><\/ul>\n\n\n\n<p>Przemoc psychiczna:<\/p>\n\n\n\n<ul><li>wy\u015bmiewanie, szydzenie, l\u017cenie, okazywanie braku szacunku, poddawanie sta\u0142ej krytyce, kontrolowanie i ograniczanie kontaktu z bliskimi\u2026<\/li><\/ul>\n\n\n\n<p>Inny rodzaj zachowa\u0144:<\/p>\n\n\n\n<ul><li>zmuszanie do oddawania uzyskiwanych \u015brodk\u00f3w finansowych, uniemo\u017cliwienie podj\u0119cia pracy, niezaspakajanie podstawowych potrzeb materialnych\u2026<\/li><li>niszczenie rzeczy osobistych<\/li><li>demolowanie mieszkania<\/li><li>wynoszenie sprz\u0119t\u00f3w domowych i ich sprzedawanie<\/li><li>pozostawianie bez opieki osoby, kt\u00f3ra z powodu choroby, niepe\u0142nosprawno\u015bci b\u0105d\u017a wieku nie mo\u017ce samodzielnie zaspokoi\u0107 swoich potrzeb<\/li><li>zmuszanie do picia alkoholu<\/li><li>zmuszanie do za\u017cywania \u015brodk\u00f3w odurzaj\u0105cych, substancji psychotropowych lub lek\u00f3w<\/li><\/ul>\n\n\n\n<p><strong>PAMI\u0118TAJ:<\/strong><\/p>\n\n\n\n<ol><li><strong>Z ka\u017cdej sytuacji jest wyj\u015bcie!<\/strong><\/li><li><strong>Je\u015bli jeste\u015b osob\u0105 doros\u0142\u0105, doznajesz przemocy lub jeste\u015b jej \u015bwiadkiem powiniene\u015b mie\u0107&nbsp;<\/strong><strong>wiedz\u0119 na ten temat, wtedy b\u0119dziesz m\u00f3g\u0142 si\u0119 broni\u0107.<\/strong><\/li><li><strong>Prawo zabrania stosowania przemocy fizycznej lub psychicznej i krzywdzenia swoich&nbsp;<\/strong><strong>bliskich. Je\u017celi Ty lub kto\u015b z Twoich bliskich jest ofiar\u0105 przemocy ze strony osoby&nbsp;<\/strong><strong>najbli\u017cszej, nie wstyd\u017a si\u0119 prosi\u0107 o pomoc. Prawo stoi po twojej stronie.<\/strong><\/li><li><strong>Przemoc, czy to ze strony osoby obcej, czy w rodzinie, czy te\u017c wobec dziecka jest cz\u0119sto&nbsp;<\/strong><strong>Przest\u0119pstwem.<\/strong><\/li><li><strong>Pami\u0119taj, przemoc karmi si\u0119 milczeniem<\/strong><\/li><\/ol>\n\n\n\n<p>\u0179r\u00f3d\u0142o: fundacjamederi.pl<\/p>\n","protected":false},"excerpt":{"rendered":"<p>GODZINY PRACY PEDAGOGA SZKOLNEGOW ROKU SZKOLNYM 2025\/2026: &nbsp; mgr Sylwia Koz\u0142owicz Poniedzia\u0142ek 11:00 &#8211; 14:30 Wtorek 8:00 &#8211; 14:15 \u015aroda 8:00 &#8211; 11:00 Czwartek 8:00 &#8211; 14:00 Pi\u0105tek 11:00 &#8211; 13:4014:25 &#8211; 15:00 GODZINY PRACY PEDAGOGA SPECJALNEGOW ROKU SZKOLNYM 2025\/2026: &nbsp; mgr Danuta Bukowska Poniedzia\u0142ek 8:30 &#8211; 9:4510:45 &#8211; 12:30 Wtorek 10:35 &#8211; 13:35 \u015aroda <a href=\"https:\/\/sp1slupsk.pl\/?page_id=406\"><b>&#8230;wi\u0119cej<\/b><\/a><\/p>\n","protected":false},"author":1,"featured_media":0,"parent":0,"menu_order":0,"comment_status":"closed","ping_status":"closed","template":"","meta":[],"_links":{"self":[{"href":"https:\/\/sp1slupsk.pl\/index.php?rest_route=\/wp\/v2\/pages\/406"}],"collection":[{"href":"https:\/\/sp1slupsk.pl\/index.php?rest_route=\/wp\/v2\/pages"}],"about":[{"href":"https:\/\/sp1slupsk.pl\/index.php?rest_route=\/wp\/v2\/types\/page"}],"author":[{"embeddable":true,"href":"https:\/\/sp1slupsk.pl\/index.php?rest_route=\/wp\/v2\/users\/1"}],"replies":[{"embeddable":true,"href":"https:\/\/sp1slupsk.pl\/index.php?rest_route=%2Fwp%2Fv2%2Fcomments&post=406"}],"version-history":[{"count":111,"href":"https:\/\/sp1slupsk.pl\/index.php?rest_route=\/wp\/v2\/pages\/406\/revisions"}],"predecessor-version":[{"id":89475,"href":"https:\/\/sp1slupsk.pl\/index.php?rest_route=\/wp\/v2\/pages\/406\/revisions\/89475"}],"wp:attachment":[{"href":"https:\/\/sp1slupsk.pl\/index.php?rest_route=%2Fwp%2Fv2%2Fmedia&parent=406"}],"curies":[{"name":"wp","href":"https:\/\/api.w.org\/{rel}","templated":true}]}}