{"id":416,"date":"2025-09-01T20:58:12","date_gmt":"2025-09-01T18:58:12","guid":{"rendered":"http:\/\/sp1slupsk.pl\/?page_id=416"},"modified":"2026-04-09T17:51:09","modified_gmt":"2026-04-09T15:51:09","slug":"samorzad","status":"publish","type":"page","link":"https:\/\/sp1slupsk.pl\/?page_id=416","title":{"rendered":"Samorz\u0105d i Samorz\u0105dzik"},"content":{"rendered":"\n<div class=\"wp-block-image\"><figure class=\"aligncenter size-large\"><img loading=\"lazy\" width=\"280\" height=\"180\" src=\"http:\/\/sp1slupsk.pl\/wp-content\/uploads\/2025\/11\/pobrane.jpg\" alt=\"\" class=\"wp-image-90183\"\/><\/figure><\/div>\n\n\n\n<p class=\"has-text-align-center has-normal-font-size\"><strong><span class=\"has-inline-color has-black-color\">Samorz\u0105dzik uczniowski klas I &#8211; III<\/span><\/strong><\/p>\n\n\n\n<p class=\"has-text-align-center\"><strong>Opiekunowie Samorz\u0105dziku: <\/strong><br>Justyna Bilska<br>Sylwia Zblewska<\/p>\n\n\n\n<p class=\"has-text-align-center has-normal-font-size\"><strong><span class=\"has-inline-color has-black-color\">Samorz\u0105d uczniowski klas IV \u2013 VIII<\/span><span style=\"color:#230754\" class=\"has-inline-color\">&nbsp;<\/span><\/strong><\/p>\n\n\n\n<p class=\"has-text-align-center\"><strong>Opiekunowie Samorz\u0105du Uczniowskiego: <\/strong><br>Adam Sujka<br>Aleksandra Chylewska<br>Piotr Ostrowski<\/p>\n\n\n\n<p class=\"has-text-align-center\"><strong>Sk\u0142ad Rady Samorz\u0105du Uczniowskiego<\/strong>:<\/p>\n\n\n\n<p class=\"has-text-align-center\"><strong>Przewodnicz\u0105ca:<\/strong> Nadia Bogumi\u0142ow<br><strong>Zast\u0119pca przewodnicz\u0105cej:<\/strong> Lena Grudziecka<\/p>\n\n\n\n<p class=\"has-text-align-center\"><strong>Cz\u0142onkowie:<\/strong><br>Szymanowska Karolina<br>Michalik Patryk &nbsp;<br>Obr\u0119bska Jowita<br>Drozd Margarita<br>Rudnik Lena<br>Jaskulska&nbsp; Maja<\/p>\n\n\n\n<div class=\"wp-block-file aligncenter\"><a href=\"http:\/\/sp1slupsk.pl\/wp-content\/uploads\/2025\/11\/Plan-Samorzadu-Uczniowskiego-Szkoly-Podstawowej-nr-1-im.-Henryka-Sienkiewicza-w-Slupsku.pdf\"><strong><em><span class=\"has-inline-color has-black-color\">Plan Samorz\u0105du Uczniowskiego Szko\u0142y Podstawowej nr 1 im. Henryka Sienkiewicza w S\u0142upsku<\/span><\/em><\/strong><\/a><\/div>\n\n\n\n<p class=\"has-text-align-center\"><br><\/p>\n","protected":false},"excerpt":{"rendered":"<p>Samorz\u0105dzik uczniowski klas I &#8211; III Opiekunowie Samorz\u0105dziku: Justyna BilskaSylwia Zblewska Samorz\u0105d uczniowski klas IV \u2013 VIII&nbsp; Opiekunowie Samorz\u0105du Uczniowskiego: Adam SujkaAleksandra ChylewskaPiotr Ostrowski Sk\u0142ad Rady Samorz\u0105du Uczniowskiego: Przewodnicz\u0105ca: Nadia Bogumi\u0142owZast\u0119pca przewodnicz\u0105cej: Lena Grudziecka Cz\u0142onkowie:Szymanowska KarolinaMichalik Patryk &nbsp;Obr\u0119bska JowitaDrozd MargaritaRudnik LenaJaskulska&nbsp; Maja<\/p>\n","protected":false},"author":1,"featured_media":0,"parent":0,"menu_order":0,"comment_status":"closed","ping_status":"closed","template":"","meta":[],"_links":{"self":[{"href":"https:\/\/sp1slupsk.pl\/index.php?rest_route=\/wp\/v2\/pages\/416"}],"collection":[{"href":"https:\/\/sp1slupsk.pl\/index.php?rest_route=\/wp\/v2\/pages"}],"about":[{"href":"https:\/\/sp1slupsk.pl\/index.php?rest_route=\/wp\/v2\/types\/page"}],"author":[{"embeddable":true,"href":"https:\/\/sp1slupsk.pl\/index.php?rest_route=\/wp\/v2\/users\/1"}],"replies":[{"embeddable":true,"href":"https:\/\/sp1slupsk.pl\/index.php?rest_route=%2Fwp%2Fv2%2Fcomments&post=416"}],"version-history":[{"count":113,"href":"https:\/\/sp1slupsk.pl\/index.php?rest_route=\/wp\/v2\/pages\/416\/revisions"}],"predecessor-version":[{"id":91127,"href":"https:\/\/sp1slupsk.pl\/index.php?rest_route=\/wp\/v2\/pages\/416\/revisions\/91127"}],"wp:attachment":[{"href":"https:\/\/sp1slupsk.pl\/index.php?rest_route=%2Fwp%2Fv2%2Fmedia&parent=416"}],"curies":[{"name":"wp","href":"https:\/\/api.w.org\/{rel}","templated":true}]}}