{"id":433,"date":"2025-09-01T21:01:22","date_gmt":"2025-09-01T19:01:22","guid":{"rendered":"http:\/\/sp1slupsk.pl\/?page_id=433"},"modified":"2026-04-09T17:53:15","modified_gmt":"2026-04-09T15:53:15","slug":"zlota-ksiega","status":"publish","type":"page","link":"https:\/\/sp1slupsk.pl\/?page_id=433","title":{"rendered":"Z\u0142ota ksi\u0119ga"},"content":{"rendered":"\n<p class=\"has-text-align-center\" style=\"font-size:18px\"><strong><a href=\"http:\/\/sp1slupsk.pl\/wp-content\/uploads\/2013\/01\/Zlota_13.gif\"><\/a><\/strong><strong>Z\u0141OTA KSI\u0118GA<\/strong><a href=\"http:\/\/sp1slupsk.pl\/wp-content\/uploads\/2013\/01\/goldcup2.gif\"><\/a><\/p>\n\n\n\n<p class=\"has-text-align-center\"><strong>W z\u0142otej ksi\u0119dze zapisani s\u0105 uczniowie, kt\u00f3rzy ko\u0144cz\u0105 szko\u0142\u0119 i kt\u00f3rzy swoim zachowaniem i post\u0119pami w nauce przynosz\u0105 szkole zaszczyt, uczniowie kt\u00f3rzy przez wszystkie lata nauki otrzymywali same bardzo dobre <\/strong><br><strong>i celuj\u0105ce oceny oraz wzorowe zachowanie.<br>Z\u0142ot\u0105 Ksi\u0119g\u0119 za\u0142o\u017cy\u0142 W\u0142adys\u0142aw Kijowski w roku szkolnym 1947\/48.<\/strong><\/p>\n\n\n\n<p class=\"has-text-align-center\"><strong>Rok szkolny 2021\/22<\/strong><\/p>\n\n\n\n<p class=\"has-text-align-center\">Oliwia Grzelak kl. VIII c<br>Kamil Gardecki kl. VIII d<\/p>\n\n\n\n<p class=\"has-text-align-center\"><strong>Rok szkolny 2020\/21<\/strong><\/p>\n\n\n\n<p class=\"has-text-align-center\">Wiktoria Sadowska kl. VIII a<\/p>\n\n\n\n<p class=\"has-text-align-center\"><strong>Rok szkolny 2019\/20<\/strong><\/p>\n\n\n\n<p class=\"has-text-align-center\">Alicja Su\u015bniak kl. VIII b<br>Anna Su\u015bniak kl. VIII b<br>Katarzyna Fija\u0142kowska&nbsp; kl. VIII c<br>Piotr Dargiel kl. VIII c<\/p>\n\n\n\n<p class=\"has-text-align-center\"><strong>Rok szkolny 2018\/19<\/strong><\/p>\n\n\n\n<p class=\"has-text-align-center\">Kryteria nie zosta\u0142y spe\u0142nione przez absolwent\u00f3w<\/p>\n\n\n\n<p class=\"has-text-align-center\"><strong>Rok szkolny 2017\/18<\/strong><\/p>\n\n\n\n<p class=\"has-text-align-center\">W zwi\u0105zku ze zmian\u0105 strukturyzacji szko\u0142y z powodu reformy nie by\u0142o absolwent\u00f3w<\/p>\n\n\n\n<p class=\"has-text-align-center\"><strong>Rok szkolny 2016\/17<\/strong><\/p>\n\n\n\n<p class=\"has-text-align-center\">W zwi\u0105zku ze zmian\u0105 strukturyzacji szko\u0142y z powodu reformy nie by\u0142o absolwent\u00f3w<\/p>\n\n\n\n<p class=\"has-text-align-center\"><strong>Rok szkolny 2015\/16<\/strong><\/p>\n\n\n\n<p class=\"has-text-align-center\">Magdalena Cymek<br>Aleksandra Kurczyn<br>Bartosz Olechnowicz<br>Oliwia Wieliczko<br>Dominika Witkowska<br>Kacper Kaczmarek<br>B\u0142a\u017cej Murawski<br>Alicja Dominiak<br>Oliwia Nazaruk<\/p>\n\n\n\n<p class=\"has-text-align-center\"><strong>Rok szkolny 2014\/15<\/strong><\/p>\n\n\n\n<p class=\"has-text-align-center\">Malwina S\u0142omska<br>Micha\u0142 Kolada<br>Pawe\u0142 Markowski<br>Tymoteusz Pali\u0144ski<br>Marcin Wilkosz<\/p>\n\n\n\n<p class=\"has-text-align-center\"><strong>Rok szkolny 2013\/14<\/strong><\/p>\n\n\n\n<p class=\"has-text-align-center\">Micha\u0142 Fija\u0142kowski<br>Susanna Karzelek<br>Wiktor Zagdan<br>Marcin Jakubowski<\/p>\n\n\n\n<p class=\"has-text-align-center\"><strong>Rok szkolny 2012\/13<\/strong><\/p>\n\n\n\n<p class=\"has-text-align-center\">Ewa Dargiel<br>Karolina Krzy\u017canowska<br>Julia Capar<\/p>\n\n\n\n<p class=\"has-text-align-center\"><strong>Rok szkolny 2011\/12<br><\/strong><br>Dominika Rze\u015bny<\/p>\n\n\n\n<p class=\"has-text-align-center\"><strong>Rok szkolny 2010\/11:<\/strong><\/p>\n\n\n\n<p class=\"has-text-align-center\">Ma\u0142gorzata Wilkosz<br>Sylwia Narloch<\/p>\n\n\n\n<p class=\"has-text-align-center\"><strong>Rok szkolny 2009\/10:<\/strong><\/p>\n\n\n\n<p class=\"has-text-align-center\">Barbara Kazusek<br>Remigiusz Jakubowski<br>Pawe\u0142 Weso\u0142owski<br>Ewa Szulc<\/p>\n\n\n\n<p class=\"has-text-align-center\"><strong>Rok szkolny 2008\/09:<\/strong><\/p>\n\n\n\n<p class=\"has-text-align-center\">Aleksandra Orzechowska<br>Anna Kowalska<br>Alicja Janonis<br>Aleksandra Zaj\u0105c<\/p>\n\n\n\n<p class=\"has-text-align-center\"><strong>Rok szkolny 2007\/08:<\/strong><\/p>\n\n\n\n<p class=\"has-text-align-center\">Klaudia Stasierowska<br>Ma\u0142gorzata Wojtecka<br>Joanna Andrzejewska<br>Aleksander Chochu\u0142<br>Piotr Chochu\u0142<br>Kornelia Wantoch &#8211; Rekowska<br>Micha\u0142 Led\u00f3chowski<br>Aleksander Sadowski<\/p>\n\n\n\n<p class=\"has-text-align-center\"><strong>Rok szkolny 2006\/07:<\/strong><\/p>\n\n\n\n<p class=\"has-text-align-center\">Katarzyna Su\u015bniak<br>Marcin Koralewski<\/p>\n\n\n\n<p class=\"has-text-align-center\"><strong>Rok szkolny 2005\/06:<\/strong><\/p>\n\n\n\n<p class=\"has-text-align-center\">Ma\u0142gorzata Micha\u0142owska<br>Pawe\u0142 Stramel<br>Kamil Szaja<br>Dominika Knobelsdorf<\/p>\n\n\n\n<p class=\"has-text-align-center\"><strong>Rok szkolny 2004\/05:<\/strong><\/p>\n\n\n\n<p class=\"has-text-align-center\">Aleksandra Afanasjew<br>Agnieszka Obolewicz<br>Mariusz Jaworski<br>Anna Brzozowska<br>Dorota Kulik<br>Sandra Soko\u0142owska<br>Karolina Hejger<br>Hanna Janonis<br>Krystian Barcikowski<br>Emilia Iwat<br>Weronika Rajkowska<\/p>\n\n\n\n<p class=\"has-text-align-center\"><strong>Rok szkolny 2003\/04:<\/strong><\/p>\n\n\n\n<p class=\"has-text-align-center\">Marlena Budzy\u0144ska<br>J\u0119drzej Klonowski<br>Ewelina Gawe\u0142<br>Hanna Bednarska<br>Maja Capar<br>Ewa Dowgia\u0142\u0142o<\/p>\n\n\n\n<p class=\"has-text-align-center\"><strong>Rok szkolny 2002\/03:<\/strong><\/p>\n\n\n\n<p class=\"has-text-align-center\">Martyna Rawska<br>Kamila Kempi\u0144ska<br>Anita Olszonowicz<br>Szymon Duraj<br>Karolina Wojtaszek<br>Natalia Leszczuk<br>Iga Bielawska<br>Marta Kielanowicz<\/p>\n\n\n\n<p class=\"has-text-align-center\"><strong>Rok szkolny 2001\/02:<\/strong><\/p>\n\n\n\n<p class=\"has-text-align-center\">Anna Bonio<br>Aleksandra Domaszewicz<br>Piotr Dowgia\u0142\u0142o<br>Rafa\u0142 Szymichowski<br>Joanna Grygorowicz<\/p>\n\n\n\n<p class=\"has-text-align-center\"><strong>Rok szkolny 2000\/01:<\/strong><\/p>\n\n\n\n<p class=\"has-text-align-center\">Rafa\u0142 Olszonowicz<br>Ma\u0142gorzata Antonowicz<br>Anna Sitarska<br>Daria Sominka<br>Aneta Masilewicz<\/p>\n\n\n\n<p class=\"has-text-align-center\"><strong>Rok szkolny 1999\/2000:<\/strong><\/p>\n\n\n\n<p class=\"has-text-align-center\">Katarzyna Stecka<br>Malwina Piecz\u0105tka<\/p>\n\n\n\n<p class=\"has-text-align-center\"><strong>Rok szkolny 1998\/99:<\/strong><\/p>\n\n\n\n<p class=\"has-text-align-center\">Kalina \u017bukowska<br>Maciej Kowalski<\/p>\n\n\n\n<p class=\"has-text-align-center\"><strong>Rok szkolny 1997\/98:<\/strong><\/p>\n\n\n\n<p class=\"has-text-align-center\">Anna Moczulska<\/p>\n\n\n\n<p class=\"has-text-align-center\"><strong>Rok szkolny 1993\/94:<\/strong><\/p>\n\n\n\n<p class=\"has-text-align-center\">Tomasz Rudnik<\/p>\n\n\n\n<p class=\"has-text-align-center\"><strong>Rok szkolny 1990\/91:<\/strong><\/p>\n\n\n\n<p class=\"has-text-align-center\">Agnieszka Suchocka<\/p>\n\n\n\n<p class=\"has-text-align-center\"><strong>Rok szkolny 1988\/89:<\/strong><\/p>\n\n\n\n<p class=\"has-text-align-center\">Joanna B\u0142o\u0144ska<\/p>\n\n\n\n<p class=\"has-text-align-center\"><strong>Rok szkolny 1985\/86:<\/strong><\/p>\n\n\n\n<p class=\"has-text-align-center\">Anita Zimna<\/p>\n\n\n\n<p class=\"has-text-align-center\"><strong>Rok szkolny 1984\/85:<\/strong><\/p>\n\n\n\n<p class=\"has-text-align-center\">Arkadiusz Lech Kiedrowski<\/p>\n\n\n\n<p class=\"has-text-align-center\"><strong>Rok szkolny 1981\/82:<\/strong><\/p>\n\n\n\n<p class=\"has-text-align-center\">Renata Zajdel<br>Katarzyna Weiss<\/p>\n\n\n\n<p class=\"has-text-align-center\"><strong>Rok szkolny 1979\/80:<\/strong><\/p>\n\n\n\n<p class=\"has-text-align-center\">Anna Rybka<\/p>\n\n\n\n<p class=\"has-text-align-center\"><strong>Rok szkolny 1978\/79:<\/strong><\/p>\n\n\n\n<p class=\"has-text-align-center\">Barbara Piekarska<\/p>\n\n\n\n<p class=\"has-text-align-center\"><strong>Rok szkolny 1977\/78:<\/strong><\/p>\n\n\n\n<p class=\"has-text-align-center\">Mariola Mu\u0142yk<\/p>\n\n\n\n<p class=\"has-text-align-center\"><strong>Rok szkolny 1975\/76:<\/strong><\/p>\n\n\n\n<p class=\"has-text-align-center\">Joanna Piorunowska<br>Bo\u017cena Dolata<br>Alicja Bohdziewicz<\/p>\n\n\n\n<p class=\"has-text-align-center\"><strong>Rok szkolny 1974\/75:<\/strong><\/p>\n\n\n\n<p class=\"has-text-align-center\">Anna Raubo<br>Agnieszka Szo\u0142dra<\/p>\n\n\n\n<p class=\"has-text-align-center\"><strong>Rok szkolny 1973\/74:<\/strong><\/p>\n\n\n\n<p class=\"has-text-align-center\">Barbara Bartodziejska<br>Franciszek Cierach<\/p>\n\n\n\n<p class=\"has-text-align-center\"><strong>Rok szkolny 1972\/73:<\/strong><\/p>\n\n\n\n<p class=\"has-text-align-center\">Julianna Majewska<\/p>\n\n\n\n<p class=\"has-text-align-center\"><strong>Rok szkolny 1971\/72:<\/strong><\/p>\n\n\n\n<p class=\"has-text-align-center\">Anna Jarema<br>Grzegorz K\u0142ak<\/p>\n\n\n\n<p class=\"has-text-align-center\"><strong>Rok szkolny 1970\/71:<\/strong><\/p>\n\n\n\n<p class=\"has-text-align-center\">Andrzej Zygmunt<br>Andrzej Haliniak<br>Ewa Ropiak<\/p>\n\n\n\n<p class=\"has-text-align-center\"><strong>Rok szkolny 1969\/70:<\/strong><\/p>\n\n\n\n<p class=\"has-text-align-center\">Wies\u0142awa Wro\u0144ska<br>Joanna Fabich<br>Wies\u0142awa Klekotka<\/p>\n\n\n\n<p class=\"has-text-align-center\"><strong>Rok szkolny 1968\/69:<\/strong><\/p>\n\n\n\n<p class=\"has-text-align-center\">El\u017cbieta Konopska<br>El\u017cbieta Rudzka<br>Krystyna Baranowska<br>Dorota Witkowska<\/p>\n\n\n\n<p class=\"has-text-align-center\"><strong>Rok szkolny 1967\/68:<\/strong><\/p>\n\n\n\n<p class=\"has-text-align-center\">Irena Golisz<br>Gra\u017cyna Batura<br>Wanda Wojciechowska<br>Wojciech Klekotka<br>Aleksandra Falbierska<\/p>\n\n\n\n<p class=\"has-text-align-center\"><strong>Rok szkolny 1966\/67:<\/strong><\/p>\n\n\n\n<p class=\"has-text-align-center\">Barbara Zygmunt<br>Wanda Jarema<br>Teresa Brz\u00f3ska<br>Danuta Sa\u0142apatek<br>Romualda Kierna\u017cycka<\/p>\n\n\n\n<p class=\"has-text-align-center\"><strong>Rok szkolny 1963\/64:<\/strong><\/p>\n\n\n\n<p class=\"has-text-align-center\">Jolanta Chwieduk<br>Eligiusz Hornowski<br>Franciszek Wi\u015bniewski<br>El\u017cbieta Pakszys<br>Aniela Markiewicz<br>Teresa Cio\u0142ek<\/p>\n\n\n\n<p class=\"has-text-align-center\"><strong>Rok szkolny 1961\/62:<\/strong><\/p>\n\n\n\n<p class=\"has-text-align-center\">Bo\u017cena Teresa Koz\u0142owska<br>Teresa Janonis<\/p>\n\n\n\n<p class=\"has-text-align-center\"><strong>Rok szkolny 1960\/61:<\/strong><\/p>\n\n\n\n<p class=\"has-text-align-center\">El\u017cbieta Olech<br>Anna Szafranek<\/p>\n\n\n\n<p class=\"has-text-align-center\"><strong>Rok szkolny 1959\/60:<\/strong><\/p>\n\n\n\n<p class=\"has-text-align-center\">Zbigniew Wasilewski<br>Jadwiga Zar\u0119ba<br>Janina Golisz<br>Janusz Meuszy\u0144ski<br>Mieczys\u0142aw Twardowski<\/p>\n\n\n\n<p class=\"has-text-align-center\"><strong>Rok szkolny 1957\/58:<\/strong><\/p>\n\n\n\n<p class=\"has-text-align-center\">Danuta Olechnowicz<br>El\u017cbieta Lao<br>Teresa Fusiara<\/p>\n\n\n\n<p class=\"has-text-align-center\"><strong>Rok szkolny 1956\/57:<\/strong><\/p>\n\n\n\n<p class=\"has-text-align-center\">Barbara Kruk<\/p>\n\n\n\n<p class=\"has-text-align-center\"><strong>Rok szkolny 1954\/55:<\/strong><\/p>\n\n\n\n<p class=\"has-text-align-center\">Helena Look<\/p>\n\n\n\n<p class=\"has-text-align-center\"><strong>Rok szkolny 1952\/53:<\/strong><\/p>\n\n\n\n<p class=\"has-text-align-center\">Barbara Jodko<\/p>\n\n\n\n<p class=\"has-text-align-center\"><strong>Rok szkolny 1951\/52:<\/strong><\/p>\n\n\n\n<p class=\"has-text-align-center\">Ma\u0142gorzata Jodko<br>Zofia K\u0105kol<br>Danuta Polakowska<\/p>\n\n\n\n<p class=\"has-text-align-center\"><strong>Rok szkolny 1949\/50:<\/strong><\/p>\n\n\n\n<p class=\"has-text-align-center\">Czes\u0142awa Chwieduk<br>Andrzej Bernas<br>Krzysztof Mi\u0105czy\u0144ski<\/p>\n\n\n\n<p class=\"has-text-align-center\"><strong>Rok szkolny 1947\/48:<\/strong><\/p>\n\n\n\n<p class=\"has-text-align-center\">Andrzej Rusiecki<br>Andrzej Kijowski<br>Barbara Gryglewicz<br>Jerzy Orzeszak<br>J\u00f3zef Vuttke<\/p>\n","protected":false},"excerpt":{"rendered":"<p>Z\u0141OTA KSI\u0118GA W z\u0142otej ksi\u0119dze zapisani s\u0105 uczniowie, kt\u00f3rzy ko\u0144cz\u0105 szko\u0142\u0119 i kt\u00f3rzy swoim zachowaniem i post\u0119pami w nauce przynosz\u0105 szkole zaszczyt, uczniowie kt\u00f3rzy przez wszystkie lata nauki otrzymywali same bardzo dobre i celuj\u0105ce oceny oraz wzorowe zachowanie.Z\u0142ot\u0105 Ksi\u0119g\u0119 za\u0142o\u017cy\u0142 W\u0142adys\u0142aw Kijowski w roku szkolnym 1947\/48. Rok szkolny 2021\/22 Oliwia Grzelak kl. VIII cKamil Gardecki <a href=\"https:\/\/sp1slupsk.pl\/?page_id=433\"><b>&#8230;wi\u0119cej<\/b><\/a><\/p>\n","protected":false},"author":1,"featured_media":0,"parent":0,"menu_order":0,"comment_status":"closed","ping_status":"closed","template":"","meta":[],"_links":{"self":[{"href":"https:\/\/sp1slupsk.pl\/index.php?rest_route=\/wp\/v2\/pages\/433"}],"collection":[{"href":"https:\/\/sp1slupsk.pl\/index.php?rest_route=\/wp\/v2\/pages"}],"about":[{"href":"https:\/\/sp1slupsk.pl\/index.php?rest_route=\/wp\/v2\/types\/page"}],"author":[{"embeddable":true,"href":"https:\/\/sp1slupsk.pl\/index.php?rest_route=\/wp\/v2\/users\/1"}],"replies":[{"embeddable":true,"href":"https:\/\/sp1slupsk.pl\/index.php?rest_route=%2Fwp%2Fv2%2Fcomments&post=433"}],"version-history":[{"count":41,"href":"https:\/\/sp1slupsk.pl\/index.php?rest_route=\/wp\/v2\/pages\/433\/revisions"}],"predecessor-version":[{"id":81852,"href":"https:\/\/sp1slupsk.pl\/index.php?rest_route=\/wp\/v2\/pages\/433\/revisions\/81852"}],"wp:attachment":[{"href":"https:\/\/sp1slupsk.pl\/index.php?rest_route=%2Fwp%2Fv2%2Fmedia&parent=433"}],"curies":[{"name":"wp","href":"https:\/\/api.w.org\/{rel}","templated":true}]}}