{"id":435,"date":"2025-09-01T21:01:41","date_gmt":"2025-09-01T19:01:41","guid":{"rendered":"http:\/\/sp1slupsk.pl\/?page_id=435"},"modified":"2026-04-09T17:47:36","modified_gmt":"2026-04-09T15:47:36","slug":"ksiega-sukcesow","status":"publish","type":"page","link":"https:\/\/sp1slupsk.pl\/?page_id=435","title":{"rendered":"Ksi\u0119ga sukces\u00f3w"},"content":{"rendered":"\n<div class=\"wp-block-image\"><figure class=\"aligncenter\"><a href=\"http:\/\/sp1slupsk.pl\/wp-content\/uploads\/2013\/01\/goldcup1.gif\"><img src=\"http:\/\/sp1slupsk.pl\/wp-content\/uploads\/2013\/01\/goldcup1.gif\" alt=\"\" class=\"wp-image-894\" title=\"goldcup\"\/><\/a><\/figure><\/div>\n\n\n\n<p class=\"has-text-align-center\" style=\"font-size:18px\"><strong>KSI\u0118GA SUKCES\u00d3W&nbsp;<\/strong><\/p>\n\n\n\n<p class=\"has-text-align-center\">W 2004 roku zosta\u0142a za\u0142o\u017cona Ksi\u0119ga Sukces\u00f3w, do kt\u00f3rej wpisuje si\u0119 absolwent\u00f3w szko\u0142y za szczeg\u00f3lne osi\u0105gni\u0119cia oraz rozs\u0142awianie dobrego imienia szko\u0142y w r\u00f3\u017cnych dziedzinach; w szczeg\u00f3lno\u015bci laureat\u00f3w konkurs\u00f3w przedmiotowych na szczeblu miejskim, powiatowym, wojew\u00f3dzkim, og\u00f3lnopolskim i mi\u0119dzynarodowym, wybitnych sportowc\u00f3w, wielokrotnych laureat\u00f3w festiwali i konkurs\u00f3w artystycznych, uczni\u00f3w za wybitn\u0105 dzia\u0142alno\u015b\u0107 na rzecz szko\u0142y i \u015brodowiska.<\/p>\n\n\n\n<p class=\"has-text-align-center\"><strong>W roku szkolnym 2024\/2025 wpisano uczennice:<\/strong><\/p>\n\n\n\n<p class=\"has-text-align-center\"><strong>Urszul\u0119 Duras kl. VIII a<\/strong> &#8211; laureatka XXIX edycji Og\u00f3lnopolskiego Konkursu Historycznego im. majora Marka Gajewskiego \u201eLosy \u017co\u0142nierza i dzieje or\u0119\u017ca polskiego w latach 1768 &#8211; 1864. Od konfederacji barskiej do powstania styczniowego. Za nasz\u0105 i wasz\u0105 wolno\u015b\u0107&#8221;, laureatka IV Og\u00f3lnopolskiej Olimpiady Antysmogowej.<\/p>\n\n\n\n<p class=\"has-text-align-center\"><strong>Ameli\u0119 Jastrz\u0119bsk\u0105 kl. VIII a<\/strong> &#8211; laureatka XXIX edycji Og\u00f3lnopolskiego Konkursu Historycznego im. majora Marka Gajewskiego \u201eLosy \u017co\u0142nierza i dzieje or\u0119\u017ca polskiego w latach 1768 &#8211; 1864. Od konfederacji barskiej do powstania styczniowego. Za nasz\u0105 i wasz\u0105 wolno\u015b\u0107&#8221;; laureatka XXX edycji Og\u00f3lnopolskiego Konkursu Historycznego im. mjr. Marka Gajewskiego \u201eLosy \u017co\u0142nierza i dzieje or\u0119\u017ca polskiego w latach 1921-1956. Od Traktatu Ryskiego do \u017bo\u0142nierzy Niez\u0142omnych\u201d.<\/p>\n\n\n\n<p class=\"has-text-align-center\"><strong>Blanka Polak kl. VIII a<\/strong> &#8211; finalistka XXIX edycji Og\u00f3lnopolskiego Konkursu Historycznego im. majora Marka Gajewskiego \u201eLosy \u017co\u0142nierza i dzieje or\u0119\u017ca polskiego w latach 1768 &#8211; 1864. Od konfederacji barskiej do powstania styczniowego. Za nasz\u0105 i wasz\u0105 wolno\u015b\u0107&#8221;; laureatka XXX edycji Og\u00f3lnopolskiego Konkursu Historycznego im. mjr. Marka Gajewskiego \u201eLosy \u017co\u0142nierza i dzieje or\u0119\u017ca polskiego w latach 1921-1956. Od Traktatu Ryskiego do \u017bo\u0142nierzy Niez\u0142omnych\u201d.<\/p>\n\n\n\n<p class=\"has-text-align-center\"><strong>W roku szkolnym 2022\/2023 wpisano uczni\u00f3w:<\/strong><\/p>\n\n\n\n<p class=\"has-text-align-center\"><strong>Monika Rychert kl. VIII a <\/strong>&#8211; finalistka wojew\u00f3dzkiego etapu Pomorskiej Ligi Zadaniowej z biologii; laureatka konkursu historycznego &#8222;Losy \u017co\u0142nierza i dzieje or\u0119\u017ca polskiego&#8221;;<\/p>\n\n\n\n<p class=\"has-text-align-center\"><strong>Jakub Leszczy\u0144ski kl. VIII c<\/strong> &#8211; finalista konkursu historycznego &#8222;Losy \u017co\u0142nierza i dzieje or\u0119\u017ca polskiego&#8221;;<\/p>\n\n\n\n<p class=\"has-text-align-center\"><strong>W roku szkolnym 2021\/2022 wpisano uczni\u00f3w:<\/strong><\/p>\n\n\n\n<p class=\"has-text-align-center\"><strong>Kamil Gardecki kl. VIII d<\/strong> &#8211; laureat konkursu historycznego &#8222;Losy \u017co\u0142nierza i or\u0119\u017ca polskiego&#8221;, konkurs\u00f3w matematycznych, finalista Konkursu Kuratoryjnego z j\u0119zyka niemieckiego;<\/p>\n\n\n\n<p class=\"has-text-align-center\"><strong>Adrian M\u0105kola kl. VIII d<\/strong> &#8211; laureat konkurs\u00f3w z j\u0119zyka niemieckiego;<\/p>\n\n\n\n<p class=\"has-text-align-center\"><strong>Aniela Bu\u0144kowska kl. VIII a<\/strong> &#8211; finalistka Konkursu Kuratoryjnego z j\u0119zyka niemieckiego;<\/p>\n\n\n\n<p class=\"has-text-align-center\"><strong>Jagoda Gerszewska kl. VIII b<\/strong> &#8211; laureatka Konkursu Kuratoryjnego z j\u0119zyka angielskiego, laureatka konkurs\u00f3w z fizyki, finalistka konkursu historycznego &#8222;Losy \u017co\u0142nierza i or\u0119\u017ca polskiego&#8221;<\/p>\n\n\n\n<p class=\"has-text-align-center\"><strong>W roku szkolnym 2019\/2020 wpisano uczni\u00f3w:<\/strong><\/p>\n\n\n\n<p class=\"has-text-align-center\"><strong>Katarzyna Fija\u0142kowska kl. VIIIc<\/strong> &#8211; PRIMUS INTER PARES, wielokrotna laureatka konkurs\u00f3w og\u00f3lnopolskich, wybitny matematyk, przyrodnik i humanista<\/p>\n\n\n\n<p class=\"has-text-align-center\"><strong>Anna Su\u015bniak&nbsp; kl.VIIIb<\/strong> &#8211; OMNIBUS, uczennica odnosz\u0105ca liczne sukcesy na niwie humanistycznej i matematyczno-przyrodniczej<\/p>\n\n\n\n<p class=\"has-text-align-center\"><strong>Alicja Su\u015bniak kl.VIIIb &#8211; <\/strong>otwarty umys\u0142 humanistyczny, \u015bwietny matematyk i przyrodnik<\/p>\n\n\n\n<p class=\"has-text-align-center\"><strong>Aleksandra Olesiak kl. VIIIc<\/strong> &#8211; wielokrotna laureatka licznych konkurs\u00f3w plastycznych<\/p>\n\n\n\n<p class=\"has-text-align-center\"><strong>Maksymilian Pyzio kl. VIIIa<\/strong> &#8211; laureat mi\u0119dzynarodowych i og\u00f3lnopolskich konkurs\u00f3w literackich<\/p>\n\n\n\n<p class=\"has-text-align-center\"><strong>W roku szkolnym 2018\/2019 wpisano uczni\u00f3w:<\/strong><\/p>\n\n\n\n<p class=\"has-text-align-center\"><strong>Julia Zdrojewska<\/strong> kl. VIII c &#8211; trzykrotna laureatka konkurs\u00f3w plastycznych o zasi\u0119gu og\u00f3lnopolskim,&nbsp;wielokrotna laureatka konkurs\u00f3w artystycznych<\/p>\n\n\n\n<p class=\"has-text-align-center\"><strong>Marcin Irzykowski<\/strong> kl. VIII b &#8211; laureat i finalista konkurs\u00f3w historycznych<\/p>\n\n\n\n<p class=\"has-text-align-center\"><strong>Mateusz Hann<\/strong> kl. VIII c &#8211; wyr\u00f3\u017cniaj\u0105cy si\u0119 matematyk<\/p>\n\n\n\n<p class=\"has-text-align-center\"><strong>Adam Kurczyn<\/strong> kl. VIII c &#8211;&nbsp;Primus Inter Pares<\/p>\n\n\n\n<p class=\"has-text-align-center\"><strong>W roku szkolnym 2017\/2018&nbsp;<\/strong><\/p>\n\n\n\n<p class=\"has-text-align-center\">w&nbsp;zwi\u0105zku ze zmian\u0105 strukturyzacji szko\u0142y z powodu reformy nie by\u0142o absolwent\u00f3w<\/p>\n\n\n\n<p class=\"has-text-align-center\"><strong>W roku szkolnym 2016\/2017<\/strong><\/p>\n\n\n\n<p class=\"has-text-align-center\">w&nbsp;zwi\u0105zku ze zmian\u0105 strukturyzacji szko\u0142y z powodu reformy nie by\u0142o absolwent\u00f3w<\/p>\n\n\n\n<p class=\"has-text-align-center\"><strong>W roku szkolnym 2015\/2016 wpisano uczni\u00f3w:<\/strong><\/p>\n\n\n\n<p class=\"has-text-align-center\"><strong>Magdalena Cymek<\/strong> kl. VI a &#8211; laureatka kuratoryjnego konkursu z j\u0119zyka polskiego<br>dwukrotna finalistka kuratoryjnego konkursu z j\u0119zyka angielskiego<br><strong>Bartosz Olechnowicz<\/strong> kl. VI a &#8211; zwyci\u0119zca konkurs\u00f3w przedmiotowych na wszystkich szczeblach<br>\u015bwietny koszykarz &#8211; SPORTOWIEC ROKU<\/p>\n\n\n\n<p class=\"has-text-align-center\"><strong>W roku szkolnym 2014\/2015 wpisano uczni\u00f3w:<\/strong><\/p>\n\n\n\n<p class=\"has-text-align-center\"><strong>Tymoteusz Pali\u0144ski<\/strong> kl. VI c &#8211;&nbsp;Primus Inter Pares<br>laureat konkursu z j\u0119zyka polskiego<br><strong>Micha\u0142 Kolada<\/strong> kl. VI c &#8211;&nbsp;Primus Inter Pares<br>laureat konkursu historycznego<br><strong>Martyna Czekalska<\/strong> kl. VI c &#8211; wspania\u0142a wokalistka<br><strong>Kamila Kawa\u0142kowska<\/strong> kl. VI c &#8211; wspania\u0142a humanistka<br>laureatka konkurs\u00f3w fotograficznych<br><strong>Dominik Sujka<\/strong> kl. VI c &#8211; wszechstronny sportowiec<br><strong>Daria Bartecka<\/strong> kl. VI b &#8211; finalistka konkursu j\u0119zyka angielskiego<br><strong>Klaudia Bartusik<\/strong> kl. VI b- znakomita wokalistka<br><strong>Monika Misterewicz<\/strong> &nbsp;kl. VI b &#8211; \u015bwietna sportsmenka<\/p>\n\n\n\n<p class=\"has-text-align-center\"><strong>W roku szkolnym 2013\/2014 wpisano uczni\u00f3w:<\/strong><\/p>\n\n\n\n<p class=\"has-text-align-center\"><strong>Micha\u0142 Fija\u0142kowski<\/strong> kl. VI a &#8211; Primus Inter Pares<br><strong>Marcin Jakubowski<\/strong> kl. VI b &#8211; laureat konkurs\u00f3w literackich<br><strong>Wanessa Oleszewska<\/strong> kl. VI a &#8211; wolontariuszka i spo\u0142ecznik<\/p>\n\n\n\n<p class=\"has-text-align-center\"><strong>W roku szkolnym 2012\/2013 wpisano uczni\u00f3w:<\/strong><\/p>\n\n\n\n<p class=\"has-text-align-center\"><strong>Julia Jakimowicz<\/strong>&nbsp; kl. VI a &#8211; wybitna lekkoatletka<br><strong>Mateusz Borkowski<\/strong>&nbsp; kl. VI a &#8211; \u015bwietny sportowiec<br><strong>Jakub Marciszonek<\/strong>&nbsp; kl. VI a &#8211; wspania\u0142y humanista<\/p>\n\n\n\n<p class=\"has-text-align-center\"><strong>W roku szkolnym 2011\/2012 wpisano uczni\u00f3w:<\/strong><\/p>\n\n\n\n<p class=\"has-text-align-center\"><strong>Kacper Bronisz<\/strong> kl.VI c<br><strong>Piotr Gawi\u0144ski<\/strong> kl. VI b<br><strong>Mateusz Hesse<\/strong> kl. VI a<br><strong>Bartosz Jermalone<\/strong>k&nbsp; kl. VI a<br><strong>Patryk Rajkowski<\/strong> kl. VI a<\/p>\n\n\n\n<p class=\"has-text-align-center\">Wielokrotni Mistrzowie w Unihokeju<\/p>\n\n\n\n<p class=\"has-text-align-center\"><strong>Julita Lejczak<\/strong> kl. VI a<br><strong>Izabela Rojek<\/strong> kl. VI a<\/p>\n\n\n\n<p class=\"has-text-align-center\">Mistrzynie Polski i \u015awiata w Koszyk\u00f3wce<\/p>\n\n\n\n<p class=\"has-text-align-center\"><strong>W roku szkolnym 2010\/2011 wpisano uczni\u00f3w:<\/strong><\/p>\n\n\n\n<p class=\"has-text-align-center\"><strong>Ma\u0142gorzata Wilkosz<\/strong> kl. VI b<br><strong>Jakub Ptak<\/strong> kl. VI b<\/p>\n\n\n\n<p class=\"has-text-align-center\">Wielokrotni zwyci\u0119zcy konkurs\u00f3w humanistycznych na szczeblu miejskim oraz finali\u015bci kuratoryjnego konkursu j\u0119zyk polski z histori\u0105.<\/p>\n\n\n\n<p class=\"has-text-align-center\"><strong>W roku szkolnym 2009\/2010 wpisano uczni\u00f3w:<\/strong><\/p>\n\n\n\n<p class=\"has-text-align-center\"><strong>Maciej Gregorek<\/strong> kl. VI b &#8211; sportowiec roku, Mistrz Polski w unihokeju<br><strong>Adrian Grzymkowski<\/strong> kl. VI a &#8211;&nbsp; Mistrz Polski w unihokeju<br><strong>Kacper Hesse<\/strong> kl. VI a &#8211; Mistrz Polski w unihokeju<br><strong>Maciej Janicki<\/strong> kl. VI a &#8211; Mistrz Polski w unihokeju<br><strong>Maciej Juras<\/strong> kl. VI a &#8211; Mistrz Polski w unihokeju<br><strong>Mateusz Rojek<\/strong> kl. VI b &#8211; Mistrz Polski w unihokeju<br><strong>Agnieszka Dobosz<\/strong> kl. VI b &#8211; wspania\u0142a wokalistka<br><strong>Mateusz Mielewczyk<\/strong> kl. VI b &#8211; wspania\u0142y wokalista<\/p>\n\n\n\n<p class=\"has-text-align-center\"><strong>W roku szkolnym 2008\/2009 wpisano uczni\u00f3w:<\/strong><\/p>\n\n\n\n<p class=\"has-text-align-center\"><strong>Aleksandra Orzechowska<\/strong> kl. VI c- laureatka konkurs\u00f3w humanistycznych i matematyczno &#8211; przyrodniczych<br><strong>Aleksandra Strojek<\/strong> kl. VI c &#8211; wspania\u0142a wokalistka<br><strong>Karolina Maciejska<\/strong> &#8211; kl. VI b &#8211; sportowiec roku<\/p>\n\n\n\n<p class=\"has-text-align-center\"><strong>W roku szkolnym 2007\/2008 wpisano uczni\u00f3w:<\/strong><\/p>\n\n\n\n<p class=\"has-text-align-center\"><strong>Micha\u0142 Led\u00f3chowski<\/strong> kl. VI d &#8211; laureat konkursu matematyka z przyrod\u0105, j\u0119zyk polski z histori\u0105<br><strong>Aleksander Chochu\u0142<\/strong> kl. VI b &#8211; wybitny historyk<br><strong>Piotr Chochu\u0142<\/strong> kl. VI b &#8211; \u015bwietny przyrodnik<br><strong>Ma\u0142gorzata Wojtecka<\/strong> kl. VI a &#8211; wspania\u0142a wokalistka<br><strong>Monika Dragunowicz<\/strong> kl. VI a &#8211; najlepsza lekkoatletka<br><strong>Aleksander Sadowski<\/strong> kl. VI d &#8211; najlepszy sportowiec<\/p>\n\n\n\n<p class=\"has-text-align-center\"><strong>W roku szkolnym 2006\/2007 wpisano uczni\u00f3w:<\/strong><\/p>\n\n\n\n<p class=\"has-text-align-center\"><strong>Katarzyna Su\u015bniak<\/strong> kl. VI c &#8211; &#8222;As humanistyczny&#8221;<br><strong>Maciej Rybarczyk<\/strong> kl. VI a &#8211; wybitny historyk<br><strong>Marcin Koralewski<\/strong> kl. VI c &#8211; doskona\u0142y matematyk<br><strong>J\u0119drzej<\/strong> <strong>Wr\u00f3blewski<\/strong> kl. VI c &#8211; doskona\u0142y matematyk<\/p>\n\n\n\n<p class=\"has-text-align-center\"><strong>W roku szkolnym 2005\/2006 wpisano uczni\u00f3w:<\/strong><\/p>\n\n\n\n<p class=\"has-text-align-center\"><strong>Ma\u0142gorzata Micha\u0142owska<\/strong> kl. VI c \u2013 wspania\u0142a wokalistka, sportowiec roku<br><strong>Adam Pinkasewicz<\/strong> kl. VI b \u2013 doskona\u0142y matematyk<br><strong>Piotr Sobe<\/strong> kl. VI b \u2013 wybitny matematyk, historyk, przyrodnik<br><strong>Dominika Knobelsdorf<\/strong> kl. VI d &#8211; \u015bwietna wokalistka<\/p>\n\n\n\n<p class=\"has-text-align-center\"><strong>W roku szkolnym 2004\/2005 wpisano uczni\u00f3w:<\/strong><\/p>\n\n\n\n<p class=\"has-text-align-center\"><strong>Aleksandra Afanasjew<\/strong> kl. VI a \u2013 wspania\u0142a wokalistka<br><strong>Aleksandra Kazusek<\/strong> kl. VI b \u2013 najlepszy przyrodnik<br><strong>Mariusz Jaworski<\/strong> kl. VI a \u2013 doskona\u0142y matematyk<br><strong>Arkadiusz Kub\u00f3w<\/strong> kl. VI d &#8211; mistrz szachowy<br><strong>Mariusz Nowak<\/strong> kl. VI c &#8211; \u015bwietny biegacz<br><strong>Wojciech Osi\u0144ski<\/strong> kl. VI c &#8211; Mistrz Polski w Koszyk\u00f3wce<br><strong>Magdalena Puchalska<\/strong> kl. VI c &#8211; wybitny sportowiec<br><strong>Dawid Rutz<\/strong> kl. VI a &#8211; wybitny sportowiec<br><strong>Kinga Klekowiecka<\/strong> kl. VI d &#8211; wybitny sportowiec<\/p>\n\n\n\n<p class=\"has-text-align-center\"><strong>W roku szkolnym 2003\/2004 wpisano pierwszych wyr\u00f3\u017cnionych uczni\u00f3w:<\/strong><\/p>\n\n\n\n<p class=\"has-text-align-center\"><strong>Ewa Dowgia\u0142\u0142o<\/strong> kl. VI c \u2013 doskona\u0142y matematyk<br><strong>Bartosz Obolewicz<\/strong> kl. VI d \u2013 wybitny sportowiec<br><strong>Piotr Pastuszka<\/strong> kl. VI d \u2013 wspania\u0142y wokalista<\/p>\n","protected":false},"excerpt":{"rendered":"<p>KSI\u0118GA SUKCES\u00d3W&nbsp; W 2004 roku zosta\u0142a za\u0142o\u017cona Ksi\u0119ga Sukces\u00f3w, do kt\u00f3rej wpisuje si\u0119 absolwent\u00f3w szko\u0142y za szczeg\u00f3lne osi\u0105gni\u0119cia oraz rozs\u0142awianie dobrego imienia szko\u0142y w r\u00f3\u017cnych dziedzinach; w szczeg\u00f3lno\u015bci laureat\u00f3w konkurs\u00f3w przedmiotowych na szczeblu miejskim, powiatowym, wojew\u00f3dzkim, og\u00f3lnopolskim i mi\u0119dzynarodowym, wybitnych sportowc\u00f3w, wielokrotnych laureat\u00f3w festiwali i konkurs\u00f3w artystycznych, uczni\u00f3w za wybitn\u0105 dzia\u0142alno\u015b\u0107 na rzecz szko\u0142y i <a href=\"https:\/\/sp1slupsk.pl\/?page_id=435\"><b>&#8230;wi\u0119cej<\/b><\/a><\/p>\n","protected":false},"author":1,"featured_media":0,"parent":0,"menu_order":0,"comment_status":"closed","ping_status":"closed","template":"","meta":[],"_links":{"self":[{"href":"https:\/\/sp1slupsk.pl\/index.php?rest_route=\/wp\/v2\/pages\/435"}],"collection":[{"href":"https:\/\/sp1slupsk.pl\/index.php?rest_route=\/wp\/v2\/pages"}],"about":[{"href":"https:\/\/sp1slupsk.pl\/index.php?rest_route=\/wp\/v2\/types\/page"}],"author":[{"embeddable":true,"href":"https:\/\/sp1slupsk.pl\/index.php?rest_route=\/wp\/v2\/users\/1"}],"replies":[{"embeddable":true,"href":"https:\/\/sp1slupsk.pl\/index.php?rest_route=%2Fwp%2Fv2%2Fcomments&post=435"}],"version-history":[{"count":42,"href":"https:\/\/sp1slupsk.pl\/index.php?rest_route=\/wp\/v2\/pages\/435\/revisions"}],"predecessor-version":[{"id":89182,"href":"https:\/\/sp1slupsk.pl\/index.php?rest_route=\/wp\/v2\/pages\/435\/revisions\/89182"}],"wp:attachment":[{"href":"https:\/\/sp1slupsk.pl\/index.php?rest_route=%2Fwp%2Fv2%2Fmedia&parent=435"}],"curies":[{"name":"wp","href":"https:\/\/api.w.org\/{rel}","templated":true}]}}