{"id":43647,"date":"2025-09-01T11:19:29","date_gmt":"2025-09-01T09:19:29","guid":{"rendered":"http:\/\/sp1slupsk.pl\/?page_id=43647"},"modified":"2026-04-09T17:59:40","modified_gmt":"2026-04-09T15:59:40","slug":"oplaty-za-duplikaty-legitymacji-i-swiadectw-szkolnych","status":"publish","type":"page","link":"https:\/\/sp1slupsk.pl\/?page_id=43647","title":{"rendered":"Op\u0142aty za duplikaty legitymacji  i \u015bwiadectw szkolnych"},"content":{"rendered":"\n<p class=\"has-text-align-center\">OP\u0141ATY ZA DUPLIKATY LEGITYMACJI I \u015aWIADECTW SZKOLNYCH<br>PROSIMY KIEROWA\u0106 NA KONTO BANKOWE<\/p>\n\n\n\n<p class=\"has-text-align-center\">NR RACHUNKU&nbsp;<br><strong>63 1140 2118 0000 2177 7200 1008<\/strong><\/p>\n\n\n\n<p class=\"has-text-align-center\">Za powy\u017csze p\u0142atno\u015bci prowizje nie s\u0105 pobierane w:<\/p>\n\n\n\n<p class=\"has-text-align-center\">Oddziale Banku w KASIE w Ratuszu, PL. Zwyci\u0119stwa 3, S\u0142upsk<br>Oddziale Banku al. Sienkiewicza 9, S\u0142upsk<\/p>\n\n\n\n<p><\/p>\n","protected":false},"excerpt":{"rendered":"<p>OP\u0141ATY ZA DUPLIKATY LEGITYMACJI I \u015aWIADECTW SZKOLNYCHPROSIMY KIEROWA\u0106 NA KONTO BANKOWE NR RACHUNKU&nbsp;63 1140 2118 0000 2177 7200 1008 Za powy\u017csze p\u0142atno\u015bci prowizje nie s\u0105 pobierane w: Oddziale Banku w KASIE w Ratuszu, PL. Zwyci\u0119stwa 3, S\u0142upskOddziale Banku al. Sienkiewicza 9, S\u0142upsk<\/p>\n","protected":false},"author":1,"featured_media":0,"parent":0,"menu_order":0,"comment_status":"closed","ping_status":"closed","template":"","meta":[],"_links":{"self":[{"href":"https:\/\/sp1slupsk.pl\/index.php?rest_route=\/wp\/v2\/pages\/43647"}],"collection":[{"href":"https:\/\/sp1slupsk.pl\/index.php?rest_route=\/wp\/v2\/pages"}],"about":[{"href":"https:\/\/sp1slupsk.pl\/index.php?rest_route=\/wp\/v2\/types\/page"}],"author":[{"embeddable":true,"href":"https:\/\/sp1slupsk.pl\/index.php?rest_route=\/wp\/v2\/users\/1"}],"replies":[{"embeddable":true,"href":"https:\/\/sp1slupsk.pl\/index.php?rest_route=%2Fwp%2Fv2%2Fcomments&post=43647"}],"version-history":[{"count":8,"href":"https:\/\/sp1slupsk.pl\/index.php?rest_route=\/wp\/v2\/pages\/43647\/revisions"}],"predecessor-version":[{"id":91133,"href":"https:\/\/sp1slupsk.pl\/index.php?rest_route=\/wp\/v2\/pages\/43647\/revisions\/91133"}],"wp:attachment":[{"href":"https:\/\/sp1slupsk.pl\/index.php?rest_route=%2Fwp%2Fv2%2Fmedia&parent=43647"}],"curies":[{"name":"wp","href":"https:\/\/api.w.org\/{rel}","templated":true}]}}