{"id":52997,"date":"2025-09-04T21:00:15","date_gmt":"2025-09-04T19:00:15","guid":{"rendered":"http:\/\/sp1slupsk.pl\/?page_id=52997"},"modified":"2026-04-12T15:38:01","modified_gmt":"2026-04-12T13:38:01","slug":"etwinning-europa-w-naszej-klasie","status":"publish","type":"page","link":"https:\/\/sp1slupsk.pl\/?page_id=52997","title":{"rendered":"eTwinning &#8211; Europa w naszej klasie"},"content":{"rendered":"\n<div class=\"wp-block-image\"><figure class=\"aligncenter size-large is-resized\"><img loading=\"lazy\" src=\"http:\/\/sp1slupsk.pl\/wp-content\/uploads\/2026\/04\/516-3241.jpg\" alt=\"\" class=\"wp-image-91140\" width=\"209\" height=\"143\" srcset=\"https:\/\/sp1slupsk.pl\/wp-content\/uploads\/2026\/04\/516-3241.jpg 820w, https:\/\/sp1slupsk.pl\/wp-content\/uploads\/2026\/04\/516-3241-300x205.jpg 300w, https:\/\/sp1slupsk.pl\/wp-content\/uploads\/2026\/04\/516-3241-768x524.jpg 768w\" sizes=\"(max-width: 209px) 100vw, 209px\" \/><\/figure><\/div>\n\n\n\n<p><strong>Nasza szko\u0142a do\u0142\u0105czy\u0142a do eTwinning-owej spo\u0142eczno\u015bci w Europie.<\/strong><\/p>\n\n\n\n<p>eTwinning zosta\u0142 zainaugurowany w 2005 roku jako g\u0142\u00f3wna akcja Programu eLearning Komisji Europejskiej, a od 2014 roku jest \u015bci\u015ble zwi\u0105zany z Erasmus+, programu Unii Europejskiej wspieraj\u0105cego edukacj\u0119, szkolenia, inicjatywy m\u0142odzie\u017cowe oraz sportowe. Centralne Biuro Akcji eTwinning kierowane jest przez European Schoolnet, mi\u0119dzynarodowe partnerstwo 31 europejskich Ministerstw Edukacji pracuj\u0105cych dla szk\u00f3\u0142, nauczycieli i uczni\u00f3w z ca\u0142ej Europy nad rozwojem uczenia si\u0119. Na szczeblu krajowym eTwinning wspierany jest przez 38 Narodowych Biur Kontaktowych Programu eTwinning.<\/p>\n\n\n\n<p>Z dum\u0105 informujemy, \u017ce Szko\u0142a Podstawowa nr 1 jako jedna z nielicznych szk\u00f3\u0142 w Polsce do\u0142\u0105czy\u0142a do mi\u0119dzynarodowego grona pionier\u00f3w i lider\u00f3w edukacji w dziedzinie praktyk cyfrowych i otrzyma\u0142a mi\u0119dzynarodow\u0105 odznak\u0119<em>&nbsp;Szko\u0142a eTwinning<\/em>. Szko\u0142a, kt\u00f3rej zostaje przyznana odznaka odznacza si\u0119 du\u017c\u0105 widoczno\u015bci\u0105 na szczeblu europejskim i staje si\u0119 cz\u0119\u015bci\u0105 europejskiej sieci wiod\u0105cych szk\u00f3\u0142 eTwinning, stanowi\u0105c inspiracj\u0119 dla dalszego rozwoju Programu. Jest to uznanie dla ogromnego zaanga\u017cowania nauczycieli w dzia\u0142ania w zakresie innowacyjnego i kreatywnego podej\u015bcia do nauki, e-Bezpiecze\u0144stwa, ustawicznego rozwoju zawodowego kadry oraz uczenia uczni\u00f3w i nauczycieli w oparciu o wsp\u00f3\u0142prac\u0119 krajow\u0105 i zagraniczn\u0105. Aby otrzyma\u0107 oznak\u0119, szko\u0142a musi zrealizowa\u0107 i udokumentowa\u0107 szereg dzia\u0142a\u0144 edukacyjnych z zakresu e-Bezpiecze\u0144stwa, aktywnej wsp\u00f3\u0142pracy cyfrowej, kreatywnych praktyk i&nbsp;odpowiedzialnego korzystania z Internetu oraz wzi\u0105\u0107 udzia\u0142 w learning event oraz seminariach online. Dzi\u0119ki udzia\u0142owi w projektach eTwinningowych nasi uczniowie mog\u0105 nie tylko kszta\u0142towa\u0107 kompetencje j\u0119zykowe i cyfrowe, ale wszechstronnie si\u0119 rozwija\u0107 realizuj\u0105c wiele projekt\u00f3w we wsp\u00f3\u0142pracy z uczniami z innych szk\u00f3\u0142 w Polsce i za granic\u0105. Praktyka eTwinning ju\u017c na sta\u0142e zago\u015bci\u0142a w naszych klasach, obecnie uczniowie pracuj\u0105 w 8 r\u00f3\u017cnych projektach ze szko\u0142ami w Turcji, Grecji, Hiszpanii, W\u0142och, Tunezji, Czech i Rumunii&nbsp;&nbsp;nawi\u0105zuj\u0105c nowe kontakty i doskonal\u0105c umiej\u0119tno\u015b\u0107 wsp\u00f3\u0142pracy, a pracownicy oraz dyrektorzy szk\u00f3\u0142 s\u0105 zapraszani do udzia\u0142u w specjalnych programach rozwoju realizowanych w Polsce i za granic\u0105.<\/p>\n","protected":false},"excerpt":{"rendered":"<p>Nasza szko\u0142a do\u0142\u0105czy\u0142a do eTwinning-owej spo\u0142eczno\u015bci w Europie. eTwinning zosta\u0142 zainaugurowany w 2005 roku jako g\u0142\u00f3wna akcja Programu eLearning Komisji Europejskiej, a od 2014 roku jest \u015bci\u015ble zwi\u0105zany z Erasmus+, programu Unii Europejskiej wspieraj\u0105cego edukacj\u0119, szkolenia, inicjatywy m\u0142odzie\u017cowe oraz sportowe. Centralne Biuro Akcji eTwinning kierowane jest przez European Schoolnet, mi\u0119dzynarodowe partnerstwo 31 europejskich Ministerstw Edukacji <a href=\"https:\/\/sp1slupsk.pl\/?page_id=52997\"><b>&#8230;wi\u0119cej<\/b><\/a><\/p>\n","protected":false},"author":1,"featured_media":0,"parent":0,"menu_order":0,"comment_status":"closed","ping_status":"closed","template":"","meta":[],"_links":{"self":[{"href":"https:\/\/sp1slupsk.pl\/index.php?rest_route=\/wp\/v2\/pages\/52997"}],"collection":[{"href":"https:\/\/sp1slupsk.pl\/index.php?rest_route=\/wp\/v2\/pages"}],"about":[{"href":"https:\/\/sp1slupsk.pl\/index.php?rest_route=\/wp\/v2\/types\/page"}],"author":[{"embeddable":true,"href":"https:\/\/sp1slupsk.pl\/index.php?rest_route=\/wp\/v2\/users\/1"}],"replies":[{"embeddable":true,"href":"https:\/\/sp1slupsk.pl\/index.php?rest_route=%2Fwp%2Fv2%2Fcomments&post=52997"}],"version-history":[{"count":30,"href":"https:\/\/sp1slupsk.pl\/index.php?rest_route=\/wp\/v2\/pages\/52997\/revisions"}],"predecessor-version":[{"id":91142,"href":"https:\/\/sp1slupsk.pl\/index.php?rest_route=\/wp\/v2\/pages\/52997\/revisions\/91142"}],"wp:attachment":[{"href":"https:\/\/sp1slupsk.pl\/index.php?rest_route=%2Fwp%2Fv2%2Fmedia&parent=52997"}],"curies":[{"name":"wp","href":"https:\/\/api.w.org\/{rel}","templated":true}]}}