{"id":61537,"date":"2025-09-04T16:20:43","date_gmt":"2025-09-04T14:20:43","guid":{"rendered":"http:\/\/sp1slupsk.pl\/?page_id=61537"},"modified":"2026-04-12T15:40:21","modified_gmt":"2026-04-12T13:40:21","slug":"stowarzyszenie-jedynka","status":"publish","type":"page","link":"https:\/\/sp1slupsk.pl\/?page_id=61537","title":{"rendered":"Stowarzyszenie \u201eJEDYNKA\u201d"},"content":{"rendered":"\n<p class=\"has-text-align-center\"><strong><em>Katarzyna Jasiewicz<\/em><\/strong><br><strong>Prezes Zarz\u0105du<\/strong><\/p>\n\n\n\n<p class=\"has-text-align-center\">Stowarzyszenie Jedynka<br>76-200 S\u0142upsk, ul. Lutos\u0142awskiego 23<br>KRS:0000726152, Nip:8393203890, Regon:369898825<\/p>\n\n\n\n<p class=\"has-text-align-center\">S\u0105d Rejonowy Gda\u0144sk P\u00f3\u0142noc VIII Wydzia\u0142 KRS<\/p>\n\n\n\n<hr class=\"wp-block-separator\"\/>\n\n\n\n<p class=\"has-text-align-center\"><strong>Cz\u0142onkowie i sympatycy Stowarzyszenia Jedynka!<\/strong><\/p>\n\n\n\n<p class=\"has-text-align-center\">Darowizny i wp\u0142aty na rzecz Stowarzyszeni Jedynka wp\u0142acamy <br>na konto bankowe: Bank PKO BP SA I Oddzia\u0142 w S\u0142upsku<br>07 1020 4649 0000 7102 0309 8738<\/p>\n\n\n\n<p class=\"has-text-align-center\">Roczne &nbsp;sk\u0142adki na Stowarzyszenie Jedynka wp\u0142acamy <br>na konto bankowe: Bank PKO BP SA I Oddzia\u0142 w S\u0142upsku,<br>nr konta:&nbsp;07 1020 4649 0000 7102 0309 8738<br>z dopiskiem sk\u0142adka cz\u0142onkowska<\/p>\n\n\n\n<p class=\"has-text-align-center\">Sk\u0142adka roczna wynosi 50 z\u0142<\/p>\n\n\n\n<hr class=\"wp-block-separator\"\/>\n\n\n<div style=\"text-align: center;\"><span style=\"color: #000080; font-size: 12pt;\"><strong><a style=\"color: #000080; text-decoration: underline;\" href=\"http:\/\/sp1slupsk.pl\/wp-content\/uploads\/2019\/04\/Statut-Stowarzyszenia-JEDYNKA.doc\">Statut Stowarzyszenia &#8222;JEDYNKA&#8221;<\/a><\/strong><\/span><\/div>\n<div style=\"text-align: center;\"><hr \/><\/div>\n<div>\n<div style=\"text-align: center;\">\n<p><span style=\"color: #333399;\"><strong>Walne zebranie Stowarzyszenia Jedynka<\/strong><\/span><\/p>\n<p>Serdecznie zapraszam na spotkanie cz\u0142onk\u00f3w Stowarzyszenia Jedynka,<br \/>kt\u00f3re odb\u0119dzie si\u0119 11 lutego 2025 r. o godzinie 17.00 w sali 16<br \/>w budynku Szko\u0142y Podstawowej nr 1 w S\u0142upsku.<\/p>\n<hr \/>\n<p><span style=\"color: #333399;\"><strong>Walne zebranie Stowarzyszenia Jedynka<\/strong><\/span><\/p>\n<p>Serdecznie zapraszam<br \/>na walne spotkanie cz\u0142onk\u00f3w Stowarzyszenia Jedynka,<br \/>kt\u00f3re odb\u0119dzie si\u0119\u00a0<strong>26 czerwca 2023 r. o godzinie 12.00<\/strong>\u00a0w sali 16<br \/>w budynku Szko\u0142y Podstawowej nr 1 w S\u0142upsku.<\/p>\n<p style=\"text-align: left;\">\u00a0<\/p>\n<p>\u00a0<\/p>\n<\/div>\n<div style=\"text-align: center;\">\n<div class=\"text_exposed_show\">\u00a0<\/div>\n<\/div>\n<\/div>","protected":false},"excerpt":{"rendered":"<p>Katarzyna JasiewiczPrezes Zarz\u0105du Stowarzyszenie Jedynka76-200 S\u0142upsk, ul. Lutos\u0142awskiego 23KRS:0000726152, Nip:8393203890, Regon:369898825 S\u0105d Rejonowy Gda\u0144sk P\u00f3\u0142noc VIII Wydzia\u0142 KRS Cz\u0142onkowie i sympatycy Stowarzyszenia Jedynka! Darowizny i wp\u0142aty na rzecz Stowarzyszeni Jedynka wp\u0142acamy na konto bankowe: Bank PKO BP SA I Oddzia\u0142 w S\u0142upsku07 1020 4649 0000 7102 0309 8738 Roczne &nbsp;sk\u0142adki na Stowarzyszenie Jedynka wp\u0142acamy na <a href=\"https:\/\/sp1slupsk.pl\/?page_id=61537\"><b>&#8230;wi\u0119cej<\/b><\/a><\/p>\n","protected":false},"author":1,"featured_media":0,"parent":0,"menu_order":0,"comment_status":"closed","ping_status":"closed","template":"","meta":[],"_links":{"self":[{"href":"https:\/\/sp1slupsk.pl\/index.php?rest_route=\/wp\/v2\/pages\/61537"}],"collection":[{"href":"https:\/\/sp1slupsk.pl\/index.php?rest_route=\/wp\/v2\/pages"}],"about":[{"href":"https:\/\/sp1slupsk.pl\/index.php?rest_route=\/wp\/v2\/types\/page"}],"author":[{"embeddable":true,"href":"https:\/\/sp1slupsk.pl\/index.php?rest_route=\/wp\/v2\/users\/1"}],"replies":[{"embeddable":true,"href":"https:\/\/sp1slupsk.pl\/index.php?rest_route=%2Fwp%2Fv2%2Fcomments&post=61537"}],"version-history":[{"count":47,"href":"https:\/\/sp1slupsk.pl\/index.php?rest_route=\/wp\/v2\/pages\/61537\/revisions"}],"predecessor-version":[{"id":91144,"href":"https:\/\/sp1slupsk.pl\/index.php?rest_route=\/wp\/v2\/pages\/61537\/revisions\/91144"}],"wp:attachment":[{"href":"https:\/\/sp1slupsk.pl\/index.php?rest_route=%2Fwp%2Fv2%2Fmedia&parent=61537"}],"curies":[{"name":"wp","href":"https:\/\/api.w.org\/{rel}","templated":true}]}}