{"id":671,"date":"2025-09-01T22:10:27","date_gmt":"2025-09-01T20:10:27","guid":{"rendered":"http:\/\/sp1slupsk.pl\/?page_id=671"},"modified":"2026-04-09T17:50:26","modified_gmt":"2026-04-09T15:50:26","slug":"pracownicy-administracyjni","status":"publish","type":"page","link":"https:\/\/sp1slupsk.pl\/?page_id=671","title":{"rendered":"Pracownicy administracyjni i obs\u0142ugi"},"content":{"rendered":"\n<p><strong>Jakubowska Dorota<\/strong> &#8211; sekretarz szko\u0142y<\/p>\n\n\n\n<p><strong>Jab\u0142o\u0144ska Agnieszka<\/strong> &#8211; specjalista do spraw gospodarczych<\/p>\n\n\n\n<p><strong>Andrzejewska Beata<\/strong> &#8211; pracownik obs\u0142ugi<\/p>\n\n\n\n<p><strong>Dudziak Natalia<\/strong> \u2013 pracownik obs\u0142ugi<\/p>\n\n\n\n<p><strong>Dudzi\u0144ski S\u0142awomir<\/strong> &#8211; pracownik obs\u0142ugi<\/p>\n\n\n\n<p><strong>Korba &#8211; Lewi\u0144ska Barbara <\/strong>&#8211; pracownik obs\u0142ugi<\/p>\n\n\n\n<p><strong>Kowalewska Beata<\/strong> &#8211; pracownik obs\u0142ugi<\/p>\n\n\n\n<p><strong>K\u0142udkowski Feliks<\/strong> &#8211; pracownik obs\u0142ugi<\/p>\n\n\n\n<p><strong>Pawul Iwona<\/strong> &#8211; pracownik obs\u0142ugi<\/p>\n\n\n\n<p><strong>Rybak Krzysztof<\/strong> &#8211; pracownik obs\u0142ugi<\/p>\n\n\n\n<p><strong>Strz\u0105ba\u0142a Dorota<\/strong> &#8211; pracownik obs\u0142ugi<\/p>\n","protected":false},"excerpt":{"rendered":"<p>Jakubowska Dorota &#8211; sekretarz szko\u0142y Jab\u0142o\u0144ska Agnieszka &#8211; specjalista do spraw gospodarczych Andrzejewska Beata &#8211; pracownik obs\u0142ugi Dudziak Natalia \u2013 pracownik obs\u0142ugi Dudzi\u0144ski S\u0142awomir &#8211; pracownik obs\u0142ugi Korba &#8211; Lewi\u0144ska Barbara &#8211; pracownik obs\u0142ugi Kowalewska Beata &#8211; pracownik obs\u0142ugi K\u0142udkowski Feliks &#8211; pracownik obs\u0142ugi Pawul Iwona &#8211; pracownik obs\u0142ugi Rybak Krzysztof &#8211; pracownik obs\u0142ugi Strz\u0105ba\u0142a <a href=\"https:\/\/sp1slupsk.pl\/?page_id=671\"><b>&#8230;wi\u0119cej<\/b><\/a><\/p>\n","protected":false},"author":1,"featured_media":0,"parent":402,"menu_order":0,"comment_status":"closed","ping_status":"closed","template":"","meta":[],"_links":{"self":[{"href":"https:\/\/sp1slupsk.pl\/index.php?rest_route=\/wp\/v2\/pages\/671"}],"collection":[{"href":"https:\/\/sp1slupsk.pl\/index.php?rest_route=\/wp\/v2\/pages"}],"about":[{"href":"https:\/\/sp1slupsk.pl\/index.php?rest_route=\/wp\/v2\/types\/page"}],"author":[{"embeddable":true,"href":"https:\/\/sp1slupsk.pl\/index.php?rest_route=\/wp\/v2\/users\/1"}],"replies":[{"embeddable":true,"href":"https:\/\/sp1slupsk.pl\/index.php?rest_route=%2Fwp%2Fv2%2Fcomments&post=671"}],"version-history":[{"count":31,"href":"https:\/\/sp1slupsk.pl\/index.php?rest_route=\/wp\/v2\/pages\/671\/revisions"}],"predecessor-version":[{"id":89727,"href":"https:\/\/sp1slupsk.pl\/index.php?rest_route=\/wp\/v2\/pages\/671\/revisions\/89727"}],"up":[{"embeddable":true,"href":"https:\/\/sp1slupsk.pl\/index.php?rest_route=\/wp\/v2\/pages\/402"}],"wp:attachment":[{"href":"https:\/\/sp1slupsk.pl\/index.php?rest_route=%2Fwp%2Fv2%2Fmedia&parent=671"}],"curies":[{"name":"wp","href":"https:\/\/api.w.org\/{rel}","templated":true}]}}