{"id":7,"date":"2025-09-01T19:31:52","date_gmt":"2025-09-01T17:31:52","guid":{"rendered":"http:\/\/sp1slupsk.pl\/?page_id=7"},"modified":"2026-04-09T17:41:13","modified_gmt":"2026-04-09T15:41:13","slug":"dyrektor-szkoly","status":"publish","type":"page","link":"https:\/\/sp1slupsk.pl\/?page_id=7","title":{"rendered":"Dyrekcja Szko\u0142y"},"content":{"rendered":"\n<p class=\"has-text-align-center has-normal-font-size\"><strong>DYREKTOR SZKO\u0141Y &#8211; MGR EWA CHOCHU\u0141<\/strong><\/p>\n\n\n\n<p class=\"has-text-align-center has-normal-font-size\"><strong>WICEDYREKTOR SZKO\u0141Y &#8211; MGR ANNA BIELECKA<\/strong><\/p>\n","protected":false},"excerpt":{"rendered":"<p>DYREKTOR SZKO\u0141Y &#8211; MGR EWA CHOCHU\u0141 WICEDYREKTOR SZKO\u0141Y &#8211; MGR ANNA BIELECKA<\/p>\n","protected":false},"author":1,"featured_media":0,"parent":0,"menu_order":0,"comment_status":"closed","ping_status":"closed","template":"","meta":[],"_links":{"self":[{"href":"https:\/\/sp1slupsk.pl\/index.php?rest_route=\/wp\/v2\/pages\/7"}],"collection":[{"href":"https:\/\/sp1slupsk.pl\/index.php?rest_route=\/wp\/v2\/pages"}],"about":[{"href":"https:\/\/sp1slupsk.pl\/index.php?rest_route=\/wp\/v2\/types\/page"}],"author":[{"embeddable":true,"href":"https:\/\/sp1slupsk.pl\/index.php?rest_route=\/wp\/v2\/users\/1"}],"replies":[{"embeddable":true,"href":"https:\/\/sp1slupsk.pl\/index.php?rest_route=%2Fwp%2Fv2%2Fcomments&post=7"}],"version-history":[{"count":29,"href":"https:\/\/sp1slupsk.pl\/index.php?rest_route=\/wp\/v2\/pages\/7\/revisions"}],"predecessor-version":[{"id":83052,"href":"https:\/\/sp1slupsk.pl\/index.php?rest_route=\/wp\/v2\/pages\/7\/revisions\/83052"}],"wp:attachment":[{"href":"https:\/\/sp1slupsk.pl\/index.php?rest_route=%2Fwp%2Fv2%2Fmedia&parent=7"}],"curies":[{"name":"wp","href":"https:\/\/api.w.org\/{rel}","templated":true}]}}