{"id":72537,"date":"2021-04-16T15:38:07","date_gmt":"2021-04-16T13:38:07","guid":{"rendered":"http:\/\/sp1slupsk.pl\/?page_id=72537"},"modified":"2025-09-28T16:31:10","modified_gmt":"2025-09-28T14:31:10","slug":"zawody","status":"publish","type":"page","link":"https:\/\/sp1slupsk.pl\/?page_id=72537","title":{"rendered":"Zawody"},"content":{"rendered":"\n<p><strong><span style=\"color:#1a0475\" class=\"has-inline-color\">Webinar:<\/span><\/strong> <strong>By\u0107 naukowcem, czyli biologia u progu nieznanego<\/strong><\/p>\n\n\n\n<figure class=\"wp-block-embed-youtube wp-block-embed is-type-video is-provider-youtube wp-embed-aspect-16-9 wp-has-aspect-ratio\"><div class=\"wp-block-embed__wrapper\">\n<iframe title=\"By\u0107 naukowcem, czyli biologia u progu nieznanego #ZawodowyStream\" width=\"800\" height=\"450\" src=\"https:\/\/www.youtube.com\/embed\/SBtiVU4y6go?feature=oembed\" frameborder=\"0\" allow=\"accelerometer; autoplay; clipboard-write; encrypted-media; gyroscope; picture-in-picture; web-share\" referrerpolicy=\"strict-origin-when-cross-origin\" allowfullscreen><\/iframe>\n<\/div><\/figure>\n\n\n\n<hr class=\"wp-block-separator\"\/>\n\n\n\n<figure class=\"wp-block-embed-youtube wp-block-embed is-type-video is-provider-youtube wp-embed-aspect-16-9 wp-has-aspect-ratio\"><div class=\"wp-block-embed__wrapper\">\n<iframe title=\"Czego nie wiesz o zawodzie nauczyciela? #ZawodowyStream\" width=\"800\" height=\"450\" src=\"https:\/\/www.youtube.com\/embed\/IQOZnwi03Z8?feature=oembed\" frameborder=\"0\" allow=\"accelerometer; autoplay; clipboard-write; encrypted-media; gyroscope; picture-in-picture; web-share\" referrerpolicy=\"strict-origin-when-cross-origin\" allowfullscreen><\/iframe>\n<\/div><\/figure>\n\n\n\n<hr class=\"wp-block-separator\"\/>\n\n\n\n<p class=\"has-normal-font-size\"><span style=\"color:#1a0475\" class=\"has-inline-color\"><strong>Webinar:<\/strong><\/span><\/p>\n\n\n\n<ol><li><strong>Praca w bran\u017cy morskiej:<\/strong><\/li><\/ol>\n\n\n\n<figure class=\"wp-block-embed-youtube wp-block-embed is-type-video is-provider-youtube wp-embed-aspect-16-9 wp-has-aspect-ratio\"><div class=\"wp-block-embed__wrapper\">\n<iframe title=\"Praca w bran\u017cy morskiej #ZawodowyStream\" width=\"800\" height=\"450\" src=\"https:\/\/www.youtube.com\/embed\/5YD6SDrBI5k?feature=oembed\" frameborder=\"0\" allow=\"accelerometer; autoplay; clipboard-write; encrypted-media; gyroscope; picture-in-picture; web-share\" referrerpolicy=\"strict-origin-when-cross-origin\" allowfullscreen><\/iframe>\n<\/div><\/figure>\n\n\n\n<p>2.<strong> Praca w sektorze kosmicznym:<\/strong><\/p>\n\n\n\n<figure class=\"wp-block-embed-youtube wp-block-embed is-type-video is-provider-youtube wp-embed-aspect-16-9 wp-has-aspect-ratio\"><div class=\"wp-block-embed__wrapper\">\n<iframe title=\"Praca w sektorze kosmicznym #ZawodowyStream\" width=\"800\" height=\"450\" src=\"https:\/\/www.youtube.com\/embed\/Cd3yic1T6AA?feature=oembed\" frameborder=\"0\" allow=\"accelerometer; autoplay; clipboard-write; encrypted-media; gyroscope; picture-in-picture; web-share\" referrerpolicy=\"strict-origin-when-cross-origin\" allowfullscreen><\/iframe>\n<\/div><\/figure>\n\n\n\n<p>3. <strong>Praca w bran\u017cy filmowej:&nbsp;<\/strong><\/p>\n\n\n\n<figure class=\"wp-block-embed-youtube wp-block-embed is-type-video is-provider-youtube wp-embed-aspect-16-9 wp-has-aspect-ratio\"><div class=\"wp-block-embed__wrapper\">\n<iframe title=\"Praca w bran\u017cy filmowej #ZawodowyStream\" width=\"800\" height=\"450\" src=\"https:\/\/www.youtube.com\/embed\/DHfhggXUUM4?feature=oembed\" frameborder=\"0\" allow=\"accelerometer; autoplay; clipboard-write; encrypted-media; gyroscope; picture-in-picture; web-share\" referrerpolicy=\"strict-origin-when-cross-origin\" allowfullscreen><\/iframe>\n<\/div><\/figure>\n\n\n\n<hr class=\"wp-block-separator\"\/>\n\n\n\n<p class=\"has-normal-font-size\"><strong><span style=\"color:#1a0475\" class=\"has-inline-color\">Tutaj znajdziesz filmiki z charakterystyk\u0105 zawod\u00f3w:<\/span><\/strong><\/p>\n\n\n\n<p><a rel=\"noreferrer noopener\" href=\"https:\/\/doradztwo.ore.edu.pl\/multimedia\/\" target=\"_blank\"><span class=\"has-inline-color has-black-color\">https:\/\/doradztwo.ore.edu.pl\/multimedia\/<\/span><\/a><br><a rel=\"noreferrer noopener\" href=\"https:\/\/mapakarier.org\/paths\" target=\"_blank\"><span class=\"has-inline-color has-black-color\">https:\/\/mapakarier.org\/paths<\/span><\/a><\/p>\n\n\n\n<hr class=\"wp-block-separator\"\/>\n\n\n\n<div class=\"wp-block-image\"><figure class=\"alignleft is-resized\"><img loading=\"lazy\" src=\"http:\/\/sp1slupsk.pl\/wp-content\/uploads\/2020\/11\/thumbnail_grafik-komuterowy.jpg\" alt=\"\" width=\"122\" height=\"81\"\/><\/figure><\/div>\n\n\n\n<p>Jak to jest by\u0107 grafikiem komputerowym? Poni\u017cej link do spotkania dotycz\u0105cego zawodu grafika komputerowego. Zach\u0119cam do obejrzenia.<\/p>\n\n\n\n<figure class=\"wp-block-embed-youtube wp-block-embed is-type-video is-provider-youtube wp-embed-aspect-16-9 wp-has-aspect-ratio\"><div class=\"wp-block-embed__wrapper\">\n<iframe title=\"Praca grafika komputerowego #ZawodowyStream\" width=\"800\" height=\"450\" src=\"https:\/\/www.youtube.com\/embed\/KU5O0t8PrRs?feature=oembed\" frameborder=\"0\" allow=\"accelerometer; autoplay; clipboard-write; encrypted-media; gyroscope; picture-in-picture; web-share\" referrerpolicy=\"strict-origin-when-cross-origin\" allowfullscreen><\/iframe>\n<\/div><\/figure>\n\n\n\n<hr class=\"wp-block-separator\"\/>\n\n\n\n<div class=\"wp-block-image\"><figure class=\"alignleft is-resized\"><img loading=\"lazy\" src=\"http:\/\/sp1slupsk.pl\/wp-content\/uploads\/2020\/11\/thumbnail_Kosmos.jpg\" alt=\"\" width=\"153\" height=\"102\"\/><\/figure><\/div>\n\n\n\n<p>Jak si\u0119 pracuje w bran\u017cy kosmicznej? Dla wszystkich zainteresowanych prac\u0105 zwi\u0105zan\u0105 z kosmosem przesy\u0142am link do spotkania na temat kosmicznej bran\u017cy:<\/p>\n\n\n\n<figure class=\"wp-block-embed-youtube wp-block-embed is-type-video is-provider-youtube wp-embed-aspect-16-9 wp-has-aspect-ratio\"><div class=\"wp-block-embed__wrapper\">\n<iframe title=\"Praca w sektorze kosmicznym #ZawodowyStream\" width=\"800\" height=\"450\" src=\"https:\/\/www.youtube.com\/embed\/Cd3yic1T6AA?feature=oembed\" frameborder=\"0\" allow=\"accelerometer; autoplay; clipboard-write; encrypted-media; gyroscope; picture-in-picture; web-share\" referrerpolicy=\"strict-origin-when-cross-origin\" allowfullscreen><\/iframe>\n<\/div><\/figure>\n\n\n\n<hr class=\"wp-block-separator\"\/>\n","protected":false},"excerpt":{"rendered":"<p>Webinar: By\u0107 naukowcem, czyli biologia u progu nieznanego Webinar: Praca w bran\u017cy morskiej: 2. Praca w sektorze kosmicznym: 3. Praca w bran\u017cy filmowej:&nbsp; Tutaj znajdziesz filmiki z charakterystyk\u0105 zawod\u00f3w: https:\/\/doradztwo.ore.edu.pl\/multimedia\/https:\/\/mapakarier.org\/paths Jak to jest by\u0107 grafikiem komputerowym? Poni\u017cej link do spotkania dotycz\u0105cego zawodu grafika komputerowego. Zach\u0119cam do obejrzenia. Jak si\u0119 pracuje w bran\u017cy kosmicznej? Dla wszystkich <a href=\"https:\/\/sp1slupsk.pl\/?page_id=72537\"><b>&#8230;wi\u0119cej<\/b><\/a><\/p>\n","protected":false},"author":1,"featured_media":0,"parent":0,"menu_order":0,"comment_status":"closed","ping_status":"closed","template":"","meta":[],"_links":{"self":[{"href":"https:\/\/sp1slupsk.pl\/index.php?rest_route=\/wp\/v2\/pages\/72537"}],"collection":[{"href":"https:\/\/sp1slupsk.pl\/index.php?rest_route=\/wp\/v2\/pages"}],"about":[{"href":"https:\/\/sp1slupsk.pl\/index.php?rest_route=\/wp\/v2\/types\/page"}],"author":[{"embeddable":true,"href":"https:\/\/sp1slupsk.pl\/index.php?rest_route=\/wp\/v2\/users\/1"}],"replies":[{"embeddable":true,"href":"https:\/\/sp1slupsk.pl\/index.php?rest_route=%2Fwp%2Fv2%2Fcomments&post=72537"}],"version-history":[{"count":21,"href":"https:\/\/sp1slupsk.pl\/index.php?rest_route=\/wp\/v2\/pages\/72537\/revisions"}],"predecessor-version":[{"id":89521,"href":"https:\/\/sp1slupsk.pl\/index.php?rest_route=\/wp\/v2\/pages\/72537\/revisions\/89521"}],"wp:attachment":[{"href":"https:\/\/sp1slupsk.pl\/index.php?rest_route=%2Fwp%2Fv2%2Fmedia&parent=72537"}],"curies":[{"name":"wp","href":"https:\/\/api.w.org\/{rel}","templated":true}]}}