{"id":72665,"date":"2024-06-28T15:00:00","date_gmt":"2024-06-28T13:00:00","guid":{"rendered":"http:\/\/sp1slupsk.pl\/?page_id=72665"},"modified":"2026-03-26T21:12:36","modified_gmt":"2026-03-26T20:12:36","slug":"rekrutacja-elekrtoniczna-do-zerowki-na-rok-szkolny-2021-2022-szkola-podstwowa-nr-1-w-slupsku","status":"publish","type":"page","link":"https:\/\/sp1slupsk.pl\/?page_id=72665","title":{"rendered":"Rekrutacja do Szko\u0142y Podstawowej nr 1 w S\u0142upsku"},"content":{"rendered":"\n<p class=\"has-text-align-center\"><strong>Rekrutacja do klas pierwszych na rok szkolny 2026\/2027<\/strong><\/p>\n\n\n\n<p>Rekrutacja uczni\u00f3w do klas I na rok szkolny 2026\/2027 odbywa\u0107 si\u0119 b\u0119dzie drog\u0105 elektroniczn\u0105. <\/p>\n\n\n\n<p>W celu z\u0142o\u017cenia podania do\u00a0szko\u0142y nale\u017cy wej\u015b\u0107 na\u00a0stron\u0119\u00a0<a rel=\"noreferrer noopener\" href=\"https:\/\/rekrutacje-slupsk.pzo.edu.pl\/switcher-public\/\" target=\"_blank\">https:\/\/rekrutacje-slupsk.pzo.edu.pl\/,<\/a> gdzie znajduje si\u0119 szczeg\u00f3\u0142owa instrukcja dla rodzica dotycz\u0105ca rekrutacji.<\/p>\n\n\n\n<ul><li>Nale\u017cy wybra\u0107 modu\u0142: REKRUTACJA DO&nbsp;SZK\u00d3\u0141 PODSTAWOWYCH.<\/li><li>Rodzic rejestruje dziecko wpisuj\u0105c PESEL, IMI\u0118 I&nbsp;NAZWISKO DZIECKA.<\/li><li>Po uzupe\u0142nieniu wymaganych danych wybiera opcj\u0119 Zapisz i&nbsp;sam ustala<\/li><li>LOGIN oraz HAS\u0141O do&nbsp;konta.<\/li><\/ul>\n\n\n\n<p>Rekrutacja trwa&nbsp;<strong>od 01.04.2026 r. (godz. 13:00) do&nbsp;12.05.2026 r. (godz. 16:00)&nbsp;<\/strong>i tylko w tym terminie b\u0119dzie mo\u017cliwe sk\u0142adanie dokument\u00f3w.<\/p>\n\n\n\n<p>Po wype\u0142nieniu wszystkich danych nale\u017cy\u00a0<strong>wydrukowa\u0107<\/strong>\u00a0wniosek i\u00a0<strong>dostarczy\u0107 go w formie papierowej<\/strong>\u00a0do\u00a0siedziby plac\u00f3wki pierwszego wyboru do\u00a0<strong>12.05.2026 r.<\/strong><\/p>\n\n\n\n<p>Do wniosku nale\u017cy do\u0142\u0105czy\u0107 odpowiednie za\u0142\u0105czniki \u2013 wszelkie informacje na\u00a0ten temat uzyskacie Pa\u0144stwo w aplikacji.<\/p>\n\n\n\n<hr class=\"wp-block-separator\"\/>\n\n\n\n<p class=\"has-text-align-center\"><strong>Rekrutacja &#8211; oddzia\u0142y przedszkolne &#8211; zer\u00f3wka 2026\/2027<\/strong><\/p>\n\n\n\n<p>Rekrutacja elektroniczna do oddzia\u0142u przedszkolnego &#8211; zer\u00f3wki na rok szkolny 2026\/2027 odbywa\u0107 si\u0119 b\u0119dzie drog\u0105 elektroniczn\u0105.<\/p>\n\n\n\n<p>W celu z\u0142o\u017cenia podania do\u00a0oddzia\u0142u przedszkolnego w szkole nale\u017cy wej\u015b\u0107 na\u00a0stron\u0119\u00a0<a rel=\"noreferrer noopener\" href=\"https:\/\/rekrutacje-slupsk.pzo.edu.pl\/switcher-public\/\" target=\"_blank\">https:\/\/rekrutacje-slupsk.pzo.edu.pl\/<\/a>, gdzie znajduje si\u0119 szczeg\u00f3\u0142owa instrukcja dla rodzica dotycz\u0105ca rekrutacji.<\/p>\n\n\n\n<ul><li>Nale\u017cy wybra\u0107 modu\u0142: REKRUTACJA DO&nbsp;PRZEDSZKOLI<\/li><li>Rodzic rejestruje dziecko wpisuj\u0105c PESEL, IMI\u0118 I&nbsp;NAZWISKO DZIECKA.<\/li><li>Po uzupe\u0142nieniu wymaganych danych wybiera opcj\u0119 Zapisz i&nbsp;sam ustala<\/li><li>LOGIN oraz HAS\u0141O do&nbsp;konta.<\/li><\/ul>\n\n\n\n<p>Rekrutacja trwa o<strong>d 01.04.2026 r. (godz. 13:00) do&nbsp;05.05.2026 r.&nbsp;<\/strong>i tylko w tym terminie b\u0119dzie mo\u017cliwe sk\u0142adanie dokument\u00f3w.<\/p>\n\n\n\n<p>Po wype\u0142nieniu wszystkich danych nale\u017cy\u00a0<strong>wydrukowa\u0107 wniosek<\/strong>\u00a0i\u00a0dostarczy\u0107 go\u00a0<strong>w formie papierowej\u00a0<\/strong>do siedziby plac\u00f3wki pierwszego wyboru\u00a0<strong>do 05.05.2026 r.<\/strong><\/p>\n\n\n\n<p>Do wniosku nale\u017cy do\u0142\u0105czy\u0107 odpowiednie za\u0142\u0105czniki \u2013 wszelkie informacje na&nbsp;ten temat uzyskacie Pa\u0144stwo w aplikacji.<\/p>\n\n\n\n<hr class=\"wp-block-separator\"\/>\n\n\n\n<p>Wszystkie terminy zawarte zosta\u0142y w Zarz\u0105dzeniu&nbsp;<strong>Nr 54\/E\/2026<\/strong>&nbsp;Prezydenta Miasta S\u0142upska z dnia&nbsp;<strong>29&nbsp;stycznia 2026 r.<\/strong>&nbsp;w sprawie termin\u00f3w post\u0119powania rekrutacyjnego oraz post\u0119powania uzupe\u0142niaj\u0105cego na&nbsp;<strong>rok szkolny 2026\/2027,<\/strong>&nbsp;a tak\u017ce termin\u00f3w sk\u0142adania dokument\u00f3w do przedszkoli, oddzia\u0142\u00f3w przedszkolnych w szko\u0142ach podstawowych oraz do klas pierwszych szk\u00f3\u0142 podstawowych prowadzonych przez Miasto S\u0142upsk.<\/p>\n\n\n\n<div class=\"wp-block-file\"><a href=\"https:\/\/sp1slupsk.pl\/wp-content\/uploads\/2026\/03\/54-26-2.pdf\"><em><span class=\"has-inline-color has-vivid-cyan-blue-color\">Zarz\u0105dzenie nr 54\/E\/2026 Prezydenta Miasta S\u0142upska z dnia 29 stycznia 2026 r.<\/span><\/em><\/a><\/div>\n\n\n\n<div class=\"wp-block-file\"><a href=\"https:\/\/sp1slupsk.pl\/wp-content\/uploads\/2026\/03\/Zala__cznik_nr_1.pdf\"><em><span class=\"has-inline-color has-vivid-cyan-blue-color\">Za\u0142\u0105cznik nr 1 do zarz\u0105dzenia nr 54\/E\/2026 Prezydenta Miasta S\u0142upska z dnia 29 stycznia 2026 r.<\/span><\/em><\/a><\/div>\n","protected":false},"excerpt":{"rendered":"<p>Rekrutacja do klas pierwszych na rok szkolny 2026\/2027 Rekrutacja uczni\u00f3w do klas I na rok szkolny 2026\/2027 odbywa\u0107 si\u0119 b\u0119dzie drog\u0105 elektroniczn\u0105. W celu z\u0142o\u017cenia podania do\u00a0szko\u0142y nale\u017cy wej\u015b\u0107 na\u00a0stron\u0119\u00a0https:\/\/rekrutacje-slupsk.pzo.edu.pl\/, gdzie znajduje si\u0119 szczeg\u00f3\u0142owa instrukcja dla rodzica dotycz\u0105ca rekrutacji. Nale\u017cy wybra\u0107 modu\u0142: REKRUTACJA DO&nbsp;SZK\u00d3\u0141 PODSTAWOWYCH. Rodzic rejestruje dziecko wpisuj\u0105c PESEL, IMI\u0118 I&nbsp;NAZWISKO DZIECKA. Po uzupe\u0142nieniu <a href=\"https:\/\/sp1slupsk.pl\/?page_id=72665\"><b>&#8230;wi\u0119cej<\/b><\/a><\/p>\n","protected":false},"author":1,"featured_media":88954,"parent":0,"menu_order":0,"comment_status":"closed","ping_status":"closed","template":"","meta":[],"_links":{"self":[{"href":"https:\/\/sp1slupsk.pl\/index.php?rest_route=\/wp\/v2\/pages\/72665"}],"collection":[{"href":"https:\/\/sp1slupsk.pl\/index.php?rest_route=\/wp\/v2\/pages"}],"about":[{"href":"https:\/\/sp1slupsk.pl\/index.php?rest_route=\/wp\/v2\/types\/page"}],"author":[{"embeddable":true,"href":"https:\/\/sp1slupsk.pl\/index.php?rest_route=\/wp\/v2\/users\/1"}],"replies":[{"embeddable":true,"href":"https:\/\/sp1slupsk.pl\/index.php?rest_route=%2Fwp%2Fv2%2Fcomments&post=72665"}],"version-history":[{"count":59,"href":"https:\/\/sp1slupsk.pl\/index.php?rest_route=\/wp\/v2\/pages\/72665\/revisions"}],"predecessor-version":[{"id":90966,"href":"https:\/\/sp1slupsk.pl\/index.php?rest_route=\/wp\/v2\/pages\/72665\/revisions\/90966"}],"wp:featuredmedia":[{"embeddable":true,"href":"https:\/\/sp1slupsk.pl\/index.php?rest_route=\/wp\/v2\/media\/88954"}],"wp:attachment":[{"href":"https:\/\/sp1slupsk.pl\/index.php?rest_route=%2Fwp%2Fv2%2Fmedia&parent=72665"}],"curies":[{"name":"wp","href":"https:\/\/api.w.org\/{rel}","templated":true}]}}