{"id":76784,"date":"2022-01-12T13:09:17","date_gmt":"2022-01-12T12:09:17","guid":{"rendered":"http:\/\/sp1slupsk.pl\/?page_id=76784"},"modified":"2022-01-12T13:12:38","modified_gmt":"2022-01-12T12:12:38","slug":"narodowy-program-rozwoju-czytelnictwa","status":"publish","type":"page","link":"https:\/\/sp1slupsk.pl\/?page_id=76784","title":{"rendered":"Narodowy Program Rozwoju Czytelnictwa"},"content":{"rendered":"\n<p>Mi\u0142o nam poinformowa\u0107, \u017ce nasza szko\u0142a otrzyma\u0142a 12000 z\u0142 z Narodowego Programu Rozwoju Czytelnictwa 2.0 na lata 2021\u20132025 Ministerstwa Kultury, Dziedzictwa Narodowego i Sportu, realizowanym we wsp\u00f3\u0142pracy z Ministerstwem Edukacji i Nauki, Bibliotek\u0105 Narodow\u0105, Instytutem Ksi\u0105\u017cki oraz Narodowym Centrum Kultury.<\/p>\n\n\n\n<p>Program ma na celu tworzenie warunk\u00f3w rozwoju i rozw\u00f3j czytelnictwa w Polsce poprzez kszta\u0142towanie i promowanie postaw proczytelniczych oraz wzmacnianie roli bibliotek publicznych, pedagogicznych i szkolnych jako lokalnych o\u015brodk\u00f3w \u017cycia spo\u0142ecznego, stanowi\u0105cych centrum dost\u0119pu do kultury i wiedzy. NPRCz 2.0 jest rozwini\u0119ciem Narodowego Programu Rozwoju Czytelnictwa, realizowanego w latach 2016\u20132020. Otrzymane fundusze umo\u017cliwi\u0142y wzbogacenie zbioru bibliotecznego naszej biblioteki a\u017c o 601 nowych pozycji wydawniczych.<\/p>\n","protected":false},"excerpt":{"rendered":"<p>Mi\u0142o nam poinformowa\u0107, \u017ce nasza szko\u0142a otrzyma\u0142a 12000 z\u0142 z Narodowego Programu Rozwoju Czytelnictwa 2.0 na lata 2021\u20132025 Ministerstwa Kultury, Dziedzictwa Narodowego i Sportu, realizowanym we wsp\u00f3\u0142pracy z Ministerstwem Edukacji i Nauki, Bibliotek\u0105 Narodow\u0105, Instytutem Ksi\u0105\u017cki oraz Narodowym Centrum Kultury. Program ma na celu tworzenie warunk\u00f3w rozwoju i rozw\u00f3j czytelnictwa w Polsce poprzez kszta\u0142towanie i <a href=\"https:\/\/sp1slupsk.pl\/?page_id=76784\"><b>&#8230;wi\u0119cej<\/b><\/a><\/p>\n","protected":false},"author":1,"featured_media":0,"parent":0,"menu_order":0,"comment_status":"closed","ping_status":"closed","template":"","meta":[],"_links":{"self":[{"href":"https:\/\/sp1slupsk.pl\/index.php?rest_route=\/wp\/v2\/pages\/76784"}],"collection":[{"href":"https:\/\/sp1slupsk.pl\/index.php?rest_route=\/wp\/v2\/pages"}],"about":[{"href":"https:\/\/sp1slupsk.pl\/index.php?rest_route=\/wp\/v2\/types\/page"}],"author":[{"embeddable":true,"href":"https:\/\/sp1slupsk.pl\/index.php?rest_route=\/wp\/v2\/users\/1"}],"replies":[{"embeddable":true,"href":"https:\/\/sp1slupsk.pl\/index.php?rest_route=%2Fwp%2Fv2%2Fcomments&post=76784"}],"version-history":[{"count":4,"href":"https:\/\/sp1slupsk.pl\/index.php?rest_route=\/wp\/v2\/pages\/76784\/revisions"}],"predecessor-version":[{"id":76793,"href":"https:\/\/sp1slupsk.pl\/index.php?rest_route=\/wp\/v2\/pages\/76784\/revisions\/76793"}],"wp:attachment":[{"href":"https:\/\/sp1slupsk.pl\/index.php?rest_route=%2Fwp%2Fv2%2Fmedia&parent=76784"}],"curies":[{"name":"wp","href":"https:\/\/api.w.org\/{rel}","templated":true}]}}