{"id":76806,"date":"2022-01-13T12:39:07","date_gmt":"2022-01-13T11:39:07","guid":{"rendered":"http:\/\/sp1slupsk.pl\/?page_id=76806"},"modified":"2022-04-27T14:38:18","modified_gmt":"2022-04-27T12:38:18","slug":"zajecia-przygotowawcze","status":"publish","type":"page","link":"https:\/\/sp1slupsk.pl\/?page_id=76806","title":{"rendered":"Zaj\u0119cia przygotowawcze"},"content":{"rendered":"\n<figure class=\"wp-block-image size-large\"><img loading=\"lazy\" width=\"1024\" height=\"132\" src=\"http:\/\/sp1slupsk.pl\/wp-content\/uploads\/2022\/04\/logo-ponadnarodowej-mobilnosci-1024x132.png\" alt=\"\" class=\"wp-image-77121\" srcset=\"https:\/\/sp1slupsk.pl\/wp-content\/uploads\/2022\/04\/logo-ponadnarodowej-mobilnosci-1024x132.png 1024w, https:\/\/sp1slupsk.pl\/wp-content\/uploads\/2022\/04\/logo-ponadnarodowej-mobilnosci-300x39.png 300w, https:\/\/sp1slupsk.pl\/wp-content\/uploads\/2022\/04\/logo-ponadnarodowej-mobilnosci-768x99.png 768w, https:\/\/sp1slupsk.pl\/wp-content\/uploads\/2022\/04\/logo-ponadnarodowej-mobilnosci.png 1386w\" sizes=\"(max-width: 1024px) 100vw, 1024px\" \/><\/figure>\n\n\n\n<p class=\"has-text-align-center\"><strong>Harmonogram zaj\u0119\u0107 przygotowawczych<\/strong><\/p>\n\n\n\n<p><strong>J\u0119zyk rumu\u0144ski<\/strong><\/p>\n\n\n\n<p>04.12 godz. 10.00<br>06.12 godz. 17.00<br>08.12 godz. 17.00<br>11.12 godz. 10.00<br>13.12 godz. 17.00<br>15.12 godz. 17.00<br>20.12 godz. 17.00<br>22.12 godz. 17.00<br>29.12 godz. 17.00 &#8211; 2h<\/p>\n\n\n\n<p><em>p. Dominika Liulceac Translatio\/teams<\/em><\/p>\n\n\n\n<p><strong>Przygotowanie kulturowe<\/strong><\/p>\n\n\n\n<p>Pi\u0105tek 17.12.2021 r. godz. 14.30 \u2013 17.30 sala 16 naszej szko\u0142y<\/p>\n\n\n\n<p><em>p. Ewa Chochu\u0142<\/em><\/p>\n\n\n\n<p><strong>J\u0119zyk angielski<\/strong><\/p>\n\n\n\n<p>Poniedzia\u0142ki: 10.01, 17.01, 24.01, 31.01<br>15.20 &#8211; 17.20 &#8211; sala 22 naszej szko\u0142y<br>Pi\u0105tek 28 stycznia: godz. 14.35 &#8211; 16.35<\/p>\n\n\n\n<p><em>p. Ewa Pyzio<\/em><\/p>\n\n\n\n<p><strong>Przygotowanie organizacyjne, sprawy bezpiecze\u0144stwa w czasie podr\u00f3\u017cy, organizacja podr\u00f3\u017cy, dokumenty<\/strong><\/p>\n\n\n\n<p>4 lutego (pi\u0105tek) godz. 15.30 &#8211; 17.30<\/p>\n\n\n\n<p><em>p. Jacek Borucki<\/em><\/p>\n\n\n\n<p><strong>Przebieg i organizacja kampanii spo\u0142ecznych, wykorzystanie narz\u0119dzi multimedialnych<\/strong><\/p>\n\n\n\n<p>1 marca 2022 r.  (wtorek) godz. 15.30 &#8211; 17.30 \u2013 pierwszy modu\u0142<\/p>\n\n\n\n<p><em>p. Tomasz Keller<\/em><\/p>\n","protected":false},"excerpt":{"rendered":"<p>Harmonogram zaj\u0119\u0107 przygotowawczych J\u0119zyk rumu\u0144ski 04.12 godz. 10.0006.12 godz. 17.0008.12 godz. 17.0011.12 godz. 10.0013.12 godz. 17.0015.12 godz. 17.0020.12 godz. 17.0022.12 godz. 17.0029.12 godz. 17.00 &#8211; 2h p. Dominika Liulceac Translatio\/teams Przygotowanie kulturowe Pi\u0105tek 17.12.2021 r. godz. 14.30 \u2013 17.30 sala 16 naszej szko\u0142y p. Ewa Chochu\u0142 J\u0119zyk angielski Poniedzia\u0142ki: 10.01, 17.01, 24.01, 31.0115.20 &#8211; 17.20 <a href=\"https:\/\/sp1slupsk.pl\/?page_id=76806\"><b>&#8230;wi\u0119cej<\/b><\/a><\/p>\n","protected":false},"author":1,"featured_media":0,"parent":0,"menu_order":0,"comment_status":"closed","ping_status":"closed","template":"","meta":[],"_links":{"self":[{"href":"https:\/\/sp1slupsk.pl\/index.php?rest_route=\/wp\/v2\/pages\/76806"}],"collection":[{"href":"https:\/\/sp1slupsk.pl\/index.php?rest_route=\/wp\/v2\/pages"}],"about":[{"href":"https:\/\/sp1slupsk.pl\/index.php?rest_route=\/wp\/v2\/types\/page"}],"author":[{"embeddable":true,"href":"https:\/\/sp1slupsk.pl\/index.php?rest_route=\/wp\/v2\/users\/1"}],"replies":[{"embeddable":true,"href":"https:\/\/sp1slupsk.pl\/index.php?rest_route=%2Fwp%2Fv2%2Fcomments&post=76806"}],"version-history":[{"count":6,"href":"https:\/\/sp1slupsk.pl\/index.php?rest_route=\/wp\/v2\/pages\/76806\/revisions"}],"predecessor-version":[{"id":77491,"href":"https:\/\/sp1slupsk.pl\/index.php?rest_route=\/wp\/v2\/pages\/76806\/revisions\/77491"}],"wp:attachment":[{"href":"https:\/\/sp1slupsk.pl\/index.php?rest_route=%2Fwp%2Fv2%2Fmedia&parent=76806"}],"curies":[{"name":"wp","href":"https:\/\/api.w.org\/{rel}","templated":true}]}}