{"id":77131,"date":"2022-04-08T13:06:11","date_gmt":"2022-04-08T11:06:11","guid":{"rendered":"http:\/\/sp1slupsk.pl\/?page_id=77131"},"modified":"2022-04-11T17:52:13","modified_gmt":"2022-04-11T15:52:13","slug":"mobilnosc-fotorelacja","status":"publish","type":"page","link":"https:\/\/sp1slupsk.pl\/?page_id=77131","title":{"rendered":"Mobilno\u015b\u0107. Fotorelacja"},"content":{"rendered":"\n<div class=\"wp-block-buttons\">\n<div class=\"wp-block-button is-style-outline\"><a class=\"wp-block-button__link has-black-color has-text-color\" href=\"http:\/\/sp1slupsk.pl\/?page_id=77141\"><span class=\"has-inline-color has-black-color\">Ponadnarodowa mobilno\u015b\u0107 uczni\u00f3w &#8211; dzie\u0144 1<\/span><\/a><\/div>\n<\/div>\n\n\n\n<div class=\"wp-block-buttons\">\n<div class=\"wp-block-button is-style-outline\"><a class=\"wp-block-button__link has-black-color has-text-color\" href=\"http:\/\/sp1slupsk.pl\/?page_id=77148\"><span class=\"has-inline-color has-black-color\">Ponadnarodowa mobilno\u015b\u0107 uczni\u00f3w &#8211; dzie\u0144 2<\/span><\/a><\/div>\n<\/div>\n\n\n\n<div class=\"wp-block-buttons\">\n<div class=\"wp-block-button is-style-outline\"><a class=\"wp-block-button__link has-black-color has-text-color\" href=\"http:\/\/sp1slupsk.pl\/?page_id=77151\"><span class=\"has-inline-color has-black-color\">Ponadnarodowa mobilno\u015b\u0107 uczni\u00f3w &#8211; dzie\u0144 3<\/span><\/a><\/div>\n<\/div>\n\n\n\n<div class=\"wp-block-buttons\">\n<div class=\"wp-block-button is-style-outline\"><a class=\"wp-block-button__link has-black-color has-text-color\" href=\"http:\/\/sp1slupsk.pl\/?page_id=77159\"><span class=\"has-inline-color has-black-color\">Ponadnarodowa mobilno\u015b\u0107 uczni\u00f3w &#8211; dzie\u0144 4<\/span><\/a><\/div>\n<\/div>\n\n\n\n<div class=\"wp-block-buttons\">\n<div class=\"wp-block-button is-style-outline\"><a class=\"wp-block-button__link has-black-color has-text-color\" href=\"http:\/\/sp1slupsk.pl\/?page_id=77218\"><span class=\"has-inline-color has-black-color\">Ponadnarodowa mobilno\u015b\u0107 uczni\u00f3w &#8211; dzie\u0144 5<\/span><\/a><\/div>\n<\/div>\n\n\n\n<div class=\"wp-block-buttons\">\n<div class=\"wp-block-button is-style-outline\"><a class=\"wp-block-button__link has-black-color has-text-color\" href=\"http:\/\/sp1slupsk.pl\/?page_id=77254\"><span class=\"has-inline-color has-black-color\">Ponadnarodowa mobilno\u015b\u0107 uczni\u00f3w &#8211; dzie\u0144 6<\/span><\/a><\/div>\n<\/div>\n\n\n\n<div class=\"wp-block-buttons\">\n<div class=\"wp-block-button is-style-outline\"><a class=\"wp-block-button__link has-black-color has-text-color\" href=\"http:\/\/sp1slupsk.pl\/?page_id=77298\"><span class=\"has-inline-color has-black-color\">Ponadnarodowa mobilno\u015b\u0107 uczni\u00f3w &#8211; dzie\u0144 7<\/span><\/a><\/div>\n<\/div>\n","protected":false},"excerpt":{"rendered":"","protected":false},"author":1,"featured_media":0,"parent":0,"menu_order":0,"comment_status":"closed","ping_status":"closed","template":"","meta":[],"_links":{"self":[{"href":"https:\/\/sp1slupsk.pl\/index.php?rest_route=\/wp\/v2\/pages\/77131"}],"collection":[{"href":"https:\/\/sp1slupsk.pl\/index.php?rest_route=\/wp\/v2\/pages"}],"about":[{"href":"https:\/\/sp1slupsk.pl\/index.php?rest_route=\/wp\/v2\/types\/page"}],"author":[{"embeddable":true,"href":"https:\/\/sp1slupsk.pl\/index.php?rest_route=\/wp\/v2\/users\/1"}],"replies":[{"embeddable":true,"href":"https:\/\/sp1slupsk.pl\/index.php?rest_route=%2Fwp%2Fv2%2Fcomments&post=77131"}],"version-history":[{"count":15,"href":"https:\/\/sp1slupsk.pl\/index.php?rest_route=\/wp\/v2\/pages\/77131\/revisions"}],"predecessor-version":[{"id":77304,"href":"https:\/\/sp1slupsk.pl\/index.php?rest_route=\/wp\/v2\/pages\/77131\/revisions\/77304"}],"wp:attachment":[{"href":"https:\/\/sp1slupsk.pl\/index.php?rest_route=%2Fwp%2Fv2%2Fmedia&parent=77131"}],"curies":[{"name":"wp","href":"https:\/\/api.w.org\/{rel}","templated":true}]}}