{"id":77611,"date":"2022-05-26T10:20:53","date_gmt":"2022-05-26T08:20:53","guid":{"rendered":"http:\/\/sp1slupsk.pl\/?page_id=77611"},"modified":"2022-09-06T15:51:36","modified_gmt":"2022-09-06T13:51:36","slug":"rozpowszechnianie-rezultatow","status":"publish","type":"page","link":"https:\/\/sp1slupsk.pl\/?page_id=77611","title":{"rendered":"Rozpowszechnianie rezultat\u00f3w"},"content":{"rendered":"\n\t\t\t\t\t\t<div class=\"gallery_box_single\">\n\t\t\t\t\t\t\t\t\t\t\t\t\t\t\t<div class=\"gallery clearfix\">\n\t\t\t\t\t\t\t\t\t\t\t\t\t\t\t\t\t\t\t\t<div class=\"gllr_image_row\">\n\t\t\t\t\t\t\t\t\t\t\t\t\t\t\t\t\t\t\t\t\t<div class=\"gllr_image_block\">\n\t\t\t\t\t\t\t\t\t\t\t\t<p style=\"width:180px;height:140px;\">\n\t\t\t\t\t\t\t\t\t\t\t\t\t\t\t\t\t\t\t\t\t\t\t\t\t\t\t<a rel=\"gallery_fancybox_78038\" href=\"https:\/\/sp1slupsk.pl\/wp-content\/uploads\/2022\/09\/305130704_596173258647496_3518637652022046476_n-1-1024x768.jpg\" title=\"promocja\">\n\t\t\t\t\t\t\t\t\t\t\t\t\t\t\t<img style=\"width:160px;height:120px; border-width: 10px; border-color:#F1F1F1;border: 10px solid #F1F1F1\" alt=\"\" title=\"promocja\" src=\"https:\/\/sp1slupsk.pl\/wp-content\/uploads\/2022\/09\/305130704_596173258647496_3518637652022046476_n-1-160x120.jpg\" rel=\"https:\/\/sp1slupsk.pl\/wp-content\/uploads\/2022\/09\/305130704_596173258647496_3518637652022046476_n-1.jpg\" \/>\n\t\t\t\t\t\t\t\t\t\t\t\t\t\t<\/a>\n\t\t\t\t\t\t\t\t\t\t\t\t\t\t\t\t\t\t\t\t\t\t\t\t\t<\/p>\n\t\t\t\t\t\t\t\t\t\t\t\t\t\t\t\t\t\t\t\t\t\t\t<\/div><!-- .gllr_image_block -->\n\t\t\t\t\t\t\t\t\t\t\t\t\t\t\t\t\t\t\t\t\t<div class=\"gllr_image_block\">\n\t\t\t\t\t\t\t\t\t\t\t\t<p style=\"width:180px;height:140px;\">\n\t\t\t\t\t\t\t\t\t\t\t\t\t\t\t\t\t\t\t\t\t\t\t\t\t\t\t<a rel=\"gallery_fancybox_78038\" href=\"https:\/\/sp1slupsk.pl\/wp-content\/uploads\/2022\/09\/304852175_774315257114749_8024118263677653954_n-1-1024x768.jpg\" title=\"promocja\">\n\t\t\t\t\t\t\t\t\t\t\t\t\t\t\t<img style=\"width:160px;height:120px; border-width: 10px; border-color:#F1F1F1;border: 10px solid #F1F1F1\" alt=\"\" title=\"promocja\" src=\"https:\/\/sp1slupsk.pl\/wp-content\/uploads\/2022\/09\/304852175_774315257114749_8024118263677653954_n-1-160x120.jpg\" rel=\"https:\/\/sp1slupsk.pl\/wp-content\/uploads\/2022\/09\/304852175_774315257114749_8024118263677653954_n-1.jpg\" \/>\n\t\t\t\t\t\t\t\t\t\t\t\t\t\t<\/a>\n\t\t\t\t\t\t\t\t\t\t\t\t\t\t\t\t\t\t\t\t\t\t\t\t\t<\/p>\n\t\t\t\t\t\t\t\t\t\t\t\t\t\t\t\t\t\t\t\t\t\t\t<\/div><!-- .gllr_image_block -->\n\t\t\t\t\t\t\t\t\t\t\t\t\t\t\t\t\t\t\t\t\t<div class=\"gllr_image_block\">\n\t\t\t\t\t\t\t\t\t\t\t\t<p style=\"width:180px;height:140px;\">\n\t\t\t\t\t\t\t\t\t\t\t\t\t\t\t\t\t\t\t\t\t\t\t\t\t\t\t<a rel=\"gallery_fancybox_78038\" href=\"https:\/\/sp1slupsk.pl\/wp-content\/uploads\/2022\/09\/304937115_786970165842482_5583344018993860679_n-1-1024x768.jpg\" title=\"promocja\">\n\t\t\t\t\t\t\t\t\t\t\t\t\t\t\t<img style=\"width:160px;height:120px; border-width: 10px; border-color:#F1F1F1;border: 10px solid #F1F1F1\" alt=\"\" title=\"promocja\" src=\"https:\/\/sp1slupsk.pl\/wp-content\/uploads\/2022\/09\/304937115_786970165842482_5583344018993860679_n-1-160x120.jpg\" rel=\"https:\/\/sp1slupsk.pl\/wp-content\/uploads\/2022\/09\/304937115_786970165842482_5583344018993860679_n-1.jpg\" \/>\n\t\t\t\t\t\t\t\t\t\t\t\t\t\t<\/a>\n\t\t\t\t\t\t\t\t\t\t\t\t\t\t\t\t\t\t\t\t\t\t\t\t\t<\/p>\n\t\t\t\t\t\t\t\t\t\t\t\t\t\t\t\t\t\t\t\t\t\t\t<\/div><!-- .gllr_image_block -->\n\t\t\t\t\t\t\t\t\t\t\t\t\t\t\t\t\t\t\t\t\t<\/div><!-- .gllr_image_row -->\n\t\t\t\t\t\t\t\t\t\t\t\t\t\t\t\t\t\t<\/div><!-- .gallery.clearfix -->\n\t\t\t\t\t\t\t\t\t\t\t\t\t<\/div><!-- .gallery_box_single -->\n\t\t\t\t\t\t<div class=\"gllr_clear\"><\/div>\n\t\t\t\t\t\t\t\t\t<script type=\"text\/javascript\">\n\t\t\t\t\t(function($) {\n\t\t\t\t\t\t$(document).ready( function() {\n\t\t\t\t\t\t\t$( \"a[rel=gallery_fancybox_78038]\" ).fancybox( {\n\t\t\t\t\t\t\t\t'transitionIn'\t\t:\t'elastic',\n\t\t\t\t\t\t\t\t'transitionOut'\t\t:\t'elastic',\n\t\t\t\t\t\t\t\t'titlePosition' \t:\t'inside',\n\t\t\t\t\t\t\t\t'speedIn'\t\t\t:\t500, \n\t\t\t\t\t\t\t\t'speedOut'\t\t\t:\t300,\n\t\t\t\t\t\t\t\t'titleFormat'\t\t:\tfunction( title, currentArray, currentIndex, currentOpts ) {\n\t\t\t\t\t\t\t\t\treturn '<div id=\"fancybox-title-inside\">' + ( title.length ? '<span id=\"bws_gallery_image_title\">' + title + '<\/span><br \/>' : '' ) + '<span id=\"bws_gallery_image_counter\">Image ' + ( currentIndex + 1 ) + ' \/ ' + currentArray.length + '<\/span><\/div>';\n\t\t\t\t\t\t\t\t}\t\t\t\t\t\t\t});\n\t\t\t\t\t\t});\n\t\t\t\t\t})(jQuery);\n\t\t\t\t<\/script>\n\t\t\t\n\n\n\n<hr class=\"wp-block-separator\"\/>\n\n\n\n<p>Dnia 6 maja 2022r.\u00a0\u00a0odby\u0142a si\u0119 konferencja poprojektowa dla uczni\u00f3w, rodzic\u00f3w i zaproszonych go\u015bci. W czasie konferencji uczestnicy mobilno\u015bci przekazali go\u015bciom informacj\u0119 na temat szko\u0142y partnerskiej projektu, kultury i tradycji Rumunii oraz opowiedzieli o swoich do\u015bwiadczeniach i prze\u017cyciach podczas mobilno\u015bci. Opowiedzieli o projekcie, celach jakie osi\u0105gn\u0119li, \u017ar\u00f3dle finansowania projektu. Uczestnicy zrelacjonowali przebieg dzia\u0142a\u0144 projektowych od rekrutacji poprzez zaj\u0119cia przygotowawcze i dzia\u0142ania realizowane w plac\u00f3wce partnerskiej. W czasie konferencji wykorzystali filmiki, prezentacje multimedialne i fotografie samodzielnie przygotowane na spotkanie. Podzielili si\u0119 te\u017c osi\u0105gni\u0119tymi celami i zrealizowanymi dzia\u0142aniami. Przedstawili wyniki bada\u0144 statystycznych, opowiedzieli o szkodliwo\u015bci palenia i pokazali wykonane przez siebie plakaty profilaktyczne oraz ebook \u2018Palenie jest passe\u201d. Konferencja zach\u0119ci\u0142a pozosta\u0142ych uczni\u00f3w do udzia\u0142u w kolejnym szkolnym projekcie mobilno\u015bci do W\u0142och \u2013 \u201eR\u00f3\u017ca wiatr\u00f3w \u2013 edukacja morka drog\u0105 do zdobycia kompetencji kluczowych\u201d.<\/p>\n\n\n\n\t\t\t\t\t\t<div class=\"gallery_box_single\">\n\t\t\t\t\t\t\t\t\t\t\t\t\t\t\t<div class=\"gallery clearfix\">\n\t\t\t\t\t\t\t\t\t\t\t\t\t\t\t\t\t\t\t\t<div class=\"gllr_image_row\">\n\t\t\t\t\t\t\t\t\t\t\t\t\t\t\t\t\t\t\t\t\t<div class=\"gllr_image_block\">\n\t\t\t\t\t\t\t\t\t\t\t\t<p style=\"width:180px;height:140px;\">\n\t\t\t\t\t\t\t\t\t\t\t\t\t\t\t\t\t\t\t\t\t\t\t\t\t\t\t<a rel=\"gallery_fancybox_77614\" href=\"https:\/\/sp1slupsk.pl\/wp-content\/uploads\/2022\/05\/284204742_1346998995822220_569558910543781652_n-1024x578.jpg\" title=\"Rozpowszechnianie rezultat\u00f3w - Rumunia 2022\">\n\t\t\t\t\t\t\t\t\t\t\t\t\t\t\t<img style=\"width:160px;height:120px; border-width: 10px; border-color:#F1F1F1;border: 10px solid #F1F1F1\" alt=\"\" title=\"Rozpowszechnianie rezultat\u00f3w - Rumunia 2022\" src=\"https:\/\/sp1slupsk.pl\/wp-content\/uploads\/2022\/05\/284204742_1346998995822220_569558910543781652_n-160x120.jpg\" rel=\"https:\/\/sp1slupsk.pl\/wp-content\/uploads\/2022\/05\/284204742_1346998995822220_569558910543781652_n.jpg\" \/>\n\t\t\t\t\t\t\t\t\t\t\t\t\t\t<\/a>\n\t\t\t\t\t\t\t\t\t\t\t\t\t\t\t\t\t\t\t\t\t\t\t\t\t<\/p>\n\t\t\t\t\t\t\t\t\t\t\t\t\t\t\t\t\t\t\t\t\t\t\t<\/div><!-- .gllr_image_block -->\n\t\t\t\t\t\t\t\t\t\t\t\t\t\t\t\t\t\t\t\t\t<div class=\"gllr_image_block\">\n\t\t\t\t\t\t\t\t\t\t\t\t<p style=\"width:180px;height:140px;\">\n\t\t\t\t\t\t\t\t\t\t\t\t\t\t\t\t\t\t\t\t\t\t\t\t\t\t\t<a rel=\"gallery_fancybox_77614\" href=\"https:\/\/sp1slupsk.pl\/wp-content\/uploads\/2022\/05\/282759277_588498745728915_2241787156294555145_n-1024x768.jpg\" title=\"Rozpowszechnianie rezultat\u00f3w - Rumunia 2022\">\n\t\t\t\t\t\t\t\t\t\t\t\t\t\t\t<img style=\"width:160px;height:120px; border-width: 10px; border-color:#F1F1F1;border: 10px solid #F1F1F1\" alt=\"\" title=\"Rozpowszechnianie rezultat\u00f3w - Rumunia 2022\" src=\"https:\/\/sp1slupsk.pl\/wp-content\/uploads\/2022\/05\/282759277_588498745728915_2241787156294555145_n-160x120.jpg\" rel=\"https:\/\/sp1slupsk.pl\/wp-content\/uploads\/2022\/05\/282759277_588498745728915_2241787156294555145_n.jpg\" \/>\n\t\t\t\t\t\t\t\t\t\t\t\t\t\t<\/a>\n\t\t\t\t\t\t\t\t\t\t\t\t\t\t\t\t\t\t\t\t\t\t\t\t\t<\/p>\n\t\t\t\t\t\t\t\t\t\t\t\t\t\t\t\t\t\t\t\t\t\t\t<\/div><!-- .gllr_image_block -->\n\t\t\t\t\t\t\t\t\t\t\t\t\t\t\t\t\t\t\t\t\t<div class=\"gllr_image_block\">\n\t\t\t\t\t\t\t\t\t\t\t\t<p style=\"width:180px;height:140px;\">\n\t\t\t\t\t\t\t\t\t\t\t\t\t\t\t\t\t\t\t\t\t\t\t\t\t\t\t<a rel=\"gallery_fancybox_77614\" href=\"https:\/\/sp1slupsk.pl\/wp-content\/uploads\/2022\/05\/283774602_741708370346894_973726363210054727_n-1024x768.jpg\" title=\"Rozpowszechnianie rezultat\u00f3w - Rumunia 2022\">\n\t\t\t\t\t\t\t\t\t\t\t\t\t\t\t<img style=\"width:160px;height:120px; border-width: 10px; border-color:#F1F1F1;border: 10px solid #F1F1F1\" alt=\"\" title=\"Rozpowszechnianie rezultat\u00f3w - Rumunia 2022\" src=\"https:\/\/sp1slupsk.pl\/wp-content\/uploads\/2022\/05\/283774602_741708370346894_973726363210054727_n-160x120.jpg\" rel=\"https:\/\/sp1slupsk.pl\/wp-content\/uploads\/2022\/05\/283774602_741708370346894_973726363210054727_n.jpg\" \/>\n\t\t\t\t\t\t\t\t\t\t\t\t\t\t<\/a>\n\t\t\t\t\t\t\t\t\t\t\t\t\t\t\t\t\t\t\t\t\t\t\t\t\t<\/p>\n\t\t\t\t\t\t\t\t\t\t\t\t\t\t\t\t\t\t\t\t\t\t\t<\/div><!-- .gllr_image_block -->\n\t\t\t\t\t\t\t\t\t\t\t\t\t\t\t\t\t\t\t\t\t<\/div><!-- .gllr_image_row -->\n\t\t\t\t\t\t\t\t\t\t\t\t\t\t\t\t\t\t\t\t\t<div class=\"gllr_image_row\">\n\t\t\t\t\t\t\t\t\t\t\t\t\t\t\t\t\t\t\t\t\t<div class=\"gllr_image_block\">\n\t\t\t\t\t\t\t\t\t\t\t\t<p style=\"width:180px;height:140px;\">\n\t\t\t\t\t\t\t\t\t\t\t\t\t\t\t\t\t\t\t\t\t\t\t\t\t\t\t<a rel=\"gallery_fancybox_77614\" href=\"https:\/\/sp1slupsk.pl\/wp-content\/uploads\/2022\/05\/283607420_347104830859206_8874676139073030566_n-1024x768.jpg\" title=\"Rozpowszechnianie rezultat\u00f3w - Rumunia 2022\">\n\t\t\t\t\t\t\t\t\t\t\t\t\t\t\t<img style=\"width:160px;height:120px; border-width: 10px; border-color:#F1F1F1;border: 10px solid #F1F1F1\" alt=\"\" title=\"Rozpowszechnianie rezultat\u00f3w - Rumunia 2022\" src=\"https:\/\/sp1slupsk.pl\/wp-content\/uploads\/2022\/05\/283607420_347104830859206_8874676139073030566_n-160x120.jpg\" rel=\"https:\/\/sp1slupsk.pl\/wp-content\/uploads\/2022\/05\/283607420_347104830859206_8874676139073030566_n.jpg\" \/>\n\t\t\t\t\t\t\t\t\t\t\t\t\t\t<\/a>\n\t\t\t\t\t\t\t\t\t\t\t\t\t\t\t\t\t\t\t\t\t\t\t\t\t<\/p>\n\t\t\t\t\t\t\t\t\t\t\t\t\t\t\t\t\t\t\t\t\t\t\t<\/div><!-- .gllr_image_block -->\n\t\t\t\t\t\t\t\t\t\t\t\t\t\t\t\t\t\t\t\t\t<div class=\"gllr_image_block\">\n\t\t\t\t\t\t\t\t\t\t\t\t<p style=\"width:180px;height:140px;\">\n\t\t\t\t\t\t\t\t\t\t\t\t\t\t\t\t\t\t\t\t\t\t\t\t\t\t\t<a rel=\"gallery_fancybox_77614\" href=\"https:\/\/sp1slupsk.pl\/wp-content\/uploads\/2022\/05\/283424014_545727917138951_3971330891150165853_n-1024x768.jpg\" title=\"Rozpowszechnianie rezultat\u00f3w - Rumunia 2022\">\n\t\t\t\t\t\t\t\t\t\t\t\t\t\t\t<img style=\"width:160px;height:120px; border-width: 10px; border-color:#F1F1F1;border: 10px solid #F1F1F1\" alt=\"\" title=\"Rozpowszechnianie rezultat\u00f3w - Rumunia 2022\" src=\"https:\/\/sp1slupsk.pl\/wp-content\/uploads\/2022\/05\/283424014_545727917138951_3971330891150165853_n-160x120.jpg\" rel=\"https:\/\/sp1slupsk.pl\/wp-content\/uploads\/2022\/05\/283424014_545727917138951_3971330891150165853_n.jpg\" \/>\n\t\t\t\t\t\t\t\t\t\t\t\t\t\t<\/a>\n\t\t\t\t\t\t\t\t\t\t\t\t\t\t\t\t\t\t\t\t\t\t\t\t\t<\/p>\n\t\t\t\t\t\t\t\t\t\t\t\t\t\t\t\t\t\t\t\t\t\t\t<\/div><!-- .gllr_image_block -->\n\t\t\t\t\t\t\t\t\t\t\t\t\t\t\t\t\t\t\t\t\t<div class=\"gllr_image_block\">\n\t\t\t\t\t\t\t\t\t\t\t\t<p style=\"width:180px;height:140px;\">\n\t\t\t\t\t\t\t\t\t\t\t\t\t\t\t\t\t\t\t\t\t\t\t\t\t\t\t<a rel=\"gallery_fancybox_77614\" href=\"https:\/\/sp1slupsk.pl\/wp-content\/uploads\/2022\/05\/284191277_324181003208638_1907272257676148699_n-1024x768.jpg\" title=\"Rozpowszechnianie rezultat\u00f3w - Rumunia 2022\">\n\t\t\t\t\t\t\t\t\t\t\t\t\t\t\t<img style=\"width:160px;height:120px; border-width: 10px; border-color:#F1F1F1;border: 10px solid #F1F1F1\" alt=\"\" title=\"Rozpowszechnianie rezultat\u00f3w - Rumunia 2022\" src=\"https:\/\/sp1slupsk.pl\/wp-content\/uploads\/2022\/05\/284191277_324181003208638_1907272257676148699_n-160x120.jpg\" rel=\"https:\/\/sp1slupsk.pl\/wp-content\/uploads\/2022\/05\/284191277_324181003208638_1907272257676148699_n.jpg\" \/>\n\t\t\t\t\t\t\t\t\t\t\t\t\t\t<\/a>\n\t\t\t\t\t\t\t\t\t\t\t\t\t\t\t\t\t\t\t\t\t\t\t\t\t<\/p>\n\t\t\t\t\t\t\t\t\t\t\t\t\t\t\t\t\t\t\t\t\t\t\t<\/div><!-- .gllr_image_block -->\n\t\t\t\t\t\t\t\t\t\t\t\t\t\t\t\t\t\t\t\t\t<\/div><!-- .gllr_image_row -->\n\t\t\t\t\t\t\t\t\t\t\t\t\t\t\t\t\t\t\t\t\t<div class=\"gllr_image_row\">\n\t\t\t\t\t\t\t\t\t\t\t\t\t\t\t\t\t\t\t\t\t<div class=\"gllr_image_block\">\n\t\t\t\t\t\t\t\t\t\t\t\t<p style=\"width:180px;height:140px;\">\n\t\t\t\t\t\t\t\t\t\t\t\t\t\t\t\t\t\t\t\t\t\t\t\t\t\t\t<a rel=\"gallery_fancybox_77614\" href=\"https:\/\/sp1slupsk.pl\/wp-content\/uploads\/2022\/05\/283903746_1653445108353811_8232704594518725109_n-1024x768.jpg\" title=\"Rozpowszechnianie rezultat\u00f3w - Rumunia 2022\">\n\t\t\t\t\t\t\t\t\t\t\t\t\t\t\t<img style=\"width:160px;height:120px; border-width: 10px; border-color:#F1F1F1;border: 10px solid #F1F1F1\" alt=\"\" title=\"Rozpowszechnianie rezultat\u00f3w - Rumunia 2022\" src=\"https:\/\/sp1slupsk.pl\/wp-content\/uploads\/2022\/05\/283903746_1653445108353811_8232704594518725109_n-160x120.jpg\" rel=\"https:\/\/sp1slupsk.pl\/wp-content\/uploads\/2022\/05\/283903746_1653445108353811_8232704594518725109_n.jpg\" \/>\n\t\t\t\t\t\t\t\t\t\t\t\t\t\t<\/a>\n\t\t\t\t\t\t\t\t\t\t\t\t\t\t\t\t\t\t\t\t\t\t\t\t\t<\/p>\n\t\t\t\t\t\t\t\t\t\t\t\t\t\t\t\t\t\t\t\t\t\t\t<\/div><!-- .gllr_image_block -->\n\t\t\t\t\t\t\t\t\t\t\t\t\t\t\t\t\t\t\t\t\t<div class=\"gllr_image_block\">\n\t\t\t\t\t\t\t\t\t\t\t\t<p style=\"width:180px;height:140px;\">\n\t\t\t\t\t\t\t\t\t\t\t\t\t\t\t\t\t\t\t\t\t\t\t\t\t\t\t<a rel=\"gallery_fancybox_77614\" href=\"https:\/\/sp1slupsk.pl\/wp-content\/uploads\/2022\/05\/283312469_404418518253711_3992616430214080562_n-1024x768.jpg\" title=\"Rozpowszechnianie rezultat\u00f3w - Rumunia 2022\">\n\t\t\t\t\t\t\t\t\t\t\t\t\t\t\t<img style=\"width:160px;height:120px; border-width: 10px; border-color:#F1F1F1;border: 10px solid #F1F1F1\" alt=\"\" title=\"Rozpowszechnianie rezultat\u00f3w - Rumunia 2022\" src=\"https:\/\/sp1slupsk.pl\/wp-content\/uploads\/2022\/05\/283312469_404418518253711_3992616430214080562_n-160x120.jpg\" rel=\"https:\/\/sp1slupsk.pl\/wp-content\/uploads\/2022\/05\/283312469_404418518253711_3992616430214080562_n.jpg\" \/>\n\t\t\t\t\t\t\t\t\t\t\t\t\t\t<\/a>\n\t\t\t\t\t\t\t\t\t\t\t\t\t\t\t\t\t\t\t\t\t\t\t\t\t<\/p>\n\t\t\t\t\t\t\t\t\t\t\t\t\t\t\t\t\t\t\t\t\t\t\t<\/div><!-- .gllr_image_block -->\n\t\t\t\t\t\t\t\t\t\t\t\t\t\t\t\t\t\t\t\t\t<div class=\"gllr_image_block\">\n\t\t\t\t\t\t\t\t\t\t\t\t<p style=\"width:180px;height:140px;\">\n\t\t\t\t\t\t\t\t\t\t\t\t\t\t\t\t\t\t\t\t\t\t\t\t\t\t\t<a rel=\"gallery_fancybox_77614\" href=\"https:\/\/sp1slupsk.pl\/wp-content\/uploads\/2022\/05\/282634337_443697387568452_8019096928699967067_n-1024x768.jpg\" title=\"Rozpowszechnianie rezultat\u00f3w - Rumunia 2022\">\n\t\t\t\t\t\t\t\t\t\t\t\t\t\t\t<img style=\"width:160px;height:120px; border-width: 10px; border-color:#F1F1F1;border: 10px solid #F1F1F1\" alt=\"\" title=\"Rozpowszechnianie rezultat\u00f3w - Rumunia 2022\" src=\"https:\/\/sp1slupsk.pl\/wp-content\/uploads\/2022\/05\/282634337_443697387568452_8019096928699967067_n-160x120.jpg\" rel=\"https:\/\/sp1slupsk.pl\/wp-content\/uploads\/2022\/05\/282634337_443697387568452_8019096928699967067_n.jpg\" \/>\n\t\t\t\t\t\t\t\t\t\t\t\t\t\t<\/a>\n\t\t\t\t\t\t\t\t\t\t\t\t\t\t\t\t\t\t\t\t\t\t\t\t\t<\/p>\n\t\t\t\t\t\t\t\t\t\t\t\t\t\t\t\t\t\t\t\t\t\t\t<\/div><!-- .gllr_image_block -->\n\t\t\t\t\t\t\t\t\t\t\t\t\t\t\t\t\t\t\t\t\t<\/div><!-- .gllr_image_row -->\n\t\t\t\t\t\t\t\t\t\t\t\t\t\t\t\t\t\t\t\t\t<div class=\"gllr_image_row\">\n\t\t\t\t\t\t\t\t\t\t\t\t\t\t\t\t\t\t\t\t\t<div class=\"gllr_image_block\">\n\t\t\t\t\t\t\t\t\t\t\t\t<p style=\"width:180px;height:140px;\">\n\t\t\t\t\t\t\t\t\t\t\t\t\t\t\t\t\t\t\t\t\t\t\t\t\t\t\t<a rel=\"gallery_fancybox_77614\" href=\"https:\/\/sp1slupsk.pl\/wp-content\/uploads\/2022\/05\/283492288_959006968103550_3830914454725152681_n-1024x768.jpg\" title=\"Rozpowszechnianie rezultat\u00f3w - Rumunia 2022\">\n\t\t\t\t\t\t\t\t\t\t\t\t\t\t\t<img style=\"width:160px;height:120px; border-width: 10px; border-color:#F1F1F1;border: 10px solid #F1F1F1\" alt=\"\" title=\"Rozpowszechnianie rezultat\u00f3w - Rumunia 2022\" src=\"https:\/\/sp1slupsk.pl\/wp-content\/uploads\/2022\/05\/283492288_959006968103550_3830914454725152681_n-160x120.jpg\" rel=\"https:\/\/sp1slupsk.pl\/wp-content\/uploads\/2022\/05\/283492288_959006968103550_3830914454725152681_n.jpg\" \/>\n\t\t\t\t\t\t\t\t\t\t\t\t\t\t<\/a>\n\t\t\t\t\t\t\t\t\t\t\t\t\t\t\t\t\t\t\t\t\t\t\t\t\t<\/p>\n\t\t\t\t\t\t\t\t\t\t\t\t\t\t\t\t\t\t\t\t\t\t\t<\/div><!-- .gllr_image_block -->\n\t\t\t\t\t\t\t\t\t\t\t\t\t\t\t\t\t\t\t\t\t<div class=\"gllr_image_block\">\n\t\t\t\t\t\t\t\t\t\t\t\t<p style=\"width:180px;height:140px;\">\n\t\t\t\t\t\t\t\t\t\t\t\t\t\t\t\t\t\t\t\t\t\t\t\t\t\t\t<a rel=\"gallery_fancybox_77614\" href=\"https:\/\/sp1slupsk.pl\/wp-content\/uploads\/2022\/05\/284088249_577265603719177_5250560825763318431_n-1024x768.jpg\" title=\"Rozpowszechnianie rezultat\u00f3w - Rumunia 2022\">\n\t\t\t\t\t\t\t\t\t\t\t\t\t\t\t<img style=\"width:160px;height:120px; border-width: 10px; border-color:#F1F1F1;border: 10px solid #F1F1F1\" alt=\"\" title=\"Rozpowszechnianie rezultat\u00f3w - Rumunia 2022\" src=\"https:\/\/sp1slupsk.pl\/wp-content\/uploads\/2022\/05\/284088249_577265603719177_5250560825763318431_n-160x120.jpg\" rel=\"https:\/\/sp1slupsk.pl\/wp-content\/uploads\/2022\/05\/284088249_577265603719177_5250560825763318431_n.jpg\" \/>\n\t\t\t\t\t\t\t\t\t\t\t\t\t\t<\/a>\n\t\t\t\t\t\t\t\t\t\t\t\t\t\t\t\t\t\t\t\t\t\t\t\t\t<\/p>\n\t\t\t\t\t\t\t\t\t\t\t\t\t\t\t\t\t\t\t\t\t\t\t<\/div><!-- .gllr_image_block -->\n\t\t\t\t\t\t\t\t\t\t\t\t\t\t\t\t\t\t\t\t\t<div class=\"gllr_image_block\">\n\t\t\t\t\t\t\t\t\t\t\t\t<p style=\"width:180px;height:140px;\">\n\t\t\t\t\t\t\t\t\t\t\t\t\t\t\t\t\t\t\t\t\t\t\t\t\t\t\t<a rel=\"gallery_fancybox_77614\" href=\"https:\/\/sp1slupsk.pl\/wp-content\/uploads\/2022\/05\/283764713_465653585323718_9007678110871504394_n-766x1024.jpg\" title=\"Rozpowszechnianie rezultat\u00f3w - Rumunia 2022\">\n\t\t\t\t\t\t\t\t\t\t\t\t\t\t\t<img style=\"width:160px;height:120px; border-width: 10px; border-color:#F1F1F1;border: 10px solid #F1F1F1\" alt=\"\" title=\"Rozpowszechnianie rezultat\u00f3w - Rumunia 2022\" src=\"https:\/\/sp1slupsk.pl\/wp-content\/uploads\/2022\/05\/283764713_465653585323718_9007678110871504394_n-160x120.jpg\" rel=\"https:\/\/sp1slupsk.pl\/wp-content\/uploads\/2022\/05\/283764713_465653585323718_9007678110871504394_n.jpg\" \/>\n\t\t\t\t\t\t\t\t\t\t\t\t\t\t<\/a>\n\t\t\t\t\t\t\t\t\t\t\t\t\t\t\t\t\t\t\t\t\t\t\t\t\t<\/p>\n\t\t\t\t\t\t\t\t\t\t\t\t\t\t\t\t\t\t\t\t\t\t\t<\/div><!-- .gllr_image_block -->\n\t\t\t\t\t\t\t\t\t\t\t\t\t\t\t\t\t\t\t\t\t<\/div><!-- .gllr_image_row -->\n\t\t\t\t\t\t\t\t\t\t\t\t\t\t\t\t\t\t<\/div><!-- .gallery.clearfix -->\n\t\t\t\t\t\t\t\t\t\t\t\t\t<\/div><!-- .gallery_box_single -->\n\t\t\t\t\t\t<div class=\"gllr_clear\"><\/div>\n\t\t\t\t\t\t\t\t\t<script type=\"text\/javascript\">\n\t\t\t\t\t(function($) {\n\t\t\t\t\t\t$(document).ready( function() {\n\t\t\t\t\t\t\t$( \"a[rel=gallery_fancybox_77614]\" ).fancybox( {\n\t\t\t\t\t\t\t\t'transitionIn'\t\t:\t'elastic',\n\t\t\t\t\t\t\t\t'transitionOut'\t\t:\t'elastic',\n\t\t\t\t\t\t\t\t'titlePosition' \t:\t'inside',\n\t\t\t\t\t\t\t\t'speedIn'\t\t\t:\t500, \n\t\t\t\t\t\t\t\t'speedOut'\t\t\t:\t300,\n\t\t\t\t\t\t\t\t'titleFormat'\t\t:\tfunction( title, currentArray, currentIndex, currentOpts ) {\n\t\t\t\t\t\t\t\t\treturn '<div id=\"fancybox-title-inside\">' + ( title.length ? '<span id=\"bws_gallery_image_title\">' + title + '<\/span><br \/>' : '' ) + '<span id=\"bws_gallery_image_counter\">Image ' + ( currentIndex + 1 ) + ' \/ ' + currentArray.length + '<\/span><\/div>';\n\t\t\t\t\t\t\t\t}\t\t\t\t\t\t\t});\n\t\t\t\t\t\t});\n\t\t\t\t\t})(jQuery);\n\t\t\t\t<\/script>\n\t\t\t\n","protected":false},"excerpt":{"rendered":"<p>Dnia 6 maja 2022r.\u00a0\u00a0odby\u0142a si\u0119 konferencja poprojektowa dla uczni\u00f3w, rodzic\u00f3w i zaproszonych go\u015bci. W czasie konferencji uczestnicy mobilno\u015bci przekazali go\u015bciom informacj\u0119 na temat szko\u0142y partnerskiej projektu, kultury i tradycji Rumunii oraz opowiedzieli o swoich do\u015bwiadczeniach i prze\u017cyciach podczas mobilno\u015bci. Opowiedzieli o projekcie, celach jakie osi\u0105gn\u0119li, \u017ar\u00f3dle finansowania projektu. Uczestnicy zrelacjonowali przebieg dzia\u0142a\u0144 projektowych od rekrutacji <a href=\"https:\/\/sp1slupsk.pl\/?gallery=rozpowszechnianie-rezultatow\"><b>&#8230;wi\u0119cej<\/b><\/a><\/p>\n","protected":false},"author":1,"featured_media":0,"parent":0,"menu_order":0,"comment_status":"closed","ping_status":"closed","template":"","meta":[],"_links":{"self":[{"href":"https:\/\/sp1slupsk.pl\/index.php?rest_route=\/wp\/v2\/pages\/77611"}],"collection":[{"href":"https:\/\/sp1slupsk.pl\/index.php?rest_route=\/wp\/v2\/pages"}],"about":[{"href":"https:\/\/sp1slupsk.pl\/index.php?rest_route=\/wp\/v2\/types\/page"}],"author":[{"embeddable":true,"href":"https:\/\/sp1slupsk.pl\/index.php?rest_route=\/wp\/v2\/users\/1"}],"replies":[{"embeddable":true,"href":"https:\/\/sp1slupsk.pl\/index.php?rest_route=%2Fwp%2Fv2%2Fcomments&post=77611"}],"version-history":[{"count":6,"href":"https:\/\/sp1slupsk.pl\/index.php?rest_route=\/wp\/v2\/pages\/77611\/revisions"}],"predecessor-version":[{"id":78042,"href":"https:\/\/sp1slupsk.pl\/index.php?rest_route=\/wp\/v2\/pages\/77611\/revisions\/78042"}],"wp:attachment":[{"href":"https:\/\/sp1slupsk.pl\/index.php?rest_route=%2Fwp%2Fv2%2Fmedia&parent=77611"}],"curies":[{"name":"wp","href":"https:\/\/api.w.org\/{rel}","templated":true}]}}