{"id":77969,"date":"2025-09-01T14:36:52","date_gmt":"2025-09-01T12:36:52","guid":{"rendered":"http:\/\/sp1slupsk.pl\/?page_id=77969"},"modified":"2026-04-12T16:20:21","modified_gmt":"2026-04-12T14:20:21","slug":"goracy-posilek","status":"publish","type":"page","link":"https:\/\/sp1slupsk.pl\/?page_id=77969","title":{"rendered":"Gor\u0105cy posi\u0142ek w szkole"},"content":{"rendered":"\n<p class=\"has-text-align-center\"><strong>Szanowni Rodzice! <\/strong><\/p>\n\n\n\n<p>Rusza program <strong>\u201eGor\u0105cy posi\u0142ek w szkole i domu\u201d<\/strong>. Zgodnie z jego za\u0142o\u017ceniami Pa\u0144stwa dzieci maj\u0105 mo\u017cliwo\u015b\u0107 skorzystania z jednego gor\u0105cego posi\u0142ku w ci\u0105gu dnia na terenie szko\u0142y.<\/p>\n\n\n\n<p><strong>Uwaga! Korzystanie z oferty jest dobrowolne i odp\u0142atne.<\/strong><\/p>\n\n\n\n<p>W roku szkolnym 2025\/26 gor\u0105cy posi\u0142ek w szkole to zupa z wk\u0142adk\u0105. Rodzic ponosi tylko koszt \u201ewsadu do kot\u0142a\u201d w kwocie: 5,70 z\u0142 (s\u0142ownie: pi\u0119\u0107 z\u0142otych i siedemdziesi\u0105t groszy). Szczeg\u00f3\u0142owe zasady korzystania z programu znajduj\u0105 si\u0119 w <strong>Regulaminie korzystania ze sto\u0142\u00f3wki szkolnej w Szkole Podstawowej nr 1<\/strong> zamieszczonym na stronie szko\u0142y.<\/p>\n\n\n\n<p>Podstaw\u0105 do korzystania z posi\u0142k\u00f3w przez ucznia w sto\u0142\u00f3wce jest z\u0142o\u017cenie przez jego rodzic\u00f3w\/opiekun\u00f3w prawnych deklaracji korzystania z posi\u0142k\u00f3w w postaci O\u015bwiadczenia rodzica, kt\u00f3rego wz\u00f3r stanowi <strong>za\u0142\u0105cznik nr 1 do Regulaminu.<\/strong> Rodzic b\u0119dzie m\u00f3g\u0142 zrezygnowa\u0107 z posi\u0142ku, sk\u0142adaj\u0105c O\u015bwiadczenie rodzica o rezygnacji z posi\u0142ku, kt\u00f3rego wz\u00f3r stanowi <strong>za\u0142\u0105cznik nr 2 do Regulaminu<\/strong>.<\/p>\n\n\n\n<hr class=\"wp-block-separator\"\/>\n\n\n\n<p class=\"has-text-align-right\">Za\u0142\u0105cznik do Zarz\u0105dzenia Dyrektora szko\u0142y<br>Nr 8\/ 2022z dnia 01.09.22r.<\/p>\n\n\n\n<p class=\"has-text-align-center\"><strong>Regulamin korzystania ze sto\u0142\u00f3wki szkolnej<br>w Szkole Podstawowej nr 1 w S\u0142upsku<\/strong><\/p>\n\n\n\n<p class=\"has-text-align-center\"><strong>\u00a7 1.<\/strong><\/p>\n\n\n\n<p>Postanowienia og\u00f3lne<\/p>\n\n\n\n<ol><li>Sto\u0142\u00f3wka szkolna, zwana dalej sto\u0142\u00f3wk\u0105, zosta\u0142a zorganizowana w ramach prawid\u0142owej realizacji zada\u0144 opieku\u0144czych szko\u0142y, w tym wspierania prawid\u0142owego rozwoju uczni\u00f3w.<\/li><li>Sto\u0142\u00f3wka jest miejscem spo\u017cywania posi\u0142k\u00f3w dla os\u00f3b uprawnionych, o kt\u00f3rych mowa w \u00a7 2 Regulaminu.<\/li><li>Sto\u0142\u00f3wka zapewnia wydawanie jednodaniowego gor\u0105cego posi\u0142ku w postaci zupy z wk\u0142adk\u0105 dla uczni\u00f3w szko\u0142y, zwanego dalej posi\u0142kiem.<\/li><li>Posi\u0142ki wydawane s\u0105 w dni nauki szkolnej w godzinach od 10: 35do 12:30 w czasie przerw mi\u0119dzylekcyjnych lub po zako\u0144czeniu zaj\u0119\u0107 lekcyjnych.<\/li><li>Korzystanie z posi\u0142k\u00f3w w sto\u0142\u00f3wce jest odp\u0142atne i dobrowolne.<\/li><li>Szko\u0142a zapewnia spo\u017cywanie posi\u0142k\u00f3w wy\u0142\u0105cznie na terenie sto\u0142\u00f3wki.<\/li><\/ol>\n\n\n\n<p class=\"has-text-align-center\"><strong>\u00a7 2.<\/strong><\/p>\n\n\n\n<p>Uprawnieni do korzystania ze sto\u0142\u00f3wki<\/p>\n\n\n\n<ol><li>Do korzystania z posi\u0142k\u00f3w w sto\u0142\u00f3wce uprawnieni s\u0105 uczniowie i wychowankowie szko\u0142y, zwani dalej uczniami.<\/li><li>Podstaw\u0105 korzystania z posi\u0142k\u00f3w przez ucznia w sto\u0142\u00f3wce jest z\u0142o\u017cenie przez jego rodzic\u00f3w\/opiekun\u00f3w prawnych deklaracji korzystania z posi\u0142k\u00f3w w postaci O\u015bwiadczenia rodzica, kt\u00f3rego wz\u00f3r stanowi za\u0142\u0105cznik nr 1 do Regulaminu.<\/li><li>Rezygnacja ze spo\u017cywania posi\u0142ku nast\u0119puje na podstawie O\u015bwiadczenia rodzica o rezygnacji z posi\u0142ku, kt\u00f3rego wz\u00f3r stanowi za\u0142\u0105cznik nr 2 do Regulaminu, z\u0142o\u017conego w terminie poprzedzaj\u0105cym nowy miesi\u0105c rozliczeniowy.<\/li><li>Wype\u0142nione o\u015bwiadczenia, o kt\u00f3rych mowa w ust. 2 i 3 niniejszego paragrafu, opatrzone czytelnym podpisem rodzica sk\u0142ada si\u0119 w sekretariacie szko\u0142y.<\/li><\/ol>\n\n\n\n<p class=\"has-text-align-center\"><strong>\u00a7 3.<\/strong><\/p>\n\n\n\n<p>Odp\u0142atno\u015b\u0107 za posi\u0142ki<\/p>\n\n\n\n<ol><li>Op\u0142ata dzienna za posi\u0142ek wydawany uczniom stanowi r\u00f3wnowarto\u015b\u0107 koszt\u00f3w zakupu produkt\u00f3w spo\u017cywczych zu\u017cytych do przygotowania posi\u0142ku, tzw. \u201e wk\u0142ad do kot\u0142a\u201d. Stawka wysoko\u015bci op\u0142at za posi\u0142ek okre\u015blana jest przez Dyrektora szko\u0142y w porozumieniu z organem prowadz\u0105cym przed rozpocz\u0119ciem nowego roku szkolnego.<\/li><li>Op\u0142aty za posi\u0142ki ponosz\u0105 rodzice uczni\u00f3w.<\/li><li>Wysoko\u015b\u0107 miesi\u0119cznej op\u0142aty za posi\u0142ki ustalana jest jako iloczyn op\u0142aty dziennej oraz ilo\u015bci dni, w kt\u00f3rych ucze\u0144 korzysta\u0142 z posi\u0142k\u00f3w.<\/li><li>Miesi\u0119czne op\u0142aty za posi\u0142ki nale\u017cy wnosi\u0107 do dnia 10 &#8211; tego miesi\u0105ca nast\u0119puj\u0105cego po miesi\u0105cu, w kt\u00f3rym ucze\u0144 korzysta\u0142 z posi\u0142k\u00f3w, przelewem na rachunek bankowy, wskazuj\u0105c imi\u0119 i nazwisko ucznia oraz klas\u0119, kt\u00f3rego wp\u0142ata dotyczy.<\/li><li>Za dat\u0119 uiszczenia op\u0142aty uznaje si\u0119 dzie\u0144 wp\u0142ywu \u015brodk\u00f3w na rachunek bankowy szko\u0142y.<\/li><\/ol>\n\n\n\n<p class=\"has-text-align-center\"><strong>\u00a7 4.<\/strong><\/p>\n\n\n\n<p>Informacja o czasowej nieobecno\u015bci ucznia<\/p>\n\n\n\n<ol><li>Rodzic ucznia jest zobowi\u0105zany zg\u0142osi\u0107 nieobecno\u015b\u0107 ucznia w szkole z powodu choroby, wycieczki lub innych przyczyn w formie elektronicznej poprzez e-dziennik do sekretariatu lub na adres szko\u0142y \u2013 sekretariat@sp1slupsk.pl, najp\u00f3\u017aniej do godz. 8.30 w danym dniu.<\/li><li>W przypadku niezg\u0142oszenia nieobecno\u015bci ucznia w szkole w spos\u00f3b opisany w ust. 1 op\u0142ata za posi\u0142ek b\u0119dzie naliczana.<\/li><li>W przypadku obecno\u015bci ucznia w szkole i braku konsumpcji posi\u0142ku w danym dniu, op\u0142ata za posi\u0142ek podlega naliczeniu.<\/li><\/ol>\n\n\n\n<p class=\"has-text-align-center\"><strong>\u00a7 5.<\/strong><\/p>\n\n\n\n<p>Zasady zachowania w sto\u0142\u00f3wce<\/p>\n\n\n\n<ol><li>Po odbi\u00f3r posi\u0142ku uczniowie ustawiaj\u0105 si\u0119 w kolejce.<\/li><li>Podczas wydawania posi\u0142k\u00f3w w sto\u0142\u00f3wce mog\u0105 przebywa\u0107, opr\u00f3cz obs\u0142ugi sto\u0142\u00f3wki, os\u00f3b dy\u017curuj\u0105cych, wy\u0142\u0105cznie osoby spo\u017cywaj\u0105ce posi\u0142ek. W przypadku uczni\u00f3w niesamodzielnych (kszta\u0142cenie specjalne) w celu pomocy w konsumpcji posi\u0142ku na sto\u0142\u00f3wce mo\u017ce przebywa\u0107 rodzic ucznia.<\/li><li>Po spo\u017cyciu posi\u0142ku uczniowie odnosz\u0105 naczynia w wyznaczone miejsce i niezw\u0142ocznie opuszczaj\u0105 sto\u0142\u00f3wk\u0119.<\/li><li>W sprawach porz\u0105dkowych dotycz\u0105cych korzystania z posi\u0142k\u00f3w &#8211; uczniowie zobowi\u0105zani s\u0105 respektowa\u0107 polecenia nauczyciela dy\u017curuj\u0105cego, osoby wydaj\u0105cej posi\u0142ki lub innego upowa\u017cnionego pracownika szko\u0142y.<\/li><\/ol>\n\n\n\n<p class=\"has-text-align-center\"><strong>\u00a7 6.<\/strong><\/p>\n\n\n\n<p>Osoby spo\u017cywaj\u0105ce posi\u0142ek maj\u0105 obowi\u0105zek:<\/p>\n\n\n\n<ol><li>zachowania czysto\u015bci, a w szczeg\u00f3lno\u015bci powinny przed posi\u0142kiem umy\u0107 r\u0119ce;<\/li><li>kulturalnego spo\u017cywania posi\u0142k\u00f3w;<\/li><li>zachowania ciszy podczas spo\u017cywania posi\u0142k\u00f3w;<\/li><li>kulturalnego odnoszenia si\u0119 do pozosta\u0142ych os\u00f3b przebywaj\u0105cych w sto\u0142\u00f3wce;<\/li><li>u\u017cywania sztu\u0107c\u00f3w wy\u0142\u0105cznie zgodnie z ich przeznaczeniem.<\/li><\/ol>\n\n\n\n<p class=\"has-text-align-center\"><strong>\u00a7 7.<\/strong><\/p>\n\n\n\n<ol><li>Zabrania si\u0119 na sto\u0142\u00f3wce:<br>1) pobytu os\u00f3b nieuprawnionych, w tym rodzic\u00f3w, za wyj\u0105tkiem sytuacji, o kt\u00f3rych mowa w \u00a7 5 ust. 2 Regulaminu;<br>2) wnoszenia na sto\u0142\u00f3wk\u0119 w\u0142asnych naczy\u0144, sztu\u0107c\u00f3w;<br>3) popychania, szarpania, biegania;<br>4) niszczenia mienia szko\u0142y i wyposa\u017cenia sto\u0142\u00f3wki;<br>5) korzystania z urz\u0105dze\u0144 technicznych, tj. telefon\u00f3w, tablet\u00f3w, laptop\u00f3w, itp.<\/li><li>W przypadku nierespektowania powy\u017cszych zakaz\u00f3w powiadamia si\u0119 wychowawc\u0119 klasy oraz rodzic\u00f3w.<\/li><\/ol>\n\n\n\n<p class=\"has-text-align-center\">\u00a7 8.<\/p>\n\n\n\n<p>Postanowienia ko\u0144cowe<\/p>\n\n\n\n<p>W sprawach nieuregulowanych w niniejszym Regulaminie, zwi\u0105zanych z organizacj\u0105 pracy sto\u0142\u00f3wki decyduje Dyrektor szko\u0142y.<\/p>\n\n\n\n<div class=\"wp-block-file\"><a href=\"https:\/\/sp1slupsk.pl\/wp-content\/uploads\/2025\/08\/Zalacznik-nr-1-Deklaracja-zapisu-2025-2026.odt\"><strong><span class=\"has-inline-color has-black-color\">Za\u0142\u0105cznik nr 1 &#8211; Deklaracja zapisu 2025\/2026<\/span><\/strong><\/a><\/div>\n\n\n\n<div class=\"wp-block-file\"><a href=\"https:\/\/sp1slupsk.pl\/wp-content\/uploads\/2025\/08\/Zalacznik-nr-2-Deklaracja-rezygnacji-2025-2026.odt\"><strong><span class=\"has-inline-color has-black-color\">Za\u0142\u0105cznik nr 2 &#8211; Deklaracja rezygnacji 2025\/2026<\/span><\/strong><\/a><\/div>\n\n\n\n<div class=\"wp-block-file\"><a href=\"http:\/\/sp1slupsk.pl\/wp-content\/uploads\/2022\/09\/alergeny.docx\"><strong><span class=\"has-inline-color has-black-color\">Alergeny<\/span><\/strong><\/a><\/div>\n\n\n\n<p><strong><a href=\"https:\/\/sp1slupsk.pl\/?page_id=83186\" data-type=\"URL\" data-id=\"https:\/\/sp1slupsk.pl\/?page_id=83186\"><span class=\"has-inline-color has-black-color\">Jad\u0142ospis<\/span><\/a><\/strong><\/p>\n","protected":false},"excerpt":{"rendered":"<p>Szanowni Rodzice! Rusza program \u201eGor\u0105cy posi\u0142ek w szkole i domu\u201d. Zgodnie z jego za\u0142o\u017ceniami Pa\u0144stwa dzieci maj\u0105 mo\u017cliwo\u015b\u0107 skorzystania z jednego gor\u0105cego posi\u0142ku w ci\u0105gu dnia na terenie szko\u0142y. Uwaga! Korzystanie z oferty jest dobrowolne i odp\u0142atne. W roku szkolnym 2025\/26 gor\u0105cy posi\u0142ek w szkole to zupa z wk\u0142adk\u0105. Rodzic ponosi tylko koszt \u201ewsadu do <a href=\"https:\/\/sp1slupsk.pl\/?page_id=77969\"><b>&#8230;wi\u0119cej<\/b><\/a><\/p>\n","protected":false},"author":1,"featured_media":0,"parent":0,"menu_order":0,"comment_status":"closed","ping_status":"closed","template":"","meta":[],"_links":{"self":[{"href":"https:\/\/sp1slupsk.pl\/index.php?rest_route=\/wp\/v2\/pages\/77969"}],"collection":[{"href":"https:\/\/sp1slupsk.pl\/index.php?rest_route=\/wp\/v2\/pages"}],"about":[{"href":"https:\/\/sp1slupsk.pl\/index.php?rest_route=\/wp\/v2\/types\/page"}],"author":[{"embeddable":true,"href":"https:\/\/sp1slupsk.pl\/index.php?rest_route=\/wp\/v2\/users\/1"}],"replies":[{"embeddable":true,"href":"https:\/\/sp1slupsk.pl\/index.php?rest_route=%2Fwp%2Fv2%2Fcomments&post=77969"}],"version-history":[{"count":84,"href":"https:\/\/sp1slupsk.pl\/index.php?rest_route=\/wp\/v2\/pages\/77969\/revisions"}],"predecessor-version":[{"id":89164,"href":"https:\/\/sp1slupsk.pl\/index.php?rest_route=\/wp\/v2\/pages\/77969\/revisions\/89164"}],"wp:attachment":[{"href":"https:\/\/sp1slupsk.pl\/index.php?rest_route=%2Fwp%2Fv2%2Fmedia&parent=77969"}],"curies":[{"name":"wp","href":"https:\/\/api.w.org\/{rel}","templated":true}]}}