{"id":79564,"date":"2022-11-14T11:20:36","date_gmt":"2022-11-14T10:20:36","guid":{"rendered":"http:\/\/sp1slupsk.pl\/?page_id=79564"},"modified":"2022-11-27T13:39:25","modified_gmt":"2022-11-27T12:39:25","slug":"moblinosc-fotorelacja","status":"publish","type":"page","link":"https:\/\/sp1slupsk.pl\/?page_id=79564","title":{"rendered":"Mobilno\u015b\u0107. Fotorelacja"},"content":{"rendered":"\n<div class=\"wp-block-buttons\">\n<div class=\"wp-block-button is-style-outline\"><a class=\"wp-block-button__link\" href=\"http:\/\/sp1slupsk.pl\/?page_id=80066\"><span class=\"has-inline-color has-black-color\">Ponadnarodowa mobilno\u015b\u0107 &#8211; dzie\u0144 1<\/span><\/a><\/div>\n<\/div>\n\n\n\n<div class=\"wp-block-buttons\">\n<div class=\"wp-block-button is-style-outline\"><a class=\"wp-block-button__link\" href=\"http:\/\/sp1slupsk.pl\/?page_id=80062\"><span class=\"has-inline-color has-black-color\">Ponadnarodowa mobilno\u015b\u0107 &#8211; dzie\u0144 2<\/span><\/a><\/div>\n<\/div>\n\n\n\n<div class=\"wp-block-buttons\">\n<div class=\"wp-block-button is-style-outline\"><a class=\"wp-block-button__link\" href=\"http:\/\/sp1slupsk.pl\/?page_id=80150\"><span class=\"has-inline-color has-black-color\">Ponadnarodowa mobilno\u015b\u0107 &#8211; dzie\u0144 3<\/span><\/a><\/div>\n<\/div>\n\n\n\n<div class=\"wp-block-buttons\">\n<div class=\"wp-block-button is-style-outline\"><a class=\"wp-block-button__link\" href=\"http:\/\/sp1slupsk.pl\/?page_id=80186\"><span class=\"has-inline-color has-black-color\">Ponadnarodowa mobilno\u015b\u0107 &#8211; dzie\u0144 4<\/span><\/a><\/div>\n<\/div>\n\n\n\n<div class=\"wp-block-buttons\">\n<div class=\"wp-block-button is-style-outline\"><a class=\"wp-block-button__link\" href=\"http:\/\/sp1slupsk.pl\/?page_id=80248\"><span class=\"has-inline-color has-black-color\">Ponadnarodowa mobilno\u015b\u0107 &#8211; dzie\u0144 5<\/span><\/a><\/div>\n<\/div>\n\n\n\n<div class=\"wp-block-buttons\">\n<div class=\"wp-block-button is-style-outline\"><a class=\"wp-block-button__link\" href=\"http:\/\/sp1slupsk.pl\/?page_id=80346\"><span class=\"has-inline-color has-black-color\">Ponadnarodowa mobilno\u015b\u0107 &#8211; dzie\u0144 6<\/span><\/a><\/div>\n<\/div>\n","protected":false},"excerpt":{"rendered":"","protected":false},"author":1,"featured_media":0,"parent":0,"menu_order":0,"comment_status":"closed","ping_status":"closed","template":"","meta":[],"_links":{"self":[{"href":"https:\/\/sp1slupsk.pl\/index.php?rest_route=\/wp\/v2\/pages\/79564"}],"collection":[{"href":"https:\/\/sp1slupsk.pl\/index.php?rest_route=\/wp\/v2\/pages"}],"about":[{"href":"https:\/\/sp1slupsk.pl\/index.php?rest_route=\/wp\/v2\/types\/page"}],"author":[{"embeddable":true,"href":"https:\/\/sp1slupsk.pl\/index.php?rest_route=\/wp\/v2\/users\/1"}],"replies":[{"embeddable":true,"href":"https:\/\/sp1slupsk.pl\/index.php?rest_route=%2Fwp%2Fv2%2Fcomments&post=79564"}],"version-history":[{"count":13,"href":"https:\/\/sp1slupsk.pl\/index.php?rest_route=\/wp\/v2\/pages\/79564\/revisions"}],"predecessor-version":[{"id":80349,"href":"https:\/\/sp1slupsk.pl\/index.php?rest_route=\/wp\/v2\/pages\/79564\/revisions\/80349"}],"wp:attachment":[{"href":"https:\/\/sp1slupsk.pl\/index.php?rest_route=%2Fwp%2Fv2%2Fmedia&parent=79564"}],"curies":[{"name":"wp","href":"https:\/\/api.w.org\/{rel}","templated":true}]}}