{"id":79565,"date":"2022-11-14T13:09:07","date_gmt":"2022-11-14T12:09:07","guid":{"rendered":"http:\/\/sp1slupsk.pl\/?page_id=79565"},"modified":"2023-01-05T08:55:21","modified_gmt":"2023-01-05T07:55:21","slug":"rezultaty-naszej-pracy-2","status":"publish","type":"page","link":"https:\/\/sp1slupsk.pl\/?page_id=79565","title":{"rendered":"Rezultaty naszej pracy"},"content":{"rendered":"\n<p><a href=\"https:\/\/view.genial.ly\/6372a495fb20d50012d7a93a\/interactive-content-compass-rose-project\" data-type=\"URL\" data-id=\"https:\/\/view.genial.ly\/6372a495fb20d50012d7a93a\/interactive-content-compass-rose-project\"><span class=\"has-inline-color has-black-color\"><em>Link do gry dydaktycznej online &#8222;R\u00f3\u017ca wiatr\u00f3w &#8211; rejs po Morzu \u015ar\u00f3dziemnym&#8221;<\/em><\/span><\/a><\/p>\n\n\n\n\t\t\t\t\t\t<div class=\"gallery_box_single\">\n\t\t\t\t\t\t\t\t\t\t\t\t\t\t\t<div class=\"gallery clearfix\">\n\t\t\t\t\t\t\t\t\t\t\t\t\t\t\t\t\t\t\t\t<div class=\"gllr_image_row\">\n\t\t\t\t\t\t\t\t\t\t\t\t\t\t\t\t\t\t\t\t\t<div class=\"gllr_image_block\">\n\t\t\t\t\t\t\t\t\t\t\t\t<p style=\"width:180px;height:140px;\">\n\t\t\t\t\t\t\t\t\t\t\t\t\t\t\t\t\t\t\t\t\t\t\t\t\t\t\t<a rel=\"gallery_fancybox_81313\" href=\"https:\/\/sp1slupsk.pl\/wp-content\/uploads\/2023\/01\/318999188_1261253777766057_5626264174874136578_n-1006x1024.jpg\" title=\"Rezultaty naszej pracy - Ponadnarodowa mobilno\u015b\u0107 uczni\u00f3w\">\n\t\t\t\t\t\t\t\t\t\t\t\t\t\t\t<img style=\"width:160px;height:120px; border-width: 10px; border-color:#F1F1F1;border: 10px solid #F1F1F1\" alt=\"\" title=\"Rezultaty naszej pracy - Ponadnarodowa mobilno\u015b\u0107 uczni\u00f3w\" src=\"https:\/\/sp1slupsk.pl\/wp-content\/uploads\/2023\/01\/318999188_1261253777766057_5626264174874136578_n-160x120.jpg\" rel=\"https:\/\/sp1slupsk.pl\/wp-content\/uploads\/2023\/01\/318999188_1261253777766057_5626264174874136578_n.jpg\" \/>\n\t\t\t\t\t\t\t\t\t\t\t\t\t\t<\/a>\n\t\t\t\t\t\t\t\t\t\t\t\t\t\t\t\t\t\t\t\t\t\t\t\t\t<\/p>\n\t\t\t\t\t\t\t\t\t\t\t\t\t\t\t\t\t\t\t\t\t\t\t<\/div><!-- .gllr_image_block -->\n\t\t\t\t\t\t\t\t\t\t\t\t\t\t\t\t\t\t\t\t\t<div class=\"gllr_image_block\">\n\t\t\t\t\t\t\t\t\t\t\t\t<p style=\"width:180px;height:140px;\">\n\t\t\t\t\t\t\t\t\t\t\t\t\t\t\t\t\t\t\t\t\t\t\t\t\t\t\t<a rel=\"gallery_fancybox_81313\" href=\"https:\/\/sp1slupsk.pl\/wp-content\/uploads\/2023\/01\/318880033_530826672312473_8977469366089446829_n-999x1024.jpg\" title=\"Rezultaty naszej pracy - Ponadnarodowa mobilno\u015b\u0107 uczni\u00f3w\">\n\t\t\t\t\t\t\t\t\t\t\t\t\t\t\t<img style=\"width:160px;height:120px; border-width: 10px; border-color:#F1F1F1;border: 10px solid #F1F1F1\" alt=\"\" title=\"Rezultaty naszej pracy - Ponadnarodowa mobilno\u015b\u0107 uczni\u00f3w\" src=\"https:\/\/sp1slupsk.pl\/wp-content\/uploads\/2023\/01\/318880033_530826672312473_8977469366089446829_n-160x120.jpg\" rel=\"https:\/\/sp1slupsk.pl\/wp-content\/uploads\/2023\/01\/318880033_530826672312473_8977469366089446829_n.jpg\" \/>\n\t\t\t\t\t\t\t\t\t\t\t\t\t\t<\/a>\n\t\t\t\t\t\t\t\t\t\t\t\t\t\t\t\t\t\t\t\t\t\t\t\t\t<\/p>\n\t\t\t\t\t\t\t\t\t\t\t\t\t\t\t\t\t\t\t\t\t\t\t<\/div><!-- .gllr_image_block -->\n\t\t\t\t\t\t\t\t\t\t\t\t\t\t\t\t\t\t\t\t\t<div class=\"gllr_image_block\">\n\t\t\t\t\t\t\t\t\t\t\t\t<p style=\"width:180px;height:140px;\">\n\t\t\t\t\t\t\t\t\t\t\t\t\t\t\t\t\t\t\t\t\t\t\t\t\t\t\t<a rel=\"gallery_fancybox_81313\" href=\"https:\/\/sp1slupsk.pl\/wp-content\/uploads\/2023\/01\/321975872_612625020862642_7805755262132671624_n-1024x768.jpg\" title=\"Rezultaty naszej pracy - Ponadnarodowa mobilno\u015b\u0107 uczni\u00f3w\">\n\t\t\t\t\t\t\t\t\t\t\t\t\t\t\t<img style=\"width:160px;height:120px; border-width: 10px; border-color:#F1F1F1;border: 10px solid #F1F1F1\" alt=\"\" title=\"Rezultaty naszej pracy - Ponadnarodowa mobilno\u015b\u0107 uczni\u00f3w\" src=\"https:\/\/sp1slupsk.pl\/wp-content\/uploads\/2023\/01\/321975872_612625020862642_7805755262132671624_n-160x120.jpg\" rel=\"https:\/\/sp1slupsk.pl\/wp-content\/uploads\/2023\/01\/321975872_612625020862642_7805755262132671624_n.jpg\" \/>\n\t\t\t\t\t\t\t\t\t\t\t\t\t\t<\/a>\n\t\t\t\t\t\t\t\t\t\t\t\t\t\t\t\t\t\t\t\t\t\t\t\t\t<\/p>\n\t\t\t\t\t\t\t\t\t\t\t\t\t\t\t\t\t\t\t\t\t\t\t<\/div><!-- .gllr_image_block -->\n\t\t\t\t\t\t\t\t\t\t\t\t\t\t\t\t\t\t\t\t\t<\/div><!-- .gllr_image_row -->\n\t\t\t\t\t\t\t\t\t\t\t\t\t\t\t\t\t\t<\/div><!-- .gallery.clearfix -->\n\t\t\t\t\t\t\t\t\t\t\t\t\t<\/div><!-- .gallery_box_single -->\n\t\t\t\t\t\t<div class=\"gllr_clear\"><\/div>\n\t\t\t\t\t\t\t\t\t<script type=\"text\/javascript\">\n\t\t\t\t\t(function($) {\n\t\t\t\t\t\t$(document).ready( function() {\n\t\t\t\t\t\t\t$( \"a[rel=gallery_fancybox_81313]\" ).fancybox( {\n\t\t\t\t\t\t\t\t'transitionIn'\t\t:\t'elastic',\n\t\t\t\t\t\t\t\t'transitionOut'\t\t:\t'elastic',\n\t\t\t\t\t\t\t\t'titlePosition' \t:\t'inside',\n\t\t\t\t\t\t\t\t'speedIn'\t\t\t:\t500, \n\t\t\t\t\t\t\t\t'speedOut'\t\t\t:\t300,\n\t\t\t\t\t\t\t\t'titleFormat'\t\t:\tfunction( title, currentArray, currentIndex, currentOpts ) {\n\t\t\t\t\t\t\t\t\treturn '<div id=\"fancybox-title-inside\">' + ( title.length ? '<span id=\"bws_gallery_image_title\">' + title + '<\/span><br \/>' : '' ) + '<span id=\"bws_gallery_image_counter\">Image ' + ( currentIndex + 1 ) + ' \/ ' + currentArray.length + '<\/span><\/div>';\n\t\t\t\t\t\t\t\t}\t\t\t\t\t\t\t});\n\t\t\t\t\t\t});\n\t\t\t\t\t})(jQuery);\n\t\t\t\t<\/script>\n\t\t\t\n","protected":false},"excerpt":{"rendered":"<p>Link do gry dydaktycznej online &#8222;R\u00f3\u017ca wiatr\u00f3w &#8211; rejs po Morzu \u015ar\u00f3dziemnym&#8221;<\/p>\n","protected":false},"author":1,"featured_media":0,"parent":0,"menu_order":0,"comment_status":"closed","ping_status":"closed","template":"","meta":[],"_links":{"self":[{"href":"https:\/\/sp1slupsk.pl\/index.php?rest_route=\/wp\/v2\/pages\/79565"}],"collection":[{"href":"https:\/\/sp1slupsk.pl\/index.php?rest_route=\/wp\/v2\/pages"}],"about":[{"href":"https:\/\/sp1slupsk.pl\/index.php?rest_route=\/wp\/v2\/types\/page"}],"author":[{"embeddable":true,"href":"https:\/\/sp1slupsk.pl\/index.php?rest_route=\/wp\/v2\/users\/1"}],"replies":[{"embeddable":true,"href":"https:\/\/sp1slupsk.pl\/index.php?rest_route=%2Fwp%2Fv2%2Fcomments&post=79565"}],"version-history":[{"count":4,"href":"https:\/\/sp1slupsk.pl\/index.php?rest_route=\/wp\/v2\/pages\/79565\/revisions"}],"predecessor-version":[{"id":81317,"href":"https:\/\/sp1slupsk.pl\/index.php?rest_route=\/wp\/v2\/pages\/79565\/revisions\/81317"}],"wp:attachment":[{"href":"https:\/\/sp1slupsk.pl\/index.php?rest_route=%2Fwp%2Fv2%2Fmedia&parent=79565"}],"curies":[{"name":"wp","href":"https:\/\/api.w.org\/{rel}","templated":true}]}}