{"id":79566,"date":"2022-11-14T13:10:55","date_gmt":"2022-11-14T12:10:55","guid":{"rendered":"http:\/\/sp1slupsk.pl\/?page_id=79566"},"modified":"2023-01-05T09:21:43","modified_gmt":"2023-01-05T08:21:43","slug":"prezentacja-z-mobilnosci","status":"publish","type":"page","link":"https:\/\/sp1slupsk.pl\/?page_id=79566","title":{"rendered":"Prezentacja z mobilno\u015bci"},"content":{"rendered":"\n<p><em><a href=\"https:\/\/view.genial.ly\/6372a495fb20d50012d7a93a\/interactive-content-compass-rose-project\" data-type=\"URL\" data-id=\"https:\/\/view.genial.ly\/6372a495fb20d50012d7a93a\/interactive-content-compass-rose-project\"><span class=\"has-inline-color has-black-color\">Link do gry dydaktycznej online &#8222;R\u00f3\u017ca wiatr\u00f3w &#8211; rejs po Morzu \u015ar\u00f3dziemnym&#8221;<\/span><\/a><\/em><\/p>\n\n\n\n<p><em><a href=\"https:\/\/gp24.pl\/najpierw-palcem-po-mapie-a-teraz-w-realu-uczniowie-slupskiej-jedynki-obrali-kurs-na-rzym\/ar\/c1-17043321\" data-type=\"URL\" data-id=\"https:\/\/gp24.pl\/najpierw-palcem-po-mapie-a-teraz-w-realu-uczniowie-slupskiej-jedynki-obrali-kurs-na-rzym\/ar\/c1-17043321\"><span class=\"has-inline-color has-black-color\">Najpierw palcem po mapie, a teraz w realu. Uczniowie s\u0142upskiej &#8222;jedynki&#8221; obrali kurs na Rzym &#8211; link do artyku\u0142u w prasie<\/span><\/a><\/em><\/p>\n\n\n\n<figure class=\"wp-block-embed-youtube wp-block-embed is-type-video is-provider-youtube wp-embed-aspect-4-3 wp-has-aspect-ratio\"><div class=\"wp-block-embed__wrapper\">\n<iframe title=\"Ponadnarodowa mobilno\u015b\u0107 W\u0142ochy - dzie\u0144 2 (1)\" width=\"800\" height=\"600\" src=\"https:\/\/www.youtube.com\/embed\/aTwV58B-Ydc?feature=oembed\" frameborder=\"0\" allow=\"accelerometer; autoplay; clipboard-write; encrypted-media; gyroscope; picture-in-picture; web-share\" allowfullscreen><\/iframe>\n<\/div><\/figure>\n\n\n\n<figure class=\"wp-block-embed-youtube wp-block-embed is-type-video is-provider-youtube wp-embed-aspect-4-3 wp-has-aspect-ratio\"><div class=\"wp-block-embed__wrapper\">\n<iframe title=\"Ponadnarodowa mobilno\u015b\u0107 W\u0142ochy - dzie\u0144 2 (2)\" width=\"800\" height=\"600\" src=\"https:\/\/www.youtube.com\/embed\/gnUCijbTSdI?feature=oembed\" frameborder=\"0\" allow=\"accelerometer; autoplay; clipboard-write; encrypted-media; gyroscope; picture-in-picture; web-share\" allowfullscreen><\/iframe>\n<\/div><\/figure>\n\n\n\n<figure class=\"wp-block-embed-youtube wp-block-embed is-type-video is-provider-youtube wp-embed-aspect-4-3 wp-has-aspect-ratio\"><div class=\"wp-block-embed__wrapper\">\n<iframe title=\"Ponadnarodowa mobilno\u015b\u0107 W\u0142ochy - dzie\u0144 2 (3)\" width=\"800\" height=\"600\" src=\"https:\/\/www.youtube.com\/embed\/X1Vf7NaRrY4?feature=oembed\" frameborder=\"0\" allow=\"accelerometer; autoplay; clipboard-write; encrypted-media; gyroscope; picture-in-picture; web-share\" allowfullscreen><\/iframe>\n<\/div><\/figure>\n\n\n\n<figure class=\"wp-block-embed-youtube wp-block-embed is-type-video is-provider-youtube wp-embed-aspect-16-9 wp-has-aspect-ratio\"><div class=\"wp-block-embed__wrapper\">\n<iframe title=\"Ponadnarodowa mobilno\u015b\u0107 W\u0142ochy - dzie\u0144 2 (4)\" width=\"800\" height=\"450\" src=\"https:\/\/www.youtube.com\/embed\/-052tZhppek?feature=oembed\" frameborder=\"0\" allow=\"accelerometer; autoplay; clipboard-write; encrypted-media; gyroscope; picture-in-picture; web-share\" allowfullscreen><\/iframe>\n<\/div><\/figure>\n\n\n\n<figure class=\"wp-block-embed-youtube wp-block-embed is-type-video is-provider-youtube wp-embed-aspect-16-9 wp-has-aspect-ratio\"><div class=\"wp-block-embed__wrapper\">\n<iframe title=\"Ponadnarodowa mobilno\u015b\u0107 W\u0142ochy - dzie\u0144 5\" width=\"800\" height=\"450\" src=\"https:\/\/www.youtube.com\/embed\/nOrx0DEQ-D0?feature=oembed\" frameborder=\"0\" allow=\"accelerometer; autoplay; clipboard-write; encrypted-media; gyroscope; picture-in-picture; web-share\" allowfullscreen><\/iframe>\n<\/div><\/figure>\n\n\n\n<figure class=\"wp-block-embed-youtube wp-block-embed is-type-video is-provider-youtube wp-embed-aspect-16-9 wp-has-aspect-ratio\"><div class=\"wp-block-embed__wrapper\">\n<iframe title=\"Ponadnarodowa mobilno\u015b\u0107 W\u0142ochy - dzie\u0144 5 (1)\" width=\"800\" height=\"450\" src=\"https:\/\/www.youtube.com\/embed\/98NBEWXSuBI?feature=oembed\" frameborder=\"0\" allow=\"accelerometer; autoplay; clipboard-write; encrypted-media; gyroscope; picture-in-picture; web-share\" allowfullscreen><\/iframe>\n<\/div><\/figure>\n\n\n\n<figure class=\"wp-block-embed-youtube wp-block-embed is-type-video is-provider-youtube wp-embed-aspect-4-3 wp-has-aspect-ratio\"><div class=\"wp-block-embed__wrapper\">\n<iframe title=\"Ponadnarodowa mobilno\u015b\u0107 W\u0142ochy - dzie\u0144 6\" width=\"800\" height=\"600\" src=\"https:\/\/www.youtube.com\/embed\/onM8X44_tMw?feature=oembed\" frameborder=\"0\" allow=\"accelerometer; autoplay; clipboard-write; encrypted-media; gyroscope; picture-in-picture; web-share\" allowfullscreen><\/iframe>\n<\/div><\/figure>\n\n\n\n<figure class=\"wp-block-embed-youtube wp-block-embed is-type-video is-provider-youtube wp-embed-aspect-16-9 wp-has-aspect-ratio\"><div class=\"wp-block-embed__wrapper\">\n<iframe title=\"Ponadnarodowa mobilno\u015b\u0107 W\u0142ochy - dzie\u0144 6 (2)\" width=\"800\" height=\"450\" src=\"https:\/\/www.youtube.com\/embed\/tl8SotS4NUY?feature=oembed\" frameborder=\"0\" allow=\"accelerometer; autoplay; clipboard-write; encrypted-media; gyroscope; picture-in-picture; web-share\" allowfullscreen><\/iframe>\n<\/div><\/figure>\n","protected":false},"excerpt":{"rendered":"<p>Link do gry dydaktycznej online &#8222;R\u00f3\u017ca wiatr\u00f3w &#8211; rejs po Morzu \u015ar\u00f3dziemnym&#8221; Najpierw palcem po mapie, a teraz w realu. Uczniowie s\u0142upskiej &#8222;jedynki&#8221; obrali kurs na Rzym &#8211; link do artyku\u0142u w prasie<\/p>\n","protected":false},"author":1,"featured_media":0,"parent":0,"menu_order":0,"comment_status":"closed","ping_status":"closed","template":"","meta":[],"_links":{"self":[{"href":"https:\/\/sp1slupsk.pl\/index.php?rest_route=\/wp\/v2\/pages\/79566"}],"collection":[{"href":"https:\/\/sp1slupsk.pl\/index.php?rest_route=\/wp\/v2\/pages"}],"about":[{"href":"https:\/\/sp1slupsk.pl\/index.php?rest_route=\/wp\/v2\/types\/page"}],"author":[{"embeddable":true,"href":"https:\/\/sp1slupsk.pl\/index.php?rest_route=\/wp\/v2\/users\/1"}],"replies":[{"embeddable":true,"href":"https:\/\/sp1slupsk.pl\/index.php?rest_route=%2Fwp%2Fv2%2Fcomments&post=79566"}],"version-history":[{"count":5,"href":"https:\/\/sp1slupsk.pl\/index.php?rest_route=\/wp\/v2\/pages\/79566\/revisions"}],"predecessor-version":[{"id":81322,"href":"https:\/\/sp1slupsk.pl\/index.php?rest_route=\/wp\/v2\/pages\/79566\/revisions\/81322"}],"wp:attachment":[{"href":"https:\/\/sp1slupsk.pl\/index.php?rest_route=%2Fwp%2Fv2%2Fmedia&parent=79566"}],"curies":[{"name":"wp","href":"https:\/\/api.w.org\/{rel}","templated":true}]}}