{"id":80066,"date":"2022-11-22T09:24:14","date_gmt":"2022-11-22T08:24:14","guid":{"rendered":"http:\/\/sp1slupsk.pl\/?page_id=80066"},"modified":"2022-11-22T09:29:50","modified_gmt":"2022-11-22T08:29:50","slug":"ponadnarodowa-mobilnosc-wlochy-dzien-1","status":"publish","type":"page","link":"https:\/\/sp1slupsk.pl\/?page_id=80066","title":{"rendered":"Ponadnarodowa mobilno\u015b\u0107 W\u0142ochy &#8211; dzie\u0144 1"},"content":{"rendered":"\n<p class=\"has-text-align-center\"><strong>Podr\u00f3\u017c uczestnik\u00f3w projektu do Rzymu<\/strong><\/p>\n\n\n\n<p>Po ca\u0142odniowej podr\u00f3\u017cy w ko\u0144cu dotarli\u015bmy do celu. Rzym uczestnik\u00f3w projektu \u201eR\u00f3\u017ca wiatr\u00f3w \u2013 edukacja morska drog\u0105 do kompetencji kluczowych\u201d realizowanego w ramach projektu \u201ePonadnarodowa mobilno\u015b\u0107 uczni\u00f3w\u201d przywita\u0142 lekkim ch\u0142odem. Nasz\u0105 podr\u00f3\u017c rozpocz\u0119li\u015bmy o godzinie 7.00 rano na dworcu PKP w S\u0142upsku czekaj\u0105c na przyjazd poci\u0105gu. Podr\u00f3\u017c Pendolino do Warszawy oraz samolotem do stolicy W\u0142och odby\u0142a si\u0119 w mi\u0142ej atmosferze. W trakcie podr\u00f3\u017cy okaza\u0142o si\u0119, i\u017c jeden z uczestnik\u00f3w obchodzi w dniu dzisiejszym urodziny. Mi\u0142\u0105 niespodziank\u0105 ze strony koleg\u00f3w i kole\u017canek by\u0142o wsp\u00f3lne od\u015bpiewanie urodzinowego \u201eSto lat\u201d. Podr\u00f3\u017c dla niekt\u00f3rych by\u0142a nowym wyzwaniem, w zwi\u0105zku z tym, i\u017c po raz pierwszy mieli okazj\u0119 lecie\u0107 samolotem. Podr\u00f3\u017cuj\u0105c ulicami miasta, zwr\u00f3cili\u015bmy uwag\u0119 na to, i\u017c noc\u0105 w \u015bwietle latarni i reflektor\u00f3w Rzym jest pe\u0142en magii i tajemniczo\u015bci. Hotel, w kt\u00f3rym jeste\u015bmy zakwaterowani znajduje si\u0119 mi\u0119dzy murami starych kamienic po\u015br\u00f3d kt\u00f3rych, przenikaj\u0105 duchy historii, kt\u00f3r\u0105 ju\u017c nied\u0142ugo b\u0119dziemy mieli okazj\u0119 zobaczy\u0107.<\/p>\n\n\n\n\t\t\t\t\t\t<div class=\"gallery_box_single\">\n\t\t\t\t\t\t\t\t\t\t\t\t\t\t\t<div class=\"gallery clearfix\">\n\t\t\t\t\t\t\t\t\t\t\t\t\t\t\t\t\t\t\t\t<div class=\"gllr_image_row\">\n\t\t\t\t\t\t\t\t\t\t\t\t\t\t\t\t\t\t\t\t\t<div class=\"gllr_image_block\">\n\t\t\t\t\t\t\t\t\t\t\t\t<p style=\"width:180px;height:140px;\">\n\t\t\t\t\t\t\t\t\t\t\t\t\t\t\t\t\t\t\t\t\t\t\t\t\t\t\t<a rel=\"gallery_fancybox_80021\" href=\"https:\/\/sp1slupsk.pl\/wp-content\/uploads\/2022\/11\/316050073_532099135136228_8602259696385084786_n-768x1024.jpg\" title=\"Uczestnicy projektu \u201eR\u00f3\u017ca wiatr\u00f3w \u2013 edukacja morska drog\u0105 do kompetencji kluczowych\u201d realizowanego w ramach projektu \u201ePonadnarodowa mobilno\u015b\u0107 uczni\u00f3w\u201d\">\n\t\t\t\t\t\t\t\t\t\t\t\t\t\t\t<img style=\"width:160px;height:120px; border-width: 10px; border-color:#F1F1F1;border: 10px solid #F1F1F1\" alt=\"\" title=\"Uczestnicy projektu \u201eR\u00f3\u017ca wiatr\u00f3w \u2013 edukacja morska drog\u0105 do kompetencji kluczowych\u201d realizowanego w ramach projektu \u201ePonadnarodowa mobilno\u015b\u0107 uczni\u00f3w\u201d\" src=\"https:\/\/sp1slupsk.pl\/wp-content\/uploads\/2022\/11\/316050073_532099135136228_8602259696385084786_n-160x120.jpg\" rel=\"https:\/\/sp1slupsk.pl\/wp-content\/uploads\/2022\/11\/316050073_532099135136228_8602259696385084786_n.jpg\" \/>\n\t\t\t\t\t\t\t\t\t\t\t\t\t\t<\/a>\n\t\t\t\t\t\t\t\t\t\t\t\t\t\t\t\t\t\t\t\t\t\t\t\t\t<\/p>\n\t\t\t\t\t\t\t\t\t\t\t\t\t\t\t\t\t\t\t\t\t\t\t<\/div><!-- .gllr_image_block -->\n\t\t\t\t\t\t\t\t\t\t\t\t\t\t\t\t\t\t\t\t\t<div class=\"gllr_image_block\">\n\t\t\t\t\t\t\t\t\t\t\t\t<p style=\"width:180px;height:140px;\">\n\t\t\t\t\t\t\t\t\t\t\t\t\t\t\t\t\t\t\t\t\t\t\t\t\t\t\t<a rel=\"gallery_fancybox_80021\" href=\"https:\/\/sp1slupsk.pl\/wp-content\/uploads\/2022\/11\/315892130_681423680038697_1481690945477752898_n-1024x768.jpg\" title=\"Uczestnicy projektu \u201eR\u00f3\u017ca wiatr\u00f3w \u2013 edukacja morska drog\u0105 do kompetencji kluczowych\u201d realizowanego w ramach projektu \u201ePonadnarodowa mobilno\u015b\u0107 uczni\u00f3w\u201d\">\n\t\t\t\t\t\t\t\t\t\t\t\t\t\t\t<img style=\"width:160px;height:120px; border-width: 10px; border-color:#F1F1F1;border: 10px solid #F1F1F1\" alt=\"\" title=\"Uczestnicy projektu \u201eR\u00f3\u017ca wiatr\u00f3w \u2013 edukacja morska drog\u0105 do kompetencji kluczowych\u201d realizowanego w ramach projektu \u201ePonadnarodowa mobilno\u015b\u0107 uczni\u00f3w\u201d\" src=\"https:\/\/sp1slupsk.pl\/wp-content\/uploads\/2022\/11\/315892130_681423680038697_1481690945477752898_n-160x120.jpg\" rel=\"https:\/\/sp1slupsk.pl\/wp-content\/uploads\/2022\/11\/315892130_681423680038697_1481690945477752898_n.jpg\" \/>\n\t\t\t\t\t\t\t\t\t\t\t\t\t\t<\/a>\n\t\t\t\t\t\t\t\t\t\t\t\t\t\t\t\t\t\t\t\t\t\t\t\t\t<\/p>\n\t\t\t\t\t\t\t\t\t\t\t\t\t\t\t\t\t\t\t\t\t\t\t<\/div><!-- .gllr_image_block -->\n\t\t\t\t\t\t\t\t\t\t\t\t\t\t\t\t\t\t\t\t\t<div class=\"gllr_image_block\">\n\t\t\t\t\t\t\t\t\t\t\t\t<p style=\"width:180px;height:140px;\">\n\t\t\t\t\t\t\t\t\t\t\t\t\t\t\t\t\t\t\t\t\t\t\t\t\t\t\t<a rel=\"gallery_fancybox_80021\" href=\"https:\/\/sp1slupsk.pl\/wp-content\/uploads\/2022\/11\/315314863_5382288578565754_1696615479859285542_n-768x1024.jpg\" title=\"Uczestnicy projektu \u201eR\u00f3\u017ca wiatr\u00f3w \u2013 edukacja morska drog\u0105 do kompetencji kluczowych\u201d realizowanego w ramach projektu \u201ePonadnarodowa mobilno\u015b\u0107 uczni\u00f3w\u201d\">\n\t\t\t\t\t\t\t\t\t\t\t\t\t\t\t<img style=\"width:160px;height:120px; border-width: 10px; border-color:#F1F1F1;border: 10px solid #F1F1F1\" alt=\"\" title=\"Uczestnicy projektu \u201eR\u00f3\u017ca wiatr\u00f3w \u2013 edukacja morska drog\u0105 do kompetencji kluczowych\u201d realizowanego w ramach projektu \u201ePonadnarodowa mobilno\u015b\u0107 uczni\u00f3w\u201d\" src=\"https:\/\/sp1slupsk.pl\/wp-content\/uploads\/2022\/11\/315314863_5382288578565754_1696615479859285542_n-160x120.jpg\" rel=\"https:\/\/sp1slupsk.pl\/wp-content\/uploads\/2022\/11\/315314863_5382288578565754_1696615479859285542_n.jpg\" \/>\n\t\t\t\t\t\t\t\t\t\t\t\t\t\t<\/a>\n\t\t\t\t\t\t\t\t\t\t\t\t\t\t\t\t\t\t\t\t\t\t\t\t\t<\/p>\n\t\t\t\t\t\t\t\t\t\t\t\t\t\t\t\t\t\t\t\t\t\t\t<\/div><!-- .gllr_image_block -->\n\t\t\t\t\t\t\t\t\t\t\t\t\t\t\t\t\t\t\t\t\t<\/div><!-- .gllr_image_row -->\n\t\t\t\t\t\t\t\t\t\t\t\t\t\t\t\t\t\t\t\t\t<div class=\"gllr_image_row\">\n\t\t\t\t\t\t\t\t\t\t\t\t\t\t\t\t\t\t\t\t\t<div class=\"gllr_image_block\">\n\t\t\t\t\t\t\t\t\t\t\t\t<p style=\"width:180px;height:140px;\">\n\t\t\t\t\t\t\t\t\t\t\t\t\t\t\t\t\t\t\t\t\t\t\t\t\t\t\t<a rel=\"gallery_fancybox_80021\" href=\"https:\/\/sp1slupsk.pl\/wp-content\/uploads\/2022\/11\/315521368_547163563409522_5904585890138909995_n-768x1024.jpg\" title=\"Uczestnicy projektu \u201eR\u00f3\u017ca wiatr\u00f3w \u2013 edukacja morska drog\u0105 do kompetencji kluczowych\u201d realizowanego w ramach projektu \u201ePonadnarodowa mobilno\u015b\u0107 uczni\u00f3w\u201d\">\n\t\t\t\t\t\t\t\t\t\t\t\t\t\t\t<img style=\"width:160px;height:120px; border-width: 10px; border-color:#F1F1F1;border: 10px solid #F1F1F1\" alt=\"\" title=\"Uczestnicy projektu \u201eR\u00f3\u017ca wiatr\u00f3w \u2013 edukacja morska drog\u0105 do kompetencji kluczowych\u201d realizowanego w ramach projektu \u201ePonadnarodowa mobilno\u015b\u0107 uczni\u00f3w\u201d\" src=\"https:\/\/sp1slupsk.pl\/wp-content\/uploads\/2022\/11\/315521368_547163563409522_5904585890138909995_n-160x120.jpg\" rel=\"https:\/\/sp1slupsk.pl\/wp-content\/uploads\/2022\/11\/315521368_547163563409522_5904585890138909995_n.jpg\" \/>\n\t\t\t\t\t\t\t\t\t\t\t\t\t\t<\/a>\n\t\t\t\t\t\t\t\t\t\t\t\t\t\t\t\t\t\t\t\t\t\t\t\t\t<\/p>\n\t\t\t\t\t\t\t\t\t\t\t\t\t\t\t\t\t\t\t\t\t\t\t<\/div><!-- .gllr_image_block -->\n\t\t\t\t\t\t\t\t\t\t\t\t\t\t\t\t\t\t\t\t\t<div class=\"gllr_image_block\">\n\t\t\t\t\t\t\t\t\t\t\t\t<p style=\"width:180px;height:140px;\">\n\t\t\t\t\t\t\t\t\t\t\t\t\t\t\t\t\t\t\t\t\t\t\t\t\t\t\t<a rel=\"gallery_fancybox_80021\" href=\"https:\/\/sp1slupsk.pl\/wp-content\/uploads\/2022\/11\/315960291_539579344279386_3070621867519617782_n-1024x768.jpg\" title=\"Uczestnicy projektu \u201eR\u00f3\u017ca wiatr\u00f3w \u2013 edukacja morska drog\u0105 do kompetencji kluczowych\u201d realizowanego w ramach projektu \u201ePonadnarodowa mobilno\u015b\u0107 uczni\u00f3w\u201d\">\n\t\t\t\t\t\t\t\t\t\t\t\t\t\t\t<img style=\"width:160px;height:120px; border-width: 10px; border-color:#F1F1F1;border: 10px solid #F1F1F1\" alt=\"\" title=\"Uczestnicy projektu \u201eR\u00f3\u017ca wiatr\u00f3w \u2013 edukacja morska drog\u0105 do kompetencji kluczowych\u201d realizowanego w ramach projektu \u201ePonadnarodowa mobilno\u015b\u0107 uczni\u00f3w\u201d\" src=\"https:\/\/sp1slupsk.pl\/wp-content\/uploads\/2022\/11\/315960291_539579344279386_3070621867519617782_n-160x120.jpg\" rel=\"https:\/\/sp1slupsk.pl\/wp-content\/uploads\/2022\/11\/315960291_539579344279386_3070621867519617782_n.jpg\" \/>\n\t\t\t\t\t\t\t\t\t\t\t\t\t\t<\/a>\n\t\t\t\t\t\t\t\t\t\t\t\t\t\t\t\t\t\t\t\t\t\t\t\t\t<\/p>\n\t\t\t\t\t\t\t\t\t\t\t\t\t\t\t\t\t\t\t\t\t\t\t<\/div><!-- .gllr_image_block -->\n\t\t\t\t\t\t\t\t\t\t\t\t\t\t\t\t\t\t\t\t\t<div class=\"gllr_image_block\">\n\t\t\t\t\t\t\t\t\t\t\t\t<p style=\"width:180px;height:140px;\">\n\t\t\t\t\t\t\t\t\t\t\t\t\t\t\t\t\t\t\t\t\t\t\t\t\t\t\t<a rel=\"gallery_fancybox_80021\" href=\"https:\/\/sp1slupsk.pl\/wp-content\/uploads\/2022\/11\/314992667_491969586234467_8131908017384273996_n-768x1024.jpg\" title=\"Uczestnicy projektu \u201eR\u00f3\u017ca wiatr\u00f3w \u2013 edukacja morska drog\u0105 do kompetencji kluczowych\u201d realizowanego w ramach projektu \u201ePonadnarodowa mobilno\u015b\u0107 uczni\u00f3w\u201d\">\n\t\t\t\t\t\t\t\t\t\t\t\t\t\t\t<img style=\"width:160px;height:120px; border-width: 10px; border-color:#F1F1F1;border: 10px solid #F1F1F1\" alt=\"\" title=\"Uczestnicy projektu \u201eR\u00f3\u017ca wiatr\u00f3w \u2013 edukacja morska drog\u0105 do kompetencji kluczowych\u201d realizowanego w ramach projektu \u201ePonadnarodowa mobilno\u015b\u0107 uczni\u00f3w\u201d\" src=\"https:\/\/sp1slupsk.pl\/wp-content\/uploads\/2022\/11\/314992667_491969586234467_8131908017384273996_n-160x120.jpg\" rel=\"https:\/\/sp1slupsk.pl\/wp-content\/uploads\/2022\/11\/314992667_491969586234467_8131908017384273996_n.jpg\" \/>\n\t\t\t\t\t\t\t\t\t\t\t\t\t\t<\/a>\n\t\t\t\t\t\t\t\t\t\t\t\t\t\t\t\t\t\t\t\t\t\t\t\t\t<\/p>\n\t\t\t\t\t\t\t\t\t\t\t\t\t\t\t\t\t\t\t\t\t\t\t<\/div><!-- .gllr_image_block -->\n\t\t\t\t\t\t\t\t\t\t\t\t\t\t\t\t\t\t\t\t\t<\/div><!-- .gllr_image_row -->\n\t\t\t\t\t\t\t\t\t\t\t\t\t\t\t\t\t\t\t\t\t<div class=\"gllr_image_row\">\n\t\t\t\t\t\t\t\t\t\t\t\t\t\t\t\t\t\t\t\t\t<div class=\"gllr_image_block\">\n\t\t\t\t\t\t\t\t\t\t\t\t<p style=\"width:180px;height:140px;\">\n\t\t\t\t\t\t\t\t\t\t\t\t\t\t\t\t\t\t\t\t\t\t\t\t\t\t\t<a rel=\"gallery_fancybox_80021\" href=\"https:\/\/sp1slupsk.pl\/wp-content\/uploads\/2022\/11\/315535126_824199658811528_3101041879737426767_n-768x1024.jpg\" title=\"Uczestnicy projektu \u201eR\u00f3\u017ca wiatr\u00f3w \u2013 edukacja morska drog\u0105 do kompetencji kluczowych\u201d realizowanego w ramach projektu \u201ePonadnarodowa mobilno\u015b\u0107 uczni\u00f3w\u201d\">\n\t\t\t\t\t\t\t\t\t\t\t\t\t\t\t<img style=\"width:160px;height:120px; border-width: 10px; border-color:#F1F1F1;border: 10px solid #F1F1F1\" alt=\"\" title=\"Uczestnicy projektu \u201eR\u00f3\u017ca wiatr\u00f3w \u2013 edukacja morska drog\u0105 do kompetencji kluczowych\u201d realizowanego w ramach projektu \u201ePonadnarodowa mobilno\u015b\u0107 uczni\u00f3w\u201d\" src=\"https:\/\/sp1slupsk.pl\/wp-content\/uploads\/2022\/11\/315535126_824199658811528_3101041879737426767_n-160x120.jpg\" rel=\"https:\/\/sp1slupsk.pl\/wp-content\/uploads\/2022\/11\/315535126_824199658811528_3101041879737426767_n.jpg\" \/>\n\t\t\t\t\t\t\t\t\t\t\t\t\t\t<\/a>\n\t\t\t\t\t\t\t\t\t\t\t\t\t\t\t\t\t\t\t\t\t\t\t\t\t<\/p>\n\t\t\t\t\t\t\t\t\t\t\t\t\t\t\t\t\t\t\t\t\t\t\t<\/div><!-- .gllr_image_block -->\n\t\t\t\t\t\t\t\t\t\t\t\t\t\t\t\t\t\t\t\t\t<div class=\"gllr_image_block\">\n\t\t\t\t\t\t\t\t\t\t\t\t<p style=\"width:180px;height:140px;\">\n\t\t\t\t\t\t\t\t\t\t\t\t\t\t\t\t\t\t\t\t\t\t\t\t\t\t\t<a rel=\"gallery_fancybox_80021\" href=\"https:\/\/sp1slupsk.pl\/wp-content\/uploads\/2022\/11\/315957791_464153309200449_1538361026529163878_n-768x1024.jpg\" title=\"Uczestnicy projektu \u201eR\u00f3\u017ca wiatr\u00f3w \u2013 edukacja morska drog\u0105 do kompetencji kluczowych\u201d realizowanego w ramach projektu \u201ePonadnarodowa mobilno\u015b\u0107 uczni\u00f3w\u201d\">\n\t\t\t\t\t\t\t\t\t\t\t\t\t\t\t<img style=\"width:160px;height:120px; border-width: 10px; border-color:#F1F1F1;border: 10px solid #F1F1F1\" alt=\"\" title=\"Uczestnicy projektu \u201eR\u00f3\u017ca wiatr\u00f3w \u2013 edukacja morska drog\u0105 do kompetencji kluczowych\u201d realizowanego w ramach projektu \u201ePonadnarodowa mobilno\u015b\u0107 uczni\u00f3w\u201d\" src=\"https:\/\/sp1slupsk.pl\/wp-content\/uploads\/2022\/11\/315957791_464153309200449_1538361026529163878_n-160x120.jpg\" rel=\"https:\/\/sp1slupsk.pl\/wp-content\/uploads\/2022\/11\/315957791_464153309200449_1538361026529163878_n.jpg\" \/>\n\t\t\t\t\t\t\t\t\t\t\t\t\t\t<\/a>\n\t\t\t\t\t\t\t\t\t\t\t\t\t\t\t\t\t\t\t\t\t\t\t\t\t<\/p>\n\t\t\t\t\t\t\t\t\t\t\t\t\t\t\t\t\t\t\t\t\t\t\t<\/div><!-- .gllr_image_block -->\n\t\t\t\t\t\t\t\t\t\t\t\t\t\t\t\t\t\t\t\t\t<div class=\"gllr_image_block\">\n\t\t\t\t\t\t\t\t\t\t\t\t<p style=\"width:180px;height:140px;\">\n\t\t\t\t\t\t\t\t\t\t\t\t\t\t\t\t\t\t\t\t\t\t\t\t\t\t\t<a rel=\"gallery_fancybox_80021\" href=\"https:\/\/sp1slupsk.pl\/wp-content\/uploads\/2022\/11\/315532388_712425203145905_8103258798367964337_n-1024x768.jpg\" title=\"Uczestnicy projektu \u201eR\u00f3\u017ca wiatr\u00f3w \u2013 edukacja morska drog\u0105 do kompetencji kluczowych\u201d realizowanego w ramach projektu \u201ePonadnarodowa mobilno\u015b\u0107 uczni\u00f3w\u201d\">\n\t\t\t\t\t\t\t\t\t\t\t\t\t\t\t<img style=\"width:160px;height:120px; border-width: 10px; border-color:#F1F1F1;border: 10px solid #F1F1F1\" alt=\"\" title=\"Uczestnicy projektu \u201eR\u00f3\u017ca wiatr\u00f3w \u2013 edukacja morska drog\u0105 do kompetencji kluczowych\u201d realizowanego w ramach projektu \u201ePonadnarodowa mobilno\u015b\u0107 uczni\u00f3w\u201d\" src=\"https:\/\/sp1slupsk.pl\/wp-content\/uploads\/2022\/11\/315532388_712425203145905_8103258798367964337_n-160x120.jpg\" rel=\"https:\/\/sp1slupsk.pl\/wp-content\/uploads\/2022\/11\/315532388_712425203145905_8103258798367964337_n.jpg\" \/>\n\t\t\t\t\t\t\t\t\t\t\t\t\t\t<\/a>\n\t\t\t\t\t\t\t\t\t\t\t\t\t\t\t\t\t\t\t\t\t\t\t\t\t<\/p>\n\t\t\t\t\t\t\t\t\t\t\t\t\t\t\t\t\t\t\t\t\t\t\t<\/div><!-- .gllr_image_block -->\n\t\t\t\t\t\t\t\t\t\t\t\t\t\t\t\t\t\t\t\t\t<\/div><!-- .gllr_image_row -->\n\t\t\t\t\t\t\t\t\t\t\t\t\t\t\t\t\t\t\t\t\t<div class=\"gllr_image_row\">\n\t\t\t\t\t\t\t\t\t\t\t\t\t\t\t\t\t\t\t\t\t<div class=\"gllr_image_block\">\n\t\t\t\t\t\t\t\t\t\t\t\t<p style=\"width:180px;height:140px;\">\n\t\t\t\t\t\t\t\t\t\t\t\t\t\t\t\t\t\t\t\t\t\t\t\t\t\t\t<a rel=\"gallery_fancybox_80021\" href=\"https:\/\/sp1slupsk.pl\/wp-content\/uploads\/2022\/11\/316001924_708720807340782_4652195205965128303_n-1024x768.jpg\" title=\"Uczestnicy projektu \u201eR\u00f3\u017ca wiatr\u00f3w \u2013 edukacja morska drog\u0105 do kompetencji kluczowych\u201d realizowanego w ramach projektu \u201ePonadnarodowa mobilno\u015b\u0107 uczni\u00f3w\u201d\">\n\t\t\t\t\t\t\t\t\t\t\t\t\t\t\t<img style=\"width:160px;height:120px; border-width: 10px; border-color:#F1F1F1;border: 10px solid #F1F1F1\" alt=\"\" title=\"Uczestnicy projektu \u201eR\u00f3\u017ca wiatr\u00f3w \u2013 edukacja morska drog\u0105 do kompetencji kluczowych\u201d realizowanego w ramach projektu \u201ePonadnarodowa mobilno\u015b\u0107 uczni\u00f3w\u201d\" src=\"https:\/\/sp1slupsk.pl\/wp-content\/uploads\/2022\/11\/316001924_708720807340782_4652195205965128303_n-160x120.jpg\" rel=\"https:\/\/sp1slupsk.pl\/wp-content\/uploads\/2022\/11\/316001924_708720807340782_4652195205965128303_n.jpg\" \/>\n\t\t\t\t\t\t\t\t\t\t\t\t\t\t<\/a>\n\t\t\t\t\t\t\t\t\t\t\t\t\t\t\t\t\t\t\t\t\t\t\t\t\t<\/p>\n\t\t\t\t\t\t\t\t\t\t\t\t\t\t\t\t\t\t\t\t\t\t\t<\/div><!-- .gllr_image_block -->\n\t\t\t\t\t\t\t\t\t\t\t\t\t\t\t\t\t\t\t\t\t<div class=\"gllr_image_block\">\n\t\t\t\t\t\t\t\t\t\t\t\t<p style=\"width:180px;height:140px;\">\n\t\t\t\t\t\t\t\t\t\t\t\t\t\t\t\t\t\t\t\t\t\t\t\t\t\t\t<a rel=\"gallery_fancybox_80021\" href=\"https:\/\/sp1slupsk.pl\/wp-content\/uploads\/2022\/11\/316178553_1479892459189983_8410147679948449428_n-1024x768.jpg\" title=\"Uczestnicy projektu \u201eR\u00f3\u017ca wiatr\u00f3w \u2013 edukacja morska drog\u0105 do kompetencji kluczowych\u201d realizowanego w ramach projektu \u201ePonadnarodowa mobilno\u015b\u0107 uczni\u00f3w\u201d\">\n\t\t\t\t\t\t\t\t\t\t\t\t\t\t\t<img style=\"width:160px;height:120px; border-width: 10px; border-color:#F1F1F1;border: 10px solid #F1F1F1\" alt=\"\" title=\"Uczestnicy projektu \u201eR\u00f3\u017ca wiatr\u00f3w \u2013 edukacja morska drog\u0105 do kompetencji kluczowych\u201d realizowanego w ramach projektu \u201ePonadnarodowa mobilno\u015b\u0107 uczni\u00f3w\u201d\" src=\"https:\/\/sp1slupsk.pl\/wp-content\/uploads\/2022\/11\/316178553_1479892459189983_8410147679948449428_n-160x120.jpg\" rel=\"https:\/\/sp1slupsk.pl\/wp-content\/uploads\/2022\/11\/316178553_1479892459189983_8410147679948449428_n.jpg\" \/>\n\t\t\t\t\t\t\t\t\t\t\t\t\t\t<\/a>\n\t\t\t\t\t\t\t\t\t\t\t\t\t\t\t\t\t\t\t\t\t\t\t\t\t<\/p>\n\t\t\t\t\t\t\t\t\t\t\t\t\t\t\t\t\t\t\t\t\t\t\t<\/div><!-- .gllr_image_block -->\n\t\t\t\t\t\t\t\t\t\t\t\t\t\t\t\t\t\t\t\t\t<div class=\"gllr_image_block\">\n\t\t\t\t\t\t\t\t\t\t\t\t<p style=\"width:180px;height:140px;\">\n\t\t\t\t\t\t\t\t\t\t\t\t\t\t\t\t\t\t\t\t\t\t\t\t\t\t\t<a rel=\"gallery_fancybox_80021\" href=\"https:\/\/sp1slupsk.pl\/wp-content\/uploads\/2022\/11\/315528490_367344995589110_7811758481651713991_n-1024x768.jpg\" title=\"Uczestnicy projektu \u201eR\u00f3\u017ca wiatr\u00f3w \u2013 edukacja morska drog\u0105 do kompetencji kluczowych\u201d realizowanego w ramach projektu \u201ePonadnarodowa mobilno\u015b\u0107 uczni\u00f3w\u201d\">\n\t\t\t\t\t\t\t\t\t\t\t\t\t\t\t<img style=\"width:160px;height:120px; border-width: 10px; border-color:#F1F1F1;border: 10px solid #F1F1F1\" alt=\"\" title=\"Uczestnicy projektu \u201eR\u00f3\u017ca wiatr\u00f3w \u2013 edukacja morska drog\u0105 do kompetencji kluczowych\u201d realizowanego w ramach projektu \u201ePonadnarodowa mobilno\u015b\u0107 uczni\u00f3w\u201d\" src=\"https:\/\/sp1slupsk.pl\/wp-content\/uploads\/2022\/11\/315528490_367344995589110_7811758481651713991_n-160x120.jpg\" rel=\"https:\/\/sp1slupsk.pl\/wp-content\/uploads\/2022\/11\/315528490_367344995589110_7811758481651713991_n.jpg\" \/>\n\t\t\t\t\t\t\t\t\t\t\t\t\t\t<\/a>\n\t\t\t\t\t\t\t\t\t\t\t\t\t\t\t\t\t\t\t\t\t\t\t\t\t<\/p>\n\t\t\t\t\t\t\t\t\t\t\t\t\t\t\t\t\t\t\t\t\t\t\t<\/div><!-- .gllr_image_block -->\n\t\t\t\t\t\t\t\t\t\t\t\t\t\t\t\t\t\t\t\t\t<\/div><!-- .gllr_image_row -->\n\t\t\t\t\t\t\t\t\t\t\t\t\t\t\t\t\t\t\t\t\t<div class=\"gllr_image_row\">\n\t\t\t\t\t\t\t\t\t\t\t\t\t\t\t\t\t\t\t\t\t<div class=\"gllr_image_block\">\n\t\t\t\t\t\t\t\t\t\t\t\t<p style=\"width:180px;height:140px;\">\n\t\t\t\t\t\t\t\t\t\t\t\t\t\t\t\t\t\t\t\t\t\t\t\t\t\t\t<a rel=\"gallery_fancybox_80021\" href=\"https:\/\/sp1slupsk.pl\/wp-content\/uploads\/2022\/11\/316045088_1528793284215066_1202598790987875433_n-1024x768.jpg\" title=\"Uczestnicy projektu \u201eR\u00f3\u017ca wiatr\u00f3w \u2013 edukacja morska drog\u0105 do kompetencji kluczowych\u201d realizowanego w ramach projektu \u201ePonadnarodowa mobilno\u015b\u0107 uczni\u00f3w\u201d\">\n\t\t\t\t\t\t\t\t\t\t\t\t\t\t\t<img style=\"width:160px;height:120px; border-width: 10px; border-color:#F1F1F1;border: 10px solid #F1F1F1\" alt=\"\" title=\"Uczestnicy projektu \u201eR\u00f3\u017ca wiatr\u00f3w \u2013 edukacja morska drog\u0105 do kompetencji kluczowych\u201d realizowanego w ramach projektu \u201ePonadnarodowa mobilno\u015b\u0107 uczni\u00f3w\u201d\" src=\"https:\/\/sp1slupsk.pl\/wp-content\/uploads\/2022\/11\/316045088_1528793284215066_1202598790987875433_n-160x120.jpg\" rel=\"https:\/\/sp1slupsk.pl\/wp-content\/uploads\/2022\/11\/316045088_1528793284215066_1202598790987875433_n.jpg\" \/>\n\t\t\t\t\t\t\t\t\t\t\t\t\t\t<\/a>\n\t\t\t\t\t\t\t\t\t\t\t\t\t\t\t\t\t\t\t\t\t\t\t\t\t<\/p>\n\t\t\t\t\t\t\t\t\t\t\t\t\t\t\t\t\t\t\t\t\t\t\t<\/div><!-- .gllr_image_block -->\n\t\t\t\t\t\t\t\t\t\t\t\t\t\t\t\t\t\t\t\t\t<div class=\"gllr_image_block\">\n\t\t\t\t\t\t\t\t\t\t\t\t<p style=\"width:180px;height:140px;\">\n\t\t\t\t\t\t\t\t\t\t\t\t\t\t\t\t\t\t\t\t\t\t\t\t\t\t\t<a rel=\"gallery_fancybox_80021\" href=\"https:\/\/sp1slupsk.pl\/wp-content\/uploads\/2022\/11\/315529753_873654000475502_3063274314632896343_n-768x1024.jpg\" title=\"Uczestnicy projektu \u201eR\u00f3\u017ca wiatr\u00f3w \u2013 edukacja morska drog\u0105 do kompetencji kluczowych\u201d realizowanego w ramach projektu \u201ePonadnarodowa mobilno\u015b\u0107 uczni\u00f3w\u201d\">\n\t\t\t\t\t\t\t\t\t\t\t\t\t\t\t<img style=\"width:160px;height:120px; border-width: 10px; border-color:#F1F1F1;border: 10px solid #F1F1F1\" alt=\"\" title=\"Uczestnicy projektu \u201eR\u00f3\u017ca wiatr\u00f3w \u2013 edukacja morska drog\u0105 do kompetencji kluczowych\u201d realizowanego w ramach projektu \u201ePonadnarodowa mobilno\u015b\u0107 uczni\u00f3w\u201d\" src=\"https:\/\/sp1slupsk.pl\/wp-content\/uploads\/2022\/11\/315529753_873654000475502_3063274314632896343_n-160x120.jpg\" rel=\"https:\/\/sp1slupsk.pl\/wp-content\/uploads\/2022\/11\/315529753_873654000475502_3063274314632896343_n.jpg\" \/>\n\t\t\t\t\t\t\t\t\t\t\t\t\t\t<\/a>\n\t\t\t\t\t\t\t\t\t\t\t\t\t\t\t\t\t\t\t\t\t\t\t\t\t<\/p>\n\t\t\t\t\t\t\t\t\t\t\t\t\t\t\t\t\t\t\t\t\t\t\t<\/div><!-- .gllr_image_block -->\n\t\t\t\t\t\t\t\t\t\t\t\t\t\t\t\t\t\t\t\t\t<div class=\"gllr_image_block\">\n\t\t\t\t\t\t\t\t\t\t\t\t<p style=\"width:180px;height:140px;\">\n\t\t\t\t\t\t\t\t\t\t\t\t\t\t\t\t\t\t\t\t\t\t\t\t\t\t\t<a rel=\"gallery_fancybox_80021\" href=\"https:\/\/sp1slupsk.pl\/wp-content\/uploads\/2022\/11\/315528049_828329771778629_2997647259541742977_n-768x1024.jpg\" title=\"Uczestnicy projektu \u201eR\u00f3\u017ca wiatr\u00f3w \u2013 edukacja morska drog\u0105 do kompetencji kluczowych\u201d realizowanego w ramach projektu \u201ePonadnarodowa mobilno\u015b\u0107 uczni\u00f3w\u201d\">\n\t\t\t\t\t\t\t\t\t\t\t\t\t\t\t<img style=\"width:160px;height:120px; border-width: 10px; border-color:#F1F1F1;border: 10px solid #F1F1F1\" alt=\"\" title=\"Uczestnicy projektu \u201eR\u00f3\u017ca wiatr\u00f3w \u2013 edukacja morska drog\u0105 do kompetencji kluczowych\u201d realizowanego w ramach projektu \u201ePonadnarodowa mobilno\u015b\u0107 uczni\u00f3w\u201d\" src=\"https:\/\/sp1slupsk.pl\/wp-content\/uploads\/2022\/11\/315528049_828329771778629_2997647259541742977_n-160x120.jpg\" rel=\"https:\/\/sp1slupsk.pl\/wp-content\/uploads\/2022\/11\/315528049_828329771778629_2997647259541742977_n.jpg\" \/>\n\t\t\t\t\t\t\t\t\t\t\t\t\t\t<\/a>\n\t\t\t\t\t\t\t\t\t\t\t\t\t\t\t\t\t\t\t\t\t\t\t\t\t<\/p>\n\t\t\t\t\t\t\t\t\t\t\t\t\t\t\t\t\t\t\t\t\t\t\t<\/div><!-- .gllr_image_block -->\n\t\t\t\t\t\t\t\t\t\t\t\t\t\t\t\t\t\t\t\t\t<\/div><!-- .gllr_image_row -->\n\t\t\t\t\t\t\t\t\t\t\t\t\t\t\t\t\t\t<\/div><!-- .gallery.clearfix -->\n\t\t\t\t\t\t\t\t\t\t\t\t\t<\/div><!-- .gallery_box_single -->\n\t\t\t\t\t\t<div class=\"gllr_clear\"><\/div>\n\t\t\t\t\t\t\t\t\t<script type=\"text\/javascript\">\n\t\t\t\t\t(function($) {\n\t\t\t\t\t\t$(document).ready( function() {\n\t\t\t\t\t\t\t$( \"a[rel=gallery_fancybox_80021]\" ).fancybox( {\n\t\t\t\t\t\t\t\t'transitionIn'\t\t:\t'elastic',\n\t\t\t\t\t\t\t\t'transitionOut'\t\t:\t'elastic',\n\t\t\t\t\t\t\t\t'titlePosition' \t:\t'inside',\n\t\t\t\t\t\t\t\t'speedIn'\t\t\t:\t500, \n\t\t\t\t\t\t\t\t'speedOut'\t\t\t:\t300,\n\t\t\t\t\t\t\t\t'titleFormat'\t\t:\tfunction( title, currentArray, currentIndex, currentOpts ) {\n\t\t\t\t\t\t\t\t\treturn '<div id=\"fancybox-title-inside\">' + ( title.length ? '<span id=\"bws_gallery_image_title\">' + title + '<\/span><br \/>' : '' ) + '<span id=\"bws_gallery_image_counter\">Image ' + ( currentIndex + 1 ) + ' \/ ' + currentArray.length + '<\/span><\/div>';\n\t\t\t\t\t\t\t\t}\t\t\t\t\t\t\t});\n\t\t\t\t\t\t});\n\t\t\t\t\t})(jQuery);\n\t\t\t\t<\/script>\n\t\t\t\n","protected":false},"excerpt":{"rendered":"<p>Podr\u00f3\u017c uczestnik\u00f3w projektu do Rzymu Po ca\u0142odniowej podr\u00f3\u017cy w ko\u0144cu dotarli\u015bmy do celu. Rzym uczestnik\u00f3w projektu \u201eR\u00f3\u017ca wiatr\u00f3w \u2013 edukacja morska drog\u0105 do kompetencji kluczowych\u201d realizowanego w ramach projektu \u201ePonadnarodowa mobilno\u015b\u0107 uczni\u00f3w\u201d przywita\u0142 lekkim ch\u0142odem. Nasz\u0105 podr\u00f3\u017c rozpocz\u0119li\u015bmy o godzinie 7.00 rano na dworcu PKP w S\u0142upsku czekaj\u0105c na przyjazd poci\u0105gu. Podr\u00f3\u017c Pendolino do Warszawy <a href=\"https:\/\/sp1slupsk.pl\/?gallery=80021-2\"><b>&#8230;wi\u0119cej<\/b><\/a><\/p>\n","protected":false},"author":1,"featured_media":0,"parent":0,"menu_order":0,"comment_status":"closed","ping_status":"closed","template":"","meta":[],"_links":{"self":[{"href":"https:\/\/sp1slupsk.pl\/index.php?rest_route=\/wp\/v2\/pages\/80066"}],"collection":[{"href":"https:\/\/sp1slupsk.pl\/index.php?rest_route=\/wp\/v2\/pages"}],"about":[{"href":"https:\/\/sp1slupsk.pl\/index.php?rest_route=\/wp\/v2\/types\/page"}],"author":[{"embeddable":true,"href":"https:\/\/sp1slupsk.pl\/index.php?rest_route=\/wp\/v2\/users\/1"}],"replies":[{"embeddable":true,"href":"https:\/\/sp1slupsk.pl\/index.php?rest_route=%2Fwp%2Fv2%2Fcomments&post=80066"}],"version-history":[{"count":4,"href":"https:\/\/sp1slupsk.pl\/index.php?rest_route=\/wp\/v2\/pages\/80066\/revisions"}],"predecessor-version":[{"id":80074,"href":"https:\/\/sp1slupsk.pl\/index.php?rest_route=\/wp\/v2\/pages\/80066\/revisions\/80074"}],"wp:attachment":[{"href":"https:\/\/sp1slupsk.pl\/index.php?rest_route=%2Fwp%2Fv2%2Fmedia&parent=80066"}],"curies":[{"name":"wp","href":"https:\/\/api.w.org\/{rel}","templated":true}]}}