{"id":81255,"date":"2025-12-29T13:29:11","date_gmt":"2025-12-29T12:29:11","guid":{"rendered":"http:\/\/sp1slupsk.pl\/?page_id=81255"},"modified":"2026-04-12T16:20:27","modified_gmt":"2026-04-12T14:20:27","slug":"praca","status":"publish","type":"page","link":"https:\/\/sp1slupsk.pl\/?page_id=81255","title":{"rendered":"Oferty pracy"},"content":{"rendered":"\n<div class=\"wp-block-file\"><a href=\"http:\/\/sp1slupsk.pl\/wp-content\/uploads\/2023\/11\/Ogloszenie-o-naborze-na-stanowisko-pracy-konserwator-1.pdf\"><strong><em><span class=\"has-inline-color has-black-color\">Og\u0142oszenie o naborze na stanowisko pracy konserwator<\/span><\/em><\/strong> &#8211; <strong><em><span class=\"has-inline-color has-black-color\">nieaktualne<\/span><\/em><\/strong><\/a><\/div>\n\n\n\n<hr class=\"wp-block-separator\"\/>\n\n\n\n<p><a href=\"https:\/\/bip.um.slupsk.pl\/struktura_miasta\/jednostki_budzetowe\/obiekty\/obiekty_dokumenty\/1491.html\" data-type=\"URL\" data-id=\"https:\/\/bip.um.slupsk.pl\/struktura_miasta\/jednostki_budzetowe\/obiekty\/obiekty_dokumenty\/1491.html\"><span class=\"has-inline-color has-black-color\"><strong><em>Og\u0142oszenie o naborze na stanowisko specjalisty ds. gospodarczych<\/em><\/strong><\/span><\/a> &#8211; <strong><em>nieaktualne<\/em><\/strong><\/p>\n\n\n\n<hr class=\"wp-block-separator\"\/>\n\n\n\n<p><strong>Pomoc nauczyciela<\/strong> &#8211; <strong><em>nieaktualne<\/em><\/strong><br>Dyrektor Szko\u0142y Podstawowej nr 1 im. Henryka Sienkiewicza w S\u0142upsku<\/p>\n\n\n\n<p>zatrudni od 4 wrze\u015bnia br. na umow\u0119 o prac\u0119 pomoc nauczyciela w wymiarze 0,25 etatu<\/p>\n\n\n\n<p>Wymagania: wykszta\u0142cenie \u015brednie<\/p>\n\n\n\n<p>Dokumenty nale\u017cy sk\u0142ada\u0107 w sekretariacie Szko\u0142y Podstawowej nr 1 w S\u0142upsku, ul. Lutos\u0142awskiego 23 w godz. 9.00-14.00 lub na adres sekretariat@sp1slupsk.pl do 10.08.2023 r.<br>Kontakt: (059) 8425501<\/p>\n\n\n\n<hr class=\"wp-block-separator\"\/>\n\n\n\n<div class=\"wp-block-file\"><a href=\"http:\/\/sp1slupsk.pl\/wp-content\/uploads\/2023\/02\/Ogloszenie-o-naborze-na-stanowisko-pracy-konserwator.pdf\"><strong><em><span class=\"has-inline-color has-black-color\">Og\u0142oszenie o naborze na stanowisko pracy konserwator &#8211; nieaktualne <\/span><\/em><\/strong><\/a><\/div>\n\n\n\n<div class=\"wp-block-file\"><a href=\"http:\/\/sp1slupsk.pl\/wp-content\/uploads\/2022\/12\/Ogloszenie-o-naborze-na-stanowisko-sprzataczki-1.pdf\"><strong><em><span class=\"has-inline-color has-black-color\">Og\u0142oszenie o naborze na stanowisko sprz\u0105taczki<\/span><\/em><\/strong> &#8211; <strong><em><span class=\"has-inline-color has-black-color\">nieaktualne<\/span><\/em><\/strong><\/a><\/div>\n","protected":false},"excerpt":{"rendered":"<p>Og\u0142oszenie o naborze na stanowisko specjalisty ds. gospodarczych &#8211; nieaktualne Pomoc nauczyciela &#8211; nieaktualneDyrektor Szko\u0142y Podstawowej nr 1 im. Henryka Sienkiewicza w S\u0142upsku zatrudni od 4 wrze\u015bnia br. na umow\u0119 o prac\u0119 pomoc nauczyciela w wymiarze 0,25 etatu Wymagania: wykszta\u0142cenie \u015brednie Dokumenty nale\u017cy sk\u0142ada\u0107 w sekretariacie Szko\u0142y Podstawowej nr 1 w S\u0142upsku, ul. Lutos\u0142awskiego 23 <a href=\"https:\/\/sp1slupsk.pl\/?page_id=81255\"><b>&#8230;wi\u0119cej<\/b><\/a><\/p>\n","protected":false},"author":1,"featured_media":0,"parent":0,"menu_order":0,"comment_status":"closed","ping_status":"closed","template":"","meta":[],"_links":{"self":[{"href":"https:\/\/sp1slupsk.pl\/index.php?rest_route=\/wp\/v2\/pages\/81255"}],"collection":[{"href":"https:\/\/sp1slupsk.pl\/index.php?rest_route=\/wp\/v2\/pages"}],"about":[{"href":"https:\/\/sp1slupsk.pl\/index.php?rest_route=\/wp\/v2\/types\/page"}],"author":[{"embeddable":true,"href":"https:\/\/sp1slupsk.pl\/index.php?rest_route=\/wp\/v2\/users\/1"}],"replies":[{"embeddable":true,"href":"https:\/\/sp1slupsk.pl\/index.php?rest_route=%2Fwp%2Fv2%2Fcomments&post=81255"}],"version-history":[{"count":17,"href":"https:\/\/sp1slupsk.pl\/index.php?rest_route=\/wp\/v2\/pages\/81255\/revisions"}],"predecessor-version":[{"id":86687,"href":"https:\/\/sp1slupsk.pl\/index.php?rest_route=\/wp\/v2\/pages\/81255\/revisions\/86687"}],"wp:attachment":[{"href":"https:\/\/sp1slupsk.pl\/index.php?rest_route=%2Fwp%2Fv2%2Fmedia&parent=81255"}],"curies":[{"name":"wp","href":"https:\/\/api.w.org\/{rel}","templated":true}]}}