{"id":83059,"date":"2023-09-01T14:45:21","date_gmt":"2023-09-01T12:45:21","guid":{"rendered":"http:\/\/sp1slupsk.pl\/?page_id=83059"},"modified":"2024-06-13T16:06:46","modified_gmt":"2024-06-13T14:06:46","slug":"konkursy-szkolne-2023-2024","status":"publish","type":"page","link":"https:\/\/sp1slupsk.pl\/?page_id=83059","title":{"rendered":"Konkursy szkolne 2023\/2024"},"content":{"rendered":"\n<p><strong>Szkolny Konkurs Matematyczny Mistrz Rachunku dla klas IV i V<\/strong><\/p>\n\n\n\n<p>Klasy IV<br>I miejsce &#8211; Kolesnyk Andriy kl. IV a<br>II miejsce &#8211; Okhronchuk Illia kl. IV b<br>III miejsce &#8211; Nowatka Emilia kl. IV b<\/p>\n\n\n\n<p>Klasy V<br>I miejsce &#8211; Dutlov Kiril kl. V b<br>II miejsce &#8211; Dziuba-Bagrzyj Lena kl. V b<br>III miejsce &#8211; Horban Yaroslav kl. V b<\/p>\n\n\n\n<p><strong>Konkurs plastyczny &#8222;Moja ulubiona dyscyplina sportowa&#8221; dla klas I-III:<\/strong><\/p>\n\n\n\n<p>Klasy I<br>I miejsce &#8211; Nikola Formella kl. 1b<\/p>\n\n\n\n<p>Klasy II<br>I miejsce ex aequo &#8211; Oliwier St\u0119pie\u0144 kl. 2a, Marcelina Heydebreck kl. 2b<\/p>\n\n\n\n<p><strong>Szkolny konkurs plastyczno &#8211; biologiczny  &#8222;W zdrowym ciele zdrowy duch&#8221;<\/strong><br>I miejsce &#8211; Adrian Formella kl. 6b<br>II miejsce &#8211; Lena Dziuba &#8211; Bagrzyj kl. 5b<br>III miejsce &#8211; Nadia Prasowska kl. 5b<br>wyr\u00f3\u017cnienie &#8211; Zuzanna Kucharska kl. 6a<\/p>\n\n\n\n<p><strong>Szkolny konkurs dla klas I-III na plakat z has\u0142em o tre\u015bci ekologicznej <\/strong>organizowanego przez wychowawc\u00f3w \u015bwietlicy szkolnej.<\/p>\n\n\n\n<p>I miejsce &#8211; Formella Nikola kl. 1b, Ko\u0142ek Amelia kl. 1b<\/p>\n\n\n\n<p><strong>Szkolny konkurs dla klas I-III pt. Najciekawsza ozdoba wielkanocna <\/strong>organizowanego przez wychowawc\u00f3w \u015bwietlicy szkolnej<\/p>\n\n\n\n<p>I miejsce &#8211; Micha\u0142 Borkowski kl. 2b<br>II miejsce &#8211; Ma\u0142gorzata Choroba kl. 1b<br>III miejsce &#8211; Vanessa Pawlak kl. 2a, Oliwier St\u0119pie\u0144 kl. 1a<br>Wyr\u00f3\u017cnienia &#8211; Nikodem Drabik &#8211; Miszuk kl. 3b, Nikola Formella kl. 1b, Micha\u0142 Ko\u0142tun kl. 2a, Aleksandra Maszota kl. 1b, Oliwier St\u0119pie\u0144 Oliwier kl. 2a, Helena Szyma\u0144ska kl. 1a<\/p>\n\n\n\n<p><strong>Szkolny konkurs dla klas I-III pt. Pejza\u017c zimowy<\/strong> <\/p>\n\n\n\n<p>I miejsce &#8211; Gajdul Ksawery 2a, Ko\u0142ek Amelia 1b<br>II miejsce &#8211; Baran Kuba 2a, Choroba Ma\u0142gorzata 1b<br>III miejsce &#8211; Lesiak Natasza 3b, Walach Hanna 1b, Szter Filip 1a<br>Wyr\u00f3\u017cnienia &#8211; Kowalski- Cholewa Igor 1a, Maszota Aleksandra 1b<\/p>\n\n\n\n<p><strong>Szkolny Konkurs Grafiki Komputerowej \u201eGIF \u015aWI\u0104TECZNY\u201d<\/strong><\/p>\n\n\n\n<p>w kategorii klas IV:<br>I miejsce \u2013 Zofia K\u0119dzierska kl. 4a<br>II miejsce \u2013 Lena Bujak kl. 4a<\/p>\n\n\n\n<p>w kategorii klas VI:<br>I miejsce \u2013 Liliana Sys\u0142o kl. 6a<br>II miejsce \u2013 Michalina Czerwi\u0144ska k. 6a<br>III miejsce \u2013 Wojciechow \u017bydzianowski kl. 6b<\/p>\n\n\n\n<p>w kategorii klas VII:<br>I miejsce \u2013 Wiktoria Makuch kl. 7b<br>II miejsce \u2013 Antonina Rataj kl. 7b<br>III miejsce \u2013 Daryna Momot kl. 7b<br>wyr\u00f3\u017cnienie \u2013 Blanka Polak kl. 7a<\/p>\n\n\n\n<p><strong>Konkurs biblioteczny \u201eM\u00f3j projekt ok\u0142adki ulubionej ksi\u0105\u017cki\u201d<\/strong><\/p>\n\n\n\n<p>Klasy I-III:<br>I miejsce&nbsp; \u2013 Micha\u0142 Ko\u0142tun kl. 2a \u201eSmoki\u201d<br>II miejsce \u2013 nie przyznano<br>III miejsce \u2013 Nadia Mi\u0105zek kl. 2a \u201eMa\u0142a bia\u0142a rybka\u201d<\/p>\n\n\n\n<p>Klasy IV-VIII:<br>I miejsce \u2013 Daria Baran kl. 6a \u201eB\u0142\u0119kitna kropka\u201d<br>II miejsce \u2013 Zuzanna Margas kl. 6a \u201eW pustyni i w puszczy\u201d<br>III miejsce &#8211;&nbsp; nie przyznano<\/p>\n\n\n\n<p><strong>Szkolny Konkurs Matematyczny Mistrz Tabliczki Mno\u017cenia dla klas IV i V.<\/strong><\/p>\n\n\n\n<p>Klasy IV:<br>I miejsce &#8211; Emilia Nowatka kl. 4b<br>I miejsce &#8211; Andriy Kolesnyk kl. 4a<br>II miejsce &#8211; Lena Bujak kl. 4a<br>II miejsce &#8211; Jakub Ko\u0142tun kl. 4b<br>III miejsce &#8211; Zuzanna Madej kl. 4a<br>III miejsc &#8211; Okhronchuk Illia kl. 4b<\/p>\n\n\n\n<p>Klasy V:<br>I miejsce &#8211; \u0141ucja Radawiec kl. 5b<br>I miejsce &#8211; Yaroslaw Horban kl. 5b<br>II miejsce &#8211; Dariia Stepukh kl. 5a<br>III miejsce &#8211; Kirill Dutlov kl. 5b<\/p>\n\n\n\n<p><strong>Szkolny konkurs plastyczny Poczt\u00f3wka z wakacji dla klas I-III<\/strong><\/p>\n\n\n\n<p>I miejsce &#8211; Marcelina Duch kl. 1a<br>II miejsce &#8211; Maja Sasin kl. 3b<br>III miejsce &#8211; Nadia Stepanowska kl. 3b<br>Wyr\u00f3\u017cnienia: Vanessa Pawlak kl. 2a, Kacper Biernacki kl. 2b<\/p>\n\n\n\n<p><strong>Szkolny konkurs plastyczny Barwy jesieni dla klas I-III<\/strong><\/p>\n\n\n\n<p>I miejsce &#8211; Amelia Ko\u0142ek kl. 1b<br>II miejsce &#8211; &nbsp;Maja Sasin kl. 3b<br>III miejsce &#8211; &nbsp;Alan \u0141akomski kl. 3a<br>Wyr\u00f3\u017cnienia: Ma\u0142gorzata Choroba kl.1b, Iga Czeka\u0142a kl.3a, Micha\u0142 Ko\u0142tun kl. 2a<\/p>\n\n\n\n<p><strong>Szkolny konkurs plastycznego Zwariowana broda Miko\u0142aja dla klas I-III<\/strong><\/p>\n\n\n\n<p>wyr\u00f3\u017cnione prace<br>1. Choroba Ma\u0142gorzata kl. 1b<br>2. Czeka\u0142a Iga kl. 3a<br>3. Drabik &#8211; Miszuk Nikodem kl. 3b<br>4. Formella Nikola kl. 1b<br>5. Krysiak Maja kl. 3a<br>6. St\u0119pie\u0144 Oliwier kl. 2a<br>7. Trzebi\u0144ska Pola kl. 2a<\/p>\n\n\n\n<p><strong>Szkolny konkurs biologiczno &#8211; plastycznym o tematyce AIDS<\/strong><\/p>\n\n\n\n<p>I miejsce &#8211; Michalina Czerwi\u0144ska kl. 6a<br>II miejsce &#8211; Adrian Formella kl. 6b<br>III miejsce &#8211; Zuzanna Margas kl. 6a<br>Wyr\u00f3\u017cnienie &#8211; Jakub Ko\u0142tun kl. 4a, Zuzanna Kucharska kl. 6a, Mateusz Maszota kl. 7b, Maja Jaskulska kl. 6b<\/p>\n\n\n\n<p><strong>Szkolny Konkurs z J\u0119zyka Angielskiego ,,Mistrz s\u0142\u00f3wek&#8221;<\/strong><\/p>\n\n\n\n<p>&#8222;Mistrzem S\u0142\u00f3wek&#8221;<br>&#8211; w kategorii klas IV-V zosta\u0142 Franciszek Jab\u0142o\u0144ski kl. 5a<br>&#8211; w kategorii klas VI-VII zosta\u0142a Alicja Zi\u0119tara kl. 6a<br>&#8211; w kategorii klas VIII zosta\u0142a Julia Dygu\u015b kl. 8a<\/p>\n\n\n\n<p><strong>Szkolny Konkurs Wiedzy dla uczni\u00f3w klas III &#8211; Omnibus<\/strong><\/p>\n\n\n\n<p>I miejsce &#8211; Iga Czeka\u0142a kl. 3a<br>II miejsce &#8211; Nadia Pietras kl. 3a<br>III miejsce &#8211; Karol Makuch kl. 3a<\/p>\n\n\n\n<p><\/p>\n","protected":false},"excerpt":{"rendered":"<p>Szkolny Konkurs Matematyczny Mistrz Rachunku dla klas IV i V Klasy IVI miejsce &#8211; Kolesnyk Andriy kl. IV aII miejsce &#8211; Okhronchuk Illia kl. IV bIII miejsce &#8211; Nowatka Emilia kl. IV b Klasy VI miejsce &#8211; Dutlov Kiril kl. V bII miejsce &#8211; Dziuba-Bagrzyj Lena kl. V bIII miejsce &#8211; Horban Yaroslav kl. V <a href=\"https:\/\/sp1slupsk.pl\/?page_id=83059\"><b>&#8230;wi\u0119cej<\/b><\/a><\/p>\n","protected":false},"author":1,"featured_media":0,"parent":0,"menu_order":0,"comment_status":"closed","ping_status":"closed","template":"","meta":[],"_links":{"self":[{"href":"https:\/\/sp1slupsk.pl\/index.php?rest_route=\/wp\/v2\/pages\/83059"}],"collection":[{"href":"https:\/\/sp1slupsk.pl\/index.php?rest_route=\/wp\/v2\/pages"}],"about":[{"href":"https:\/\/sp1slupsk.pl\/index.php?rest_route=\/wp\/v2\/types\/page"}],"author":[{"embeddable":true,"href":"https:\/\/sp1slupsk.pl\/index.php?rest_route=\/wp\/v2\/users\/1"}],"replies":[{"embeddable":true,"href":"https:\/\/sp1slupsk.pl\/index.php?rest_route=%2Fwp%2Fv2%2Fcomments&post=83059"}],"version-history":[{"count":19,"href":"https:\/\/sp1slupsk.pl\/index.php?rest_route=\/wp\/v2\/pages\/83059\/revisions"}],"predecessor-version":[{"id":86498,"href":"https:\/\/sp1slupsk.pl\/index.php?rest_route=\/wp\/v2\/pages\/83059\/revisions\/86498"}],"wp:attachment":[{"href":"https:\/\/sp1slupsk.pl\/index.php?rest_route=%2Fwp%2Fv2%2Fmedia&parent=83059"}],"curies":[{"name":"wp","href":"https:\/\/api.w.org\/{rel}","templated":true}]}}