{"id":83060,"date":"2023-09-01T14:45:54","date_gmt":"2023-09-01T12:45:54","guid":{"rendered":"http:\/\/sp1slupsk.pl\/?page_id=83060"},"modified":"2024-06-10T10:02:16","modified_gmt":"2024-06-10T08:02:16","slug":"konkursy-pozaszkolne-2023-2024","status":"publish","type":"page","link":"https:\/\/sp1slupsk.pl\/?page_id=83060","title":{"rendered":"Konkursy pozaszkolne 2023\/2024"},"content":{"rendered":"\n<p class=\"has-text-align-center\">II miejsce &#8211; Milena Wi\u015bniewska kl. 6b<\/p>\n\n\n\n<p class=\"has-text-align-center\">w <strong>Og\u00f3lnopolskim Konkursie Fotograficznym &#8222;Przyroda jest w mie\u015bcie&#8221;<\/strong>,<br>zorganizowanym przez SP 45 w Gda\u0144sku.<\/p>\n\n\n\n<hr class=\"wp-block-separator\"\/>\n\n\n\n<p class=\"has-text-align-center\">Laureatka &#8211; Zuzanna Kucharska kl. 6a<\/p>\n\n\n\n<p class=\"has-text-align-center\">w <strong>konkursie na zaprojektowanie maskotki cz\u0142onka s\u0142upskiej EkoEkipy (EE) pn.: &#8222;Wodny bohater&#8221;, og\u0142oszony przez Prezydentk\u0119 Miasta S\u0142upska.<\/strong> <\/p>\n\n\n\n<hr class=\"wp-block-separator\"\/>\n\n\n\n<p class=\"has-text-align-center\">I miejsce &#8211; Marek Radawiec kl. 1a<\/p>\n\n\n\n<p class=\"has-text-align-center\">w <strong>Mi\u0119dzyszkolnym konkursie dla uczni\u00f3w klas pierwszych &#8222;Omnibus &#8211; wiem wszystko&#8221;<\/strong>,<br>organizowanym przez Szko\u0142\u0119 Podstawow\u0105 nr 10 w S\u0142upsku<\/p>\n\n\n\n<hr class=\"wp-block-separator\"\/>\n\n\n\n<p class=\"has-text-align-center\">III miejsce &#8211; Karolina Szymanowska i Nadia Bastek kl. 3a<\/p>\n\n\n\n<p class=\"has-text-align-center\">w <strong>XVI Mi\u0119dzyszkolnym Konkursie Plastycznym &#8222;\u015awiat wierszy Juliana Tuwima w oczach dziecka&#8221;<\/strong>,<br>organizowanym przez Szko\u0142\u0119 Podstawow\u0105 nr 10 w S\u0142upsku<\/p>\n\n\n\n<hr class=\"wp-block-separator\"\/>\n\n\n\n<p class=\"has-text-align-center\">Wyr\u00f3\u017cnienie &#8211; Milena Wi\u015bniewska kl. 6b<\/p>\n\n\n\n<p class=\"has-text-align-center\">w <strong>V Wojew\u00f3dzkim Konkursie Fotograficznym&nbsp;&#8222;A to Polska w\u0142a\u015bnie &#8211; WOK\u00d3\u0141 MNIE &#8211; KRAJOBRAZ POLSKI&#8221;<\/strong><\/p>\n\n\n\n<hr class=\"wp-block-separator\"\/>\n\n\n\n<p class=\"has-text-align-center\">Wyr\u00f3\u017cnienie &#8211; Kuba Baran kl. 2a<\/p>\n\n\n\n<p class=\"has-text-align-center\">w <strong>XVI Mi\u0119dzyszkolnym Quizie Przyrodniczym klas drugich<\/strong>. <br>organizowanym przez Szko\u0142\u0119 Podstawow\u0105 nr 10 w S\u0142upsku<\/p>\n\n\n\n<hr class=\"wp-block-separator\"\/>\n\n\n\n<p class=\"has-text-align-center\">III miejsce &#8211; Marcelina Heydebreck kl. 2b<\/p>\n\n\n\n<p class=\"has-text-align-center\">w<strong> Og\u00f3lnopolskim konkursie plastyczno- literackim &#8222;Wiosna wierszem malowana&#8221;<\/strong><br>organizowanym przez \u015bwietlic\u0119 szkoln\u0105 &#8222;Kubu\u015b Puchatek&#8221; przy Szkole Podstawowej nr 279 w Warszawie<\/p>\n\n\n\n<hr class=\"wp-block-separator\"\/>\n\n\n\n<p class=\"has-text-align-center\">Wyr\u00f3\u017cnienia &#8211; Karolina Szymanowska kl.3a, Filip Grzenkowicz kl.4b, \u0141ucja Radawiec kl.5b, Kacper Rubinowicz kl.7b<\/p>\n\n\n\n<p class=\"has-text-align-center\">w XXXIII edycji MI\u0118DZYNARODOWEGO KONKURSU &#8222;KANGUR MATEMATYCZNY&#8221;<\/p>\n\n\n\n<hr class=\"wp-block-separator\"\/>\n\n\n\n<p class=\"has-text-align-center\">I miejsce &#8211; dru\u017cyna w sk\u0142adzie: Kacper Rubinowicz kl. 7b, Yegor Samygin kl. 7b, Mykhailo Kyryliuk kl. 8a i Yevhenii Makovii kl. 8a<\/p>\n\n\n\n<p class=\"has-text-align-center\">w <strong>turnieju \u201eSzachy z Mickiem\u201d<\/strong><br>organizowanym przez II Liceum Og\u00f3lnokszta\u0142c\u0105cym im. Adama Mickiewicza w S\u0142upsku<\/p>\n\n\n\n<hr class=\"wp-block-separator\"\/>\n\n\n\n<p class=\"has-text-align-center\">Tytu\u0142 laureata &#8211; Milena Wi\u015bniewska kl. 6b<br>Wyr\u00f3\u017cnienie &#8211; Zuzanna Kucharska kl. 6a<\/p>\n\n\n\n<p class=\"has-text-align-center\">w <strong>V Mi\u0119dzynarodowym Konkursie Literackiej Tw\u00f3rczo\u015bci M\u0142odzie\u017cy<br>\u201eWitkacy. Napisane dzisiaj\u201d<\/strong><\/p>\n\n\n\n<hr class=\"wp-block-separator\"\/>\n\n\n\n<p class=\"has-text-align-center\">I miejsce &#8211; w kategorii klas 6 &#8211; Alicja Zi\u0119tara kl. 6a<\/p>\n\n\n\n<p class=\"has-text-align-center\">w <strong>Mi\u0119dzyszkolnym Konkursie z J\u0119zyka Angielskiego ,,To read or not To read\u201d<\/strong><br>organizowanym przez Szko\u0142\u0119 Podstawow\u0105 nr 8 w S\u0142upsku<\/p>\n\n\n\n<hr class=\"wp-block-separator\"\/>\n\n\n\n<p class=\"has-text-align-center\">II miejsce &#8211; Vanessa Pawlak kl. 2a<\/p>\n\n\n\n<p class=\"has-text-align-center\">w <strong>Og\u00f3lnopolskim Konkursie Plastycznym &#8222;Polska- moja ojczyzna &#8211; dziedzictwo cywilizacyjne Europy&#8221;<\/strong><br>organizowanym przez Szko\u0142\u0119 Podstawow\u0105 nr 50 w Bia\u0142ymstoku<\/p>\n\n\n\n<hr class=\"wp-block-separator\"\/>\n\n\n\n<p class=\"has-text-align-center\">I miejsce (dru\u017cynowo) &#8211; Mykhailo Kyryliuk kl. 8a, Yevenii Makovii kl. 8a, Kacper Rubinowicz kl. 7b, Yegor Samygin kl. 7b<\/p>\n\n\n\n<p class=\"has-text-align-center\">w <strong>w II Mi\u0119dzyszkolnym Turnieju Szachowym &#8222;Elektryk SzachMat<\/strong><br>organizowanym przez Zesp\u00f3\u0142 Szk\u00f3\u0142 &#8222;Elektryk&#8221; im. Polskich Noblist\u00f3w w S\u0142upsku<\/p>\n\n\n\n<hr class=\"wp-block-separator\"\/>\n\n\n\n<p class=\"has-text-align-center\">III miejsce (dru\u017cynowo) &#8211; \u0141ucja Radawiec i Kiril Dutlov kl. 5b <\/p>\n\n\n\n<p class=\"has-text-align-center\">w <strong>Mi\u0119dzyszkolnym Konkursie Matematyczno- Informatycznym dla klas pi\u0105tych &#8222;Rusz g\u0142ow\u0105&#8221;<\/strong><br>organizowanym przez Szko\u0142\u0119 Podstawow\u0105 nr 6 w S\u0142upsku<\/p>\n\n\n\n<hr class=\"wp-block-separator\"\/>\n\n\n\n<p class=\"has-text-align-center\">Laureat &#8211; Urszula Duras kl. 7a<br>Laureat &#8211; Amelia Jastrz\u0119bska kl. 7a<br>Finalista &#8211; Blanka Polak k. 7a<\/p>\n\n\n\n<p class=\"has-text-align-center\">w <strong>XXIX edycji Og\u00f3lnopolskiego Konkursu \u201eLosy \u017co\u0142nierza i dzieje or\u0119\u017ca polskiego w latach 1768-1864. Od Konfederacji Barskiej do Powstania Styczniowego. Za Wolno\u015b\u0107 Wasz\u0105 i nasz\u0105&#8221;<\/strong> (etap ponadwojew\u00f3dzki)<\/p>\n\n\n\n<hr class=\"wp-block-separator\"\/>\n\n\n\n<p class=\"has-text-align-center\">Tytu\u0142 Laureata Z\u0142otego Kangura &#8211; Alicja Zietara kl. 6a<br>Tytu\u0142 Laureata Srebrnego Kangura &#8211; Amadeusz Wirkus kl. 6a<\/p>\n\n\n\n<p class=\"has-text-align-center\">w<strong> Mi\u0119dzynarodowym Konkursie z J\u0119zyka Angielskiego ,,Kangur J\u0119zykowy 2024&#8243;<\/strong><\/p>\n\n\n\n<hr class=\"wp-block-separator\"\/>\n\n\n\n<p class=\"has-text-align-center\">II miejsce &#8211; Nadia Prasowska  kl. 5b w kategorii klas 4 &#8211; 8<br>Wyr\u00f3\u017cnienie &#8211; Jan Jo\u0144ski kl. 3b w kategorii klas 1 &#8211; 3<\/p>\n\n\n\n<p class=\"has-text-align-center\">w <strong>Powiatowym Konkursie Fotograficznym &#8222;\u0141ajba 2024&#8221;<\/strong><br>organizowanym przez Szko\u0142\u0119 Podstawow\u0105 nr 9 w S\u0142upsku <\/p>\n\n\n\n<hr class=\"wp-block-separator\"\/>\n\n\n\n<p class=\"has-text-align-center\">I miejsce &#8211; Nell Gruss kl. 4b<\/p>\n\n\n\n<p class=\"has-text-align-center\">w <strong>Wojew\u00f3dzkim Konkursie Obcoj\u0119zycznej Poezji Mi\u0142osnej w J\u0119zykach Obcych<\/strong> <br>organizowanym przez Szko\u0142\u0119 Podstawow\u0105 w Kobylnicy<\/p>\n\n\n\n<hr class=\"wp-block-separator\"\/>\n\n\n\n<p class=\"has-text-align-center\">I miejsce &#8211; Kacper Bonat kl. 3b<br>III miejsce &#8211; Karol Makuch kl. 3b<\/p>\n\n\n\n<p class=\"has-text-align-center\">w <strong>XII Mi\u0119dzyszkolnym Konkursie J\u0119zyka Angielskiego Klas III<\/strong>, <br>organizowanym przez Szko\u0142\u0119 Podstawow\u0105 nr 2 w S\u0142upsku<\/p>\n\n\n\n<hr class=\"wp-block-separator\"\/>\n\n\n\n<p class=\"has-text-align-center\">II miejsce &#8211; Wiktoria Bargowska kl. 5b<\/p>\n\n\n\n<p class=\"has-text-align-center\">na szczeblu og\u00f3lnopolskim w kategorii klas 5 (drugi wynik w S\u0142upsku) w <strong>V edycji trzyetapowego og\u00f3lnopolskiego Konkursu Matematyczno &#8211; Informatycznego InstaLogik 2023\/2024<\/strong><\/p>\n\n\n\n<hr class=\"wp-block-separator\"\/>\n\n\n\n<p class=\"has-text-align-center\">wyr\u00f3\u017cnienie &#8211; Zuzanna \u017bmuda kl. 7a<\/p>\n\n\n\n<p class=\"has-text-align-center\">w <strong>II Mi\u0119dzyszkolnym Konkursie J\u0119zyka Angielskiego &#8222;WRITING MASTER<\/strong>&#8222;<br>organizowanym przez Szko\u0142\u0119 Podstawow\u0105 nr 6 w S\u0142upsku<\/p>\n\n\n\n<hr class=\"wp-block-separator\"\/>\n\n\n\n<p class=\"has-text-align-center\">I miejsce &#8211; Milena Wi\u015bniewska kl. 6b<\/p>\n\n\n\n<p class=\"has-text-align-center\">w <strong>I Wojew\u00f3dzkim Konkursie Matematyczno &#8211; Fotograficznym &#8222;FotoMat&#8221;<\/strong> <br>w kategorii wiekowej klas 4 &#8211; 6<br>organizowanym przez III Spo\u0142eczna Szko\u0142a Podstawowa w Gda\u0144sku.<\/p>\n\n\n\n<hr class=\"wp-block-separator\"\/>\n\n\n\n<p class=\"has-text-align-center\">Mistrz S\u0142upska &#8211; Yegor Samygin kl. 7b<\/p>\n\n\n\n<p class=\"has-text-align-center\">w <strong>Warcabowych Mistrzostwach S\u0142upska Szk\u00f3\u0142 Podstawowych<\/strong><br>organizowanych przez Szko\u0142\u0119 Podstawow\u0105 nr 2 w S\u0142upsku<\/p>\n\n\n\n<hr class=\"wp-block-separator\"\/>\n\n\n\n<p class=\"has-text-align-center\">Laureaci &#8211; Jan Oleksiuk kl. 3a, Michalina Czerwi\u0144ska kl. 6a, Zuzanna Kucharska kl. 6a<br>wyr\u00f3\u017cnienie &#8211; Zuzanna Klimkowska kl. 4b<\/p>\n\n\n\n<p class=\"has-text-align-center\">w <strong>konkursie plastycznym kampanii Zachowaj Trze\u017awy Umys\u0142 2023<\/strong>. <\/p>\n\n\n\n<hr class=\"wp-block-separator\"\/>\n\n\n\n<p class=\"has-text-align-center\">Laureat &#8211; Jan Oleksiuk kl. 3a<\/p>\n\n\n\n<p class=\"has-text-align-center\">w <strong>Og\u00f3lnopolskiej Kampanii Zachowaj Trze\u017awy Umys\u0142 2023<\/strong>, <br>w konkursie pt. &#8222;Ros\u0119 zdrowo i M\u00f3j pomys\u0142 na Zdrowie&#8221;.<\/p>\n\n\n\n<hr class=\"wp-block-separator\"\/>\n\n\n\n<p class=\"has-text-align-center\">Wyr\u00f3\u017cnienie &#8211; Michalina Czerwi\u0144ska kl. 6a<\/p>\n\n\n\n<p class=\"has-text-align-center\">w <strong>Og\u00f3lnopolskim Konkursie ,,Kosmiczna Bajka&#8221;<\/strong>, organizatorem konkursu by\u0142a Federacja Polskich Bank\u00f3w \u017bywno\u015bci i by\u0142 on cz\u0119\u015bci\u0105 projektu ,,Ekomisja w podstaw\u00f3wkach&#8221; , kt\u00f3rego partnerem by\u0142 Lidl Polska.<\/p>\n\n\n\n<hr class=\"wp-block-separator\"\/>\n\n\n\n<p class=\"has-text-align-center\">Laureatka &#8211; Milena Wi\u015bniewska kl. 6b<\/p>\n\n\n\n<p class=\"has-text-align-center\">w<strong> II Powiatowym Konkursie na Komiks w J\u0119zyku Angielskim<\/strong> organizowanego przez M\u0142odzie\u017cowy Dom Kultury w S\u0142upsku.<\/p>\n\n\n\n<hr class=\"wp-block-separator\"\/>\n\n\n\n<p class=\"has-text-align-center\">Dru\u017cynowe biegi sztafetowe ch\u0142opc\u00f3w rocznik m\u0142odszy- III miejsce w ramach S\u0142upskiej Olimpiady M\u0142odzie\u017cy<\/p>\n\n\n\n<p class=\"has-text-align-center\">Sk\u0142ad: \u0141ukasz Giba\u0142a, Julian Sujka, Maciej Korzeniewski, Mykolai&nbsp; Derevenko, Sviatoslav Serhiiko, Ruslan Zubchenko&nbsp; <\/p>\n\n\n\n<hr class=\"wp-block-separator\"\/>\n\n\n\n<p class=\"has-text-align-center\">Reprezentacja unihokeja ch\u0142opc\u00f3w rocznik m\u0142odszy &#8211; I miejsce w ramach S\u0142upskiej Olimpiady M\u0142odzie\u017cy<\/p>\n\n\n\n<p class=\"has-text-align-center\">Sk\u0142ad: Franciszek Bloch, Marcel Sobieraj, Julian Sujka, Kacper Chwa\u0142a, Jakub Czapski, Dominik Rawski, Dorian Pilawa<\/p>\n\n\n\n<hr class=\"wp-block-separator\"\/>\n\n\n\n<p class=\"has-text-align-center\">Reprezentacja unihokeja ch\u0142opc\u00f3w rocznik&nbsp;starszy -II miejsce w ramach S\u0142upskiej Olimpiady M\u0142odzie\u017cy<\/p>\n\n\n\n<p class=\"has-text-align-center\">Sk\u0142ad: Igor Porasi\u0144ski, Julian Homerda, Denis Beihul, Yauhenii Babakov, Yevhenii Makovii, Dominik Rojek, Maksym Manko<\/p>\n\n\n\n<hr class=\"wp-block-separator\"\/>\n\n\n\n<p class=\"has-text-align-center\">Reprezentacja unihokeja&nbsp;dziewcz\u0105t rocznik starszy &#8211; III miejsce w ramach S\u0142upskiej Olimpiady M\u0142odzie\u017cy<\/p>\n\n\n\n<p class=\"has-text-align-center\">Sk\u0142ad: Sabina \u0141achut, Nikola Stolarczyk, Amelia Jastrz\u0119bska, Urszula Duras, Blanka Polak, Zuzanna \u017bmuda, Alicja Rusinowicz, Oleksandra Kozubska<\/p>\n\n\n\n<hr class=\"wp-block-separator\"\/>\n\n\n\n<p class=\"has-text-align-center\">II miejsce &#8211; Julia Dygu\u015b kl. 8a<\/p>\n\n\n\n<p class=\"has-text-align-center\">w <strong>Og\u00f3lnopolskim Konkursie z J\u0119zyka Angielskiego &#8222;Zosta\u0144 Mistrzem S\u0142\u00f3wek&#8221; <\/strong>w kategorii klas \u00f3smych<\/p>\n\n\n\n<hr class=\"wp-block-separator\"\/>\n\n\n\n<p class=\"has-text-align-center\">Wyr\u00f3\u017cnienie &#8211; Daryna Momot, Julia Sikorska i Maja Pil\u015bniak kl. VII b<\/p>\n\n\n\n<p class=\"has-text-align-center\">w <strong>Regionalnym Konkursie Plastyczny \u201ePrawa cz\u0142owieka \u2013 Prawami Dziecka\u201d<\/strong>, organizowanego przez Stowarzyszenie S\u0119dzi\u00f3w Polskich \u201eIustitia\u201d Oddzia\u0142 w S\u0142upsku oraz Europe Direct S\u0142upsk przy Centrum Inicjatyw Obywatelskich w S\u0142upsku.<\/p>\n\n\n\n<hr class=\"wp-block-separator\"\/>\n\n\n\n<p class=\"has-text-align-center\">I miejsce &#8211; \u0141ucja B\u0105bel &#8211; klasa II<br>II miejsce &#8211; Jagoda Sujka &#8211; klasa II<br>III miejsce &#8211; Pola Trzebi\u0144ska &#8211; klasa II<br>Wyr\u00f3\u017cnienia &#8211; Weronika \u017byszkowska &#8211; klasa II, Zuzanna Szyma\u0144ska &#8211; klasa II<\/p>\n\n\n\n<p class=\"has-text-align-center\">w <strong>Konkursie &#8222;Co dodaje mi skrzyde\u0142 &#8211; Moja pasja&#8221;<\/strong>, zorganizowany przez Fundacj\u0119 Mi\u0119dzynarodowy Ruch Lataj\u0105cych Plecaczk\u00f3w\/Flying Bag oraz firm\u0119 BIC Polska w ramach obchod\u00f3w Mi\u0119dzynarodowego Dnia Plecaka<\/p>\n\n\n\n<hr class=\"wp-block-separator\"\/>\n\n\n\n<p class=\"has-text-align-center\">I miejsce &#8211; duet ,,Jedyneczki\u201d w sk\u0142adzie&nbsp;Lena Grudziecka&nbsp;i&nbsp;Daria Baran kl. 6a<br>Wyr\u00f3\u017cnienie &#8211; Zuzanna \u017bmuda&nbsp;kl. 7a<\/p>\n\n\n\n<p class=\"has-text-align-center\">w <strong>Og\u00f3lnopolskim Konkursie Interpretacji Kol\u0119d i Utwor\u00f3w \u015awi\u0105tecznych ,,Narodzenia Czas\u201d<\/strong>, zorganizowany przez M\u0142odzie\u017cowy Dom Kultury w S\u0142upsku<\/p>\n\n\n\n<hr class=\"wp-block-separator\"\/>\n\n\n\n<p class=\"has-text-align-center\">II miejsce w kategorii soli\u015bci klas V &#8211; VIII &#8211; Zuzanna \u017bmuda kl. 7a<br>III miejsce w kategorii zespo\u0142y klas V &#8211; VIII &#8211; Duet \u201eJedynki\u201d w sk\u0142adzie&nbsp;Lena Grudziecka&nbsp;i&nbsp;Daria Baran kl. 6a<\/p>\n\n\n\n<p class=\"has-text-align-center\">w <strong>XVI Wojew\u00f3dzkim Konkursie Szk\u00f3\u0142 Podstawowych \u201e\u015apiewajmy kol\u0119dy\u201d<\/strong>, zorganizowany przez Szko\u0142\u0119 Podstawow\u0105 nr 1 w S\u0142upsku<\/p>\n\n\n\n<hr class=\"wp-block-separator\"\/>\n\n\n\n<p class=\"has-text-align-center\">I miejsce &#8211; Antonina Rataj kl. 7b <br>II miejsce &#8211; Helena Ossowska kl. 7b<\/p>\n\n\n\n<p class=\"has-text-align-center\">w <strong>Mi\u0119dzyszkolnym Konkursie Plastyczno &#8211; Informatyczny dla klas IV-VIII pn. &#8222;Tacy sami &#8211; tolerancja wobec os\u00f3b niepe\u0142nosprawnych&#8221;<\/strong> w kategorii klas VII &#8211; VIII, zorganizowany przez Szko\u0142\u0119 Podstawow\u0105 nr 6 w S\u0142upsku<\/p>\n\n\n\n<hr class=\"wp-block-separator\"\/>\n\n\n\n<p class=\"has-text-align-center\">Urszula Duras kl. 7a<br>Amelia Jastrz\u0119bska kl. 7a<br>Blanka Polak kl. 7a<br><br>zakwalifikowali si\u0119 do <strong>etapu ponadwojew\u00f3dzkiego XXIX edycji Konkursu Historycznego&nbsp; im. majora Marka Gajewskiego \u201eLosy \u017co\u0142nierza i dzieje or\u0119\u017ca polskiego w latach 1768-1864. <\/strong>Od konfederacji barskiej do powstania styczniowego. Za nasz\u0105 i wasz\u0105 wolno\u015b\u0107&#8221;.<\/p>\n\n\n\n<hr class=\"wp-block-separator\"\/>\n\n\n\n<p class=\"has-text-align-center\">Urszula Duras kl. 7a<br>Amelia Jastrz\u0119bska kl. 7a<br>Blanka Polak kl. 7a<br>Gustaw Obia\u0142a kl. 7a<br>Vladylsav Bilokon kl. 8a<br><br>zakwalifikowali si\u0119 do <strong>etapu wojew\u00f3dzkiego XXIX edycji Konkursu Historycznego&nbsp; im. majora Marka Gajewskiego \u201eLosy \u017co\u0142nierza i dzieje or\u0119\u017ca polskiego w latach 1768-1864<\/strong>. Od konfederacji barskiej do powstania styczniowego. Za nasz\u0105 i wasz\u0105 wolno\u015b\u0107&#8221;.<\/p>\n","protected":false},"excerpt":{"rendered":"<p>II miejsce &#8211; Milena Wi\u015bniewska kl. 6b w Og\u00f3lnopolskim Konkursie Fotograficznym &#8222;Przyroda jest w mie\u015bcie&#8221;,zorganizowanym przez SP 45 w Gda\u0144sku. Laureatka &#8211; Zuzanna Kucharska kl. 6a w konkursie na zaprojektowanie maskotki cz\u0142onka s\u0142upskiej EkoEkipy (EE) pn.: &#8222;Wodny bohater&#8221;, og\u0142oszony przez Prezydentk\u0119 Miasta S\u0142upska. I miejsce &#8211; Marek Radawiec kl. 1a w Mi\u0119dzyszkolnym konkursie dla uczni\u00f3w <a href=\"https:\/\/sp1slupsk.pl\/?page_id=83060\"><b>&#8230;wi\u0119cej<\/b><\/a><\/p>\n","protected":false},"author":1,"featured_media":0,"parent":0,"menu_order":0,"comment_status":"closed","ping_status":"closed","template":"","meta":[],"_links":{"self":[{"href":"https:\/\/sp1slupsk.pl\/index.php?rest_route=\/wp\/v2\/pages\/83060"}],"collection":[{"href":"https:\/\/sp1slupsk.pl\/index.php?rest_route=\/wp\/v2\/pages"}],"about":[{"href":"https:\/\/sp1slupsk.pl\/index.php?rest_route=\/wp\/v2\/types\/page"}],"author":[{"embeddable":true,"href":"https:\/\/sp1slupsk.pl\/index.php?rest_route=\/wp\/v2\/users\/1"}],"replies":[{"embeddable":true,"href":"https:\/\/sp1slupsk.pl\/index.php?rest_route=%2Fwp%2Fv2%2Fcomments&post=83060"}],"version-history":[{"count":61,"href":"https:\/\/sp1slupsk.pl\/index.php?rest_route=\/wp\/v2\/pages\/83060\/revisions"}],"predecessor-version":[{"id":86446,"href":"https:\/\/sp1slupsk.pl\/index.php?rest_route=\/wp\/v2\/pages\/83060\/revisions\/86446"}],"wp:attachment":[{"href":"https:\/\/sp1slupsk.pl\/index.php?rest_route=%2Fwp%2Fv2%2Fmedia&parent=83060"}],"curies":[{"name":"wp","href":"https:\/\/api.w.org\/{rel}","templated":true}]}}