{"id":86951,"date":"2024-09-23T20:42:16","date_gmt":"2024-09-23T18:42:16","guid":{"rendered":"http:\/\/sp1slupsk.pl\/?page_id=86951"},"modified":"2024-09-23T20:46:37","modified_gmt":"2024-09-23T18:46:37","slug":"ciekawe-linki-teksty-i-strony","status":"publish","type":"page","link":"https:\/\/sp1slupsk.pl\/?page_id=86951","title":{"rendered":"Ciekawe linki, teksty i strony"},"content":{"rendered":"\n<p><strong>Przydatne linki:<\/strong><\/p>\n\n\n\n<p>Jaki zaw\u00f3d wybra\u0107? Filtr preferencji: <br><a href=\"https:\/\/mapakarier.org\/filtr-preferencji\/?gad_source=1&amp;gclid=Cj0KCQjwgL-3BhDnARIsAL6KZ6-xJ97Yl70ISOdI06y37aTYKBeZKKZVQ7GF_K_c5mgmWGXU83BOeLYaAtHHEALw_wcB\"><em><span class=\"has-inline-color has-vivid-cyan-blue-color\">Filtr preferencji | \u015acie\u017cki kariery dla Ciebie | Mapa Karier<\/span><\/em><\/a><\/p>\n\n\n\n<p>Polska Rama Kwalifikacji: <br><a href=\"https:\/\/www.youtube.com\/watch?v=_2ML6Y7bfO4\"><em><span class=\"has-inline-color has-vivid-cyan-blue-color\">O Polskiej Ramie Kwalifikacji &#8211; animacja (youtube.com)<\/span><\/em><\/a><\/p>\n\n\n\n<p><strong>Informacje o zawodach:<\/strong><\/p>\n\n\n\n<p>\u015acie\u017cki kariery, opis zawod\u00f3w:<br><a href=\"https:\/\/mapakarier.org\/sciezki-kariery\/\"><em><span class=\"has-inline-color has-vivid-cyan-blue-color\">Zawody w Polsce | Lista kilkuset \u015bcie\u017cek kariery | Mapa Karier<\/span><\/em><\/a><\/p>\n\n\n\n<p>Filmy prezentuj\u0105ce wybrane zawody: <br><a href=\"https:\/\/zpe.gov.pl\/szukaj-doradztwo-zawodowe?query=&amp;stage=DZ&amp;subject=Szko%C5%82y+ponadpodstawowe+i+osoby+doros%C5%82e\"><em><span class=\"has-inline-color has-vivid-cyan-blue-color\">Zintegrowana Platforma Edukacyjna (zpe.gov.pl)<\/span><\/em><\/a><br><a href=\"https:\/\/dev-doradztwo.ore.edu.pl\/filmy-o-zawodach\/\"><em><span class=\"has-inline-color has-vivid-cyan-blue-color\">dev-doradztwo.ore.edu.pl\/filmy-o-zawodach\/<\/span><\/em><\/a><\/p>\n\n\n\n<p><strong>Polecane testy:<\/strong><\/p>\n\n\n\n<p><strong>\u201eTest czy znasz siebie\u201d.<\/strong><br><a href=\"https:\/\/drive.google.com\/file\/d\/1zBd8ypV0b_NuR_-FkLXUVQma9WBi83Qs\/view?usp=sharing\"><em><span class=\"has-inline-color has-vivid-cyan-blue-color\">https:\/\/drive.google.com\/file\/d\/1zBd8ypV0b_NuR_-<\/span><\/em><\/a><em><a href=\"http:\/\/FkLXUVQma9WBi83Qs\/view?usp=sharing\" data-type=\"URL\" data-id=\"FkLXUVQma9WBi83Qs\/view?usp=sharing\"><span class=\"has-inline-color has-vivid-cyan-blue-color\">FkLXUVQma9WBi83Qs\/view?usp=sharing<\/span><\/a><\/em><\/p>\n\n\n\n<p><strong>Diagnostyka temperamentu wed\u0142ug testu H.J. Eysencka<\/strong><br><a href=\"https:\/\/drive.google.com\/file\/d\/1ganrjqTQCqsgz84LlK4yUtRYdyD32trt\/view?usp=sharing\"><em><span class=\"has-inline-color has-vivid-cyan-blue-color\">https:\/\/drive.google.com\/file\/d\/1ganrjqTQCqsgz84LlK4yUtRYdyD32trt\/view?usp=sharing<\/span><\/em><\/a><\/p>\n\n\n\n<p>\u201eTest predyspozycji zawodowych\u201d.<br><a href=\"https:\/\/drive.google.com\/file\/d\/1VQX6e6wYRiY9735iDkfmaEaRNlkC83Ft\/view?usp=sharing\"><em><span class=\"has-inline-color has-vivid-cyan-blue-color\">https:\/\/drive.google.com\/file\/d\/1VQX6e6wYRiY9735iDkfmaEaRNlkC83Ft\/view?usp=sharing<\/span><\/em><\/a><\/p>\n\n\n\n<p><\/p>\n","protected":false},"excerpt":{"rendered":"<p>Przydatne linki: Jaki zaw\u00f3d wybra\u0107? Filtr preferencji: Filtr preferencji | \u015acie\u017cki kariery dla Ciebie | Mapa Karier Polska Rama Kwalifikacji: O Polskiej Ramie Kwalifikacji &#8211; animacja (youtube.com) Informacje o zawodach: \u015acie\u017cki kariery, opis zawod\u00f3w:Zawody w Polsce | Lista kilkuset \u015bcie\u017cek kariery | Mapa Karier Filmy prezentuj\u0105ce wybrane zawody: Zintegrowana Platforma Edukacyjna (zpe.gov.pl)dev-doradztwo.ore.edu.pl\/filmy-o-zawodach\/ Polecane testy: \u201eTest <a href=\"https:\/\/sp1slupsk.pl\/?page_id=86951\"><b>&#8230;wi\u0119cej<\/b><\/a><\/p>\n","protected":false},"author":1,"featured_media":0,"parent":0,"menu_order":0,"comment_status":"closed","ping_status":"closed","template":"","meta":[],"_links":{"self":[{"href":"https:\/\/sp1slupsk.pl\/index.php?rest_route=\/wp\/v2\/pages\/86951"}],"collection":[{"href":"https:\/\/sp1slupsk.pl\/index.php?rest_route=\/wp\/v2\/pages"}],"about":[{"href":"https:\/\/sp1slupsk.pl\/index.php?rest_route=\/wp\/v2\/types\/page"}],"author":[{"embeddable":true,"href":"https:\/\/sp1slupsk.pl\/index.php?rest_route=\/wp\/v2\/users\/1"}],"replies":[{"embeddable":true,"href":"https:\/\/sp1slupsk.pl\/index.php?rest_route=%2Fwp%2Fv2%2Fcomments&post=86951"}],"version-history":[{"count":8,"href":"https:\/\/sp1slupsk.pl\/index.php?rest_route=\/wp\/v2\/pages\/86951\/revisions"}],"predecessor-version":[{"id":86963,"href":"https:\/\/sp1slupsk.pl\/index.php?rest_route=\/wp\/v2\/pages\/86951\/revisions\/86963"}],"wp:attachment":[{"href":"https:\/\/sp1slupsk.pl\/index.php?rest_route=%2Fwp%2Fv2%2Fmedia&parent=86951"}],"curies":[{"name":"wp","href":"https:\/\/api.w.org\/{rel}","templated":true}]}}