{"id":87391,"date":"2024-10-25T14:57:20","date_gmt":"2024-10-25T12:57:20","guid":{"rendered":"http:\/\/sp1slupsk.pl\/?page_id=87391"},"modified":"2026-03-06T09:38:04","modified_gmt":"2026-03-06T08:38:04","slug":"pozytywnie-wlaczeni","status":"publish","type":"page","link":"https:\/\/sp1slupsk.pl\/?page_id=87391","title":{"rendered":"Pozytywnie w\u0142\u0105czeni \u2013 kompleksowy system wdra\u017cania edukacji w\u0142\u0105czaj\u0105cej w s\u0142upskich szko\u0142ach"},"content":{"rendered":"\n<div class=\"wp-block-image\"><figure class=\"aligncenter size-large is-resized\"><img loading=\"lazy\" src=\"http:\/\/sp1slupsk.pl\/wp-content\/uploads\/2024\/10\/Pozytwnie-wlaczeni-1024x119.png\" alt=\"\" class=\"wp-image-87396\" width=\"670\" height=\"77\" srcset=\"https:\/\/sp1slupsk.pl\/wp-content\/uploads\/2024\/10\/Pozytwnie-wlaczeni-1024x119.png 1024w, https:\/\/sp1slupsk.pl\/wp-content\/uploads\/2024\/10\/Pozytwnie-wlaczeni-300x35.png 300w, https:\/\/sp1slupsk.pl\/wp-content\/uploads\/2024\/10\/Pozytwnie-wlaczeni-768x89.png 768w, https:\/\/sp1slupsk.pl\/wp-content\/uploads\/2024\/10\/Pozytwnie-wlaczeni-1536x179.png 1536w, https:\/\/sp1slupsk.pl\/wp-content\/uploads\/2024\/10\/Pozytwnie-wlaczeni-2048x238.png 2048w\" sizes=\"(max-width: 670px) 100vw, 670px\" \/><\/figure><\/div>\n\n\n\n<div class=\"wp-block-image\"><figure class=\"aligncenter size-large is-resized\"><img loading=\"lazy\" src=\"http:\/\/sp1slupsk.pl\/wp-content\/uploads\/2025\/03\/pozytywnie-wlaczeni.jpg\" alt=\"\" class=\"wp-image-88380\" width=\"393\" height=\"277\" srcset=\"https:\/\/sp1slupsk.pl\/wp-content\/uploads\/2025\/03\/pozytywnie-wlaczeni.jpg 1024w, https:\/\/sp1slupsk.pl\/wp-content\/uploads\/2025\/03\/pozytywnie-wlaczeni-300x212.jpg 300w, https:\/\/sp1slupsk.pl\/wp-content\/uploads\/2025\/03\/pozytywnie-wlaczeni-768x543.jpg 768w\" sizes=\"(max-width: 393px) 100vw, 393px\" \/><\/figure><\/div>\n\n\n\n<div class=\"wp-block-file\"><a href=\"https:\/\/sp1slupsk.pl\/wp-content\/uploads\/2026\/03\/Harmo.wsp_.-III-IV-2026-Kozlowicz-S_.odt\"><em><span class=\"has-inline-color has-black-color\">Harmonogram udzielanego wsparcia za okres III &#8211; IV 2026 r. &#8211; Sylwia Koz\u0142owicz<\/span><\/em><\/a><\/div>\n\n\n\n<div class=\"wp-block-file\"><a href=\"https:\/\/sp1slupsk.pl\/wp-content\/uploads\/2026\/03\/Harmo.wsp_.-III-IV-2026-Kucharska-J_.odt\"><em><span class=\"has-inline-color has-black-color\">Harmonogram udzielanego wsparcia za okres III &#8211; IV 2026 r. &#8211; Justyna Kucharska<\/span><\/em><\/a><\/div>\n\n\n\n<div class=\"wp-block-file\"><a href=\"https:\/\/sp1slupsk.pl\/wp-content\/uploads\/2026\/03\/Harmo.wsp_.-III-IV-2026-r.-Potrykus.odt\"><em><span class=\"has-inline-color has-black-color\">Harmonogram udzielanego wsparcia za okres III &#8211; IV 2026 r. &#8211; Edyta Potrykus<\/span><\/em><\/a><\/div>\n\n\n\n<div class=\"wp-block-file\"><a href=\"http:\/\/sp1slupsk.pl\/wp-content\/uploads\/2026\/03\/Harmo.wsp_.-III-2026-Chylewska-Kirko-N.-8a.odt\"><span class=\"has-inline-color has-black-color\"><em>Harmonogram udzielanego wsparcia za okres III 2026 r. &#8211; Aleksandra Chylewska<\/em><\/span><\/a><\/div>\n\n\n\n<hr class=\"wp-block-separator\"\/>\n\n\n\n<div class=\"wp-block-file\"><a href=\"https:\/\/sp1slupsk.pl\/wp-content\/uploads\/2025\/09\/Harmo.wsp_.-IX-X-2025-Kozlowicz-S..odt\"><em><span class=\"has-inline-color has-black-color\">Harmonogram udzielanego wsparcia za okres IX &#8211; X 2025 r. &#8211; Sylwia Koz\u0142owicz<\/span><\/em><\/a><\/div>\n\n\n\n<div class=\"wp-block-file\"><a href=\"https:\/\/sp1slupsk.pl\/wp-content\/uploads\/2025\/09\/Harmo.wsp_.-IX-X-2025-Kucharska-J..odt\"><span class=\"has-inline-color has-black-color\"><em>Harmonogram udzielanego wsparcia za okres IX &#8211; X 2025 r. &#8211; Justyna Kucharska<\/em><\/span><\/a><\/div>\n\n\n\n<div class=\"wp-block-file\"><a href=\"https:\/\/sp1slupsk.pl\/wp-content\/uploads\/2025\/09\/Harmo.wsparcia-IX-X-2025-r.-Potrykus.odt\"><em><span class=\"has-inline-color has-black-color\">Harmonogram udzielanego wsparcia za okres IX -X -2025 r. &#8211; Edyta Potrykus<\/span><\/em><\/a><\/div>\n","protected":false},"excerpt":{"rendered":"","protected":false},"author":1,"featured_media":0,"parent":0,"menu_order":0,"comment_status":"closed","ping_status":"closed","template":"","meta":[],"_links":{"self":[{"href":"https:\/\/sp1slupsk.pl\/index.php?rest_route=\/wp\/v2\/pages\/87391"}],"collection":[{"href":"https:\/\/sp1slupsk.pl\/index.php?rest_route=\/wp\/v2\/pages"}],"about":[{"href":"https:\/\/sp1slupsk.pl\/index.php?rest_route=\/wp\/v2\/types\/page"}],"author":[{"embeddable":true,"href":"https:\/\/sp1slupsk.pl\/index.php?rest_route=\/wp\/v2\/users\/1"}],"replies":[{"embeddable":true,"href":"https:\/\/sp1slupsk.pl\/index.php?rest_route=%2Fwp%2Fv2%2Fcomments&post=87391"}],"version-history":[{"count":42,"href":"https:\/\/sp1slupsk.pl\/index.php?rest_route=\/wp\/v2\/pages\/87391\/revisions"}],"predecessor-version":[{"id":90728,"href":"https:\/\/sp1slupsk.pl\/index.php?rest_route=\/wp\/v2\/pages\/87391\/revisions\/90728"}],"wp:attachment":[{"href":"https:\/\/sp1slupsk.pl\/index.php?rest_route=%2Fwp%2Fv2%2Fmedia&parent=87391"}],"curies":[{"name":"wp","href":"https:\/\/api.w.org\/{rel}","templated":true}]}}