{"id":87627,"date":"2024-11-11T14:35:46","date_gmt":"2024-11-11T13:35:46","guid":{"rendered":"http:\/\/sp1slupsk.pl\/?page_id=87627"},"modified":"2024-11-19T09:55:18","modified_gmt":"2024-11-19T08:55:18","slug":"morze-baltyckie-w-liczbach","status":"publish","type":"page","link":"https:\/\/sp1slupsk.pl\/?page_id=87627","title":{"rendered":"\u201eMorze Ba\u0142tyckie w Liczbach\u201d"},"content":{"rendered":"\n<div class=\"wp-block-image\"><figure class=\"aligncenter size-large is-resized\"><img loading=\"lazy\" src=\"http:\/\/sp1slupsk.pl\/wp-content\/uploads\/2024\/09\/mfundacja-logo.jpg\" alt=\"\" class=\"wp-image-86837\" width=\"269\" height=\"77\" srcset=\"https:\/\/sp1slupsk.pl\/wp-content\/uploads\/2024\/09\/mfundacja-logo.jpg 1000w, https:\/\/sp1slupsk.pl\/wp-content\/uploads\/2024\/09\/mfundacja-logo-300x86.jpg 300w, https:\/\/sp1slupsk.pl\/wp-content\/uploads\/2024\/09\/mfundacja-logo-768x219.jpg 768w\" sizes=\"(max-width: 269px) 100vw, 269px\" \/><\/figure><\/div>\n\n\n\n<p><\/p>\n\n\n\n<p class=\"has-text-align-center\" style=\"font-size:18px\"><strong>Regulamin Szkolnego Konkursu<br>\u201eMorze Ba\u0142tyckie w Liczbach\u201d<\/strong><\/p>\n\n\n\n<p><strong>Organizator Konkursu<\/strong><\/p>\n\n\n\n<p>Konkurs \u201eMorze Ba\u0142tyckie w Liczbach\u201d jest organizowany w ramach projektu \u201eBaltic Math: Matematyczne odkrywanie Morza Ba\u0142tyckiego\u201d, finansowanego ze \u015brodk\u00f3w Fundacji mBanku w ramach Programu mSilnia.<\/p>\n\n\n\n<p><strong>Uczestnicy<\/strong><\/p>\n\n\n\n<p>Konkurs jest skierowany do uczni\u00f3w klas IV\u2013VIII Szko\u0142y Podstawowej nr 1 im. Henryka Sienkiewicza w S\u0142upsku oraz ich rodzic\u00f3w. Ma form\u0119 pracy rodzinnej, w kt\u00f3rej dzieci i rodzice wsp\u00f3lnie tworz\u0105 projekt konkursowy.<\/p>\n\n\n\n<p><strong>Zadanie Konkursowe<\/strong><\/p>\n\n\n\n<p>Zadanie konkursowe polega na stworzeniu plakatu lub kr\u00f3tkiego filmu przedstawiaj\u0105cego tematyk\u0119 matematyczno-nawigacyjn\u0105 zwi\u0105zan\u0105 z Morzem Ba\u0142tyckim. Uczestnicy maj\u0105 za zadanie po\u0142\u0105czy\u0107 elementy matematyki z aspektami nawigacji lub map morskich, na przyk\u0142ad poprzez prezentacj\u0119 ciekawostek liczbowych o Ba\u0142tyku, zastosowanie matematycznych narz\u0119dzi na mapie morskiej, czy analiz\u0119 danych zwi\u0105zanych z morzem.<\/p>\n\n\n\n<p>Uczestnicy konkursu mog\u0105 wykaza\u0107 si\u0119 kreatywno\u015bci\u0105 i wyobra\u017ani\u0105, tworz\u0105c projekt, kt\u00f3ry odkrywa zwi\u0105zki mi\u0119dzy matematyk\u0105 a Morzem Ba\u0142tyckim. Mog\u0105 to by\u0107 przyk\u0142ady oblicze\u0144, analiza danych geograficznych, historie morskie w liczbach lub inne pomys\u0142y, kt\u00f3re pokazuj\u0105, jak matematyka pomaga lepiej zrozumie\u0107 Ba\u0142tyk.<\/p>\n\n\n\n<p><strong>Forma Pracy Konkursowej<\/strong><\/p>\n\n\n\n<ul><li><strong>Plakat<\/strong>: format A4, A3 lub A2, technika wykonania dowolna (mo\u017cliwe u\u017cycie materia\u0142\u00f3w takich jak kredki, farby, kola\u017c, grafika komputerowa).<\/li><li><strong>Film<\/strong>: czas trwania maksymalnie 2 minuty, format dowolny (film mo\u017ce by\u0107 animacj\u0105, reporta\u017cem, kr\u00f3tk\u0105 prezentacj\u0105 multimedialn\u0105). Filmy nale\u017cy przesy\u0142a\u0107 jako za\u0142\u0105cznik przez system Librus do p. J. Kucharskiej.<\/li><\/ul>\n\n\n\n<p><strong>Terminy<\/strong><\/p>\n\n\n\n<p>Prace konkursowe nale\u017cy dostarczy\u0107 do pani J. Kucharskiej do 30 listopada 2024 roku.<\/p>\n\n\n\n<p><strong>Wy\u0142onienie Laureat\u00f3w<\/strong><\/p>\n\n\n\n<p>Prace zostan\u0105 ocenione przez komisj\u0119 powo\u0142an\u0105 przez organizatora konkursu, kt\u00f3ra wy\u0142oni:<\/p>\n\n\n\n<ul><li>Trzech laureat\u00f3w konkursu.<\/li><li>Jedn\u0105 prac\u0119 wyr\u00f3\u017cnion\u0105 w ka\u017cdej z dw\u00f3ch kategorii (plakat, film).<\/li><\/ul>\n\n\n\n<p><strong>Kryteria Oceny Prac Konkursowych<\/strong><\/p>\n\n\n\n<p>Podczas oceny prac komisja konkursowa b\u0119dzie bra\u0142a pod uwag\u0119:<\/p>\n\n\n\n<ol type=\"1\"><li><strong>Zgodno\u015b\u0107 z tematyk\u0105 konkursu<\/strong> \u2013 praca powinna zawiera\u0107 elementy matematyczne zwi\u0105zane z Morzem Ba\u0142tyckim.<\/li><li><strong>Pomys\u0142owo\u015b\u0107 i kreatywno\u015b\u0107<\/strong> \u2013 oryginalne podej\u015bcie do tematu, unikalne spojrzenie na matematyk\u0119 w kontek\u015bcie morskim.<\/li><li><strong>Estetyka wykonania<\/strong> \u2013 staranno\u015b\u0107, przejrzysto\u015b\u0107 i atrakcyjno\u015b\u0107 wizualna.<\/li><li><strong>Wykorzystanie technik plastycznych lub filmowych<\/strong> \u2013 umiej\u0119tne dobranie \u015brodk\u00f3w wyrazu, kreatywne u\u017cycie narz\u0119dzi plastycznych lub filmowych.<\/li><\/ol>\n\n\n\n<p><strong>Uwaga<\/strong>: Prace, kt\u00f3re nie spe\u0142ni\u0105 wymog\u00f3w okre\u015blonych w regulaminie, nie zostan\u0105 dopuszczone do konkursu.<\/p>\n\n\n\n<p><strong>Nagrody<\/strong><\/p>\n\n\n\n<p>Dla zwyci\u0119zc\u00f3w przewidziane s\u0105 nagrody ufundowane przez Fundacj\u0119 mBanku. Wyniki konkursu zostan\u0105 og\u0142oszone na stronie internetowej szko\u0142y oraz w dzienniku Librus.<\/p>\n\n\n\n<p><strong>Prawa Autorskie, Zwrot Prac, Ochrona Danych Osobowych<\/strong><\/p>\n\n\n\n<ol type=\"1\"><li>Prace przekazane na konkurs pozostaj\u0105 w\u0142asno\u015bci\u0105 organizator\u00f3w i nie b\u0119d\u0105 zwracane uczestnikom.<\/li><li>Dostarczenie pracy jest r\u00f3wnoznaczne z o\u015bwiadczeniem, \u017ce uczestnik jest autorem pracy oraz wyra\u017ca zgod\u0119 na:<ul><li>przetwarzanie danych osobowych dla cel\u00f3w zwi\u0105zanych z organizacj\u0105 i promocj\u0105 konkursu,<\/li><li>publikacj\u0119 wizerunku uczestnika w materia\u0142ach promocyjnych konkursu.<\/li><\/ul><\/li><\/ol>\n\n\n\n<p><strong>Uwagi Ko\u0144cowe<\/strong><\/p>\n\n\n\n<ol type=\"1\"><li>Prace musz\u0105 by\u0107 opisane (imi\u0119, nazwisko ucznia, klasa). Prace nieopisane nie b\u0119d\u0105 brane pod uwag\u0119.<\/li><li>Z\u0142o\u017cenie pracy jest r\u00f3wnoznaczne z akceptacj\u0105 niniejszego regulaminu.<\/li><\/ol>\n","protected":false},"excerpt":{"rendered":"<p>Regulamin Szkolnego Konkursu\u201eMorze Ba\u0142tyckie w Liczbach\u201d Organizator Konkursu Konkurs \u201eMorze Ba\u0142tyckie w Liczbach\u201d jest organizowany w ramach projektu \u201eBaltic Math: Matematyczne odkrywanie Morza Ba\u0142tyckiego\u201d, finansowanego ze \u015brodk\u00f3w Fundacji mBanku w ramach Programu mSilnia. Uczestnicy Konkurs jest skierowany do uczni\u00f3w klas IV\u2013VIII Szko\u0142y Podstawowej nr 1 im. Henryka Sienkiewicza w S\u0142upsku oraz ich rodzic\u00f3w. Ma form\u0119 <a href=\"https:\/\/sp1slupsk.pl\/?page_id=87627\"><b>&#8230;wi\u0119cej<\/b><\/a><\/p>\n","protected":false},"author":1,"featured_media":0,"parent":0,"menu_order":0,"comment_status":"closed","ping_status":"closed","template":"","meta":[],"_links":{"self":[{"href":"https:\/\/sp1slupsk.pl\/index.php?rest_route=\/wp\/v2\/pages\/87627"}],"collection":[{"href":"https:\/\/sp1slupsk.pl\/index.php?rest_route=\/wp\/v2\/pages"}],"about":[{"href":"https:\/\/sp1slupsk.pl\/index.php?rest_route=\/wp\/v2\/types\/page"}],"author":[{"embeddable":true,"href":"https:\/\/sp1slupsk.pl\/index.php?rest_route=\/wp\/v2\/users\/1"}],"replies":[{"embeddable":true,"href":"https:\/\/sp1slupsk.pl\/index.php?rest_route=%2Fwp%2Fv2%2Fcomments&post=87627"}],"version-history":[{"count":6,"href":"https:\/\/sp1slupsk.pl\/index.php?rest_route=\/wp\/v2\/pages\/87627\/revisions"}],"predecessor-version":[{"id":87757,"href":"https:\/\/sp1slupsk.pl\/index.php?rest_route=\/wp\/v2\/pages\/87627\/revisions\/87757"}],"wp:attachment":[{"href":"https:\/\/sp1slupsk.pl\/index.php?rest_route=%2Fwp%2Fv2%2Fmedia&parent=87627"}],"curies":[{"name":"wp","href":"https:\/\/api.w.org\/{rel}","templated":true}]}}