{"id":87773,"date":"2024-11-20T17:52:29","date_gmt":"2024-11-20T16:52:29","guid":{"rendered":"http:\/\/sp1slupsk.pl\/?page_id=87773"},"modified":"2025-04-16T15:32:28","modified_gmt":"2025-04-16T13:32:28","slug":"konkursy-szkolne-2024-2025-2","status":"publish","type":"page","link":"https:\/\/sp1slupsk.pl\/?page_id=87773","title":{"rendered":"Konkursy szkolne 2024\/2025"},"content":{"rendered":"\n<p><strong>Szkolny Konkurs na plakat Bezpieczny Internet<\/strong><\/p>\n\n\n\n<p>I miejsce &#8211; Ziemienowicz Tatiana<br>II miejsce &#8211; Ziemienowicz Natasza<br>III miejsce &#8211; Lena Dziuba &#8211; Bagrzyj<\/p>\n\n\n\n<p><strong>Szkolny Konkurs Matematyczny Mistrz Rachunku<\/strong><\/p>\n\n\n\n<p><em>klasy IV<\/em><br>I miejsce &#8211; Iga Czeka\u0142a<br>II miejsce &#8211; Marcel Sta\u0144czyk<br>III miejsce &#8211; Nadia Pietras<\/p>\n\n\n\n<p><em>klasy VI<\/em><br>I miejsce &#8211; Kiril Dutlov<br>II miejsce &#8211; \u0141ukasz Giba\u0142a i Marharyta Drozd<br>III miejsce &#8211; Lena Dziuba &#8211; Bagrzyj<\/p>\n\n\n\n<p><strong>Szkolny Konkursu Matematyczny Mistrz Tabliczki Mno\u017cenia dla klas 4<\/strong><\/p>\n\n\n\n<p>I miejsce &#8211; Iga Czeka\u0142a klasa 4a<br>II miejsce &#8211; Maja Krysiak klasa 4a<br>III miejsce &#8211; Nadia Pietras klasa 4a<br>III miejsce &#8211; Marcel Sta\u0144czyk &#8211; klasa 4a<\/p>\n\n\n\n<p><strong>Szkolny konkurs plastyczny dla klas I-III \u201eM\u00f3j fantastyczny zakropkowany \u015bwiat\u201d z okazji Dnia Kropki<\/strong><br><br>I miejsce: Mariia Koval &#8211; klasa 2a<br>II miejsce: Aleksandra Maszota &#8211; klasa 2b oraz Blanka Pakmur &#8211; klasa 1a<br>III miejsce: Nadia Mi\u0105zek &#8211; klasa 3a oraz Filip Szter &#8211; klasa 2a<\/p>\n\n\n\n<p><strong>Szkolny Festiwal dyni: <\/strong><\/p>\n\n\n\n<p>I miejsce &#8211; Ma\u0142gosia Choroba &#8211; klasa 2b oraz Janek Choroba &#8211; klasa 5b<br>II miejsce &#8211; Marcelina Raniszewska &#8211;  klasa 1a<\/p>\n\n\n\n<p><strong>Szkolny konkurs &#8222;M\u00f3j magiczny kot&#8221; dla klas 0-III:<\/strong><br><br>I miejsce &#8211; Micha\u0142 Ko\u0142tun &#8211; klasa 3a<br>II miejsce &#8211; Tymon Bylina &#8211; klasa 2b oraz Nikola Formella &#8211; klasa 2b<br>III miejsce &#8211; Mariia Koval &#8211; klasa 2a<br>wyr\u00f3\u017cnienie: Aleksandra Maszota &#8211; klasa 2b<\/p>\n\n\n\n<p><strong>\u015awietlicowy konkurs  &#8222;Najpi\u0119kniejsze jajko wielkanocne&#8221; dla klas I-III:<\/strong><br><\/p>\n\n\n\n<p>I miejsce &#8211; Ko\u0142ek Amelia 2b<br>II miejsce &#8211; Choroba Ma\u0142gorzata 2b i Szter Filip 2a<br>III miejsce &#8211; Pietrzak \u0141ucja 2a, Szwugier Gabriela 1a, Kapiszke Antonina 1a i Walach Hanna 2b<br>Wyr\u00f3\u017cnienia:<br>Borkowski Micha\u0142 3b<br>Formella Nikola 2b<br>Galas Wiktoria 1b<br>Maszota Aleksandra 2b<br>Raniszewska Marcelina 1a<\/p>\n","protected":false},"excerpt":{"rendered":"<p>Szkolny Konkurs na plakat Bezpieczny Internet I miejsce &#8211; Ziemienowicz TatianaII miejsce &#8211; Ziemienowicz NataszaIII miejsce &#8211; Lena Dziuba &#8211; Bagrzyj Szkolny Konkurs Matematyczny Mistrz Rachunku klasy IVI miejsce &#8211; Iga Czeka\u0142aII miejsce &#8211; Marcel Sta\u0144czykIII miejsce &#8211; Nadia Pietras klasy VII miejsce &#8211; Kiril DutlovII miejsce &#8211; \u0141ukasz Giba\u0142a i Marharyta DrozdIII miejsce &#8211; <a href=\"https:\/\/sp1slupsk.pl\/?page_id=87773\"><b>&#8230;wi\u0119cej<\/b><\/a><\/p>\n","protected":false},"author":1,"featured_media":0,"parent":0,"menu_order":0,"comment_status":"closed","ping_status":"closed","template":"","meta":[],"_links":{"self":[{"href":"https:\/\/sp1slupsk.pl\/index.php?rest_route=\/wp\/v2\/pages\/87773"}],"collection":[{"href":"https:\/\/sp1slupsk.pl\/index.php?rest_route=\/wp\/v2\/pages"}],"about":[{"href":"https:\/\/sp1slupsk.pl\/index.php?rest_route=\/wp\/v2\/types\/page"}],"author":[{"embeddable":true,"href":"https:\/\/sp1slupsk.pl\/index.php?rest_route=\/wp\/v2\/users\/1"}],"replies":[{"embeddable":true,"href":"https:\/\/sp1slupsk.pl\/index.php?rest_route=%2Fwp%2Fv2%2Fcomments&post=87773"}],"version-history":[{"count":6,"href":"https:\/\/sp1slupsk.pl\/index.php?rest_route=\/wp\/v2\/pages\/87773\/revisions"}],"predecessor-version":[{"id":88698,"href":"https:\/\/sp1slupsk.pl\/index.php?rest_route=\/wp\/v2\/pages\/87773\/revisions\/88698"}],"wp:attachment":[{"href":"https:\/\/sp1slupsk.pl\/index.php?rest_route=%2Fwp%2Fv2%2Fmedia&parent=87773"}],"curies":[{"name":"wp","href":"https:\/\/api.w.org\/{rel}","templated":true}]}}