{"id":88175,"date":"2025-01-03T09:35:32","date_gmt":"2025-01-03T08:35:32","guid":{"rendered":"http:\/\/sp1slupsk.pl\/?page_id=88175"},"modified":"2026-03-06T09:31:57","modified_gmt":"2026-03-06T08:31:57","slug":"projekty-unijne","status":"publish","type":"page","link":"https:\/\/sp1slupsk.pl\/?page_id=88175","title":{"rendered":"Projekty unijne"},"content":{"rendered":"\n<p><a href=\"https:\/\/sp1slupsk.pl\/?page_id=78760\" data-type=\"URL\" data-id=\"https:\/\/sp1slupsk.pl\/?page_id=78760\"><span class=\"has-inline-color has-black-color\"><em>Laboratoria Przysz\u0142o\u015bci<\/em><\/span><\/a><\/p>\n\n\n\n<p><a href=\"https:\/\/sp1slupsk.pl\/?page_id=87391\" data-type=\"URL\" data-id=\"https:\/\/sp1slupsk.pl\/?page_id=87391\"><em><span class=\"has-inline-color has-black-color\">Pozytywnie w\u0142\u0105czeni \u2013 kompleksowy system wdra\u017cania edukacji w\u0142\u0105czaj\u0105cej w s\u0142upskich szko\u0142ach<\/span><\/em><\/a><\/p>\n\n\n\n<p><a href=\"https:\/\/sp1slupsk.pl\/?page_id=88182\" data-type=\"URL\" data-id=\"https:\/\/sp1slupsk.pl\/?page_id=88182\"><span class=\"has-inline-color has-black-color\"><em>Kwalifikacje kluczowe i spo\u0142eczne paszportem w doros\u0142o\u015b\u0107 uczni\u00f3w Miasta S\u0142upsk<\/em><\/span><\/a><\/p>\n\n\n\n<p><a href=\"https:\/\/sp1slupsk.pl\/?page_id=90519\" data-type=\"URL\" data-id=\"https:\/\/sp1slupsk.pl\/?page_id=90519\"><span class=\"has-inline-color has-black-color\"><em>Przyjazna szko\u0142a<\/em><\/span><\/a><\/p>\n","protected":false},"excerpt":{"rendered":"<p>Laboratoria Przysz\u0142o\u015bci Pozytywnie w\u0142\u0105czeni \u2013 kompleksowy system wdra\u017cania edukacji w\u0142\u0105czaj\u0105cej w s\u0142upskich szko\u0142ach Kwalifikacje kluczowe i spo\u0142eczne paszportem w doros\u0142o\u015b\u0107 uczni\u00f3w Miasta S\u0142upsk Przyjazna szko\u0142a<\/p>\n","protected":false},"author":1,"featured_media":0,"parent":0,"menu_order":0,"comment_status":"closed","ping_status":"closed","template":"","meta":[],"_links":{"self":[{"href":"https:\/\/sp1slupsk.pl\/index.php?rest_route=\/wp\/v2\/pages\/88175"}],"collection":[{"href":"https:\/\/sp1slupsk.pl\/index.php?rest_route=\/wp\/v2\/pages"}],"about":[{"href":"https:\/\/sp1slupsk.pl\/index.php?rest_route=\/wp\/v2\/types\/page"}],"author":[{"embeddable":true,"href":"https:\/\/sp1slupsk.pl\/index.php?rest_route=\/wp\/v2\/users\/1"}],"replies":[{"embeddable":true,"href":"https:\/\/sp1slupsk.pl\/index.php?rest_route=%2Fwp%2Fv2%2Fcomments&post=88175"}],"version-history":[{"count":13,"href":"https:\/\/sp1slupsk.pl\/index.php?rest_route=\/wp\/v2\/pages\/88175\/revisions"}],"predecessor-version":[{"id":90730,"href":"https:\/\/sp1slupsk.pl\/index.php?rest_route=\/wp\/v2\/pages\/88175\/revisions\/90730"}],"wp:attachment":[{"href":"https:\/\/sp1slupsk.pl\/index.php?rest_route=%2Fwp%2Fv2%2Fmedia&parent=88175"}],"curies":[{"name":"wp","href":"https:\/\/api.w.org\/{rel}","templated":true}]}}