{"id":88182,"date":"2025-01-03T09:41:38","date_gmt":"2025-01-03T08:41:38","guid":{"rendered":"http:\/\/sp1slupsk.pl\/?page_id=88182"},"modified":"2026-04-30T09:09:18","modified_gmt":"2026-04-30T07:09:18","slug":"kwalifikacje-kluczowe-i-spoleczne-paszportem-w-doroslosc-uczniow-miasta-slupsk","status":"publish","type":"page","link":"https:\/\/sp1slupsk.pl\/?page_id=88182","title":{"rendered":"Kwalifikacje kluczowe i spo\u0142eczne paszportem w doros\u0142o\u015b\u0107 uczni\u00f3w Miasta S\u0142upsk"},"content":{"rendered":"\n<div class=\"wp-block-image\"><figure class=\"aligncenter size-large is-resized\"><img loading=\"lazy\" src=\"http:\/\/sp1slupsk.pl\/wp-content\/uploads\/2025\/01\/ifx14a7cf46f0761283_do_projektu.png\" alt=\"\" class=\"wp-image-88192\" width=\"658\" height=\"69\" srcset=\"https:\/\/sp1slupsk.pl\/wp-content\/uploads\/2025\/01\/ifx14a7cf46f0761283_do_projektu.png 946w, https:\/\/sp1slupsk.pl\/wp-content\/uploads\/2025\/01\/ifx14a7cf46f0761283_do_projektu-300x32.png 300w, https:\/\/sp1slupsk.pl\/wp-content\/uploads\/2025\/01\/ifx14a7cf46f0761283_do_projektu-768x81.png 768w\" sizes=\"(max-width: 658px) 100vw, 658px\" \/><\/figure><\/div>\n\n\n\n<p>Miasto S\u0142upsk, w partnerstwie z firm\u0105 DC Doradztwo-Consulting ze Szczecina otrzyma\u0142o dofinansowanie z Europejskiego Funduszu Spo\u0142ecznego Plus w ramach programu Fundusze Europejskie dla Pomorza 2021-2027, na realizacja projektu pod tytu\u0142em <strong>\u201eKwalifikacje kluczowe i spo\u0142eczne paszportem w doros\u0142o\u015b\u0107 uczni\u00f3w Miasta S\u0142upsk\u201d<\/strong>.<\/p>\n\n\n\n<p>Projekt ma na celu zwi\u0119kszenie dost\u0119pu do wysokiej jako\u015bci edukacji dzieci i m\u0142odzie\u017cy z tereny Miasta S\u0142upska poprzez podniesienie poziomu us\u0142ug edukacyjnych, rozw\u00f3j umiej\u0119tno\u015bci zawodowych, ale tak\u017ce kszta\u0142towanie kompetencji spo\u0142ecznych, kt\u00f3re s\u0105 niezb\u0119dne w dzisiejszym zr\u00f3\u017cnicowanym \u015bwiecie.<\/p>\n\n\n\n<div class=\"wp-block-image\"><figure class=\"aligncenter size-large is-resized\"><img loading=\"lazy\" src=\"http:\/\/sp1slupsk.pl\/wp-content\/uploads\/2025\/01\/hdimgb69e8b6ff46859d1eea06f5146cc11-1024x707.jpg\" alt=\"\" class=\"wp-image-88202\" width=\"474\" height=\"327\" srcset=\"https:\/\/sp1slupsk.pl\/wp-content\/uploads\/2025\/01\/hdimgb69e8b6ff46859d1eea06f5146cc11-1024x707.jpg 1024w, https:\/\/sp1slupsk.pl\/wp-content\/uploads\/2025\/01\/hdimgb69e8b6ff46859d1eea06f5146cc11-300x207.jpg 300w, https:\/\/sp1slupsk.pl\/wp-content\/uploads\/2025\/01\/hdimgb69e8b6ff46859d1eea06f5146cc11-768x530.jpg 768w, https:\/\/sp1slupsk.pl\/wp-content\/uploads\/2025\/01\/hdimgb69e8b6ff46859d1eea06f5146cc11.jpg 1110w\" sizes=\"(max-width: 474px) 100vw, 474px\" \/><\/figure><\/div>\n\n\n\n<p>W przedsi\u0119wzi\u0119ciu we\u017amie udzia\u0142 8 szk\u00f3\u0142 z Miasta S\u0142upska: Szko\u0142a Podstawowa nr 1, Szko\u0142a Podstawowa nr 2, Szko\u0142a Podstawowa z Oddzia\u0142ami Integracyjnymi nr 4, Szko\u0142a Podstawowa nr 6, Szko\u0142a Podstawowa nr 8, Szko\u0142a Podstawowa nr 9, IV Liceum Og\u00f3lnokszta\u0142c\u0105ce oraz Technikum nr 2 w Zespole Szk\u00f3\u0142 Budowlanych i Kszta\u0142cenia Ustawicznego.<\/p>\n\n\n\n<p>Grupa docelowa projektu obejmuje 1790 uczni\u00f3w szk\u00f3\u0142 podstawowych i ponadpodstawowych, co pozwoli na szerokie dotarcie do m\u0142odzie\u017cy w r\u00f3\u017cnym wieku. W projekt zaanga\u017cowanych b\u0119dzie r\u00f3wnie\u017c 320 nauczycieli, psycholog\u00f3w i pedagog\u00f3w, kt\u00f3rzy b\u0119d\u0105 wspiera\u0107 uczni\u00f3w w ich drodze do rozwoju osobistego i zawodowego oraz rodzic\u00f3w.<\/p>\n\n\n\n<p>Dzia\u0142ania w ramach projektu obejm\u0105:<br>&#8211; Wyr\u00f3wnanie dysproporcji edukacyjnych \u2013 realizacja zaj\u0119\u0107 dydaktyczno-wyr\u00f3wnawczych, maj\u0105cych na celu wspieranie uczni\u00f3w z trudno\u015bciami w nauce, co przyczyni si\u0119 do ich r\u00f3wnouprawnienia w dost\u0119pie do edukacji.<br>&#8211; Rozw\u00f3j zainteresowa\u0144 i uzdolnie\u0144 \u2013 stworzenie warunk\u00f3w do odkrywania i rozwijania pasji uczni\u00f3w poprzez r\u00f3\u017cnorodne aktywno\u015bci, kt\u00f3re b\u0119d\u0105 stymulowa\u0107 ich kreatywno\u015b\u0107 i ch\u0119\u0107 do nauki.<br>&#8211; Wsparcie w wyborach edukacyjno-zawodowych \u2013 zapewnienie uczniom dost\u0119pu do doradc\u00f3w zawodowych w szko\u0142ach, kt\u00f3rzy pomog\u0105 w identyfikacji ich kompetencji oraz predyspozycji psychofizycznych, wspieraj\u0105c ich w podejmowaniu \u015bwiadomych decyzji dotycz\u0105cych przysz\u0142o\u015bci.<br>&#8211; Rozw\u00f3j kompetencji kluczowych \u2013 Skoncentrowanie si\u0119 na rozwijaniu umiej\u0119tno\u015bci przedsi\u0119biorczo\u015bci, pracy w zespole, kreatywno\u015bci oraz logicznego my\u015blenia, kt\u00f3re s\u0105 niezb\u0119dne w dzisiejszym \u015bwiecie.<br>&#8211; Wsparcie w zakresie kompetencji spo\u0142eczno-emocjonalnych \u2013 opracowanie mechanizm\u00f3w obronnych umo\u017cliwiaj\u0105cych uczniom radzenie sobie z emocjami destrukcyjnymi, co przyczyni si\u0119 do ich lepszego funkcjonowania w spo\u0142ecze\u0144stwie.<br>&#8211; Innowacyjne metody uczenia si\u0119 \u2013 wprowadzenie r\u00f3\u017cnorodnych metod i narz\u0119dzi dydaktycznych, kt\u00f3re wzbogac\u0105 proces nauczania i pomog\u0105 uczniom w rozwijaniu umiej\u0119tno\u015bci uczenia si\u0119.<br>&#8211; Wsparcie dla nauczycieli \u2013 Oferowanie szkole\u0144 i materia\u0142\u00f3w dotycz\u0105cych nowoczesnych metod nauczania oraz pracy z uczniami z problemami spo\u0142eczno-emocjonalnymi, aby podnie\u015b\u0107 jako\u015b\u0107 edukacji w szko\u0142ach.<br>&#8211; Doposa\u017cenie sal lekcyjnych i zakup nowoczesnych pomocy dydaktycznych, aby podnie\u015b\u0107 standardy nauczania oraz zapewni\u0107 uczniom lepsze warunki do nauki.<\/p>\n\n\n\n<p>Rezultatem projektu \u201eKwalifikacje kluczowe i spo\u0142eczne paszportem w doros\u0142o\u015b\u0107 uczni\u00f3w Miasta S\u0142upsk\u201d b\u0119dzie znaczne podniesienie jako\u015bci edukacji dla 1790 uczni\u00f3w w regionie. Uczestnicy projektu zyskaj\u0105 nie tylko umiej\u0119tno\u015bci zawodowe, ale tak\u017ce kluczowe kompetencje spo\u0142eczne, takie jak przedsi\u0119biorczo\u015b\u0107 i kreatywno\u015b\u0107, co przygotuje ich do wyzwa\u0144 doros\u0142ego \u017cycia. Dodatkowo, innowacyjne metody nauczania oraz wsparcie psychologiczne i pedagogiczne przyczyni\u0105 si\u0119 do lepszego funkcjonowania uczni\u00f3w w spo\u0142ecze\u0144stwie. Szkolenia dla nauczycieli podnios\u0105 jako\u015b\u0107 kszta\u0142cenia, a zaanga\u017cowanie rodzic\u00f3w oraz spo\u0142eczno\u015bci szkolnej w rozw\u00f3j m\u0142odzie\u017cy stworzy przyjazne i wspieraj\u0105ce \u015brodowisko edukacyjne.<\/p>\n\n\n\n<p><strong>Ca\u0142kowita warto\u015b\u0107 projektu<\/strong> &#8211; 5 325 823,56 z\u0142<br><strong>Wysoko\u015b\u0107 wk\u0142adu z Funduszy Europejskich<\/strong> &#8211; 4 793 241,20 z\u0142<br><strong>Wk\u0142ad w\u0142asny:<\/strong> 532 582,36 z\u0142 (wk\u0142ad rzeczowy niefinansowy)<br><strong>Okres realizacji:<\/strong> od roku 2024 do roku 2026<\/p>\n\n\n\n<p>#FunduszeUE #FunduszeEuropejskie<\/p>\n\n\n\n<hr class=\"wp-block-separator\"\/>\n\n\n\n<p class=\"has-text-align-center\">Harmonogram wsparcia udzielonego w ramach realizowanego<br><strong>Projektu pn. \u201eKwalifikacje kluczowe i spo\u0142eczne paszportem w doros\u0142o\u015b\u0107 uczni\u00f3w Miasta S\u0142upsk\u201d<\/strong>,<br><strong>za okres od 01.04.2026 r. do 30.06.2026 r.<\/strong><\/p>\n\n\n\n<div class=\"wp-block-file\"><a href=\"https:\/\/sp1slupsk.pl\/wp-content\/uploads\/2026\/04\/Harmonogram-wsparcia-udzielonego-w-ramach-realizowanego-projektu-Justyna-Bilska.docx\"><em><span class=\"has-inline-color has-black-color\">Harmonogram wsparcia udzielonego w ramach realizowanego projektu &#8211; Justyna Bilska<\/span><\/em><\/a><\/div>\n\n\n\n<div class=\"wp-block-file\"><a href=\"http:\/\/sp1slupsk.pl\/wp-content\/uploads\/2026\/04\/Harmonogram-wsparcia-udzielonego-w-ramach-realizowanego-projektu-Sylwia-Zblewska.docx\"><em><span class=\"has-inline-color has-black-color\">Harmonogram wsparcia udzielonego w ramach realizowanego projektu &#8211; Sylwia Zblewska<\/span><\/em><\/a><\/div>\n\n\n\n<div class=\"wp-block-file\"><a href=\"https:\/\/sp1slupsk.pl\/wp-content\/uploads\/2026\/03\/Harmonogram-wsparcia-udzielonego-w-ramach-realizowanego-projektu-Natalia-Dobosz.doc\"><em><span class=\"has-inline-color has-black-color\">Harmonogram wsparcia udzielonego w ramach realizowanego projektu &#8211; Natalia Dobosz<\/span><\/em><\/a><\/div>\n\n\n\n<div class=\"wp-block-file\"><a href=\"http:\/\/sp1slupsk.pl\/wp-content\/uploads\/2026\/04\/Harmonogram-wsparcia-udzielonego-w-ramach-realizowanego-Projektu-Elwira-Galikowska-Wierzbicka.doc\"><em><span class=\"has-inline-color has-black-color\">Harmonogram wsparcia udzielonego w ramach realizowanego projektu &#8211; Elwira Galikowska &#8211; Wierzbicka<\/span><\/em><\/a><\/div>\n\n\n\n<div class=\"wp-block-file\"><a href=\"https:\/\/sp1slupsk.pl\/wp-content\/uploads\/2026\/04\/Harmonogram-wsparcia-udzielonego-w-ramach-realizowanego-projektu-Ewa-Pyzio.doc\"><em><span class=\"has-inline-color has-black-color\">Harmonogram wsparcia udzielonego w ramach realizowanego projektu &#8211; Ewa Pyzio<\/span><\/em><\/a><\/div>\n\n\n\n<div class=\"wp-block-file\"><a href=\"https:\/\/sp1slupsk.pl\/wp-content\/uploads\/2026\/03\/Harmonogram-wsparcia-udzielonego-w-ramach-realizowanego-Projektu-Aleksandra-Chylewska.doc\"><em><span class=\"has-inline-color has-black-color\">Harmonogram wsparcia udzielonego w ramach realizowanego projektu &#8211; Aleksandra Chylewska<\/span><\/em><\/a><\/div>\n\n\n\n<div class=\"wp-block-file\"><a href=\"https:\/\/sp1slupsk.pl\/wp-content\/uploads\/2026\/03\/Harmonogram-wsparcia-udzielonego-w-ramach-realizowanego-projektu-Justyna-Kucharska-1.doc\"><em><span class=\"has-inline-color has-black-color\">Harmonogram wsparcia udzielonego w ramach realizowanego projektu &#8211; Justyna Kucharska<\/span><\/em><\/a><\/div>\n\n\n\n<div class=\"wp-block-file\"><a href=\"https:\/\/sp1slupsk.pl\/wp-content\/uploads\/2026\/04\/Harmonogram-wsparcia-udzielonego-w-ramach-realizowanego-projektu-Katarzyna-Mikulec.doc\"><em><span class=\"has-inline-color has-black-color\">Harmonogram wsparcia udzielonego w ramach realizowanego projektu &#8211; Katarzyna Mikulec<\/span><\/em><\/a><\/div>\n\n\n\n<div class=\"wp-block-file\"><a href=\"http:\/\/sp1slupsk.pl\/wp-content\/uploads\/2026\/03\/Harmonogram-wsparcia-udzielonego-w-ramach-realizowanego-projektu-Anna-Zmuda-Trzebiatowska.doc\"><em><span class=\"has-inline-color has-black-color\">Harmonogram wsparcia udzielonego w ramach realizowanego projektu &#8211; Anna \u017bmuda-Trzebiatowska<\/span><\/em><\/a><\/div>\n\n\n\n<div class=\"wp-block-file\"><a href=\"http:\/\/sp1slupsk.pl\/wp-content\/uploads\/2026\/03\/Harmonogram-wsparcia-udzielonego-w-ramach-realizowanego-Projektu-Katarzyna-Nagorek.doc\"><span class=\"has-inline-color has-black-color\"><em>Harmonogram wsparcia udzielonego w ramach realizowanego Projektu &#8211; Katarzyna Nag\u00f3rek<\/em><\/span><\/a><\/div>\n\n\n\n<div class=\"wp-block-file\"><a href=\"https:\/\/sp1slupsk.pl\/wp-content\/uploads\/2026\/03\/Harmonogram-wsparcia-udzielonego-w-ramach-realizowanego-Projektu-Piotr-Ostrowski.doc\"><em><span class=\"has-inline-color has-black-color\">Harmonogram wsparcia udzielonego w ramach realizowanego projektu &#8211; Piotr Ostrowski<\/span><\/em><\/a><\/div>\n\n\n\n<div class=\"wp-block-file\"><a href=\"https:\/\/sp1slupsk.pl\/wp-content\/uploads\/2026\/04\/Harmonogram-wsparcia-udzielonego-w-ramach-realizowanego-projektu-Danuta-Bukowska.doc\"><em><span class=\"has-inline-color has-black-color\">Harmonogram wsparcia udzielonego w ramach realizowanego projektu &#8211; Danuta Bukowska<\/span><\/em><\/a><\/div>\n\n\n\n<div class=\"wp-block-file\"><a href=\"https:\/\/sp1slupsk.pl\/wp-content\/uploads\/2026\/04\/Harmonogram-wsparcia-udzielonego-w-ramach-realizowanego-projektu-Sylwia-Kozlowicz.doc\"><span class=\"has-inline-color has-black-color\"><em>Harmonogram wsparcia udzielonego w ramach realizowanego projektu &#8211; Sylwia Koz\u0142owicz<\/em><\/span><\/a><\/div>\n\n\n\n<div class=\"wp-block-file\"><a href=\"https:\/\/sp1slupsk.pl\/wp-content\/uploads\/2026\/04\/Harmonogram-wsparcia-udzielonego-w-ramach-realizowanego-projektu-Elzbieta-Wieliczko.doc\"><em><span class=\"has-inline-color has-black-color\">Harmonogram wsparcia udzielonego w ramach realizowanego projektu &#8211; El\u017cbieta Wieliczko<\/span><\/em><\/a><\/div>\n\n\n\n<hr class=\"wp-block-separator\"\/>\n\n\n\n<p class=\"has-text-align-center\">Harmonogram wsparcia udzielonego w ramach realizowanego<br><strong>Projektu pn. \u201eKwalifikacje kluczowe i spo\u0142eczne paszportem w doros\u0142o\u015b\u0107 uczni\u00f3w Miasta S\u0142upsk\u201d<\/strong>,<br><strong>za okres od 01.02.2026 r. do 31.03.2026 r.<\/strong><\/p>\n\n\n\n<div class=\"wp-block-file\"><a href=\"https:\/\/sp1slupsk.pl\/wp-content\/uploads\/2026\/01\/Harmonogram-wsparcia-udzielonego-w-ramach-realizowanego-Projektu-Justyna-Bilska.doc\"><em><span class=\"has-inline-color has-black-color\">Harmonogram wsparcia udzielonego w ramach realizowanego projektu &#8211; Justyna Bilska<\/span><\/em><\/a><\/div>\n\n\n\n<div class=\"wp-block-file\"><a href=\"http:\/\/sp1slupsk.pl\/wp-content\/uploads\/2026\/01\/Harmonogram-wsparcia-udzielonego-w-ramach-realizowanego-projektu-Sylwia-Zblewska.docx\"><em><span class=\"has-inline-color has-black-color\">Harmonogram wsparcia udzielonego w ramach realizowanego projektu &#8211; Sylwia Zblewska<\/span><\/em><\/a><\/div>\n\n\n\n<div class=\"wp-block-file\"><a href=\"http:\/\/sp1slupsk.pl\/wp-content\/uploads\/2026\/01\/Harmonogram-wsparcia-udzielonego-w-ramach-realizowanego-projektu-Natalia-Dobosz.doc\"><em><span class=\"has-inline-color has-black-color\">Harmonogram wsparcia udzielonego w ramach realizowanego projektu &#8211; Natalia Dobosz<\/span><\/em><\/a><\/div>\n\n\n\n<div class=\"wp-block-file\"><a href=\"https:\/\/sp1slupsk.pl\/wp-content\/uploads\/2026\/03\/Harmonogram-wsparcia-udzielonego-w-ramach-realizowanego-projektu-Elwira-Galikowska-Wierzbicka.doc\"><em><span class=\"has-inline-color has-black-color\">Harmonogram wsparcia udzielonego w ramach realizowanego projektu &#8211; Elwira Galikowska &#8211; Wierzbicka<\/span><\/em><\/a><\/div>\n\n\n\n<div class=\"wp-block-file\"><a href=\"https:\/\/sp1slupsk.pl\/wp-content\/uploads\/2026\/03\/Harmonogram-wsparcia-udzielonego-w-ramach-realizowanego-projektu-Ewa-Pyzio.doc\"><em><span class=\"has-inline-color has-black-color\">Harmonogram wsparcia udzielonego w ramach realizowanego projektu &#8211; Ewa Pyzio<\/span><\/em><\/a><\/div>\n\n\n\n<div class=\"wp-block-file\"><a href=\"http:\/\/sp1slupsk.pl\/wp-content\/uploads\/2026\/01\/Harmonogram-wsparcia-udzielonego-w-ramach-realizowanego-Projektu-Aleksandra-Chylewska.doc\"><em><span class=\"has-inline-color has-black-color\">Harmonogram wsparcia udzielonego w ramach realizowanego Projektu &#8211; Aleksandra Chylewska<\/span><\/em><\/a><\/div>\n\n\n\n<div class=\"wp-block-file\"><a href=\"https:\/\/sp1slupsk.pl\/wp-content\/uploads\/2026\/03\/Harmonogram-wsparcia-udzielonego-w-ramach-realizowanego-projektu-Justyna-Kucharska.doc\"><em><span class=\"has-inline-color has-black-color\">Harmonogram wsparcia udzielonego w ramach realizowanego projektu &#8211; Justyna Kucharska<\/span><\/em><\/a><\/div>\n\n\n\n<div class=\"wp-block-file\"><a href=\"https:\/\/sp1slupsk.pl\/wp-content\/uploads\/2026\/03\/Harmonogram-wsparcia-udzielonego-w-ramach-realizowanego-Projektu-Anna-Zmuda-Trzebiatowska.doc\"><em><span class=\"has-inline-color has-black-color\">Harmonogram wsparcia udzielonego w ramach realizowanego projektu &#8211; Anna \u017bmuda &#8211; Trzebiatowska<\/span><\/em><\/a><\/div>\n\n\n\n<div class=\"wp-block-file\"><a href=\"http:\/\/sp1slupsk.pl\/wp-content\/uploads\/2026\/02\/Harmonogram-wsparcia-udzielonego-w-ramach-realizowanego-Projektu-Katarzyna-Mikulec.doc\"><em><span class=\"has-inline-color has-black-color\">Harmonogram wsparcia udzielonego w ramach realizowanego projektu &#8211; Katarzyna Mikulec<\/span><\/em><\/a><\/div>\n\n\n\n<div class=\"wp-block-file\"><a href=\"https:\/\/sp1slupsk.pl\/wp-content\/uploads\/2026\/01\/Harmonogram-wsparcia-udzielonego-w-ramach-realizowanego-Projektu-Katarzyna-Nagorek.doc\"><em><span class=\"has-inline-color has-black-color\">Harmonogram wsparcia udzielonego w ramach realizowanego projektu &#8211; Katarzyna Nag\u00f3rek<\/span><\/em><\/a><\/div>\n\n\n\n<div class=\"wp-block-file\"><a href=\"https:\/\/sp1slupsk.pl\/wp-content\/uploads\/2026\/01\/Harmonogram-wsparcia-udzielonego-w-ramach-realizowanego-Projektu-Piotr-Ostrowski.doc\"><em><span class=\"has-inline-color has-black-color\">Harmonogram wsparcia udzielonego w ramach realizowanego projektu &#8211; Piotr Ostrowski<\/span><\/em><\/a><\/div>\n\n\n\n<hr class=\"wp-block-separator\"\/>\n\n\n\n<p class=\"has-text-align-center\">Harmonogram wsparcia udzielonego w ramach realizowanego<br><strong>Projektu pn. \u201eKwalifikacje kluczowe i spo\u0142eczne paszportem w doros\u0142o\u015b\u0107 uczni\u00f3w Miasta S\u0142upsk\u201d<\/strong>,<br><strong>za okres od 01.12.2025 r. do 31.01.2026 r.<\/strong><\/p>\n\n\n\n<div class=\"wp-block-file\"><a href=\"http:\/\/sp1slupsk.pl\/wp-content\/uploads\/2025\/11\/Harmonogram-wsparcia-udzielonego-w-ramach-realizowanego-Projektu-Justyna-Bilska.doc\"><em><span class=\"has-inline-color has-black-color\">Harmonogram wsparcia udzielonego w ramach realizowanego Projektu &#8211; Justyna Bilska<\/span><\/em><\/a><\/div>\n\n\n\n<div class=\"wp-block-file\"><a href=\"http:\/\/sp1slupsk.pl\/wp-content\/uploads\/2025\/11\/Harmonogram-wsparcia-udzielonego-w-ramach-realizowanego-projektu-Sylwia-Zblewska.doc\"><em><span class=\"has-inline-color has-black-color\">Harmonogram wsparcia udzielonego w ramach realizowanego projektu &#8211; Sylwia Zblewska<\/span><\/em><\/a><\/div>\n\n\n\n<div class=\"wp-block-file\"><a href=\"http:\/\/sp1slupsk.pl\/wp-content\/uploads\/2025\/11\/Harmonogram-wsparcia-udzielonego-w-ramach-realizowanego-projektu-Natalia-Dobosz-1.doc\"><em><span class=\"has-inline-color has-black-color\">Harmonogram wsparcia udzielonego w ramach realizowanego projektu &#8211; Natalia Dobosz<\/span><\/em><\/a><\/div>\n\n\n\n<div class=\"wp-block-file\"><a href=\"http:\/\/sp1slupsk.pl\/wp-content\/uploads\/2025\/11\/Harmonogram-wsparcia-udzielonego-w-ramach-realizowanego-Projektu-Elwira-Galikowska-Wierzbicka.doc\"><span class=\"has-inline-color has-black-color\"><em>Harmonogram wsparcia udzielonego w ramach realizowanego Projektu &#8211; Elwira Galikowska-Wierzbicka<\/em><\/span><\/a><\/div>\n\n\n\n<div class=\"wp-block-file\"><a href=\"http:\/\/sp1slupsk.pl\/wp-content\/uploads\/2025\/11\/Harmonogram-wsparcia-udzielonego-w-ramach-realizowanego-projektu-Ewa-Pyzio.doc\"><em><span class=\"has-inline-color has-black-color\">Harmonogram wsparcia udzielonego w ramach realizowanego projektu &#8211; Ewa Pyzio<\/span><\/em><\/a><\/div>\n\n\n\n<div class=\"wp-block-file\"><a href=\"http:\/\/sp1slupsk.pl\/wp-content\/uploads\/2025\/11\/Harmonogram-wsparcia-udzielonego-w-ramach-realizowanego-Projektu-Aleksandra-Chylewska.doc\"><em><span class=\"has-inline-color has-black-color\">Harmonogram wsparcia udzielonego w ramach realizowanego Projektu &#8211; Aleksandra Chylewska<\/span><\/em><\/a><\/div>\n\n\n\n<div class=\"wp-block-file\"><a href=\"http:\/\/sp1slupsk.pl\/wp-content\/uploads\/2025\/11\/Harmonogram-wsparcia-udzielonego-w-ramach-realizowanego-projektu-Justyna-Kucharska.doc\"><em><span class=\"has-inline-color has-black-color\">Harmonogram wsparcia udzielonego w ramach realizowanego projektu &#8211; Justyna Kucharska<\/span><\/em><\/a><\/div>\n\n\n\n<div class=\"wp-block-file\"><a href=\"https:\/\/sp1slupsk.pl\/wp-content\/uploads\/2026\/01\/Harmonogram-wsparcia-udzielonego-w-ramach-realizowanego-Projektu-Katarzyna-Mikulec.doc\"><em><span class=\"has-inline-color has-black-color\">Harmonogram wsparcia udzielonego w ramach realizowanego projektu &#8211; Katarzyna Mikulec<\/span><\/em><\/a><\/div>\n\n\n\n<div class=\"wp-block-file\"><a href=\"http:\/\/sp1slupsk.pl\/wp-content\/uploads\/2026\/01\/Harmonogram-wsparcia-udzielonego-w-ramach-realizowanego-Projektu-Anna-Zmuda-Trzebiatowska.doc\"><em><span class=\"has-inline-color has-black-color\">Harmonogram wsparcia udzielonego w ramach realizowanego Projektu &#8211; Anna \u017bmuda-Trzebiatowska<\/span><\/em><\/a><\/div>\n\n\n\n<div class=\"wp-block-file\"><a href=\"http:\/\/sp1slupsk.pl\/wp-content\/uploads\/2025\/11\/Harmonogram-wsparcia-udzielonego-w-ramach-realizowanego-Projektu-Katarzyna-Nagorek-1.doc\"><em><span class=\"has-inline-color has-black-color\">Harmonogram wsparcia udzielonego w ramach realizowanego Projektu &#8211; Katarzyna Nag\u00f3rek<\/span><\/em><\/a><\/div>\n\n\n\n<div class=\"wp-block-file\"><a href=\"http:\/\/sp1slupsk.pl\/wp-content\/uploads\/2025\/11\/Harmonogram-wsparcia-udzielonego-w-ramach-realizowanego-Projektu-Piotr-Ostrowski.doc\"><span class=\"has-inline-color has-black-color\"><em>Harmonogram wsparcia udzielonego w ramach realizowanego Projektu &#8211; Piotr Ostrowski<\/em><\/span><\/a><\/div>\n\n\n\n<hr class=\"wp-block-separator\"\/>\n\n\n\n<p class=\"has-text-align-center\">Harmonogram wsparcia udzielonego w ramach realizowanego <br><strong>Projektu pn. \u201eKwalifikacje kluczowe i spo\u0142eczne paszportem w doros\u0142o\u015b\u0107 uczni\u00f3w Miasta S\u0142upsk\u201d<\/strong>,<br><strong>za okres od 15.09.2025 r. do 30.11.2025 r.<\/strong><\/p>\n\n\n\n<div class=\"wp-block-file\"><a href=\"http:\/\/sp1slupsk.pl\/wp-content\/uploads\/2025\/09\/Harmonogram-wsparcia-udzielonego-w-ramach-realizowanego-Projektu-Justyna-Bilska.doc\"><em><span class=\"has-inline-color has-black-color\">Harmonogram wsparcia udzielonego w ramach realizowanego projektu &#8211; Justyna Bilska<\/span><\/em><\/a><\/div>\n\n\n\n<div class=\"wp-block-file\"><a href=\"https:\/\/sp1slupsk.pl\/wp-content\/uploads\/2025\/09\/Harmonogram-wsparcia-udzielonego-w-ramach-realizowanego-projektu-Sylwia-Zblewska.docx\"><em><span class=\"has-inline-color has-black-color\">Harmonogram wsparcia udzielonego w ramach realizowanego projektu &#8211; Sylwia Zblewska<\/span><\/em><\/a><\/div>\n\n\n\n<div class=\"wp-block-file\"><a href=\"https:\/\/sp1slupsk.pl\/wp-content\/uploads\/2025\/11\/Harmonogram-wsparcia-udzielonego-w-ramach-realizowanego-projektu-Natalia-Dobosz.doc\"><em><span class=\"has-inline-color has-black-color\">Harmonogram wsparcia udzielonego w ramach realizowanego projektu &#8211; Natalia Dobosz<\/span><\/em><\/a><\/div>\n\n\n\n<div class=\"wp-block-file\"><a href=\"https:\/\/sp1slupsk.pl\/wp-content\/uploads\/2025\/09\/Harmonogram-wsparcia-udzielonego-w-ramach-realizowanego-Projektu-Elwira-Galikowska-Wierzbicka.doc\"><em><span class=\"has-inline-color has-black-color\">Harmonogram wsparcia udzielonego w ramach realizowanego projektu &#8211; Elwira Galikowska-Wierzbicka<\/span><\/em><\/a><\/div>\n\n\n\n<div class=\"wp-block-file\"><a href=\"https:\/\/sp1slupsk.pl\/wp-content\/uploads\/2025\/10\/Harmonogram-wsparcia-udzielonego-w-ramach-realizowanego-projektu-Ewa-Pyzio.doc\"><em><span class=\"has-inline-color has-black-color\">Harmonogram wsparcia udzielonego w ramach realizowanego projektu &#8211; Ewa Pyzio<\/span><\/em><\/a><\/div>\n\n\n\n<div class=\"wp-block-file\"><a href=\"https:\/\/sp1slupsk.pl\/wp-content\/uploads\/2025\/10\/Harmonogram-wsparcia-udzielonego-w-ramach-realizowanego-Projektu-Aleksandra-Chylewska.doc\"><em><span class=\"has-inline-color has-black-color\">Harmonogram wsparcia udzielonego w ramach realizowanego projektu &#8211; Aleksandra Chylewska<\/span><\/em><\/a><\/div>\n\n\n\n<div class=\"wp-block-file\"><a href=\"https:\/\/sp1slupsk.pl\/wp-content\/uploads\/2025\/11\/Harmonogram-wsparcia-udzielonego-w-ramach-realizowanego-Projektu-Justyna-Kucharska.doc\"><em><span class=\"has-inline-color has-black-color\">Harmonogram wsparcia udzielonego w ramach realizowanego projektu &#8211; Justyna Kucharska<\/span><\/em><\/a><\/div>\n\n\n\n<div class=\"wp-block-file\"><a href=\"https:\/\/sp1slupsk.pl\/wp-content\/uploads\/2025\/11\/Harmonogram-wsparcia-udzielonego-w-ramach-realizowanego-Projektu-Katarzyna-Mikulec.doc\"><em><span class=\"has-inline-color has-black-color\">Harmonogram wsparcia udzielonego w ramach realizowanego projektu &#8211; Katarzyna Mikulec<\/span><\/em><\/a><\/div>\n\n\n\n<div class=\"wp-block-file\"><a href=\"https:\/\/sp1slupsk.pl\/wp-content\/uploads\/2025\/10\/Harmonogram-wsparcia-udzielonego-w-ramach-realizowanego-Projektu-Anna-Zmuda-Trzebiatowska.doc\"><span class=\"has-inline-color has-black-color\"><em>Harmonogram wsparcia udzielonego w ramach realizowanego projektu &#8211; Anna \u017bmuda &#8211; Trzebiatowska<\/em><\/span><\/a><\/div>\n\n\n\n<div class=\"wp-block-file\"><a href=\"http:\/\/sp1slupsk.pl\/wp-content\/uploads\/2025\/11\/Harmonogram-wsparcia-udzielonego-w-ramach-realizowanego-Projektu-Katarzyna-Nagorek.doc\"><span class=\"has-inline-color has-black-color\"><em>Harmonogram wsparcia udzielonego w ramach realizowanego Projektu &#8211; Katarzyna Nag\u00f3rek<\/em><\/span><\/a><\/div>\n\n\n\n<div class=\"wp-block-file\"><a href=\"https:\/\/sp1slupsk.pl\/wp-content\/uploads\/2025\/09\/Harmonogram-wsparcia-udzielonego-w-ramach-realizowanego-Projektu-Piotr-Ostrowski.doc\"><em><span class=\"has-inline-color has-black-color\">Harmonogram wsparcia udzielonego w ramach realizowanego projektu &#8211; Piotr Ostrowski<\/span><\/em><\/a><\/div>\n","protected":false},"excerpt":{"rendered":"<p>Miasto S\u0142upsk, w partnerstwie z firm\u0105 DC Doradztwo-Consulting ze Szczecina otrzyma\u0142o dofinansowanie z Europejskiego Funduszu Spo\u0142ecznego Plus w ramach programu Fundusze Europejskie dla Pomorza 2021-2027, na realizacja projektu pod tytu\u0142em \u201eKwalifikacje kluczowe i spo\u0142eczne paszportem w doros\u0142o\u015b\u0107 uczni\u00f3w Miasta S\u0142upsk\u201d. Projekt ma na celu zwi\u0119kszenie dost\u0119pu do wysokiej jako\u015bci edukacji dzieci i m\u0142odzie\u017cy z tereny <a href=\"https:\/\/sp1slupsk.pl\/?page_id=88182\"><b>&#8230;wi\u0119cej<\/b><\/a><\/p>\n","protected":false},"author":1,"featured_media":0,"parent":0,"menu_order":0,"comment_status":"closed","ping_status":"closed","template":"","meta":[],"_links":{"self":[{"href":"https:\/\/sp1slupsk.pl\/index.php?rest_route=\/wp\/v2\/pages\/88182"}],"collection":[{"href":"https:\/\/sp1slupsk.pl\/index.php?rest_route=\/wp\/v2\/pages"}],"about":[{"href":"https:\/\/sp1slupsk.pl\/index.php?rest_route=\/wp\/v2\/types\/page"}],"author":[{"embeddable":true,"href":"https:\/\/sp1slupsk.pl\/index.php?rest_route=\/wp\/v2\/users\/1"}],"replies":[{"embeddable":true,"href":"https:\/\/sp1slupsk.pl\/index.php?rest_route=%2Fwp%2Fv2%2Fcomments&post=88182"}],"version-history":[{"count":132,"href":"https:\/\/sp1slupsk.pl\/index.php?rest_route=\/wp\/v2\/pages\/88182\/revisions"}],"predecessor-version":[{"id":91258,"href":"https:\/\/sp1slupsk.pl\/index.php?rest_route=\/wp\/v2\/pages\/88182\/revisions\/91258"}],"wp:attachment":[{"href":"https:\/\/sp1slupsk.pl\/index.php?rest_route=%2Fwp%2Fv2%2Fmedia&parent=88182"}],"curies":[{"name":"wp","href":"https:\/\/api.w.org\/{rel}","templated":true}]}}