{"id":89714,"date":"2025-10-09T15:25:25","date_gmt":"2025-10-09T13:25:25","guid":{"rendered":"http:\/\/sp1slupsk.pl\/?page_id=89714"},"modified":"2026-03-23T18:08:26","modified_gmt":"2026-03-23T17:08:26","slug":"konkursy-szkolne-2025-2026","status":"publish","type":"page","link":"https:\/\/sp1slupsk.pl\/?page_id=89714","title":{"rendered":"Konkursy szkolne 2025\/2026"},"content":{"rendered":"\n<p><strong>Szkolny Konkurs Ortograficzny o Tytu\u0142 Pogromcy Byk\u00f3w<\/strong><\/p>\n\n\n\n<p>I miejsce oraz tytu\u0142 Pogromczyni Byk\u00f3w &#8211; Natalia Patyna kl. 7a<br>II miejsce &#8211; Zuzanna Szwugier kl. 6b<br>III miejsce &#8211; Oliwier St\u0119pie\u0144 kl. 4a<\/p>\n\n\n\n<p><strong>Szkolny Konkurs dla klas 4 &#8211; 8 <em>Bezpieczny Internet<\/em> na plakat w formie papierowej oraz plakat w programie graficznym Canva<\/strong><\/p>\n\n\n\n<p>I miejsce &#8211; Zuzanna Szwugier klasa 6b<br>II miejsce &#8211; Kacper Wosik klasa 7b<br>III miejsce &#8211; Tatiana Ziemienowicz klasa 6a<br>Wyr\u00f3\u017cnienie &#8211; Wiktor Kowalski klas 7b, Wojciech \u017bydzianowski klasa 8b, Natasza Ziemienowicz klasa 6a oraz Nadia Stepanowska Klasa 4a<\/p>\n\n\n\n<p><strong>Szkolny Konkurs Matematyczny <em>Mistrz Rachunku<\/em> dla klas 4 i 5<\/strong><\/p>\n\n\n\n<p>I miejsce &#8211; Zuzanna Szyma\u0144ska &#8211; klasa 4a, Iga Czeka\u0142a &#8211; klasa 5a<br>II miejsce &#8211; Oliwier St\u0119pie\u0144 &#8211; klasa 4a<br>II miejsce &#8211; Andrii Kramarov &#8211; klasa 5b<br>III miejsce &#8211; Natan K\u0119pa &#8211; Ochenkowski &#8211; klasa 5b<\/p>\n\n\n\n<p><strong>Szkolny Konkurs Matematyczny dla klas 4 <em>Mistrz Tabliczki Mno\u017cenia.<\/em><\/strong><\/p>\n\n\n\n<p>I miejsce &#8211; Oliwier St\u0119pie\u0144 klasa 4a<br>I miejsce &#8211; Zuzanna Szyma\u0144ska klasa 4a<br>II miejsce &#8211; Marcelina Heydebreck klasa 4b<br>II miejsce &#8211; Filip \u017belaznow klasa 4b<br>III miejsce &#8211; Micha\u0142 Ko\u0142tun klasa 4a<br>III miejsce &#8211; Kacper Biernacki klasa 4b<\/p>\n\n\n\n<p><strong>KONKURS SZKOLNY <em>\u201eM\u00d3J PRZYJACIEL\u201d <\/em>organizowany w ramach kampanii: Tydzie\u0144 Przeciwdzia\u0142ania Przemo\u0441y R\u00f3wie\u015bniczej, Dzieci\u0144stwo Bez Przemocy<\/strong><\/p>\n\n\n\n<p>Laureatami konkursu zostali:<\/p>\n\n\n\n<p>1. Gabriela Szwugier z kl. 2a<br>2. Blanka Pakmur z kl. 2a<br>3. Maja Pupka -Lipi\u0144ska z kl. 2a<br>4. Tatiana Ziemienowicz z kl. 6a<br>5. Natasza Ziemienowicz z kl. 6a<br>6. Julia Hordejuk z kl. 7a.<\/p>\n\n\n\n<p><\/p>\n","protected":false},"excerpt":{"rendered":"<p>Szkolny Konkurs Ortograficzny o Tytu\u0142 Pogromcy Byk\u00f3w I miejsce oraz tytu\u0142 Pogromczyni Byk\u00f3w &#8211; Natalia Patyna kl. 7aII miejsce &#8211; Zuzanna Szwugier kl. 6bIII miejsce &#8211; Oliwier St\u0119pie\u0144 kl. 4a Szkolny Konkurs dla klas 4 &#8211; 8 Bezpieczny Internet na plakat w formie papierowej oraz plakat w programie graficznym Canva I miejsce &#8211; Zuzanna Szwugier <a href=\"https:\/\/sp1slupsk.pl\/?page_id=89714\"><b>&#8230;wi\u0119cej<\/b><\/a><\/p>\n","protected":false},"author":1,"featured_media":0,"parent":0,"menu_order":0,"comment_status":"closed","ping_status":"closed","template":"","meta":[],"_links":{"self":[{"href":"https:\/\/sp1slupsk.pl\/index.php?rest_route=\/wp\/v2\/pages\/89714"}],"collection":[{"href":"https:\/\/sp1slupsk.pl\/index.php?rest_route=\/wp\/v2\/pages"}],"about":[{"href":"https:\/\/sp1slupsk.pl\/index.php?rest_route=\/wp\/v2\/types\/page"}],"author":[{"embeddable":true,"href":"https:\/\/sp1slupsk.pl\/index.php?rest_route=\/wp\/v2\/users\/1"}],"replies":[{"embeddable":true,"href":"https:\/\/sp1slupsk.pl\/index.php?rest_route=%2Fwp%2Fv2%2Fcomments&post=89714"}],"version-history":[{"count":8,"href":"https:\/\/sp1slupsk.pl\/index.php?rest_route=\/wp\/v2\/pages\/89714\/revisions"}],"predecessor-version":[{"id":90917,"href":"https:\/\/sp1slupsk.pl\/index.php?rest_route=\/wp\/v2\/pages\/89714\/revisions\/90917"}],"wp:attachment":[{"href":"https:\/\/sp1slupsk.pl\/index.php?rest_route=%2Fwp%2Fv2%2Fmedia&parent=89714"}],"curies":[{"name":"wp","href":"https:\/\/api.w.org\/{rel}","templated":true}]}}