{"id":90519,"date":"2026-01-13T21:55:43","date_gmt":"2026-01-13T20:55:43","guid":{"rendered":"http:\/\/sp1slupsk.pl\/?page_id=90519"},"modified":"2026-01-15T16:48:36","modified_gmt":"2026-01-15T15:48:36","slug":"przyjazna-szkola","status":"publish","type":"page","link":"https:\/\/sp1slupsk.pl\/?page_id=90519","title":{"rendered":"Przyjazna szko\u0142a"},"content":{"rendered":"\n<div class=\"wp-block-image\"><figure class=\"aligncenter size-large is-resized\"><img loading=\"lazy\" src=\"https:\/\/sp1slupsk.pl\/wp-content\/uploads\/2026\/01\/FERS_RP_UE_RGB-1-1024x141.jpg\" alt=\"\" class=\"wp-image-90535\" width=\"709\" height=\"97\" srcset=\"https:\/\/sp1slupsk.pl\/wp-content\/uploads\/2026\/01\/FERS_RP_UE_RGB-1-1024x141.jpg 1024w, https:\/\/sp1slupsk.pl\/wp-content\/uploads\/2026\/01\/FERS_RP_UE_RGB-1-300x41.jpg 300w, https:\/\/sp1slupsk.pl\/wp-content\/uploads\/2026\/01\/FERS_RP_UE_RGB-1-768x106.jpg 768w, https:\/\/sp1slupsk.pl\/wp-content\/uploads\/2026\/01\/FERS_RP_UE_RGB-1-1536x212.jpg 1536w, https:\/\/sp1slupsk.pl\/wp-content\/uploads\/2026\/01\/FERS_RP_UE_RGB-1-2048x282.jpg 2048w\" sizes=\"(max-width: 709px) 100vw, 709px\" \/><\/figure><\/div>\n\n\n\n<div class=\"wp-block-image\"><figure class=\"aligncenter size-large is-resized\"><img loading=\"lazy\" src=\"https:\/\/sp1slupsk.pl\/wp-content\/uploads\/2026\/01\/program-przyjazna-szkola-1024x724.png\" alt=\"\" class=\"wp-image-90531\" width=\"446\" height=\"315\" srcset=\"https:\/\/sp1slupsk.pl\/wp-content\/uploads\/2026\/01\/program-przyjazna-szkola-1024x724.png 1024w, https:\/\/sp1slupsk.pl\/wp-content\/uploads\/2026\/01\/program-przyjazna-szkola-300x212.png 300w, https:\/\/sp1slupsk.pl\/wp-content\/uploads\/2026\/01\/program-przyjazna-szkola-768x543.png 768w, https:\/\/sp1slupsk.pl\/wp-content\/uploads\/2026\/01\/program-przyjazna-szkola.png 1291w\" sizes=\"(max-width: 446px) 100vw, 446px\" \/><\/figure><\/div>\n\n\n\n<p><strong>\u201ePRZYJAZNA SZKO\u0141A\u201d<\/strong><br><strong>Rz\u0105dowy program wyr\u00f3wnywania szans edukacyjnych dzieci i m\u0142odzie\u017cy \u201ePrzyjazna szko\u0142a\u201d w latach 2025-2027<\/strong><\/p>\n\n\n\n<p><strong>Grupa docelowa:<\/strong><br>Program jest skierowany do szk\u00f3\u0142, w kt\u00f3rych pobieraj\u0105 nauk\u0119 uczniowie i uczennice z Ukrainy, kt\u00f3rzy warunki okre\u015blone w Programie.<\/p>\n\n\n\n<p>Realizacja programu wspiera funkcjonowanie ca\u0142ej spo\u0142eczno\u015bci szkolnej, w tym dzieci i m\u0142odzie\u017cy z do\u015bwiadczeniem migracji lub uchod\u017astwa z kraj\u00f3w innych ni\u017c Ukraina, kt\u00f3re pobieraj\u0105 nauk\u0119 w polskich szko\u0142ach, ich polskich r\u00f3wie\u015bnik\u00f3w, rodzic\u00f3w i opiekun\u00f3w oraz nauczycieli.<\/p>\n\n\n\n<p><strong>Cel Programu:<\/strong><br>G\u0142\u00f3wnym celem Programu jest wsparcie szk\u00f3\u0142, w kt\u00f3rych pobieraj\u0105 nauk\u0119 uczniowie i uczennice z Ukrainy poprzez stworzenie warunk\u00f3w, w kt\u00f3rych ca\u0142e spo\u0142eczno\u015bci szkole czuj\u0105 si\u0119 bezpiecznie, a dzieci i m\u0142odzie\u017c mog\u0105 budowa\u0107 przyjazne relacje r\u00f3wie\u015bnicze oraz rozwija\u0107 swoj\u0105 wiedz\u0119, umiej\u0119tno\u015bci i kompetencje.<\/p>\n\n\n\n<p><strong>Zakres wsparcia<\/strong><\/p>\n\n\n\n<p>&#8222;<strong>Pomoc asystenta&#8221;<\/strong> \u2013 dofinansowanie zatrudnienia asystent\u00f3w, o kt\u00f3rych mowa w art. 165 ust. 8a ustawy Prawo o\u015bwiatowe. Asystent m.in. diagnozuje etapy szoku kulturowego i bariery adaptacji i integracji oraz podejmuje dzia\u0142ania maj\u0105ce na celu przystosowanie si\u0119 ucznia do nowych reali\u00f3w, funkcjonuj\u0105cych w polskich szko\u0142ach oraz umo\u017cliwienia mu w dalszej kolejno\u015bci wyr\u00f3wnanie szans edukacyjnych na tle ca\u0142ej spo\u0142eczno\u015bci szkolnej.<\/p>\n\n\n\n<p><strong>&#8222;Dobrostan spo\u0142eczno\u015bci szkolnej&#8221;<\/strong>, kt\u00f3rego celem jest realizacja r\u00f3\u017cnorodnych form wsparcia na rzecz dobrostanu spo\u0142eczno\u015bci szkolnej, w tym:<\/p>\n\n\n\n<ul><li>wsparcie dla uczni\u00f3w &#8211; konsultacje specjalistyczne, specjalistyczna pomoc psychologiczna, doradztwo zawodowe,<\/li><li>wsparcie rodzic\u00f3w lub opiekun\u00f3w uczni\u00f3w i uczennic z do\u015bwiadczeniem migracji lub uchod\u017astwa w rozwi\u0105zywaniu problem\u00f3w wychowawczych i dydaktycznych oraz rozwijaniu ich umiej\u0119tno\u015bci wychowawczych,<\/li><li>wsparcie kadry systemu o\u015bwiaty w rozwi\u0105zywaniu problem\u00f3w wychowawczych, dydaktycznych i opieku\u0144czych.<\/li><\/ul>\n\n\n\n<p><strong>&#8222;Doskonalenie kadry systemu o\u015bwiaty&#8221;<\/strong>, kt\u00f3rego celem jest doskonalenie i podniesienie kompetencji zawodowych kadr systemu o\u015bwiaty, m.in. poprzez szkolenie kadry systemu o\u015bwiaty w zakresie:<\/p>\n\n\n\n<ul><li>wsparcie edukacyjne wynikaj\u0105ce z do\u015bwiadczenia migracyjnego lub uchod\u017astwa,<\/li><li>pracy z oddzia\u0142em i w zespo\u0142ach klasowych, do kt\u00f3rych ucz\u0119szczaj\u0105 uczniowie z do\u015bwiadczeniem migracji lub uchod\u017astwa,<\/li><li>wspierania w\u0142\u0105czenia uczni\u00f3w i uczennic,<\/li><li>wsparcia indywidualnego uczni\u00f3w u uczennic.<\/li><\/ul>\n\n\n\n<p><strong>Warto\u015b\u0107 wsparcia:<\/strong> 499 903 491,80 z\u0142<br><strong>Wysoko\u015b\u0107 wk\u0142adu funduszy europejskich:<\/strong> 412 513 516,80 z\u0142<\/p>\n\n\n\n<p>W ramach realizacji programu wyr\u00f3wnywania szans edukacyjnych dzieci i m\u0142odzie\u017cy Przyjazna szko\u0142a w latach 2025 &#8211; 2027, zosta\u0142a zatrudniona w naszej szkole asystentka mi\u0119dzykulturowa Yana Imshynytska i jest do dyspozycji uczni\u00f3w i rodzic\u00f3w z Ukrainy od poniedzia\u0142ku do pi\u0105tku w godz. 9:00 &#8211; 13:00.<\/p>\n\n\n\n\t\t\t\t\t\t<div class=\"gallery_box_single\">\n\t\t\t\t\t\t\t\t\t\t\t\t\t\t\t<div class=\"gallery clearfix\">\n\t\t\t\t\t\t\t\t\t\t\t\t\t\t\t\t\t\t\t\t<div class=\"gllr_image_row\">\n\t\t\t\t\t\t\t\t\t\t\t\t\t\t\t\t\t\t\t\t\t<div class=\"gllr_image_block\">\n\t\t\t\t\t\t\t\t\t\t\t\t<p style=\"width:180px;height:140px;\">\n\t\t\t\t\t\t\t\t\t\t\t\t\t\t\t\t\t\t\t\t\t\t\t\t\t\t\t<a rel=\"gallery_fancybox_90545\" href=\"https:\/\/sp1slupsk.pl\/wp-content\/uploads\/2026\/01\/image8-rotated.jpeg\" title=\"W ramach realizacji programu wyr\u00f3wnywania szans edukacyjnych dzieci i m\u0142odzie\u017cy Przyjazna szko\u0142a w latach 2025 - 2027, zosta\u0142a zatrudniona w naszej szkole asystentka mi\u0119dzykulturowa Yana Imshynytska i jest do dyspozycji uczni\u00f3w i rodzic\u00f3w z Ukrainy od poniedzia\u0142ku do pi\u0105tku w godz. 9:00 - 13:00.\">\n\t\t\t\t\t\t\t\t\t\t\t\t\t\t\t<img style=\"width:160px;height:120px; border-width: 10px; border-color:#F1F1F1;border: 10px solid #F1F1F1\" alt=\"\" title=\"W ramach realizacji programu wyr\u00f3wnywania szans edukacyjnych dzieci i m\u0142odzie\u017cy Przyjazna szko\u0142a w latach 2025 - 2027, zosta\u0142a zatrudniona w naszej szkole asystentka mi\u0119dzykulturowa Yana Imshynytska i jest do dyspozycji uczni\u00f3w i rodzic\u00f3w z Ukrainy od poniedzia\u0142ku do pi\u0105tku w godz. 9:00 - 13:00.\" src=\"https:\/\/sp1slupsk.pl\/wp-content\/uploads\/2026\/01\/image8-160x120.jpeg\" rel=\"https:\/\/sp1slupsk.pl\/wp-content\/uploads\/2026\/01\/image8-rotated.jpeg\" \/>\n\t\t\t\t\t\t\t\t\t\t\t\t\t\t<\/a>\n\t\t\t\t\t\t\t\t\t\t\t\t\t\t\t\t\t\t\t\t\t\t\t\t\t<\/p>\n\t\t\t\t\t\t\t\t\t\t\t\t\t\t\t\t\t\t\t\t\t\t\t<\/div><!-- .gllr_image_block -->\n\t\t\t\t\t\t\t\t\t\t\t\t\t\t\t\t\t\t\t\t\t<div class=\"gllr_image_block\">\n\t\t\t\t\t\t\t\t\t\t\t\t<p style=\"width:180px;height:140px;\">\n\t\t\t\t\t\t\t\t\t\t\t\t\t\t\t\t\t\t\t\t\t\t\t\t\t\t\t<a rel=\"gallery_fancybox_90545\" href=\"https:\/\/sp1slupsk.pl\/wp-content\/uploads\/2026\/01\/image5-rotated.jpeg\" title=\"W ramach realizacji programu wyr\u00f3wnywania szans edukacyjnych dzieci i m\u0142odzie\u017cy Przyjazna szko\u0142a w latach 2025 - 2027, zosta\u0142a zatrudniona w naszej szkole asystentka mi\u0119dzykulturowa Yana Imshynytska i jest do dyspozycji uczni\u00f3w i rodzic\u00f3w z Ukrainy od poniedzia\u0142ku do pi\u0105tku w godz. 9:00 - 13:00.\">\n\t\t\t\t\t\t\t\t\t\t\t\t\t\t\t<img style=\"width:160px;height:120px; border-width: 10px; border-color:#F1F1F1;border: 10px solid #F1F1F1\" alt=\"\" title=\"W ramach realizacji programu wyr\u00f3wnywania szans edukacyjnych dzieci i m\u0142odzie\u017cy Przyjazna szko\u0142a w latach 2025 - 2027, zosta\u0142a zatrudniona w naszej szkole asystentka mi\u0119dzykulturowa Yana Imshynytska i jest do dyspozycji uczni\u00f3w i rodzic\u00f3w z Ukrainy od poniedzia\u0142ku do pi\u0105tku w godz. 9:00 - 13:00.\" src=\"https:\/\/sp1slupsk.pl\/wp-content\/uploads\/2026\/01\/image5-160x120.jpeg\" rel=\"https:\/\/sp1slupsk.pl\/wp-content\/uploads\/2026\/01\/image5-rotated.jpeg\" \/>\n\t\t\t\t\t\t\t\t\t\t\t\t\t\t<\/a>\n\t\t\t\t\t\t\t\t\t\t\t\t\t\t\t\t\t\t\t\t\t\t\t\t\t<\/p>\n\t\t\t\t\t\t\t\t\t\t\t\t\t\t\t\t\t\t\t\t\t\t\t<\/div><!-- .gllr_image_block -->\n\t\t\t\t\t\t\t\t\t\t\t\t\t\t\t\t\t\t\t\t\t<div class=\"gllr_image_block\">\n\t\t\t\t\t\t\t\t\t\t\t\t<p style=\"width:180px;height:140px;\">\n\t\t\t\t\t\t\t\t\t\t\t\t\t\t\t\t\t\t\t\t\t\t\t\t\t\t\t<a rel=\"gallery_fancybox_90545\" href=\"https:\/\/sp1slupsk.pl\/wp-content\/uploads\/2026\/01\/image6-rotated.jpeg\" title=\"W ramach realizacji programu wyr\u00f3wnywania szans edukacyjnych dzieci i m\u0142odzie\u017cy Przyjazna szko\u0142a w latach 2025 - 2027, zosta\u0142a zatrudniona w naszej szkole asystentka mi\u0119dzykulturowa Yana Imshynytska i jest do dyspozycji uczni\u00f3w i rodzic\u00f3w z Ukrainy od poniedzia\u0142ku do pi\u0105tku w godz. 9:00 - 13:00.\">\n\t\t\t\t\t\t\t\t\t\t\t\t\t\t\t<img style=\"width:160px;height:120px; border-width: 10px; border-color:#F1F1F1;border: 10px solid #F1F1F1\" alt=\"\" title=\"W ramach realizacji programu wyr\u00f3wnywania szans edukacyjnych dzieci i m\u0142odzie\u017cy Przyjazna szko\u0142a w latach 2025 - 2027, zosta\u0142a zatrudniona w naszej szkole asystentka mi\u0119dzykulturowa Yana Imshynytska i jest do dyspozycji uczni\u00f3w i rodzic\u00f3w z Ukrainy od poniedzia\u0142ku do pi\u0105tku w godz. 9:00 - 13:00.\" src=\"https:\/\/sp1slupsk.pl\/wp-content\/uploads\/2026\/01\/image6-160x120.jpeg\" rel=\"https:\/\/sp1slupsk.pl\/wp-content\/uploads\/2026\/01\/image6-rotated.jpeg\" \/>\n\t\t\t\t\t\t\t\t\t\t\t\t\t\t<\/a>\n\t\t\t\t\t\t\t\t\t\t\t\t\t\t\t\t\t\t\t\t\t\t\t\t\t<\/p>\n\t\t\t\t\t\t\t\t\t\t\t\t\t\t\t\t\t\t\t\t\t\t\t<\/div><!-- .gllr_image_block -->\n\t\t\t\t\t\t\t\t\t\t\t\t\t\t\t\t\t\t\t\t\t<\/div><!-- .gllr_image_row -->\n\t\t\t\t\t\t\t\t\t\t\t\t\t\t\t\t\t\t\t\t\t<div class=\"gllr_image_row\">\n\t\t\t\t\t\t\t\t\t\t\t\t\t\t\t\t\t\t\t\t\t<div class=\"gllr_image_block\">\n\t\t\t\t\t\t\t\t\t\t\t\t<p style=\"width:180px;height:140px;\">\n\t\t\t\t\t\t\t\t\t\t\t\t\t\t\t\t\t\t\t\t\t\t\t\t\t\t\t<a rel=\"gallery_fancybox_90545\" href=\"https:\/\/sp1slupsk.pl\/wp-content\/uploads\/2026\/01\/image3-rotated.jpeg\" title=\"W ramach realizacji programu wyr\u00f3wnywania szans edukacyjnych dzieci i m\u0142odzie\u017cy Przyjazna szko\u0142a w latach 2025 - 2027, zosta\u0142a zatrudniona w naszej szkole asystentka mi\u0119dzykulturowa Yana Imshynytska i jest do dyspozycji uczni\u00f3w i rodzic\u00f3w z Ukrainy od poniedzia\u0142ku do pi\u0105tku w godz. 9:00 - 13:00.\">\n\t\t\t\t\t\t\t\t\t\t\t\t\t\t\t<img style=\"width:160px;height:120px; border-width: 10px; border-color:#F1F1F1;border: 10px solid #F1F1F1\" alt=\"\" title=\"W ramach realizacji programu wyr\u00f3wnywania szans edukacyjnych dzieci i m\u0142odzie\u017cy Przyjazna szko\u0142a w latach 2025 - 2027, zosta\u0142a zatrudniona w naszej szkole asystentka mi\u0119dzykulturowa Yana Imshynytska i jest do dyspozycji uczni\u00f3w i rodzic\u00f3w z Ukrainy od poniedzia\u0142ku do pi\u0105tku w godz. 9:00 - 13:00.\" src=\"https:\/\/sp1slupsk.pl\/wp-content\/uploads\/2026\/01\/image3-160x120.jpeg\" rel=\"https:\/\/sp1slupsk.pl\/wp-content\/uploads\/2026\/01\/image3-rotated.jpeg\" \/>\n\t\t\t\t\t\t\t\t\t\t\t\t\t\t<\/a>\n\t\t\t\t\t\t\t\t\t\t\t\t\t\t\t\t\t\t\t\t\t\t\t\t\t<\/p>\n\t\t\t\t\t\t\t\t\t\t\t\t\t\t\t\t\t\t\t\t\t\t\t<\/div><!-- .gllr_image_block -->\n\t\t\t\t\t\t\t\t\t\t\t\t\t\t\t\t\t\t\t\t\t<div class=\"gllr_image_block\">\n\t\t\t\t\t\t\t\t\t\t\t\t<p style=\"width:180px;height:140px;\">\n\t\t\t\t\t\t\t\t\t\t\t\t\t\t\t\t\t\t\t\t\t\t\t\t\t\t\t<a rel=\"gallery_fancybox_90545\" href=\"https:\/\/sp1slupsk.pl\/wp-content\/uploads\/2026\/01\/image31-768x1024.jpeg\" title=\"W ramach realizacji programu wyr\u00f3wnywania szans edukacyjnych dzieci i m\u0142odzie\u017cy Przyjazna szko\u0142a w latach 2025 - 2027, zosta\u0142a zatrudniona w naszej szkole asystentka mi\u0119dzykulturowa Yana Imshynytska i jest do dyspozycji uczni\u00f3w i rodzic\u00f3w z Ukrainy od poniedzia\u0142ku do pi\u0105tku w godz. 9:00 - 13:00.\">\n\t\t\t\t\t\t\t\t\t\t\t\t\t\t\t<img style=\"width:160px;height:120px; border-width: 10px; border-color:#F1F1F1;border: 10px solid #F1F1F1\" alt=\"\" title=\"W ramach realizacji programu wyr\u00f3wnywania szans edukacyjnych dzieci i m\u0142odzie\u017cy Przyjazna szko\u0142a w latach 2025 - 2027, zosta\u0142a zatrudniona w naszej szkole asystentka mi\u0119dzykulturowa Yana Imshynytska i jest do dyspozycji uczni\u00f3w i rodzic\u00f3w z Ukrainy od poniedzia\u0142ku do pi\u0105tku w godz. 9:00 - 13:00.\" src=\"https:\/\/sp1slupsk.pl\/wp-content\/uploads\/2026\/01\/image31-160x120.jpeg\" rel=\"https:\/\/sp1slupsk.pl\/wp-content\/uploads\/2026\/01\/image31-scaled.jpeg\" \/>\n\t\t\t\t\t\t\t\t\t\t\t\t\t\t<\/a>\n\t\t\t\t\t\t\t\t\t\t\t\t\t\t\t\t\t\t\t\t\t\t\t\t\t<\/p>\n\t\t\t\t\t\t\t\t\t\t\t\t\t\t\t\t\t\t\t\t\t\t\t<\/div><!-- .gllr_image_block -->\n\t\t\t\t\t\t\t\t\t\t\t\t\t\t\t\t\t\t\t\t\t<div class=\"gllr_image_block\">\n\t\t\t\t\t\t\t\t\t\t\t\t<p style=\"width:180px;height:140px;\">\n\t\t\t\t\t\t\t\t\t\t\t\t\t\t\t\t\t\t\t\t\t\t\t\t\t\t\t<a rel=\"gallery_fancybox_90545\" href=\"https:\/\/sp1slupsk.pl\/wp-content\/uploads\/2026\/01\/image1-768x1024.jpeg\" title=\"W ramach realizacji programu wyr\u00f3wnywania szans edukacyjnych dzieci i m\u0142odzie\u017cy Przyjazna szko\u0142a w latach 2025 - 2027, zosta\u0142a zatrudniona w naszej szkole asystentka mi\u0119dzykulturowa Yana Imshynytska i jest do dyspozycji uczni\u00f3w i rodzic\u00f3w z Ukrainy od poniedzia\u0142ku do pi\u0105tku w godz. 9:00 - 13:00.\">\n\t\t\t\t\t\t\t\t\t\t\t\t\t\t\t<img style=\"width:160px;height:120px; border-width: 10px; border-color:#F1F1F1;border: 10px solid #F1F1F1\" alt=\"\" title=\"W ramach realizacji programu wyr\u00f3wnywania szans edukacyjnych dzieci i m\u0142odzie\u017cy Przyjazna szko\u0142a w latach 2025 - 2027, zosta\u0142a zatrudniona w naszej szkole asystentka mi\u0119dzykulturowa Yana Imshynytska i jest do dyspozycji uczni\u00f3w i rodzic\u00f3w z Ukrainy od poniedzia\u0142ku do pi\u0105tku w godz. 9:00 - 13:00.\" src=\"https:\/\/sp1slupsk.pl\/wp-content\/uploads\/2026\/01\/image1-160x120.jpeg\" rel=\"https:\/\/sp1slupsk.pl\/wp-content\/uploads\/2026\/01\/image1-scaled.jpeg\" \/>\n\t\t\t\t\t\t\t\t\t\t\t\t\t\t<\/a>\n\t\t\t\t\t\t\t\t\t\t\t\t\t\t\t\t\t\t\t\t\t\t\t\t\t<\/p>\n\t\t\t\t\t\t\t\t\t\t\t\t\t\t\t\t\t\t\t\t\t\t\t<\/div><!-- .gllr_image_block -->\n\t\t\t\t\t\t\t\t\t\t\t\t\t\t\t\t\t\t\t\t\t<\/div><!-- .gllr_image_row -->\n\t\t\t\t\t\t\t\t\t\t\t\t\t\t\t\t\t\t<\/div><!-- .gallery.clearfix -->\n\t\t\t\t\t\t\t\t\t\t\t\t\t<\/div><!-- .gallery_box_single -->\n\t\t\t\t\t\t<div class=\"gllr_clear\"><\/div>\n\t\t\t\t\t\t\t\t\t<script type=\"text\/javascript\">\n\t\t\t\t\t(function($) {\n\t\t\t\t\t\t$(document).ready( function() {\n\t\t\t\t\t\t\t$( \"a[rel=gallery_fancybox_90545]\" ).fancybox( {\n\t\t\t\t\t\t\t\t'transitionIn'\t\t:\t'elastic',\n\t\t\t\t\t\t\t\t'transitionOut'\t\t:\t'elastic',\n\t\t\t\t\t\t\t\t'titlePosition' \t:\t'inside',\n\t\t\t\t\t\t\t\t'speedIn'\t\t\t:\t500, \n\t\t\t\t\t\t\t\t'speedOut'\t\t\t:\t300,\n\t\t\t\t\t\t\t\t'titleFormat'\t\t:\tfunction( title, currentArray, currentIndex, currentOpts ) {\n\t\t\t\t\t\t\t\t\treturn '<div id=\"fancybox-title-inside\">' + ( title.length ? '<span id=\"bws_gallery_image_title\">' + title + '<\/span><br \/>' : '' ) + '<span id=\"bws_gallery_image_counter\">Image ' + ( currentIndex + 1 ) + ' \/ ' + currentArray.length + '<\/span><\/div>';\n\t\t\t\t\t\t\t\t}\t\t\t\t\t\t\t});\n\t\t\t\t\t\t});\n\t\t\t\t\t})(jQuery);\n\t\t\t\t<\/script>\n\t\t\t\n","protected":false},"excerpt":{"rendered":"<p>\u201ePRZYJAZNA SZKO\u0141A\u201dRz\u0105dowy program wyr\u00f3wnywania szans edukacyjnych dzieci i m\u0142odzie\u017cy \u201ePrzyjazna szko\u0142a\u201d w latach 2025-2027 Grupa docelowa:Program jest skierowany do szk\u00f3\u0142, w kt\u00f3rych pobieraj\u0105 nauk\u0119 uczniowie i uczennice z Ukrainy, kt\u00f3rzy warunki okre\u015blone w Programie. Realizacja programu wspiera funkcjonowanie ca\u0142ej spo\u0142eczno\u015bci szkolnej, w tym dzieci i m\u0142odzie\u017cy z do\u015bwiadczeniem migracji lub uchod\u017astwa z kraj\u00f3w innych ni\u017c <a href=\"https:\/\/sp1slupsk.pl\/?gallery=przyjazna-szkola-zdjecia\"><b>&#8230;wi\u0119cej<\/b><\/a><\/p>\n","protected":false},"author":1,"featured_media":0,"parent":0,"menu_order":0,"comment_status":"closed","ping_status":"closed","template":"","meta":[],"_links":{"self":[{"href":"https:\/\/sp1slupsk.pl\/index.php?rest_route=\/wp\/v2\/pages\/90519"}],"collection":[{"href":"https:\/\/sp1slupsk.pl\/index.php?rest_route=\/wp\/v2\/pages"}],"about":[{"href":"https:\/\/sp1slupsk.pl\/index.php?rest_route=\/wp\/v2\/types\/page"}],"author":[{"embeddable":true,"href":"https:\/\/sp1slupsk.pl\/index.php?rest_route=\/wp\/v2\/users\/1"}],"replies":[{"embeddable":true,"href":"https:\/\/sp1slupsk.pl\/index.php?rest_route=%2Fwp%2Fv2%2Fcomments&post=90519"}],"version-history":[{"count":16,"href":"https:\/\/sp1slupsk.pl\/index.php?rest_route=\/wp\/v2\/pages\/90519\/revisions"}],"predecessor-version":[{"id":90552,"href":"https:\/\/sp1slupsk.pl\/index.php?rest_route=\/wp\/v2\/pages\/90519\/revisions\/90552"}],"wp:attachment":[{"href":"https:\/\/sp1slupsk.pl\/index.php?rest_route=%2Fwp%2Fv2%2Fmedia&parent=90519"}],"curies":[{"name":"wp","href":"https:\/\/api.w.org\/{rel}","templated":true}]}}