{"id":90562,"date":"2026-01-26T21:43:54","date_gmt":"2026-01-26T20:43:54","guid":{"rendered":"http:\/\/sp1slupsk.pl\/?page_id=90562"},"modified":"2026-04-09T18:09:54","modified_gmt":"2026-04-09T16:09:54","slug":"zakladowy-fundusz-swiadczen-socjalnych","status":"publish","type":"page","link":"https:\/\/sp1slupsk.pl\/?page_id=90562","title":{"rendered":"Zak\u0142adowy Fundusz\u00a0 \u015awiadcze\u0144 Socjalnych"},"content":{"rendered":"\n<p>Regulamin Zak\u0142adowego Funduszu \u015awiadcze\u0144 Socjalnych dost\u0119pny jest w sekretariacie szko\u0142y lub w bibliotece szkolnej.<\/p>\n\n\n\n<p>Poni\u017cej <strong>aktualnie obowi\u0105zuj\u0105ce druki<\/strong>.<\/p>\n\n\n\n<div class=\"wp-block-file\"><a href=\"https:\/\/sp1slupsk.pl\/wp-content\/uploads\/2026\/01\/Wniosek-o-przyznanie-swiadczenia-socjalnego-ZFSS.pdf\"><span class=\"has-inline-color has-black-color\"><em>Wniosek o przyznanie \u015bwiadczenia socjalnego ZF\u015aS<\/em><\/span><\/a><\/div>\n\n\n\n<div class=\"wp-block-file\"><a href=\"https:\/\/sp1slupsk.pl\/wp-content\/uploads\/2026\/01\/Wniosek-o-przyznanie-pozyczki-na-cele-mieszkaniowe-ze-srodkow-ZFSS.pdf\"><em><span class=\"has-inline-color has-black-color\">Wniosek o przyznanie po\u017cyczki na cele mieszkaniowe ze \u015brodk\u00f3w ZF\u015aS<\/span><\/em><\/a><\/div>\n\n\n\n<div class=\"wp-block-file\"><a href=\"https:\/\/sp1slupsk.pl\/wp-content\/uploads\/2026\/01\/Oswiadczenie-o-dochodach.pdf\"><em><span class=\"has-inline-color has-black-color\">O\u015bwiadczenie o dochodach<\/span><\/em><\/a><\/div>\n","protected":false},"excerpt":{"rendered":"<p>Regulamin Zak\u0142adowego Funduszu \u015awiadcze\u0144 Socjalnych dost\u0119pny jest w sekretariacie szko\u0142y lub w bibliotece szkolnej. Poni\u017cej aktualnie obowi\u0105zuj\u0105ce druki.<\/p>\n","protected":false},"author":1,"featured_media":0,"parent":0,"menu_order":0,"comment_status":"closed","ping_status":"closed","template":"","meta":[],"_links":{"self":[{"href":"https:\/\/sp1slupsk.pl\/index.php?rest_route=\/wp\/v2\/pages\/90562"}],"collection":[{"href":"https:\/\/sp1slupsk.pl\/index.php?rest_route=\/wp\/v2\/pages"}],"about":[{"href":"https:\/\/sp1slupsk.pl\/index.php?rest_route=\/wp\/v2\/types\/page"}],"author":[{"embeddable":true,"href":"https:\/\/sp1slupsk.pl\/index.php?rest_route=\/wp\/v2\/users\/1"}],"replies":[{"embeddable":true,"href":"https:\/\/sp1slupsk.pl\/index.php?rest_route=%2Fwp%2Fv2%2Fcomments&post=90562"}],"version-history":[{"count":5,"href":"https:\/\/sp1slupsk.pl\/index.php?rest_route=\/wp\/v2\/pages\/90562\/revisions"}],"predecessor-version":[{"id":91137,"href":"https:\/\/sp1slupsk.pl\/index.php?rest_route=\/wp\/v2\/pages\/90562\/revisions\/91137"}],"wp:attachment":[{"href":"https:\/\/sp1slupsk.pl\/index.php?rest_route=%2Fwp%2Fv2%2Fmedia&parent=90562"}],"curies":[{"name":"wp","href":"https:\/\/api.w.org\/{rel}","templated":true}]}}